{"id":31571,"date":"2025-06-22T09:59:24","date_gmt":"2025-06-22T13:59:24","guid":{"rendered":"https:\/\/getibogaine.com\/?post_type=product&#038;p=28246"},"modified":"2026-03-16T15:23:10","modified_gmt":"2026-03-16T19:23:10","slug":"comprar-semillas-de-strophanthus-gratus","status":"publish","type":"product","link":"https:\/\/getibogaine.com\/es\/producto\/comprar-semillas-de-strophanthus-gratus\/","title":{"rendered":"Semillas de Strophanthus Gratus \u2013 Exportaci\u00f3n org\u00e1nica africana (a granel)"},"content":{"rendered":"<h3 data-start=\"537\" data-end=\"600\"><strong data-start=\"541\" data-end=\"600\">Comprar semillas de Strophanthus gratus \u2013 Exportaci\u00f3n org\u00e1nica africana a granel<\/strong><\/h3>\n<p data-start=\"602\" data-end=\"916\">Estas <strong data-start=\"608\" data-end=\"637\">semillas de Strophanthus gratus a la venta<\/strong> se cosechan de forma org\u00e1nica, y son reconocidas por su gran biodiversidad y su potente flora medicinal. Nuestras semillas se obtienen de manera \u00e9tica en colaboraci\u00f3n con comunidades agr\u00edcolas locales, garantizando la sostenibilidad ambiental y pr\u00e1cticas de comercio justo.<\/p>\n<p data-start=\"918\" data-end=\"1284\">Hist\u00f3ricamente, <em data-start=\"932\" data-end=\"953\">Strophanthus gratus<\/em> ha sido utilizada por comunidades ind\u00edgenas de \u00c1frica Occidental y Central como parte de la medicina tradicional y para la investigaci\u00f3n card\u00edaca. Las semillas contienen <strong data-start=\"1097\" data-end=\"1108\">ouaba\u00edna<\/strong>, un compuesto conocido por sus efectos sobre el coraz\u00f3n y el sistema circulatorio, lo que las ha hecho valiosas en la <strong data-start=\"1212\" data-end=\"1283\">investigaci\u00f3n cient\u00edfica, la exploraci\u00f3n etnobot\u00e1nica y los estudios herbales<\/strong>.<\/p>\n<p data-start=\"1286\" data-end=\"1459\">Tanto si eres <strong data-start=\"1303\" data-end=\"1363\">herbolario, etnobot\u00e1nico, investigador o comprador especializado<\/strong>, nuestras semillas se procesan con precisi\u00f3n y control de calidad para cumplir con est\u00e1ndares de grado de exportaci\u00f3n.<\/p>\n<hr data-start=\"1461\" data-end=\"1464\" \/>\n<h3 data-start=\"1466\" data-end=\"1490\"><strong data-start=\"1472\" data-end=\"1490\">Especificaciones<\/strong><\/h3>\n<div class=\"_tableContainer_16hzy_1\">\n<div class=\"_tableWrapper_16hzy_14 group flex w-fit flex-col-reverse\" tabindex=\"-1\">\n<table class=\"w-fit min-w-(--thread-content-width)\" data-start=\"1492\" data-end=\"2876\">\n<thead data-start=\"1492\" data-end=\"1567\">\n<tr data-start=\"1492\" data-end=\"1567\">\n<th data-start=\"1492\" data-end=\"1516\" data-col-size=\"sm\">Especificaci\u00f3n<\/th>\n<th data-start=\"1516\" data-end=\"1567\" data-col-size=\"md\">Detalle<\/th>\n<\/tr>\n<\/thead>\n<tbody data-start=\"1645\" data-end=\"2876\">\n<tr data-start=\"1645\" data-end=\"1721\">\n<td data-start=\"1645\" data-end=\"1669\" data-col-size=\"sm\"><strong data-start=\"1647\" data-end=\"1663\">Nombre del producto<\/strong><\/td>\n<td data-col-size=\"md\" data-start=\"1669\" data-end=\"1721\">Semillas de Strophanthus Gratus<\/td>\n<\/tr>\n<tr data-start=\"1722\" data-end=\"1798\">\n<td data-start=\"1722\" data-end=\"1746\" data-col-size=\"sm\"><strong data-start=\"1724\" data-end=\"1742\">Nombre bot\u00e1nico<\/strong><\/td>\n<td data-col-size=\"md\" data-start=\"1746\" data-end=\"1798\"><em data-start=\"1748\" data-end=\"1769\">Strophanthus gratus<\/em><\/td>\n<\/tr>\n<tr data-start=\"1799\" data-end=\"1875\">\n<td data-start=\"1799\" data-end=\"1823\" data-col-size=\"sm\"><strong data-start=\"1801\" data-end=\"1811\">Origen<\/strong><\/td>\n<td data-col-size=\"md\" data-start=\"1823\" data-end=\"1875\">Camer\u00fan<\/td>\n<\/tr>\n<tr data-start=\"1876\" data-end=\"1952\">\n<td data-start=\"1876\" data-end=\"1900\" data-col-size=\"sm\"><strong data-start=\"1878\" data-end=\"1888\">Pureza<\/strong><\/td>\n<td data-col-size=\"md\" data-start=\"1900\" data-end=\"1952\">100% org\u00e1nico, recolectado de forma silvestre, sin OGM<\/td>\n<\/tr>\n<tr data-start=\"1953\" data-end=\"2029\">\n<td data-start=\"1953\" data-end=\"1977\" data-col-size=\"sm\"><strong data-start=\"1955\" data-end=\"1963\">Forma<\/strong><\/td>\n<td data-col-size=\"md\" data-start=\"1977\" data-end=\"2029\">Semillas enteras y secas<\/td>\n<\/tr>\n<tr data-start=\"2030\" data-end=\"2106\">\n<td data-start=\"2030\" data-end=\"2054\" data-col-size=\"sm\"><strong data-start=\"2032\" data-end=\"2039\">Uso<\/strong><\/td>\n<td data-col-size=\"md\" data-start=\"2054\" data-end=\"2106\">Investigaci\u00f3n bot\u00e1nica, preparaciones herbales<\/td>\n<\/tr>\n<tr data-start=\"2107\" data-end=\"2183\">\n<td data-start=\"2107\" data-end=\"2131\" data-col-size=\"sm\"><strong data-start=\"2109\" data-end=\"2118\">Grado<\/strong><\/td>\n<td data-col-size=\"md\" data-start=\"2131\" data-end=\"2183\">Premium \/ Grado de exportaci\u00f3n<\/td>\n<\/tr>\n<tr data-start=\"2184\" data-end=\"2260\">\n<td data-start=\"2184\" data-end=\"2208\" data-col-size=\"sm\"><strong data-start=\"2186\" data-end=\"2199\">Embalaje<\/strong><\/td>\n<td data-col-size=\"md\" data-start=\"2208\" data-end=\"2260\">Bolsas ecol\u00f3gicas selladas al vac\u00edo o a prueba de humedad<\/td>\n<\/tr>\n<tr data-start=\"2261\" data-end=\"2337\">\n<td data-start=\"2261\" data-end=\"2285\" data-col-size=\"sm\"><strong data-start=\"2263\" data-end=\"2280\">Pedido m\u00ednimo<\/strong><\/td>\n<td data-start=\"2285\" data-end=\"2337\" data-col-size=\"md\">1 kilogramo<\/td>\n<\/tr>\n<tr data-start=\"2338\" data-end=\"2414\">\n<td data-start=\"2338\" data-end=\"2362\" data-col-size=\"sm\"><strong data-start=\"2340\" data-end=\"2349\">Precio<\/strong><\/td>\n<td data-col-size=\"md\" data-start=\"2362\" data-end=\"2414\">$240 por kg<\/td>\n<\/tr>\n<tr data-start=\"2415\" data-end=\"2491\">\n<td data-start=\"2415\" data-end=\"2439\" data-col-size=\"sm\"><strong data-start=\"2417\" data-end=\"2431\">Vida \u00fatil<\/strong><\/td>\n<td data-col-size=\"md\" data-start=\"2439\" data-end=\"2491\">12\u201318 meses<\/td>\n<\/tr>\n<tr data-start=\"2492\" data-end=\"2568\">\n<td data-start=\"2492\" data-end=\"2516\" data-col-size=\"sm\"><strong data-start=\"2494\" data-end=\"2505\">Almacenamiento<\/strong><\/td>\n<td data-col-size=\"md\" data-start=\"2516\" data-end=\"2568\">Conservar en un lugar fresco y seco, alejado de la luz solar<\/td>\n<\/tr>\n<tr data-start=\"2569\" data-end=\"2645\">\n<td data-start=\"2569\" data-end=\"2593\" data-col-size=\"sm\"><strong data-start=\"2571\" data-end=\"2588\">Tiempo de env\u00edo<\/strong><\/td>\n<td data-col-size=\"md\" data-start=\"2593\" data-end=\"2645\">3\u20137 d\u00edas h\u00e1biles (a nivel mundial)<\/td>\n<\/tr>\n<tr data-start=\"2646\" data-end=\"2722\">\n<td data-start=\"2646\" data-end=\"2670\" data-col-size=\"sm\"><strong data-start=\"2648\" data-end=\"2665\">Costo de env\u00edo<\/strong><\/td>\n<td data-col-size=\"md\" data-start=\"2670\" data-end=\"2722\">Calculado al finalizar la compra<\/td>\n<\/tr>\n<tr data-start=\"2723\" data-end=\"2799\">\n<td data-start=\"2723\" data-end=\"2747\" data-col-size=\"sm\"><strong data-start=\"2725\" data-end=\"2734\">Marca<\/strong><\/td>\n<td data-col-size=\"md\" data-start=\"2747\" data-end=\"2799\">Get Ibogaine<\/td>\n<\/tr>\n<tr data-start=\"2800\" data-end=\"2876\">\n<td data-start=\"2800\" data-end=\"2824\" data-col-size=\"sm\"><strong data-start=\"2802\" data-end=\"2818\">Disponibilidad<\/strong><\/td>\n<td data-col-size=\"md\" data-start=\"2824\" data-end=\"2876\">En stock<\/td>\n<\/tr>\n<\/tbody>\n<\/table>\n<div class=\"sticky end-(--thread-content-margin) h-0 self-end select-none\">\n<div class=\"absolute end-0 flex items-end\"><\/div>\n<\/div>\n<\/div>\n<\/div>\n<hr data-start=\"2878\" data-end=\"2881\" \/>\n<h2 data-start=\"2883\" data-end=\"2920\">\ud83c\udf3f <strong data-start=\"2889\" data-end=\"2920\">Por qu\u00e9 la gente compra este producto<\/strong><\/h2>\n<ul data-start=\"2922\" data-end=\"3414\">\n<li data-start=\"2922\" data-end=\"3029\">\n<p data-start=\"2924\" data-end=\"3029\"><strong data-start=\"2924\" data-end=\"2947\">Investigaci\u00f3n cient\u00edfica<\/strong>: Se utiliza en estudios farmacol\u00f3gicos, especialmente los relacionados con los gluc\u00f3sidos card\u00edacos.<\/p>\n<\/li>\n<li data-start=\"3030\" data-end=\"3109\">\n<p data-start=\"3032\" data-end=\"3109\"><strong data-start=\"3032\" data-end=\"3059\">Inter\u00e9s etnobot\u00e1nico<\/strong>: Venerado en los sistemas de medicina tradicional africana.<\/p>\n<\/li>\n<li data-start=\"3110\" data-end=\"3212\">\n<p data-start=\"3112\" data-end=\"3212\"><strong data-start=\"3112\" data-end=\"3142\">Alta pureza y trazabilidad<\/strong>: Garantizamos abastecimiento \u00e9tico y documentaci\u00f3n de calidad a nivel de lote.<\/p>\n<\/li>\n<li data-start=\"3213\" data-end=\"3320\">\n<p data-start=\"3215\" data-end=\"3320\"><strong data-start=\"3215\" data-end=\"3231\">Precios al por mayor<\/strong>: Ideal para revendedores, laboratorios o profesionales de la medicina natural que abastecen grandes cantidades.<\/p>\n<\/li>\n<li data-start=\"3321\" data-end=\"3414\">\n<p data-start=\"3323\" data-end=\"3414\"><strong data-start=\"3323\" data-end=\"3351\">De confianza para profesionales<\/strong>: GetIbogaine es conocida por exportaciones etnobot\u00e1nicas de alta calidad.<\/p>\n<\/li>\n<\/ul>\n","protected":false},"excerpt":{"rendered":"<p>Semillas de Strophanthus Gratus de calidad premium \u2013 de origen \u00e9tico y cultivadas org\u00e1nicamente en \u00c1frica. Ideales para investigaci\u00f3n bot\u00e1nica y exportaci\u00f3n a granel. $240 por kg.<\/p>\n","protected":false},"featured_media":35213,"comment_status":"open","ping_status":"closed","template":"","meta":{"site-sidebar-layout":"default","site-content-layout":"","ast-site-content-layout":"default","site-content-style":"default","site-sidebar-style":"default","ast-global-header-display":"","ast-banner-title-visibility":"","ast-main-header-display":"","ast-hfb-above-header-display":"","ast-hfb-below-header-display":"","ast-hfb-mobile-header-display":"","site-post-title":"","ast-breadcrumbs-content":"","ast-featured-img":"","footer-sml-layout":"","ast-disable-related-posts":"","theme-transparent-header-meta":"default","adv-header-id-meta":"","stick-header-meta":"default","header-above-stick-meta":"","header-main-stick-meta":"","header-below-stick-meta":"","astra-migrate-meta-layouts":"set","ast-page-background-enabled":"default","ast-page-background-meta":{"desktop":{"background-color":"var(--ast-global-color-4)","background-image":"","background-repeat":"repeat","background-position":"center center","background-size":"auto","background-attachment":"scroll","background-type":"","background-media":"","overlay-type":"","overlay-color":"","overlay-opacity":"","overlay-gradient":""},"tablet":{"background-color":"","background-image":"","background-repeat":"repeat","background-position":"center center","background-size":"auto","background-attachment":"scroll","background-type":"","background-media":"","overlay-type":"","overlay-color":"","overlay-opacity":"","overlay-gradient":""},"mobile":{"background-color":"","background-image":"","background-repeat":"repeat","background-position":"center center","background-size":"auto","background-attachment":"scroll","background-type":"","background-media":"","overlay-type":"","overlay-color":"","overlay-opacity":"","overlay-gradient":""}},"ast-content-background-meta":{"desktop":{"background-color":"var(--ast-global-color-5)","background-image":"","background-repeat":"repeat","background-position":"center center","background-size":"auto","background-attachment":"scroll","background-type":"","background-media":"","overlay-type":"","overlay-color":"","overlay-opacity":"","overlay-gradient":""},"tablet":{"background-color":"var(--ast-global-color-5)","background-image":"","background-repeat":"repeat","background-position":"center center","background-size":"auto","background-attachment":"scroll","background-type":"","background-media":"","overlay-type":"","overlay-color":"","overlay-opacity":"","overlay-gradient":""},"mobile":{"background-color":"var(--ast-global-color-5)","background-image":"","background-repeat":"repeat","background-position":"center center","background-size":"auto","background-attachment":"scroll","background-type":"","background-media":"","overlay-type":"","overlay-color":"","overlay-opacity":"","overlay-gradient":""}},"jetpack_publicize_message":"","jetpack_publicize_feature_enabled":true,"jetpack_social_post_already_shared":true,"jetpack_social_options":{"image_generator_settings":{"template":"highway","default_image_id":0,"font":"","enabled":false},"version":2}},"product_brand":[4011],"product_cat":[3995],"product_tag":[1640],"class_list":{"0":"post-31571","1":"product","2":"type-product","3":"status-publish","4":"has-post-thumbnail","6":"product_brand-getibogaina","7":"product_cat-estrofanto-gratus","8":"product_tag-estrofanto-grato","9":"desktop-align-left","10":"tablet-align-left","11":"mobile-align-left","12":"ast-product-gallery-layout-horizontal-slider","13":"ast-product-tabs-layout-horizontal","15":"first","16":"instock","17":"sale","18":"shipping-taxable","19":"purchasable","20":"product-type-simple"},"jetpack_publicize_connections":[],"jetpack_sharing_enabled":true,"_links":{"self":[{"href":"https:\/\/getibogaine.com\/es\/wp-json\/wp\/v2\/product\/31571","targetHints":{"allow":["GET"]}}],"collection":[{"href":"https:\/\/getibogaine.com\/es\/wp-json\/wp\/v2\/product"}],"about":[{"href":"https:\/\/getibogaine.com\/es\/wp-json\/wp\/v2\/types\/product"}],"replies":[{"embeddable":true,"href":"https:\/\/getibogaine.com\/es\/wp-json\/wp\/v2\/comments?post=31571"}],"version-history":[{"count":0,"href":"https:\/\/getibogaine.com\/es\/wp-json\/wp\/v2\/product\/31571\/revisions"}],"wp:featuredmedia":[{"embeddable":true,"href":"https:\/\/getibogaine.com\/es\/wp-json\/wp\/v2\/media\/35213"}],"wp:attachment":[{"href":"https:\/\/getibogaine.com\/es\/wp-json\/wp\/v2\/media?parent=31571"}],"wp:term":[{"taxonomy":"product_brand","embeddable":true,"href":"https:\/\/getibogaine.com\/es\/wp-json\/wp\/v2\/product_brand?post=31571"},{"taxonomy":"product_cat","embeddable":true,"href":"https:\/\/getibogaine.com\/es\/wp-json\/wp\/v2\/product_cat?post=31571"},{"taxonomy":"product_tag","embeddable":true,"href":"https:\/\/getibogaine.com\/es\/wp-json\/wp\/v2\/product_tag?post=31571"}],"curies":[{"name":"wp","href":"https:\/\/api.w.org\/{rel}","templated":true}]}}