{"id":31577,"date":"2025-07-02T23:25:26","date_gmt":"2025-07-03T03:25:26","guid":{"rendered":"https:\/\/getibogaine.com\/?post_type=product&#038;p=28268"},"modified":"2026-03-09T07:19:56","modified_gmt":"2026-03-09T11:19:56","slug":"iboga-para-la-enfermedad-de-parkinson","status":"publish","type":"product","link":"https:\/\/getibogaine.com\/es\/producto\/iboga-para-la-enfermedad-de-parkinson\/","title":{"rendered":"Iboga para la enfermedad de Parkinson \u2013 Ra\u00edz de iboga + TA"},"content":{"rendered":"<p data-start=\"539\" data-end=\"845\">Descubre un enfoque hol\u00edstico y basado en plantas para apoyar la salud neurol\u00f3gica. Nuestro <strong data-start=\"620\" data-end=\"651\">Paquete de apoyo del Parkinson con Iboga<\/strong> combina la tradicional <strong data-start=\"673\" data-end=\"692\">corteza de ra\u00edz de Iboga<\/strong> con <strong data-start=\"711\" data-end=\"723\">Iboga TA<\/strong> concentrado, ofreciendo una potente soluci\u00f3n natural inspirada en la medicina ancestral africana y respaldada por investigaciones cient\u00edficas emergentes.<\/p>\n<h3 data-start=\"852\" data-end=\"881\"><strong data-start=\"858\" data-end=\"881\">Beneficios potenciales:<\/strong><\/h3>\n<ul data-start=\"882\" data-end=\"1206\">\n<li data-start=\"882\" data-end=\"940\">\n<p data-start=\"884\" data-end=\"940\">Apoya la <strong data-start=\"896\" data-end=\"919\">regulaci\u00f3n de la dopamina<\/strong> y la <strong data-start=\"924\" data-end=\"940\">neurog\u00e9nesis<\/strong><\/p>\n<\/li>\n<li data-start=\"941\" data-end=\"1006\">\n<p data-start=\"943\" data-end=\"1006\">Ayuda a mejorar el <strong data-start=\"957\" data-end=\"965\">estado de \u00e1nimo<\/strong>, la <strong data-start=\"967\" data-end=\"979\">movilidad<\/strong> y la <strong data-start=\"985\" data-end=\"1006\">claridad cognitiva<\/strong><\/p>\n<\/li>\n<li data-start=\"1007\" data-end=\"1058\">\n<p data-start=\"1009\" data-end=\"1058\">Puede reducir los <strong data-start=\"1020\" data-end=\"1031\">temblores<\/strong> y los s\u00edntomas relacionados con la funci\u00f3n motora<\/p>\n<\/li>\n<li data-start=\"1059\" data-end=\"1144\">\n<p data-start=\"1061\" data-end=\"1144\">Estimula la producci\u00f3n de <strong data-start=\"1086\" data-end=\"1101\">GDNF y BDNF<\/strong>, factores neurotr\u00f3ficos clave para la reparaci\u00f3n cerebral<\/p>\n<\/li>\n<li data-start=\"1145\" data-end=\"1206\">\n<p data-start=\"1147\" data-end=\"1206\">De origen vegetal y hol\u00edstico \u2014 derivado de <strong data-start=\"1185\" data-end=\"1206\">Tabernanthe iboga<\/strong><\/p>\n<\/li>\n<\/ul>\n<h3 data-start=\"1213\" data-end=\"1243\"><strong data-start=\"1220\" data-end=\"1243\">Informaci\u00f3n cient\u00edfica<\/strong><\/h3>\n<p data-start=\"1244\" data-end=\"1515\">La investigaci\u00f3n sugiere que la iboga\u00edna estimula<a href=\"https:\/\/pubmed.ncbi.nlm.nih.gov\/10383122\/\" target=\"_blank\" rel=\"noopener\"> <strong data-start=\"1282\" data-end=\"1336\">el factor neurotr\u00f3fico derivado de la l\u00ednea celular glial (GDNF)<\/strong><\/a> y el <strong data-start=\"1341\" data-end=\"1385\">factor neurotr\u00f3fico derivado del cerebro (BDNF)<\/strong> \u2014 ambos cruciales para la supervivencia y la regeneraci\u00f3n de las c\u00e9lulas cerebrales, lo que podr\u00eda ayudar a ralentizar o reparar la neurodegeneraci\u00f3n relacionada con el Parkinson.<\/p>\n<h3 data-start=\"1522\" data-end=\"1550\"><strong data-start=\"1529\" data-end=\"1550\">Aviso importante:<\/strong><\/h3>\n<p data-start=\"1551\" data-end=\"1841\">La iboga y la iboga\u00edna son sustancias potentes. Su uso siempre debe estar supervisado por profesionales con experiencia en atenci\u00f3n neuropsiqui\u00e1trica y protocolos de desintoxicaci\u00f3n. Este producto <strong data-start=\"1728\" data-end=\"1784\">no est\u00e1 destinado a diagnosticar, tratar ni curar ninguna enfermedad<\/strong> y no debe utilizarse sin la debida supervisi\u00f3n m\u00e9dica.<\/p>\n<h3 data-start=\"1848\" data-end=\"1872\"><strong data-start=\"1855\" data-end=\"1872\">C\u00f3mo hacer el pedido:<\/strong><\/h3>\n<p data-start=\"1873\" data-end=\"1970\">Simplemente realiza tu pedido y nuestros expertos te guiar\u00e1n a lo largo de tu proceso de tratamiento. Hay env\u00edos internacionales disponibles (consulta la normativa local).<\/p>\n<p data-start=\"1972\" data-end=\"2032\"><strong data-start=\"1972\" data-end=\"2032\">Stock limitado: \u00a1precio promocional v\u00e1lido solo este mes!<\/strong><\/p>\n","protected":false},"excerpt":{"rendered":"<p>Iboga\u00edna natural para el apoyo al tratamiento del Parkinson. \u00a1Oferta especial! $615 + $68 de env\u00edo<\/p>\n","protected":false},"featured_media":35243,"comment_status":"open","ping_status":"closed","template":"","meta":{"site-sidebar-layout":"default","site-content-layout":"","ast-site-content-layout":"default","site-content-style":"default","site-sidebar-style":"default","ast-global-header-display":"","ast-banner-title-visibility":"","ast-main-header-display":"","ast-hfb-above-header-display":"","ast-hfb-below-header-display":"","ast-hfb-mobile-header-display":"","site-post-title":"","ast-breadcrumbs-content":"","ast-featured-img":"","footer-sml-layout":"","ast-disable-related-posts":"","theme-transparent-header-meta":"default","adv-header-id-meta":"","stick-header-meta":"default","header-above-stick-meta":"","header-main-stick-meta":"","header-below-stick-meta":"","astra-migrate-meta-layouts":"set","ast-page-background-enabled":"default","ast-page-background-meta":{"desktop":{"background-color":"var(--ast-global-color-4)","background-image":"","background-repeat":"repeat","background-position":"center center","background-size":"auto","background-attachment":"scroll","background-type":"","background-media":"","overlay-type":"","overlay-color":"","overlay-opacity":"","overlay-gradient":""},"tablet":{"background-color":"","background-image":"","background-repeat":"repeat","background-position":"center center","background-size":"auto","background-attachment":"scroll","background-type":"","background-media":"","overlay-type":"","overlay-color":"","overlay-opacity":"","overlay-gradient":""},"mobile":{"background-color":"","background-image":"","background-repeat":"repeat","background-position":"center center","background-size":"auto","background-attachment":"scroll","background-type":"","background-media":"","overlay-type":"","overlay-color":"","overlay-opacity":"","overlay-gradient":""}},"ast-content-background-meta":{"desktop":{"background-color":"var(--ast-global-color-5)","background-image":"","background-repeat":"repeat","background-position":"center center","background-size":"auto","background-attachment":"scroll","background-type":"","background-media":"","overlay-type":"","overlay-color":"","overlay-opacity":"","overlay-gradient":""},"tablet":{"background-color":"var(--ast-global-color-5)","background-image":"","background-repeat":"repeat","background-position":"center center","background-size":"auto","background-attachment":"scroll","background-type":"","background-media":"","overlay-type":"","overlay-color":"","overlay-opacity":"","overlay-gradient":""},"mobile":{"background-color":"var(--ast-global-color-5)","background-image":"","background-repeat":"repeat","background-position":"center center","background-size":"auto","background-attachment":"scroll","background-type":"","background-media":"","overlay-type":"","overlay-color":"","overlay-opacity":"","overlay-gradient":""}},"jetpack_publicize_message":"","jetpack_publicize_feature_enabled":true,"jetpack_social_post_already_shared":true,"jetpack_social_options":{"image_generator_settings":{"template":"highway","default_image_id":0,"font":"","enabled":false},"version":2}},"product_brand":[4011],"product_cat":[4561],"product_tag":[],"class_list":{"0":"post-31577","1":"product","2":"type-product","3":"status-publish","4":"has-post-thumbnail","6":"product_brand-getibogaina","7":"product_cat-promocion-de-getibogaine","8":"desktop-align-left","9":"tablet-align-left","10":"mobile-align-left","11":"ast-product-gallery-layout-horizontal-slider","12":"ast-product-gallery-with-no-image","13":"ast-product-tabs-layout-horizontal","15":"first","16":"instock","17":"sale","18":"shipping-taxable","19":"purchasable","20":"product-type-simple"},"jetpack_publicize_connections":[],"jetpack_sharing_enabled":true,"_links":{"self":[{"href":"https:\/\/getibogaine.com\/es\/wp-json\/wp\/v2\/product\/31577","targetHints":{"allow":["GET"]}}],"collection":[{"href":"https:\/\/getibogaine.com\/es\/wp-json\/wp\/v2\/product"}],"about":[{"href":"https:\/\/getibogaine.com\/es\/wp-json\/wp\/v2\/types\/product"}],"replies":[{"embeddable":true,"href":"https:\/\/getibogaine.com\/es\/wp-json\/wp\/v2\/comments?post=31577"}],"version-history":[{"count":0,"href":"https:\/\/getibogaine.com\/es\/wp-json\/wp\/v2\/product\/31577\/revisions"}],"wp:featuredmedia":[{"embeddable":true,"href":"https:\/\/getibogaine.com\/es\/wp-json\/wp\/v2\/media\/35243"}],"wp:attachment":[{"href":"https:\/\/getibogaine.com\/es\/wp-json\/wp\/v2\/media?parent=31577"}],"wp:term":[{"taxonomy":"product_brand","embeddable":true,"href":"https:\/\/getibogaine.com\/es\/wp-json\/wp\/v2\/product_brand?post=31577"},{"taxonomy":"product_cat","embeddable":true,"href":"https:\/\/getibogaine.com\/es\/wp-json\/wp\/v2\/product_cat?post=31577"},{"taxonomy":"product_tag","embeddable":true,"href":"https:\/\/getibogaine.com\/es\/wp-json\/wp\/v2\/product_tag?post=31577"}],"curies":[{"name":"wp","href":"https:\/\/api.w.org\/{rel}","templated":true}]}}