{"id":31583,"date":"2025-06-23T12:40:45","date_gmt":"2025-06-23T16:40:45","guid":{"rendered":"https:\/\/getibogaine.com\/?post_type=product&#038;p=28269"},"modified":"2026-03-09T07:14:43","modified_gmt":"2026-03-09T11:14:43","slug":"recuperacion-de-adicciones","status":"publish","type":"product","link":"https:\/\/getibogaine.com\/es\/producto\/recuperacion-de-adicciones\/","title":{"rendered":"Paquete de bienestar mental y recuperaci\u00f3n de adicciones \u2013 Iboga TA"},"content":{"rendered":"<p data-start=\"2271\" data-end=\"2614\">Nuestro Paquete de Bienestar Mental y Recuperaci\u00f3n de Adicciones incluye 10 gramos de Alcaloide Total de Iboga (TA), un extracto vegetal concentrado venerado por su posible papel para facilitar un reinicio psicol\u00f3gico profundo y la recuperaci\u00f3n del consumo de sustancias. Esta f\u00f3rmula est\u00e1 elaborada para quienes buscan avances en adicci\u00f3n, ansiedad, trauma o bloqueos emocionales.<\/p>\n<p data-start=\"2616\" data-end=\"2645\"><strong data-start=\"2616\" data-end=\"2643\">Aplicaciones potenciales:<\/strong><\/p>\n<ul data-start=\"2646\" data-end=\"2794\">\n<li data-start=\"2646\" data-end=\"2692\">\n<p data-start=\"2648\" data-end=\"2692\">Apoyo para la dependencia del alcohol y otras sustancias<\/p>\n<\/li>\n<li data-start=\"2693\" data-end=\"2750\">\n<p data-start=\"2695\" data-end=\"2750\">Claridad emocional y procesamiento del trauma (TEPT, ansiedad)<\/p>\n<\/li>\n<li data-start=\"2751\" data-end=\"2794\">\n<p data-start=\"2753\" data-end=\"2794\">Integraci\u00f3n consciente y autorreflexi\u00f3n<\/p>\n<\/li>\n<\/ul>\n<p data-start=\"2796\" data-end=\"2833\"><strong data-start=\"2796\" data-end=\"2831\">\u00bfQu\u00e9 hace \u00fanico a este producto?<\/strong><\/p>\n<ul data-start=\"2834\" data-end=\"3034\">\n<li data-start=\"2834\" data-end=\"2911\">\n<p data-start=\"2836\" data-end=\"2911\">Extra\u00eddo de ra\u00edz de iboga de alta calidad, conservando alcaloides de espectro completo<\/p>\n<\/li>\n<li data-start=\"2912\" data-end=\"2967\">\n<p data-start=\"2914\" data-end=\"2967\">Adecuado para desintoxicaci\u00f3n estructurada y programas de trabajo interior<\/p>\n<\/li>\n<li data-start=\"2968\" data-end=\"3034\">\n<p data-start=\"2970\" data-end=\"3034\">De confianza para facilitadores por su potencia equilibrada y su consistencia<\/p>\n<\/li>\n<\/ul>\n<p data-start=\"3036\" data-end=\"3217\"><strong data-start=\"3036\" data-end=\"3056\">Uso recomendado:<\/strong><br data-start=\"3056\" data-end=\"3059\" \/><strong data-start=\"3059\" data-end=\"3091\">Iboga TA es extremadamente potente<\/strong>. Solo debe usarse bajo la supervisi\u00f3n de profesionales capacitados. Este producto no est\u00e1 destinado para uso dom\u00e9stico sin supervisi\u00f3n.<\/p>\n<p data-start=\"3427\" data-end=\"3479\"><strong data-start=\"3427\" data-end=\"3437\">Precio:<\/strong> <del data-start=\"3438\" data-end=\"3444\">$530<\/del> \u2192 <strong data-start=\"3447\" data-end=\"3455\">$477<\/strong> (incluye un 10% de descuento)<\/p>\n","protected":false},"excerpt":{"rendered":"<p>Paquete de bienestar mental y recuperaci\u00f3n de adicciones \u2013 Iboga TA \u00a1Obt\u00e9n 10% de DESCUENTO! $550 +68 de env\u00edo<\/p>\n","protected":false},"featured_media":32224,"comment_status":"open","ping_status":"closed","template":"","meta":{"site-sidebar-layout":"default","site-content-layout":"","ast-site-content-layout":"default","site-content-style":"default","site-sidebar-style":"default","ast-global-header-display":"","ast-banner-title-visibility":"","ast-main-header-display":"","ast-hfb-above-header-display":"","ast-hfb-below-header-display":"","ast-hfb-mobile-header-display":"","site-post-title":"","ast-breadcrumbs-content":"","ast-featured-img":"","footer-sml-layout":"","ast-disable-related-posts":"","theme-transparent-header-meta":"default","adv-header-id-meta":"","stick-header-meta":"default","header-above-stick-meta":"","header-main-stick-meta":"","header-below-stick-meta":"","astra-migrate-meta-layouts":"set","ast-page-background-enabled":"default","ast-page-background-meta":{"desktop":{"background-color":"var(--ast-global-color-4)","background-image":"","background-repeat":"repeat","background-position":"center center","background-size":"auto","background-attachment":"scroll","background-type":"","background-media":"","overlay-type":"","overlay-color":"","overlay-opacity":"","overlay-gradient":""},"tablet":{"background-color":"","background-image":"","background-repeat":"repeat","background-position":"center center","background-size":"auto","background-attachment":"scroll","background-type":"","background-media":"","overlay-type":"","overlay-color":"","overlay-opacity":"","overlay-gradient":""},"mobile":{"background-color":"","background-image":"","background-repeat":"repeat","background-position":"center center","background-size":"auto","background-attachment":"scroll","background-type":"","background-media":"","overlay-type":"","overlay-color":"","overlay-opacity":"","overlay-gradient":""}},"ast-content-background-meta":{"desktop":{"background-color":"var(--ast-global-color-5)","background-image":"","background-repeat":"repeat","background-position":"center center","background-size":"auto","background-attachment":"scroll","background-type":"","background-media":"","overlay-type":"","overlay-color":"","overlay-opacity":"","overlay-gradient":""},"tablet":{"background-color":"var(--ast-global-color-5)","background-image":"","background-repeat":"repeat","background-position":"center center","background-size":"auto","background-attachment":"scroll","background-type":"","background-media":"","overlay-type":"","overlay-color":"","overlay-opacity":"","overlay-gradient":""},"mobile":{"background-color":"var(--ast-global-color-5)","background-image":"","background-repeat":"repeat","background-position":"center center","background-size":"auto","background-attachment":"scroll","background-type":"","background-media":"","overlay-type":"","overlay-color":"","overlay-opacity":"","overlay-gradient":""}},"jetpack_publicize_message":"","jetpack_publicize_feature_enabled":true,"jetpack_social_post_already_shared":true,"jetpack_social_options":{"image_generator_settings":{"template":"highway","default_image_id":0,"font":"","enabled":false},"version":2}},"product_brand":[4011],"product_cat":[4561],"product_tag":[],"class_list":{"0":"post-31583","1":"product","2":"type-product","3":"status-publish","4":"has-post-thumbnail","6":"product_brand-getibogaina","7":"product_cat-promocion-de-getibogaine","8":"desktop-align-left","9":"tablet-align-left","10":"mobile-align-left","11":"ast-product-gallery-layout-horizontal-slider","12":"ast-product-tabs-layout-horizontal","14":"first","15":"instock","16":"sale","17":"shipping-taxable","18":"purchasable","19":"product-type-simple"},"jetpack_publicize_connections":[],"jetpack_sharing_enabled":true,"_links":{"self":[{"href":"https:\/\/getibogaine.com\/es\/wp-json\/wp\/v2\/product\/31583","targetHints":{"allow":["GET"]}}],"collection":[{"href":"https:\/\/getibogaine.com\/es\/wp-json\/wp\/v2\/product"}],"about":[{"href":"https:\/\/getibogaine.com\/es\/wp-json\/wp\/v2\/types\/product"}],"replies":[{"embeddable":true,"href":"https:\/\/getibogaine.com\/es\/wp-json\/wp\/v2\/comments?post=31583"}],"version-history":[{"count":0,"href":"https:\/\/getibogaine.com\/es\/wp-json\/wp\/v2\/product\/31583\/revisions"}],"wp:featuredmedia":[{"embeddable":true,"href":"https:\/\/getibogaine.com\/es\/wp-json\/wp\/v2\/media\/32224"}],"wp:attachment":[{"href":"https:\/\/getibogaine.com\/es\/wp-json\/wp\/v2\/media?parent=31583"}],"wp:term":[{"taxonomy":"product_brand","embeddable":true,"href":"https:\/\/getibogaine.com\/es\/wp-json\/wp\/v2\/product_brand?post=31583"},{"taxonomy":"product_cat","embeddable":true,"href":"https:\/\/getibogaine.com\/es\/wp-json\/wp\/v2\/product_cat?post=31583"},{"taxonomy":"product_tag","embeddable":true,"href":"https:\/\/getibogaine.com\/es\/wp-json\/wp\/v2\/product_tag?post=31583"}],"curies":[{"name":"wp","href":"https:\/\/api.w.org\/{rel}","templated":true}]}}