{"id":30861,"date":"2022-04-18T01:32:08","date_gmt":"2022-04-18T01:32:08","guid":{"rendered":"http:\/\/getibogaine.com\/?page_id=3"},"modified":"2026-03-06T10:50:48","modified_gmt":"2026-03-06T15:50:48","slug":"politique-de-confidentialite","status":"publish","type":"page","link":"https:\/\/getibogaine.com\/fr\/politique-de-confidentialite\/","title":{"rendered":"Politique de confidentialit\u00e9"},"content":{"rendered":"\t\t<div data-elementor-type=\"wp-page\" data-elementor-id=\"30861\" class=\"elementor elementor-30861 elementor-3\" data-elementor-post-type=\"page\">\n\t\t\t\t<div class=\"elementor-element elementor-element-5ceef1e e-flex e-con-boxed e-con e-parent\" data-id=\"5ceef1e\" data-element_type=\"container\" data-e-type=\"container\" data-settings=\"{&quot;background_background&quot;:&quot;classic&quot;,&quot;animation&quot;:&quot;none&quot;}\">\n\t\t\t\t\t<div class=\"e-con-inner\">\n\t\t<div class=\"elementor-element elementor-element-095a4a4 e-con-full e-flex e-con e-child\" data-id=\"095a4a4\" data-element_type=\"container\" data-e-type=\"container\" data-settings=\"{&quot;motion_fx_motion_fx_scrolling&quot;:&quot;yes&quot;,&quot;motion_fx_translateY_effect&quot;:&quot;yes&quot;,&quot;motion_fx_translateY_speed&quot;:{&quot;unit&quot;:&quot;px&quot;,&quot;size&quot;:4,&quot;sizes&quot;:[]},&quot;motion_fx_translateY_affectedRange&quot;:{&quot;unit&quot;:&quot;%&quot;,&quot;size&quot;:&quot;&quot;,&quot;sizes&quot;:{&quot;start&quot;:0,&quot;end&quot;:100}},&quot;motion_fx_devices&quot;:[&quot;widescreen&quot;,&quot;desktop&quot;,&quot;laptop&quot;,&quot;tablet&quot;,&quot;mobile&quot;]}\">\n\t\t\t\t<div class=\"elementor-element elementor-element-c4d0fc8 elementor-widget elementor-widget-heading\" data-id=\"c4d0fc8\" data-element_type=\"widget\" data-e-type=\"widget\" data-widget_type=\"heading.default\">\n\t\t\t\t\t<h1 class=\"elementor-heading-title elementor-size-default\">Politique de confidentialit\u00e9<\/h1>\t\t\t\t<\/div>\n\t\t\t\t<\/div>\n\t\t\t\t\t<\/div>\n\t\t\t\t<\/div>\n\t\t<div class=\"elementor-element elementor-element-2b16b99 e-flex e-con-boxed e-con e-parent\" data-id=\"2b16b99\" data-element_type=\"container\" data-e-type=\"container\">\n\t\t\t\t\t<div class=\"e-con-inner\">\n\t\t<div class=\"elementor-element elementor-element-43bfb68 e-con-full e-flex e-con e-child\" data-id=\"43bfb68\" data-element_type=\"container\" data-e-type=\"container\">\n\t\t\t\t<div class=\"elementor-element elementor-element-8b1593c elementor-widget elementor-widget-heading\" data-id=\"8b1593c\" data-element_type=\"widget\" data-e-type=\"widget\" data-widget_type=\"heading.default\">\n\t\t\t\t\t<h2 class=\"elementor-heading-title elementor-size-default\">Obtenir la politique de confidentialit\u00e9 d\u2019Iboga\u00efne<\/h2>\t\t\t\t<\/div>\n\t\t\t\t<div class=\"elementor-element elementor-element-7820396 elementor-widget elementor-widget-text-editor\" data-id=\"7820396\" data-element_type=\"widget\" data-e-type=\"widget\" data-widget_type=\"text-editor.default\">\n\t\t\t\t\t\t\t\t\t<p><\/p>\n<p>Sur\u00a0<a href=\"http:\/\/Getibogaine.com\" target=\"_blank\" rel=\"noopener\">Getibogaine.com<\/a>, nous pouvons obtenir des informations que vous nous fournissez directement sur les Sites, y compris, sans s\u2019y limiter, toutes les collectes en ligne et hors ligne de tous types d\u2019informations personnelles.<\/p>\n<p>Ces informations peuvent inclure des informations personnelles, c\u2019est-\u00e0-dire des informations pouvant \u00eatre utilis\u00e9es pour vous identifier individuellement. Les informations personnelles collect\u00e9es peuvent inclure :<br \/>Des informations de contact, telles que le nom, l\u2019adresse, l\u2019e-mail, le num\u00e9ro de t\u00e9l\u00e9phone, le num\u00e9ro de fax, le nom de l\u2019organisation et\/ou l\u2019intitul\u00e9 du poste<\/p>\n<ul>\n<li>Restrictions alimentaires, informations de passeport \u00e0 des fins de r\u00e9servations de voyage ou d\u2019identification, num\u00e9ro de s\u00e9curit\u00e9 sociale (lorsque requis par la loi), coordonn\u00e9es bancaires, personnes \u00e0 contacter (en cas d\u2019urgence), informations familiales (le cas \u00e9ch\u00e9ant et conform\u00e9ment \u00e0 la l\u00e9gislation locale)<\/li>\n<li>Solvabilit\u00e9, num\u00e9ro de TVA, informations sur les produits, historique des achats, documentation de demande<\/li>\n<li>Photos, vid\u00e9os et enregistrements audio lorsque vous avez donn\u00e9 votre autorisation<\/li>\n<li>Informations personnelles sensibles, telles que des informations de sant\u00e9 ou des rapports concernant un client final individuel, c.-\u00e0-d. relatifs aux r\u00e9clamations sur les produits et aux enqu\u00eates, aux r\u00e9sultats pr\u00e9- et post-op\u00e9ratoires des patients \u00e0 des fins de recherche &amp; statistiques, ou aux casiers judiciaires pour des proc\u00e9dures de diligence raisonnable conform\u00e9ment \u00e0 la l\u00e9gislation applicable. Nous conserverons et utiliserons les informations personnelles collect\u00e9es pour les processus et finalit\u00e9s de traitement mentionn\u00e9s ci-dessus, conform\u00e9ment \u00e0 nos obligations, y compris, sans s\u2019y limiter, les obligations l\u00e9gales, commerciales et administratives.<\/li>\n<\/ul>\n<p><\/p>\t\t\t\t\t\t\t\t<\/div>\n\t\t\t\t<div class=\"elementor-element elementor-element-c13c0c6 elementor-widget elementor-widget-heading\" data-id=\"c13c0c6\" data-element_type=\"widget\" data-e-type=\"widget\" data-widget_type=\"heading.default\">\n\t\t\t\t\t<h2 class=\"elementor-heading-title elementor-size-default\">UTILISATION DES INFORMATIONS<\/h2>\t\t\t\t<\/div>\n\t\t\t\t<div class=\"elementor-element elementor-element-44b6a1f elementor-widget elementor-widget-text-editor\" data-id=\"44b6a1f\" data-element_type=\"widget\" data-e-type=\"widget\" data-widget_type=\"text-editor.default\">\n\t\t\t\t\t\t\t\t\t\n<p>Nous pouvons utiliser les informations collect\u00e9es via les Sites, y compris les Informations personnelles et les Informations d\u2019utilisation du Site, \u00e0 diverses fins, notamment, sans s\u2019y limiter :<\/p>\n<ol>\n<li>Vous permettre d\u2019utiliser les Sites et de vous fournir les services connexes, notamment en r\u00e9pondant \u00e0 vos questions et commentaires ;<\/li>\n<li>Ex\u00e9cuter des transactions et traiter votre inscription, vos commandes et vos paiements, y compris en v\u00e9rifiant que les informations que vous fournissez sont exactes et actives ;<\/li>\n<li>Administrer et d\u00e9velopper notre relation commerciale avec vous et l\u2019entreprise que vous repr\u00e9sentez ;<\/li>\n<li>Personnaliser vos exp\u00e9riences en ligne et adapter le contenu, les recommandations et les offres que nous vous affichons sur les Sites et ailleurs en ligne ;<\/li>\n<li>Vous fournir des informations, des produits ou des services que vous avez demand\u00e9s ou accept\u00e9 de recevoir, ou que nous pensons autrement susceptibles de vous int\u00e9resser, y compris des informations et des offres sp\u00e9ciales de notre part, de nos annonceurs et de nos partenaires commerciaux tiers ;<\/li>\n<li>R\u00e9aliser des analyses internes, telles que des enqu\u00eates et des \u00e9tudes de march\u00e9 ;<\/li>\n<li>Am\u00e9liorer les Sites, nos produits et services et \u00e0 des fins internes de l\u2019entreprise ;<\/li>\n<li>Vous contacter avec des communications administratives et, \u00e0 notre discr\u00e9tion, des modifications des politiques du Site ;<\/li>\n<li>Surveiller et analyser les tendances, l\u2019utilisation et les activit\u00e9s des visiteurs et des utilisateurs des Sites ; afin de respecter les lois, r\u00e9glementations ou proc\u00e9dures l\u00e9gales applicables ainsi que les normes du secteur et les politiques de notre entreprise ;<\/li>\n<li>Aux fins divulgu\u00e9es au moment o\u00f9 vous fournissez vos informations et telles que d\u00e9crites plus en d\u00e9tail ou autoris\u00e9es dans la pr\u00e9sente Politique de confidentialit\u00e9 ;<\/li>\n<li>Pr\u00e9venir, enqu\u00eater, identifier ou prendre toute autre mesure concernant toute activit\u00e9 frauduleuse ou ill\u00e9gale suspect\u00e9e ou av\u00e9r\u00e9e, ou toute activit\u00e9 qui viole nos politiques ;<\/li>\n<li>M\u00e9moriser et restaurer vos pr\u00e9f\u00e9rences lorsque vous revenez sur le site web ;<\/li>\n<li>Se conformer aux lois, r\u00e9glementations ou proc\u00e9dures l\u00e9gales applicables ainsi qu\u2019aux normes de l\u2019entreprise et \u00e0 nos politiques internes, ou autrement avec votre consentement.<\/li>\n<\/ol>\n\t\t\t\t\t\t\t\t<\/div>\n\t\t\t\t<div class=\"elementor-element elementor-element-df6ebeb elementor-widget elementor-widget-spacer\" data-id=\"df6ebeb\" data-element_type=\"widget\" data-e-type=\"widget\" data-widget_type=\"spacer.default\">\n\t\t\t\t\t\t\t<div class=\"elementor-spacer\">\n\t\t\t<div class=\"elementor-spacer-inner\"><\/div>\n\t\t<\/div>\n\t\t\t\t\t\t<\/div>\n\t\t\t\t<\/div>\n\t\t\t\t\t<\/div>\n\t\t\t\t<\/div>\n\t\t\t\t<\/div>\n\t\t","protected":false},"excerpt":{"rendered":"<p>Politique de confidentialit\u00e9 Obtenir la politique de confidentialit\u00e9 d\u2019Iboga\u00efne Sur\u00a0Getibogaine.com, nous pouvons obtenir des informations que vous nous fournissez directement [&hellip;]<\/p>\n","protected":false},"author":3,"featured_media":30862,"parent":0,"menu_order":0,"comment_status":"closed","ping_status":"closed","template":"elementor_header_footer","meta":{"site-sidebar-layout":"default","site-content-layout":"","ast-site-content-layout":"default","site-content-style":"default","site-sidebar-style":"default","ast-global-header-display":"","ast-banner-title-visibility":"","ast-main-header-display":"","ast-hfb-above-header-display":"","ast-hfb-below-header-display":"","ast-hfb-mobile-header-display":"","site-post-title":"","ast-breadcrumbs-content":"","ast-featured-img":"","footer-sml-layout":"","ast-disable-related-posts":"","theme-transparent-header-meta":"","adv-header-id-meta":"","stick-header-meta":"","header-above-stick-meta":"","header-main-stick-meta":"","header-below-stick-meta":"","astra-migrate-meta-layouts":"default","ast-page-background-enabled":"default","ast-page-background-meta":{"desktop":{"background-color":"var(--ast-global-color-4)","background-image":"","background-repeat":"repeat","background-position":"center center","background-size":"auto","background-attachment":"scroll","background-type":"","background-media":"","overlay-type":"","overlay-color":"","overlay-opacity":"","overlay-gradient":""},"tablet":{"background-color":"","background-image":"","background-repeat":"repeat","background-position":"center center","background-size":"auto","background-attachment":"scroll","background-type":"","background-media":"","overlay-type":"","overlay-color":"","overlay-opacity":"","overlay-gradient":""},"mobile":{"background-color":"","background-image":"","background-repeat":"repeat","background-position":"center center","background-size":"auto","background-attachment":"scroll","background-type":"","background-media":"","overlay-type":"","overlay-color":"","overlay-opacity":"","overlay-gradient":""}},"ast-content-background-meta":{"desktop":{"background-color":"var(--ast-global-color-5)","background-image":"","background-repeat":"repeat","background-position":"center center","background-size":"auto","background-attachment":"scroll","background-type":"","background-media":"","overlay-type":"","overlay-color":"","overlay-opacity":"","overlay-gradient":""},"tablet":{"background-color":"var(--ast-global-color-5)","background-image":"","background-repeat":"repeat","background-position":"center center","background-size":"auto","background-attachment":"scroll","background-type":"","background-media":"","overlay-type":"","overlay-color":"","overlay-opacity":"","overlay-gradient":""},"mobile":{"background-color":"var(--ast-global-color-5)","background-image":"","background-repeat":"repeat","background-position":"center center","background-size":"auto","background-attachment":"scroll","background-type":"","background-media":"","overlay-type":"","overlay-color":"","overlay-opacity":"","overlay-gradient":""}},"footnotes":""},"class_list":["post-30861","page","type-page","status-publish","has-post-thumbnail","hentry"],"jetpack_sharing_enabled":true,"_links":{"self":[{"href":"https:\/\/getibogaine.com\/fr\/wp-json\/wp\/v2\/pages\/30861","targetHints":{"allow":["GET"]}}],"collection":[{"href":"https:\/\/getibogaine.com\/fr\/wp-json\/wp\/v2\/pages"}],"about":[{"href":"https:\/\/getibogaine.com\/fr\/wp-json\/wp\/v2\/types\/page"}],"author":[{"embeddable":true,"href":"https:\/\/getibogaine.com\/fr\/wp-json\/wp\/v2\/users\/3"}],"replies":[{"embeddable":true,"href":"https:\/\/getibogaine.com\/fr\/wp-json\/wp\/v2\/comments?post=30861"}],"version-history":[{"count":7,"href":"https:\/\/getibogaine.com\/fr\/wp-json\/wp\/v2\/pages\/30861\/revisions"}],"predecessor-version":[{"id":34205,"href":"https:\/\/getibogaine.com\/fr\/wp-json\/wp\/v2\/pages\/30861\/revisions\/34205"}],"wp:featuredmedia":[{"embeddable":true,"href":"https:\/\/getibogaine.com\/fr\/wp-json\/wp\/v2\/media\/30862"}],"wp:attachment":[{"href":"https:\/\/getibogaine.com\/fr\/wp-json\/wp\/v2\/media?parent=30861"}],"curies":[{"name":"wp","href":"https:\/\/api.w.org\/{rel}","templated":true}]}}