{"id":31095,"date":"2022-10-14T10:45:28","date_gmt":"2022-10-14T14:45:28","guid":{"rendered":"http:\/\/getibogaine.com\/?page_id=10448"},"modified":"2026-03-06T10:26:53","modified_gmt":"2026-03-06T15:26:53","slug":"alerte-arnaque","status":"publish","type":"page","link":"https:\/\/getibogaine.com\/fr\/alerte-arnaque\/","title":{"rendered":"Alerte arnaque"},"content":{"rendered":"\t\t<div data-elementor-type=\"wp-page\" data-elementor-id=\"31095\" class=\"elementor elementor-31095 elementor-10448\" data-elementor-post-type=\"page\">\n\t\t\t\t\t\t<section class=\"elementor-section elementor-top-section elementor-element elementor-element-1411679c elementor-section-boxed elementor-section-height-default elementor-section-height-default\" data-id=\"1411679c\" data-element_type=\"section\" data-e-type=\"section\">\n\t\t\t\t\t\t<div class=\"elementor-container elementor-column-gap-default\">\n\t\t\t\t\t<div class=\"elementor-column elementor-col-100 elementor-top-column elementor-element elementor-element-3ff41695\" data-id=\"3ff41695\" data-element_type=\"column\" data-e-type=\"column\">\n\t\t\t<div class=\"elementor-widget-wrap elementor-element-populated\">\n\t\t\t\t\t\t<div class=\"elementor-element elementor-element-fc835a9 elementor-widget elementor-widget-heading\" data-id=\"fc835a9\" data-element_type=\"widget\" data-e-type=\"widget\" data-widget_type=\"heading.default\">\n\t\t\t\t\t<h1 class=\"elementor-heading-title elementor-size-default\">M\u00e9fiez-vous des escrocs<\/h1>\t\t\t\t<\/div>\n\t\t\t\t<div class=\"elementor-element elementor-element-466c0f9e elementor-widget elementor-widget-text-editor\" data-id=\"466c0f9e\" data-element_type=\"widget\" data-e-type=\"widget\" data-widget_type=\"text-editor.default\">\n\t\t\t\t\t\t\t\t\t<p><\/p>\n<p>En naviguant sur Internet, vous trouverez de nombreuses annonces d\u2019iboga\u00efne et d\u2019iboga \u00e0 vendre. Cependant, lorsqu\u2019il s\u2019agit d\u2019acheter de l\u2019iboga\u00efne en ligne, il est essentiel de distinguer les vendeurs l\u00e9gitimes des escrocs. Notre boutique d\u2019iboga en ligne se d\u00e9marque comme l\u2019option la plus fiable et la plus r\u00e9put\u00e9e, confirm\u00e9e par des <a href=\"http:\/\/getibogaine.com\/ibogaine-treatment-testimonials\/\"><strong><span style=\"text-decoration: underline;\">t\u00e9moignages authentiques<\/span><\/strong><\/a> de nos clients satisfaits.<\/p>\n<p>Pour vous assurer que vous traitez avec un vendeur digne de confiance, exigez un appel vid\u00e9o en direct afin de confirmer la disponibilit\u00e9 de l\u2019iboga\u00efne \u00e0 vendre ou de l\u2019iboga \u00e0 vendre. Demandez des preuves de <a href=\"http:\/\/getibogaine.com\/videos-receipts\/\"><strong><span style=\"text-decoration: underline;\">livraisons r\u00e9ussies<\/span><\/strong><\/a> pr\u00e9c\u00e9dentes, telles que des re\u00e7us d\u2019exp\u00e9dition, afin d\u2019\u00e9tablir sa cr\u00e9dibilit\u00e9.<\/p>\n<p>Un vendeur s\u00e9rieux devrait permettre une communication directe avec un ancien client dispos\u00e9 \u00e0 partager son exp\u00e9rience d\u2019achat d\u2019iboga\u00efne aupr\u00e8s de la boutique. M\u00e9fiez-vous des prix d\u2019iboga\u00efne et d\u2019iboga anormalement bas, car l\u2019authenticit\u00e9 est souvent compromise lorsque le co\u00fbt est irr\u00e9aliste pour cette substance rare. Pour en savoir plus sur la <a href=\"http:\/\/getibogaine.com\/ibogaine-price-and-treatment-costs\/\"><span style=\"text-decoration: underline;\"><strong>tarification de l\u2019iboga\u00efne<\/strong><\/span><\/a>, n\u2019h\u00e9sitez pas \u00e0 consulter notre blog pour des informations utiles.<\/p>\n<p><\/p>\t\t\t\t\t\t\t\t<\/div>\n\t\t\t\t<div class=\"elementor-element elementor-element-9365eb4 elementor-widget elementor-widget-spacer\" data-id=\"9365eb4\" data-element_type=\"widget\" data-e-type=\"widget\" data-widget_type=\"spacer.default\">\n\t\t\t\t\t\t\t<div class=\"elementor-spacer\">\n\t\t\t<div class=\"elementor-spacer-inner\"><\/div>\n\t\t<\/div>\n\t\t\t\t\t\t<\/div>\n\t\t\t\t\t<\/div>\n\t\t<\/div>\n\t\t\t\t\t<\/div>\n\t\t<\/section>\n\t\t\t\t<\/div>\n\t\t","protected":false},"excerpt":{"rendered":"<p>M\u00e9fiez-vous des escrocs En naviguant sur Internet, vous trouverez de nombreuses annonces d\u2019iboga\u00efne et d\u2019iboga \u00e0 vendre. Cependant, lorsqu\u2019il s\u2019agit [&hellip;]<\/p>\n","protected":false},"author":3,"featured_media":31096,"parent":0,"menu_order":0,"comment_status":"closed","ping_status":"closed","template":"elementor_header_footer","meta":{"site-sidebar-layout":"default","site-content-layout":"","ast-site-content-layout":"default","site-content-style":"default","site-sidebar-style":"default","ast-global-header-display":"","ast-banner-title-visibility":"","ast-main-header-display":"","ast-hfb-above-header-display":"","ast-hfb-below-header-display":"","ast-hfb-mobile-header-display":"","site-post-title":"disabled","ast-breadcrumbs-content":"","ast-featured-img":"","footer-sml-layout":"","ast-disable-related-posts":"","theme-transparent-header-meta":"","adv-header-id-meta":"","stick-header-meta":"","header-above-stick-meta":"","header-main-stick-meta":"","header-below-stick-meta":"","astra-migrate-meta-layouts":"default","ast-page-background-enabled":"default","ast-page-background-meta":{"desktop":{"background-color":"var(--ast-global-color-4)","background-image":"","background-repeat":"repeat","background-position":"center center","background-size":"auto","background-attachment":"scroll","background-type":"","background-media":"","overlay-type":"","overlay-color":"","overlay-opacity":"","overlay-gradient":""},"tablet":{"background-color":"","background-image":"","background-repeat":"repeat","background-position":"center center","background-size":"auto","background-attachment":"scroll","background-type":"","background-media":"","overlay-type":"","overlay-color":"","overlay-opacity":"","overlay-gradient":""},"mobile":{"background-color":"","background-image":"","background-repeat":"repeat","background-position":"center center","background-size":"auto","background-attachment":"scroll","background-type":"","background-media":"","overlay-type":"","overlay-color":"","overlay-opacity":"","overlay-gradient":""}},"ast-content-background-meta":{"desktop":{"background-color":"var(--ast-global-color-5)","background-image":"","background-repeat":"repeat","background-position":"center center","background-size":"auto","background-attachment":"scroll","background-type":"","background-media":"","overlay-type":"","overlay-color":"","overlay-opacity":"","overlay-gradient":""},"tablet":{"background-color":"var(--ast-global-color-5)","background-image":"","background-repeat":"repeat","background-position":"center center","background-size":"auto","background-attachment":"scroll","background-type":"","background-media":"","overlay-type":"","overlay-color":"","overlay-opacity":"","overlay-gradient":""},"mobile":{"background-color":"var(--ast-global-color-5)","background-image":"","background-repeat":"repeat","background-position":"center center","background-size":"auto","background-attachment":"scroll","background-type":"","background-media":"","overlay-type":"","overlay-color":"","overlay-opacity":"","overlay-gradient":""}},"footnotes":""},"class_list":["post-31095","page","type-page","status-publish","has-post-thumbnail","hentry"],"jetpack_sharing_enabled":true,"_links":{"self":[{"href":"https:\/\/getibogaine.com\/fr\/wp-json\/wp\/v2\/pages\/31095","targetHints":{"allow":["GET"]}}],"collection":[{"href":"https:\/\/getibogaine.com\/fr\/wp-json\/wp\/v2\/pages"}],"about":[{"href":"https:\/\/getibogaine.com\/fr\/wp-json\/wp\/v2\/types\/page"}],"author":[{"embeddable":true,"href":"https:\/\/getibogaine.com\/fr\/wp-json\/wp\/v2\/users\/3"}],"replies":[{"embeddable":true,"href":"https:\/\/getibogaine.com\/fr\/wp-json\/wp\/v2\/comments?post=31095"}],"version-history":[{"count":4,"href":"https:\/\/getibogaine.com\/fr\/wp-json\/wp\/v2\/pages\/31095\/revisions"}],"predecessor-version":[{"id":34124,"href":"https:\/\/getibogaine.com\/fr\/wp-json\/wp\/v2\/pages\/31095\/revisions\/34124"}],"wp:featuredmedia":[{"embeddable":true,"href":"https:\/\/getibogaine.com\/fr\/wp-json\/wp\/v2\/media\/31096"}],"wp:attachment":[{"href":"https:\/\/getibogaine.com\/fr\/wp-json\/wp\/v2\/media?parent=31095"}],"curies":[{"name":"wp","href":"https:\/\/api.w.org\/{rel}","templated":true}]}}