{"id":31131,"date":"2022-10-20T04:23:13","date_gmt":"2022-10-20T08:23:13","guid":{"rendered":"http:\/\/getibogaine.com\/?page_id=11042"},"modified":"2026-03-06T10:38:16","modified_gmt":"2026-03-06T15:38:16","slug":"expedition-et-livraison","status":"publish","type":"page","link":"https:\/\/getibogaine.com\/fr\/expedition-et-livraison\/","title":{"rendered":"Exp\u00e9dition et livraison"},"content":{"rendered":"\t\t<div data-elementor-type=\"wp-page\" data-elementor-id=\"31131\" class=\"elementor elementor-31131 elementor-11042\" data-elementor-post-type=\"page\">\n\t\t\t\t<div class=\"elementor-element elementor-element-992b329 e-flex e-con-boxed e-con e-parent\" data-id=\"992b329\" data-element_type=\"container\" data-e-type=\"container\" data-settings=\"{&quot;background_background&quot;:&quot;classic&quot;}\">\n\t\t\t\t\t<div class=\"e-con-inner\">\n\t\t<div class=\"elementor-element elementor-element-a38b58f e-con-full e-flex e-con e-child\" data-id=\"a38b58f\" data-element_type=\"container\" data-e-type=\"container\" data-settings=\"{&quot;motion_fx_motion_fx_scrolling&quot;:&quot;yes&quot;,&quot;motion_fx_translateY_effect&quot;:&quot;yes&quot;,&quot;motion_fx_translateY_speed&quot;:{&quot;unit&quot;:&quot;px&quot;,&quot;size&quot;:4,&quot;sizes&quot;:[]},&quot;motion_fx_translateY_affectedRange&quot;:{&quot;unit&quot;:&quot;%&quot;,&quot;size&quot;:&quot;&quot;,&quot;sizes&quot;:{&quot;start&quot;:0,&quot;end&quot;:100}},&quot;motion_fx_devices&quot;:[&quot;widescreen&quot;,&quot;desktop&quot;,&quot;laptop&quot;,&quot;tablet&quot;,&quot;mobile&quot;]}\">\n\t\t\t\t<div class=\"elementor-element elementor-element-05dcde7 elementor-widget elementor-widget-spacer\" data-id=\"05dcde7\" data-element_type=\"widget\" data-e-type=\"widget\" data-widget_type=\"spacer.default\">\n\t\t\t\t\t\t\t<div class=\"elementor-spacer\">\n\t\t\t<div class=\"elementor-spacer-inner\"><\/div>\n\t\t<\/div>\n\t\t\t\t\t\t<\/div>\n\t\t\t\t<div class=\"elementor-element elementor-element-83a4824 elementor-widget elementor-widget-heading\" data-id=\"83a4824\" data-element_type=\"widget\" data-e-type=\"widget\" data-widget_type=\"heading.default\">\n\t\t\t\t\t<h1 class=\"elementor-heading-title elementor-size-default\">Conditions d\u2019exp\u00e9dition et de livraison<\/h1>\t\t\t\t<\/div>\n\t\t\t\t<div class=\"elementor-element elementor-element-4e697b9 elementor-widget elementor-widget-heading\" data-id=\"4e697b9\" data-element_type=\"widget\" data-e-type=\"widget\" data-widget_type=\"heading.default\">\n\t\t\t\t\t<h2 class=\"elementor-heading-title elementor-size-default\">Voici notre politique d\u2019exp\u00e9dition pour la livraison mondiale d\u2019iboga\u00efne<\/h2>\t\t\t\t<\/div>\n\t\t\t\t<\/div>\n\t\t\t\t\t<\/div>\n\t\t\t\t<\/div>\n\t\t<div class=\"elementor-element elementor-element-d60e105 e-flex e-con-boxed e-con e-parent\" data-id=\"d60e105\" data-element_type=\"container\" data-e-type=\"container\">\n\t\t\t\t\t<div class=\"e-con-inner\">\n\t\t<div class=\"elementor-element elementor-element-213105e e-con-full e-flex e-con e-child\" data-id=\"213105e\" data-element_type=\"container\" data-e-type=\"container\">\n\t\t\t\t<div class=\"elementor-element elementor-element-62effa5 elementor-widget elementor-widget-text-editor\" data-id=\"62effa5\" data-element_type=\"widget\" data-e-type=\"widget\" data-widget_type=\"text-editor.default\">\n\t\t\t\t\t\t\t\t\tNous sommes fiers d\u2019offrir des services d\u2019exp\u00e9dition internationale pour tous nos produits Iboga.\u00a0\t\t\t\t\t\t\t\t<\/div>\n\t\t\t\t<div class=\"elementor-element elementor-element-26d01dd elementor-widget elementor-widget-heading\" data-id=\"26d01dd\" data-element_type=\"widget\" data-e-type=\"widget\" data-widget_type=\"heading.default\">\n\t\t\t\t\t<h2 class=\"elementor-heading-title elementor-size-default\">Droits de douane<\/h2>\t\t\t\t<\/div>\n\t\t\t\t<div class=\"elementor-element elementor-element-e1036ed elementor-widget elementor-widget-text-editor\" data-id=\"e1036ed\" data-element_type=\"widget\" data-e-type=\"widget\" data-widget_type=\"text-editor.default\">\n\t\t\t\t\t\t\t\t\t<p><\/p>\n<p data-pm-slice=\"1 1 []\">Nous ne sommes pas responsables des frais de douane ni des taxes une fois que les articles ont \u00e9t\u00e9 exp\u00e9di\u00e9s vers votre pays. En achetant de l\u2019iboga\u00efne chez nous, vous acceptez que les colis (produits) puissent vous \u00eatre exp\u00e9di\u00e9s et \u00eatre soumis \u00e0 des frais de douane \u00e0 leur arriv\u00e9e dans votre pays.<\/p>\n<p><\/p>\t\t\t\t\t\t\t\t<\/div>\n\t\t\t\t<div class=\"elementor-element elementor-element-fdc9198 elementor-widget elementor-widget-heading\" data-id=\"fdc9198\" data-element_type=\"widget\" data-e-type=\"widget\" data-widget_type=\"heading.default\">\n\t\t\t\t\t<h2 class=\"elementor-heading-title elementor-size-default\">D\u00e9lai de livraison<\/h2>\t\t\t\t<\/div>\n\t\t\t\t<div class=\"elementor-element elementor-element-1eac107 elementor-widget elementor-widget-text-editor\" data-id=\"1eac107\" data-element_type=\"widget\" data-e-type=\"widget\" data-widget_type=\"text-editor.default\">\n\t\t\t\t\t\t\t\t\t<p>Nous conseillons toujours aux clients d\u2019opter pour une exp\u00e9dition rapide lors d\u2019un achat sur getibogaine.com. \u00c0 cet effet, nous utilisons DHL, dont le d\u00e9lai de livraison est de 3 \u00e0 7 jours.<\/p>\n<p>Pour les clients qui connaissent EMS, nous avons annul\u00e9 cette option et ne proposons que des services d\u2019exp\u00e9dition rapide comme DHL.<\/p>\n<p>Bien que ce soit moins cher, ses inconv\u00e9nients et ses retards, d\u2019apr\u00e8s <span style=\"color: #ff9900;\"> <strong><a style=\"color: #ff9900;\" href=\"http:\/\/getibogaine.com\/videos-receipts\/\">les retours des clients<\/a><\/strong><\/span>, nous ont conduits \u00e0 pr\u00e9f\u00e9rer DHL comme solution la plus satisfaisante pour l\u2019exp\u00e9dition et la livraison des produits \u00e0 temps. DHL fournit un num\u00e9ro de suivi \u00e0 ses clients, ce qui signifie que le colis est tra\u00e7able. Cela permet \u00e9galement aux clients de suivre leurs colis en ligne.<\/p>\t\t\t\t\t\t\t\t<\/div>\n\t\t\t\t<div class=\"elementor-element elementor-element-3361578 elementor-widget elementor-widget-heading\" data-id=\"3361578\" data-element_type=\"widget\" data-e-type=\"widget\" data-widget_type=\"heading.default\">\n\t\t\t\t\t<h2 class=\"elementor-heading-title elementor-size-default\">Co\u00fbt d\u2019exp\u00e9dition<\/h2>\t\t\t\t<\/div>\n\t\t\t\t<div class=\"elementor-element elementor-element-28fe05e elementor-widget elementor-widget-text-editor\" data-id=\"28fe05e\" data-element_type=\"widget\" data-e-type=\"widget\" data-widget_type=\"text-editor.default\">\n\t\t\t\t\t\t\t\t\t<p><\/p>\n<p>Les frais d\u2019exp\u00e9dition varient selon la quantit\u00e9 \u00e0 acheter. Voici nos frais d\u2019exp\u00e9dition :<\/p>\n<p>\u00a0<\/p>\n<table width=\"630\">\n<thead>\n<tr>\n<td>\n<p><strong>POIDS<\/strong><\/p>\n<\/td>\n<td>\n<p><strong>*CO\u00dbT D\u2019EXP\u00c9DITION<\/strong><\/p>\n<\/td>\n<\/tr>\n<\/thead>\n<tbody>\n<tr>\n<td>\n<p>0.1kg \u2013 2kg\u00a0<\/p>\n<\/td>\n<td>\n<p>$80<\/p>\n<\/td>\n<\/tr>\n<tr>\n<td>\n<p>2.01kg \u2013 5kg<\/p>\n<\/td>\n<td>\n<p>$100<\/p>\n<\/td>\n<\/tr>\n<tr>\n<td>\n<p>5.01kg \u2013 10kg<\/p>\n<\/td>\n<td>\n<p>$150<\/p>\n<\/td>\n<\/tr>\n<tr>\n<td>\n<p>>10kg<\/p>\n<\/td>\n<td>\n<p>$200 et nous prenons en charge les frais d\u2019exp\u00e9dition suppl\u00e9mentaires<\/p>\n<\/td>\n<\/tr>\n<\/tbody>\n<\/table>\n<p>\u00a0<\/p>\n<p>Le d\u00e9lai de livraison maximal est de 3 \u00e0 7 jours ouvr\u00e9s.<\/p>\n<p><em>*Ceci n\u2019inclut pas notre d\u00e9lai de traitement de 24 heures.<\/em><\/p>\n<p><\/p>\t\t\t\t\t\t\t\t<\/div>\n\t\t\t\t<div class=\"elementor-element elementor-element-eadc5da elementor-widget elementor-widget-heading\" data-id=\"eadc5da\" data-element_type=\"widget\" data-e-type=\"widget\" data-widget_type=\"heading.default\">\n\t\t\t\t\t<h2 class=\"elementor-heading-title elementor-size-default\">Suivi de l\u2019exp\u00e9dition<\/h2>\t\t\t\t<\/div>\n\t\t\t\t<div class=\"elementor-element elementor-element-69303f2 elementor-widget elementor-widget-text-editor\" data-id=\"69303f2\" data-element_type=\"widget\" data-e-type=\"widget\" data-widget_type=\"text-editor.default\">\n\t\t\t\t\t\t\t\t\t<p><\/p>\n<p>Une fois que votre type d\u2019iboga a \u00e9t\u00e9 exp\u00e9di\u00e9, vous recevrez un e-mail de confirmation d\u2019exp\u00e9dition avec un <span style=\"color: #ff9900;\"><strong><a style=\"color: #ff9900;\" href=\"http:\/\/getibogaine.com\/tracking-order\/\">num\u00e9ro de suivi.<\/a><\/strong><\/span> Il vous incombe de suivre les instructions concernant le suivi et la livraison.<\/p>\n<p><\/p>\t\t\t\t\t\t\t\t<\/div>\n\t\t\t\t<div class=\"elementor-element elementor-element-cbfbe49 elementor-widget elementor-widget-heading\" data-id=\"cbfbe49\" data-element_type=\"widget\" data-e-type=\"widget\" data-widget_type=\"heading.default\">\n\t\t\t\t\t<h2 class=\"elementor-heading-title elementor-size-default\"><a href=\"http:\/\/getibogaine.com\/payment\/\">Effectuer le paiement<\/a><\/h2>\t\t\t\t<\/div>\n\t\t\t\t<div class=\"elementor-element elementor-element-9ddd207 elementor-widget elementor-widget-text-editor\" data-id=\"9ddd207\" data-element_type=\"widget\" data-e-type=\"widget\" data-widget_type=\"text-editor.default\">\n\t\t\t\t\t\t\t\t\t<p>Ex\u00e9cuter les transactions et traiter votre inscription, vos commandes et vos <span style=\"color: #ff9900;\"><strong> <a style=\"color: #ff9900;\" href=\"http:\/\/getibogaine.com\/payment\/\">paiements<\/a><\/strong><\/span>, notamment en v\u00e9rifiant que les informations que vous fournissez sont exactes et valides. Vous pouvez \u00e9galement en savoir plus sur notre politique de retour et de remboursement en consultant <span style=\"color: #ff9900;\"><strong><a style=\"color: #ff9900;\" href=\"http:\/\/getibogaine.com\/refund-returns\/\">notre page de retours et de remboursements<\/a><\/strong><\/span><\/p>\t\t\t\t\t\t\t\t<\/div>\n\t\t\t\t<div class=\"elementor-element elementor-element-480dd03 elementor-widget elementor-widget-spacer\" data-id=\"480dd03\" data-element_type=\"widget\" data-e-type=\"widget\" data-widget_type=\"spacer.default\">\n\t\t\t\t\t\t\t<div class=\"elementor-spacer\">\n\t\t\t<div class=\"elementor-spacer-inner\"><\/div>\n\t\t<\/div>\n\t\t\t\t\t\t<\/div>\n\t\t\t\t<\/div>\n\t\t\t\t\t<\/div>\n\t\t\t\t<\/div>\n\t\t\t\t<\/div>\n\t\t","protected":false},"excerpt":{"rendered":"<p>Conditions d\u2019exp\u00e9dition et de livraison Voici notre politique d\u2019exp\u00e9dition pour la livraison mondiale d\u2019iboga\u00efne Nous sommes fiers d\u2019offrir des services [&hellip;]<\/p>\n","protected":false},"author":3,"featured_media":30910,"parent":0,"menu_order":0,"comment_status":"closed","ping_status":"closed","template":"elementor_header_footer","meta":{"site-sidebar-layout":"default","site-content-layout":"","ast-site-content-layout":"default","site-content-style":"default","site-sidebar-style":"default","ast-global-header-display":"","ast-banner-title-visibility":"","ast-main-header-display":"","ast-hfb-above-header-display":"","ast-hfb-below-header-display":"","ast-hfb-mobile-header-display":"","site-post-title":"","ast-breadcrumbs-content":"","ast-featured-img":"","footer-sml-layout":"","ast-disable-related-posts":"","theme-transparent-header-meta":"","adv-header-id-meta":"","stick-header-meta":"","header-above-stick-meta":"","header-main-stick-meta":"","header-below-stick-meta":"","astra-migrate-meta-layouts":"default","ast-page-background-enabled":"default","ast-page-background-meta":{"desktop":{"background-color":"var(--ast-global-color-4)","background-image":"","background-repeat":"repeat","background-position":"center center","background-size":"auto","background-attachment":"scroll","background-type":"","background-media":"","overlay-type":"","overlay-color":"","overlay-opacity":"","overlay-gradient":""},"tablet":{"background-color":"","background-image":"","background-repeat":"repeat","background-position":"center center","background-size":"auto","background-attachment":"scroll","background-type":"","background-media":"","overlay-type":"","overlay-color":"","overlay-opacity":"","overlay-gradient":""},"mobile":{"background-color":"","background-image":"","background-repeat":"repeat","background-position":"center center","background-size":"auto","background-attachment":"scroll","background-type":"","background-media":"","overlay-type":"","overlay-color":"","overlay-opacity":"","overlay-gradient":""}},"ast-content-background-meta":{"desktop":{"background-color":"var(--ast-global-color-5)","background-image":"","background-repeat":"repeat","background-position":"center center","background-size":"auto","background-attachment":"scroll","background-type":"","background-media":"","overlay-type":"","overlay-color":"","overlay-opacity":"","overlay-gradient":""},"tablet":{"background-color":"var(--ast-global-color-5)","background-image":"","background-repeat":"repeat","background-position":"center center","background-size":"auto","background-attachment":"scroll","background-type":"","background-media":"","overlay-type":"","overlay-color":"","overlay-opacity":"","overlay-gradient":""},"mobile":{"background-color":"var(--ast-global-color-5)","background-image":"","background-repeat":"repeat","background-position":"center center","background-size":"auto","background-attachment":"scroll","background-type":"","background-media":"","overlay-type":"","overlay-color":"","overlay-opacity":"","overlay-gradient":""}},"footnotes":""},"class_list":["post-31131","page","type-page","status-publish","has-post-thumbnail","hentry"],"jetpack_sharing_enabled":true,"_links":{"self":[{"href":"https:\/\/getibogaine.com\/fr\/wp-json\/wp\/v2\/pages\/31131","targetHints":{"allow":["GET"]}}],"collection":[{"href":"https:\/\/getibogaine.com\/fr\/wp-json\/wp\/v2\/pages"}],"about":[{"href":"https:\/\/getibogaine.com\/fr\/wp-json\/wp\/v2\/types\/page"}],"author":[{"embeddable":true,"href":"https:\/\/getibogaine.com\/fr\/wp-json\/wp\/v2\/users\/3"}],"replies":[{"embeddable":true,"href":"https:\/\/getibogaine.com\/fr\/wp-json\/wp\/v2\/comments?post=31131"}],"version-history":[{"count":4,"href":"https:\/\/getibogaine.com\/fr\/wp-json\/wp\/v2\/pages\/31131\/revisions"}],"predecessor-version":[{"id":34159,"href":"https:\/\/getibogaine.com\/fr\/wp-json\/wp\/v2\/pages\/31131\/revisions\/34159"}],"wp:featuredmedia":[{"embeddable":true,"href":"https:\/\/getibogaine.com\/fr\/wp-json\/wp\/v2\/media\/30910"}],"wp:attachment":[{"href":"https:\/\/getibogaine.com\/fr\/wp-json\/wp\/v2\/media?parent=31131"}],"curies":[{"name":"wp","href":"https:\/\/api.w.org\/{rel}","templated":true}]}}