{"id":31233,"date":"2023-11-06T15:30:47","date_gmt":"2023-11-06T14:30:47","guid":{"rendered":"http:\/\/getibogaine.com\/?page_id=19385"},"modified":"2026-03-06T10:48:23","modified_gmt":"2026-03-06T15:48:23","slug":"retour-dexperience-get-ibogaine","status":"publish","type":"page","link":"https:\/\/getibogaine.com\/fr\/retour-dexperience-get-ibogaine\/","title":{"rendered":"Pop-up du formulaire de retour d\u2019exp\u00e9rience Get Iboga"},"content":{"rendered":"\t\t<div data-elementor-type=\"wp-page\" data-elementor-id=\"31233\" class=\"elementor elementor-31233 elementor-19385\" data-elementor-post-type=\"page\">\n\t\t\t\t<div class=\"elementor-element elementor-element-b299d95 e-flex e-con-boxed e-con e-parent\" data-id=\"b299d95\" data-element_type=\"container\" data-e-type=\"container\" data-settings=\"{&quot;background_background&quot;:&quot;classic&quot;}\">\n\t\t\t\t\t<div class=\"e-con-inner\">\n\t\t\t\t<div class=\"elementor-element elementor-element-7f9e126 elementor-widget elementor-widget-heading\" data-id=\"7f9e126\" data-element_type=\"widget\" data-e-type=\"widget\" data-widget_type=\"heading.default\">\n\t\t\t\t\t<h1 class=\"elementor-heading-title elementor-size-default\">Donner votre avis sur Get Ibogaine<\/h1>\t\t\t\t<\/div>\n\t\t\t\t\t<\/div>\n\t\t\t\t<\/div>\n\t\t<div class=\"elementor-element elementor-element-0745954 e-flex e-con-boxed e-con e-parent\" data-id=\"0745954\" data-element_type=\"container\" data-e-type=\"container\" data-settings=\"{&quot;background_background&quot;:&quot;classic&quot;}\">\n\t\t\t\t\t<div class=\"e-con-inner\">\n\t\t\t\t<div class=\"elementor-element elementor-element-d69436c elementor-widget__width-initial elementor-widget elementor-widget-text-editor\" data-id=\"d69436c\" data-element_type=\"widget\" data-e-type=\"widget\" data-widget_type=\"text-editor.default\">\n\t\t\t\t\t\t\t\t\t<p>Notre mission est de vous offrir la meilleure exp\u00e9rience possible, et nous aimerions beaucoup votre aide ! Prenez quelques instants pour r\u00e9pondre \u00e0 notre bref questionnaire sur votre parcours et votre exp\u00e9rience sur notre site. Vos retours sont pr\u00e9cieux pour nous aider \u00e0 comprendre comment mieux vous servir et \u00e0 identifier les difficult\u00e9s que vous pourriez rencontrer. En signe de reconnaissance pour le temps que vous nous accordez, vous recevrez une remise de 10 % sur votre prochain achat !<\/p>\t\t\t\t\t\t\t\t<\/div>\n\t\t\t\t<div class=\"elementor-element elementor-element-cbf14de fluent-form-widget-step-header-yes fluent-form-widget-step-progressbar-yes fluentform-widget-submit-button-custom elementor-widget elementor-widget-fluent-form-widget\" data-id=\"cbf14de\" data-element_type=\"widget\" data-e-type=\"widget\" data-widget_type=\"fluent-form-widget.default\">\n\t\t\t\t<div class=\"elementor-widget-container\">\n\t\t\t\t\t\n            <div class=\"fluentform-widget-wrapper fluentform-widget-align-default\">\n\n            \n            <div class='fluentform ff-default fluentform_wrapper_4 ffs_default_wrap'><form data-form_id=\"4\" id=\"fluentform_4\" class=\"frm-fluent-form fluent_form_4 ff-el-form-top ff_form_instance_4_1 ff-form-loading ffs_default\" data-form_instance=\"ff_form_instance_4_1\" method=\"POST\" ><fieldset  style=\"border: none!important;margin: 0!important;padding: 0!important;background-color: transparent!important;box-shadow: none!important;outline: none!important; min-inline-size: 100%;\">\n                    <legend class=\"ff_screen_reader_title\" style=\"display: block; margin: 0!important;padding: 0!important;height: 0!important;text-indent: -999999px;width: 0!important;overflow:hidden;\">Get Ibogaine Feedback Form (Popup)<\/legend><input type='hidden' name='__fluent_form_embded_post_id' value='31233' \/><input type=\"hidden\" id=\"_fluentform_4_fluentformnonce\" name=\"_fluentform_4_fluentformnonce\" value=\"ef5c082fb6\" \/><input type=\"hidden\" name=\"_wp_http_referer\" value=\"\/fr\/wp-json\/wp\/v2\/pages\/31233\" \/><div data-type=\"name-element\" data-name=\"name_1\" class=\" ff-field_container ff-name-field-wrapper\" ><div class='ff-t-container'><div class='ff-t-cell '><div class='ff-el-group  ff-el-form-top'><div class=\"ff-el-input--label ff-el-is-required asterisk-right\"><label for='ff_4_name_1_first_name_' id='label_ff_4_name_1_first_name_' >First<\/label><\/div><div class='ff-el-input--content'><input type=\"text\" name=\"name_1[first_name]\" id=\"ff_4_name_1_first_name_\" class=\"ff-el-form-control\" placeholder=\"First Name\" aria-invalid=\"false\" aria-required=true><\/div><\/div><\/div><div class='ff-t-cell '><div class='ff-el-group  ff-el-form-top'><div class=\"ff-el-input--label ff-el-is-required asterisk-right\"><label for='ff_4_name_1_last_name_' id='label_ff_4_name_1_last_name_' >Last<\/label><\/div><div class='ff-el-input--content'><input type=\"text\" name=\"name_1[last_name]\" id=\"ff_4_name_1_last_name_\" class=\"ff-el-form-control\" placeholder=\"Last Name\" aria-invalid=\"false\" aria-required=true><\/div><\/div><\/div><\/div><\/div><div class='ff-el-group'><div class=\"ff-el-input--label ff-el-is-required asterisk-right\"><label for='ff_4_email_2' id='label_ff_4_email_2' aria-label=\"Email\">Email<\/label><\/div><div class='ff-el-input--content'><input type=\"email\" name=\"email_2\" class=\"ff-el-form-control\" id=\"ff_4_email_2\" data-name=\"email_2\"  aria-invalid=\"false\" aria-required=true><\/div><\/div><div class='ff-el-group'><div class=\"ff-el-input--label ff-el-is-required asterisk-right\"><label for='' id='label_' aria-label=\"How did you first hear about our product\/website?\">How did you first hear about our product\/website? <\/label><\/div><div class='ff-el-input--content'><div class='ff-el-form-check'><label class='ff-el-form-check-label' for='checkbox_8_e3c09060b1632e8d3bd66e0afb7fb8a2'><input  name=\"checkbox_8[]\" class=\"ff-el-form-check-input ff-el-form-check-checkbox\" type=\"checkbox\" data-name=\"checkbox_8\" value=\"Search Engines\"  id='checkbox_8_e3c09060b1632e8d3bd66e0afb7fb8a2' aria-label='Search Engines' aria-invalid='false' aria-required=true> <span>Search Engines<\/span><\/label><\/div><div class='ff-el-form-check'><label class='ff-el-form-check-label' for='checkbox_8_290a2ca893e77c6197d392add01da802'><input  name=\"checkbox_8[]\" class=\"ff-el-form-check-input ff-el-form-check-checkbox\" type=\"checkbox\" data-name=\"checkbox_8\" value=\"Social Media\"  id='checkbox_8_290a2ca893e77c6197d392add01da802' aria-label='Social Media' aria-invalid='false' aria-required=true> <span>Social Media<\/span><\/label><\/div><div class='ff-el-form-check'><label class='ff-el-form-check-label' for='checkbox_8_b31d6cc04f94e106e5db3cadff47250f'><input  name=\"checkbox_8[]\" class=\"ff-el-form-check-input ff-el-form-check-checkbox\" type=\"checkbox\" data-name=\"checkbox_8\" value=\"Word of Mouth\"  id='checkbox_8_b31d6cc04f94e106e5db3cadff47250f' aria-label='Word of Mouth' aria-invalid='false' aria-required=true> <span>Word of Mouth<\/span><\/label><\/div><div class='ff-el-form-check'><label class='ff-el-form-check-label' for='checkbox_8_37e7122fc370d9eb23fbc7f0dd30e1b9'><input  name=\"checkbox_8[]\" class=\"ff-el-form-check-input ff-el-form-check-checkbox\" type=\"checkbox\" data-name=\"checkbox_8\" value=\"Other \"  id='checkbox_8_37e7122fc370d9eb23fbc7f0dd30e1b9' aria-label='Other' aria-invalid='false' aria-required=true> <span>Other <\/span><\/label><\/div><\/div><\/div><div class='ff-el-group'><div class=\"ff-el-input--label ff-el-is-required asterisk-right\"><label for='ff_4_text_5' id='label_ff_4_text_5' aria-label=\"How helpful was the content on this website and what more would you like to see\">How helpful was the content on this website and what more would you like to see<\/label><\/div><div class='ff-el-input--content'><input type=\"text\" name=\"text_5\" class=\"ff-el-form-control\" id=\"ff_4_text_5\" maxlength=\"1800\" data-name=\"text_5\"  aria-invalid=\"false\" aria-required=true><\/div><\/div><div class='ff-el-group'><div class=\"ff-el-input--label ff-el-is-required asterisk-right\"><label for='ff_4_text_10' id='label_ff_4_text_10' aria-label=\"Did you compare our product with others before deciding to purchase? If so, what made you choose ours?\">Did you compare our product with others before deciding to purchase? If so, what made you choose ours?  <\/label><\/div><div class='ff-el-input--content'><input type=\"text\" name=\"text_10\" class=\"ff-el-form-control\" id=\"ff_4_text_10\" maxlength=\"1800\" data-name=\"text_10\"  aria-invalid=\"false\" aria-required=true><\/div><\/div><div class='ff-el-group'><div class=\"ff-el-input--label ff-el-is-required asterisk-right\"><label for='ff_4_text_11' id='label_ff_4_text_11' aria-label=\"Was there anything that nearly stopped you from making a purchase?\">Was there anything that nearly stopped you from making a purchase? <\/label><\/div><div class='ff-el-input--content'><input type=\"text\" name=\"text_11\" class=\"ff-el-form-control\" id=\"ff_4_text_11\" maxlength=\"1800\" data-name=\"text_11\"  aria-invalid=\"false\" aria-required=true><\/div><\/div><div class='ff-el-group'><div class=\"ff-el-input--label ff-el-is-required asterisk-right\"><label for='ff_4_text_12' id='label_ff_4_text_12' aria-label=\"Was the checkout process easy and straightforward?\">Was the checkout process easy and straightforward? <\/label><\/div><div class='ff-el-input--content'><input type=\"text\" name=\"text_12\" class=\"ff-el-form-control\" id=\"ff_4_text_12\" maxlength=\"1800\" data-name=\"text_12\"  aria-invalid=\"false\" aria-required=true><\/div><\/div><div class='ff-el-group'><div class=\"ff-el-input--label ff-el-is-required asterisk-right\"><label for='ff_4_text_13' id='label_ff_4_text_13' aria-label=\"How did you first hear about our product\/website?\"0>What would you suggest to us that can better serve you and others?<\/label><\/div><div class='ff-el-input--content'><input type=\"text\" name=\"text_13\" class=\"ff-el-form-control\" id=\"ff_4_text_13\" maxlength=\"1800\" data-name=\"text_13\"  aria-invalid=\"false\" aria-required=true><\/div><\/div><div class='ff-el-group ff-text-left ff_submit_btn_wrapper'><button type=\"submit\" class=\"ff-btn ff-btn-submit ff-btn-md ff_btn_style\"  aria-label=\"How did you first hear about our product\/website?\"1>Send Me My Code!<\/button><\/div><\/fieldset><\/form><div id='fluentform_4_errors' class='ff-errors-in-stack ff_form_instance_4_1 ff-form-loading_errors ff_form_instance_4_1_errors'><\/div><\/div>            <script type=\"text\/javascript\">\n                window.fluent_form_ff_form_instance_4_1 = {\"id\":\"4\",\"settings\":{\"layout\":{\"labelPlacement\":\"top\",\"asteriskPlacement\":\"asterisk-right\",\"helpMessagePlacement\":\"with_label\",\"errorMessagePlacement\":\"inline\",\"cssClassName\":\"\"},\"restrictions\":{\"denyEmptySubmission\":{\"enabled\":false}}},\"form_instance\":\"ff_form_instance_4_1\",\"form_id_selector\":\"fluentform_4\",\"rules\":{\"name_1[first_name]\":{\"required\":{\"value\":true,\"message\":\"This field is required\"}},\"name_1[]\":{\"required\":{\"value\":false,\"message\":\"This field is required\"}},\"name_1[last_name]\":{\"required\":{\"value\":true,\"message\":\"This field is required\"}},\"email_2\":{\"required\":{\"value\":true,\"message\":\"This field is required\"},\"email\":{\"value\":1,\"message\":\"This field must contain a valid email\"}},\"checkbox_8\":{\"required\":{\"value\":true,\"message\":\"This field is required\"}},\"text_5\":{\"required\":{\"value\":true,\"message\":\"This field is required\"}},\"text_10\":{\"required\":{\"value\":true,\"message\":\"This field is required\"}},\"text_11\":{\"required\":{\"value\":true,\"message\":\"This field is required\"}},\"text_12\":{\"required\":{\"value\":true,\"message\":\"This field is required\"}},\"text_13\":{\"required\":{\"value\":true,\"message\":\"This field is required\"}}},\"debounce_time\":300};\n                            <\/script>\n                        <\/div>\n\n            \t\t\t\t<\/div>\n\t\t\t\t<\/div>\n\t\t\t\t\t<\/div>\n\t\t\t\t<\/div>\n\t\t<div class=\"elementor-element elementor-element-1f23d1f e-flex e-con-boxed e-con e-parent\" data-id=\"1f23d1f\" data-element_type=\"container\" data-e-type=\"container\">\n\t\t\t\t\t<div class=\"e-con-inner\">\n\t\t\t\t<div class=\"elementor-element elementor-element-9d8e24c elementor-widget elementor-widget-image\" data-id=\"9d8e24c\" data-element_type=\"widget\" data-e-type=\"widget\" data-widget_type=\"image.default\">\n\t\t\t\t\t\t\t\t\t\t\t\t\t\t\t\t<a href=\"http:\/\/www.trustpilot.com\" target=\"_blank\" rel=\"noopener\">\n\t\t\t\t\t\t\t<img fetchpriority=\"high\" decoding=\"async\" width=\"464\" height=\"341\" src=\"https:\/\/getibogaine.com\/wp-content\/uploads\/2024\/06\/60c0bf49232c67ba8500c8bc_Trustpilot-4.8.png\" class=\"attachment-full size-full wp-image-43593\" alt=\"\" srcset=\"https:\/\/getibogaine.com\/wp-content\/uploads\/2024\/06\/60c0bf49232c67ba8500c8bc_Trustpilot-4.8.png 464w, https:\/\/getibogaine.com\/wp-content\/uploads\/2024\/06\/60c0bf49232c67ba8500c8bc_Trustpilot-4.8-400x294.png 400w, https:\/\/getibogaine.com\/wp-content\/uploads\/2024\/06\/60c0bf49232c67ba8500c8bc_Trustpilot-4.8-320x235.png 320w\" sizes=\"(max-width: 464px) 100vw, 464px\" title=\"\">\t\t\t\t\t\t\t\t<\/a>\n\t\t\t\t\t\t\t\t\t\t\t\t\t\t\t<\/div>\n\t\t\t\t<div class=\"elementor-element elementor-element-0331465 elementor-widget__width-initial elementor-widget elementor-widget-text-editor\" data-id=\"0331465\" data-element_type=\"widget\" data-e-type=\"widget\" data-widget_type=\"text-editor.default\">\n\t\t\t\t\t\t\t\t\t<p>Ce qui est particulier chez <strong><a href=\"http:\/\/getibogaine.com\/about-get-ibogaine\/\">Get Ibogaine<\/a><\/strong>, c\u2019est notre engagement \u00e0 offrir \u00e0 nos clients des produits d\u2019iboga de haute qualit\u00e9, notamment de l\u2019\u00e9corce de racine d\u2019iboga, de l\u2019iboga TA et de l\u2019iboga\u00efne HCL. Toutes nos extractions sont r\u00e9alis\u00e9es dans notre laboratoire chimique bien \u00e9quip\u00e9 par nos sp\u00e9cialistes de laboratoire qualifi\u00e9s.<\/p><p>Pour obtenir le meilleur r\u00e9sultat, nous effectuons toutes les extractions et transformations de l\u2019iboga en respectant strictement le protocole \u00e9tabli. Nous nous engageons \u00e0 aider toute personne souffrant de d\u00e9pression, de TSPT, d\u2019anxi\u00e9t\u00e9 ou de toute forme d\u2019addiction et qui souhaite s\u2019en lib\u00e9rer.<\/p><p>Nous donnons des conseils sur la fa\u00e7on dont vous pouvez traiter vos d\u00e9pendances par l\u2019autom\u00e9dication, en impactant et en transformant la vie du plus grand nombre possible.<\/p>\t\t\t\t\t\t\t\t<\/div>\n\t\t\t\t\t<\/div>\n\t\t\t\t<\/div>\n\t\t\t\t<\/div>\n\t\t","protected":false},"excerpt":{"rendered":"<p>Donner votre avis sur Get Ibogaine Notre mission est de vous offrir la meilleure exp\u00e9rience possible, et nous aimerions beaucoup [&hellip;]<\/p>\n","protected":false},"author":3,"featured_media":31988,"parent":0,"menu_order":0,"comment_status":"closed","ping_status":"closed","template":"elementor_header_footer","meta":{"site-sidebar-layout":"default","site-content-layout":"","ast-site-content-layout":"default","site-content-style":"default","site-sidebar-style":"default","ast-global-header-display":"","ast-banner-title-visibility":"","ast-main-header-display":"","ast-hfb-above-header-display":"","ast-hfb-below-header-display":"","ast-hfb-mobile-header-display":"","site-post-title":"disabled","ast-breadcrumbs-content":"","ast-featured-img":"","footer-sml-layout":"","ast-disable-related-posts":"","theme-transparent-header-meta":"","adv-header-id-meta":"","stick-header-meta":"","header-above-stick-meta":"","header-main-stick-meta":"","header-below-stick-meta":"","astra-migrate-meta-layouts":"default","ast-page-background-enabled":"default","ast-page-background-meta":{"desktop":{"background-color":"var(--ast-global-color-4)","background-image":"","background-repeat":"repeat","background-position":"center center","background-size":"auto","background-attachment":"scroll","background-type":"","background-media":"","overlay-type":"","overlay-color":"","overlay-opacity":"","overlay-gradient":""},"tablet":{"background-color":"","background-image":"","background-repeat":"repeat","background-position":"center center","background-size":"auto","background-attachment":"scroll","background-type":"","background-media":"","overlay-type":"","overlay-color":"","overlay-opacity":"","overlay-gradient":""},"mobile":{"background-color":"","background-image":"","background-repeat":"repeat","background-position":"center center","background-size":"auto","background-attachment":"scroll","background-type":"","background-media":"","overlay-type":"","overlay-color":"","overlay-opacity":"","overlay-gradient":""}},"ast-content-background-meta":{"desktop":{"background-color":"var(--ast-global-color-5)","background-image":"","background-repeat":"repeat","background-position":"center center","background-size":"auto","background-attachment":"scroll","background-type":"","background-media":"","overlay-type":"","overlay-color":"","overlay-opacity":"","overlay-gradient":""},"tablet":{"background-color":"var(--ast-global-color-5)","background-image":"","background-repeat":"repeat","background-position":"center center","background-size":"auto","background-attachment":"scroll","background-type":"","background-media":"","overlay-type":"","overlay-color":"","overlay-opacity":"","overlay-gradient":""},"mobile":{"background-color":"var(--ast-global-color-5)","background-image":"","background-repeat":"repeat","background-position":"center center","background-size":"auto","background-attachment":"scroll","background-type":"","background-media":"","overlay-type":"","overlay-color":"","overlay-opacity":"","overlay-gradient":""}},"footnotes":""},"class_list":["post-31233","page","type-page","status-publish","has-post-thumbnail","hentry"],"jetpack_sharing_enabled":true,"_links":{"self":[{"href":"https:\/\/getibogaine.com\/fr\/wp-json\/wp\/v2\/pages\/31233","targetHints":{"allow":["GET"]}}],"collection":[{"href":"https:\/\/getibogaine.com\/fr\/wp-json\/wp\/v2\/pages"}],"about":[{"href":"https:\/\/getibogaine.com\/fr\/wp-json\/wp\/v2\/types\/page"}],"author":[{"embeddable":true,"href":"https:\/\/getibogaine.com\/fr\/wp-json\/wp\/v2\/users\/3"}],"replies":[{"embeddable":true,"href":"https:\/\/getibogaine.com\/fr\/wp-json\/wp\/v2\/comments?post=31233"}],"version-history":[{"count":7,"href":"https:\/\/getibogaine.com\/fr\/wp-json\/wp\/v2\/pages\/31233\/revisions"}],"predecessor-version":[{"id":34193,"href":"https:\/\/getibogaine.com\/fr\/wp-json\/wp\/v2\/pages\/31233\/revisions\/34193"}],"wp:featuredmedia":[{"embeddable":true,"href":"https:\/\/getibogaine.com\/fr\/wp-json\/wp\/v2\/media\/31988"}],"wp:attachment":[{"href":"https:\/\/getibogaine.com\/fr\/wp-json\/wp\/v2\/media?parent=31233"}],"curies":[{"name":"wp","href":"https:\/\/api.w.org\/{rel}","templated":true}]}}