{"id":31347,"date":"2022-06-01T09:07:07","date_gmt":"2022-06-01T09:07:07","guid":{"rendered":"http:\/\/getibogaine.com\/?post_type=product&#038;p=6034"},"modified":"2026-03-17T11:31:08","modified_gmt":"2026-03-17T15:31:08","slug":"ecorces-de-racine-diboga-1-kg","status":"publish","type":"product","link":"https:\/\/getibogaine.com\/fr\/produit\/ecorces-de-racine-diboga-1-kg\/","title":{"rendered":"\u00c9corces de racine d\u2019iboga (1kg)"},"content":{"rendered":"<h2><strong>1 kg d\u2019\u00e9corce de racine d\u2019iboga \u00e0 vendre<\/strong><\/h2>\n<p><iframe title=\"Lecteur vid\u00e9o YouTube\" src=\"https:\/\/www.youtube.com\/embed\/MO4Qm_bjK8A?si=37t6iVNiJ5CtbxAG\" width=\"560\" height=\"315\" frameborder=\"0\" allowfullscreen=\"allowfullscreen\"><\/iframe><br \/>\nNous savons que vous recherchez la meilleure \u00e9corce de racine d\u2019iboga en ligne, et nous avons ce qu\u2019il vous faut. Notre \u00e9corce de racine d\u2019iboga est produite dans notre ferme d\u2019iboga sans pesticides en Afrique centrale. Avec notre \u00e9corce de racine d\u2019iboga, vous pouvez vous attendre \u00e0 un produit pur, non adult\u00e9r\u00e9, pr\u00eat \u00e0 \u00eatre ing\u00e9r\u00e9.<\/p>\n<p>Notre \u00e9corce de racine d\u2019iboga est l\u2019un des meilleurs rem\u00e8des naturels contre la d\u00e9pendance aux drogues. Une excellente fa\u00e7on de mettre fin \u00e0 votre d\u00e9pendance est d\u2019utiliser notre \u00e9corce de racine d\u2019iboga comme compl\u00e9ment ou m\u00e9thode de traitement. Notre \u00e9corce de racine d\u2019iboga contient 95 % d\u2019extrait d\u2019iboga\u00efne pure, dont il a \u00e9t\u00e9 prouv\u00e9 qu\u2019elle fait des merveilles pour r\u00e9duire les sympt\u00f4mes de sevrage chez les personnes souffrant de troubles li\u00e9s \u00e0 l\u2019usage de substances. Notre \u00e9corce de racine d\u2019iboga est 100 % naturelle, ce qui la rend s\u00fbre et efficace pour vous aider \u00e0 surmonter votre d\u00e9pendance.<\/p>\n<p><img fetchpriority=\"high\" decoding=\"async\" class=\"alignnone size-medium wp-image-10888\" src=\"http:\/\/getibogaine.com\/wp-content\/uploads\/2022\/10\/iboga-root-bark-full-320x403.jpg\" alt=\"1 kg Iboga Root Bark for Sale\" width=\"320\" height=\"403\" title=\"\" srcset=\"https:\/\/getibogaine.com\/wp-content\/uploads\/2022\/10\/iboga-root-bark-full-320x403.jpg 320w, https:\/\/getibogaine.com\/wp-content\/uploads\/2022\/10\/iboga-root-bark-full-525x662.jpg 525w, https:\/\/getibogaine.com\/wp-content\/uploads\/2022\/10\/iboga-root-bark-full-813x1024.jpg 813w, https:\/\/getibogaine.com\/wp-content\/uploads\/2022\/10\/iboga-root-bark-full-768x968.jpg 768w, https:\/\/getibogaine.com\/wp-content\/uploads\/2022\/10\/iboga-root-bark-full.jpg 900w\" sizes=\"(max-width: 320px) 100vw, 320px\" \/><\/p>\n<h3><strong>Bienfaits de l\u2019\u00e9corce de racine d\u2019iboga \u00e0 vendre<\/strong><\/h3>\n<p><a title=\"Difference Between Iboga And Ibogaine\" href=\"http:\/\/getibogaine.com\/whats-the-difference-between-iboga-and-ibogaine\/\">L\u2019iboga et l\u2019iboga\u00efne<\/a> peuvent avoir le potentiel de traiter diff\u00e9rents troubles de sant\u00e9 mentale. Cela inclut la d\u00e9pression, le trouble de stress post-traumatique (TSPT) et divers types de d\u00e9pendances. Vous trouverez ci-dessous une liste de certains des bienfaits de l\u2019utilisation de l\u2019iboga contre la d\u00e9pendance.<\/p>\n<ul>\n<li>Aide \u00e0 faire face \u00e0 l\u2019addiction, sympt\u00f4mes de sevrage moins douloureux<\/li>\n<li>Souvenirs de r\u00eaves plus intenses<\/li>\n<li>Effet stimulant central<\/li>\n<li>Sensation spirituelle, mystique<\/li>\n<li>R\u00eaves lucides, r\u00eaves lucides, exp\u00e9riences de sortie du corps<\/li>\n<li>Acc\u00e8s au subconscient<\/li>\n<li>Renforcement de la confiance en soi<\/li>\n<li>Faire face aux exp\u00e9riences traumatisantes et aux troubles<\/li>\n<li>Stimuler l\u2019imagination<\/li>\n<li>Rendre accessibles les souvenirs de la petite enfance<\/li>\n<li>D\u00e9calcification de la glande pin\u00e9ale<\/li>\n<li>Sommeil r\u00e9parateur<\/li>\n<li>Clart\u00e9 et concentration<\/li>\n<li>Synchronisation des h\u00e9misph\u00e8res c\u00e9r\u00e9braux<\/li>\n<\/ul>\n<p><strong>Origine :<\/strong> <em>For\u00eat tropicale d\u2019Afrique centrale<\/em><\/p>\n","protected":false},"excerpt":{"rendered":"<p>Exp\u00e9dition express avec un d\u00e9lai de livraison rapide de 3 \u00e0 7 jours<\/p>\n<p>Marque : Get Ibogaine<\/p>\n<p>Poids : 1 kilogramme<\/p>\n<p>Frais de livraison : calcul\u00e9s au moment du paiement<\/p>\n<p>Votre commande sera exp\u00e9di\u00e9e dans les 24 heures suivant la finalisation de votre achat et arrivera sous trois \u00e0 sept jours ouvrables. Nos tarifs d\u2019exp\u00e9dition varient selon le poids du colis.<\/p>\n","protected":false},"featured_media":34507,"comment_status":"open","ping_status":"closed","template":"","meta":{"site-sidebar-layout":"default","site-content-layout":"","ast-site-content-layout":"default","site-content-style":"default","site-sidebar-style":"default","ast-global-header-display":"","ast-banner-title-visibility":"","ast-main-header-display":"","ast-hfb-above-header-display":"","ast-hfb-below-header-display":"","ast-hfb-mobile-header-display":"","site-post-title":"","ast-breadcrumbs-content":"","ast-featured-img":"","footer-sml-layout":"","ast-disable-related-posts":"","theme-transparent-header-meta":"default","adv-header-id-meta":"","stick-header-meta":"default","header-above-stick-meta":"","header-main-stick-meta":"","header-below-stick-meta":"","astra-migrate-meta-layouts":"set","ast-page-background-enabled":"default","ast-page-background-meta":{"desktop":{"background-color":"var(--ast-global-color-4)","background-image":"","background-repeat":"repeat","background-position":"center center","background-size":"auto","background-attachment":"scroll","background-type":"","background-media":"","overlay-type":"","overlay-color":"","overlay-opacity":"","overlay-gradient":""},"tablet":{"background-color":"","background-image":"","background-repeat":"repeat","background-position":"center center","background-size":"auto","background-attachment":"scroll","background-type":"","background-media":"","overlay-type":"","overlay-color":"","overlay-opacity":"","overlay-gradient":""},"mobile":{"background-color":"","background-image":"","background-repeat":"repeat","background-position":"center center","background-size":"auto","background-attachment":"scroll","background-type":"","background-media":"","overlay-type":"","overlay-color":"","overlay-opacity":"","overlay-gradient":""}},"ast-content-background-meta":{"desktop":{"background-color":"var(--ast-global-color-5)","background-image":"","background-repeat":"repeat","background-position":"center center","background-size":"auto","background-attachment":"scroll","background-type":"","background-media":"","overlay-type":"","overlay-color":"","overlay-opacity":"","overlay-gradient":""},"tablet":{"background-color":"var(--ast-global-color-5)","background-image":"","background-repeat":"repeat","background-position":"center center","background-size":"auto","background-attachment":"scroll","background-type":"","background-media":"","overlay-type":"","overlay-color":"","overlay-opacity":"","overlay-gradient":""},"mobile":{"background-color":"var(--ast-global-color-5)","background-image":"","background-repeat":"repeat","background-position":"center center","background-size":"auto","background-attachment":"scroll","background-type":"","background-media":"","overlay-type":"","overlay-color":"","overlay-opacity":"","overlay-gradient":""}},"jetpack_publicize_message":"","jetpack_publicize_feature_enabled":true,"jetpack_social_post_already_shared":true,"jetpack_social_options":{"image_generator_settings":{"template":"highway","default_image_id":0,"font":"","enabled":false},"version":2}},"product_brand":[4007],"product_cat":[574],"product_tag":[1526,1517,1553],"class_list":{"0":"post-31347","1":"product","2":"type-product","3":"status-publish","4":"has-post-thumbnail","6":"product_brand-getibogaine","7":"product_cat-ecorce-de-racine-diboga","8":"product_tag-copeaux-decorce-de-racine-diboga","9":"product_tag-naturel","10":"product_tag-poudre-decorce-de-racine-diboga","11":"pa_product-state-copeaux-decorce-de-racine-diboga","12":"pa_product-state-poudre-decorce-de-racine-diboga","13":"desktop-align-left","14":"tablet-align-left","15":"mobile-align-left","16":"ast-product-gallery-layout-horizontal-slider","17":"ast-product-single-variable","18":"ast-product-tabs-layout-horizontal","20":"first","21":"instock","22":"shipping-taxable","23":"purchasable","24":"product-type-variable"},"jetpack_publicize_connections":[],"jetpack_sharing_enabled":true,"_links":{"self":[{"href":"https:\/\/getibogaine.com\/fr\/wp-json\/wp\/v2\/product\/31347","targetHints":{"allow":["GET"]}}],"collection":[{"href":"https:\/\/getibogaine.com\/fr\/wp-json\/wp\/v2\/product"}],"about":[{"href":"https:\/\/getibogaine.com\/fr\/wp-json\/wp\/v2\/types\/product"}],"replies":[{"embeddable":true,"href":"https:\/\/getibogaine.com\/fr\/wp-json\/wp\/v2\/comments?post=31347"}],"version-history":[{"count":0,"href":"https:\/\/getibogaine.com\/fr\/wp-json\/wp\/v2\/product\/31347\/revisions"}],"wp:featuredmedia":[{"embeddable":true,"href":"https:\/\/getibogaine.com\/fr\/wp-json\/wp\/v2\/media\/34507"}],"wp:attachment":[{"href":"https:\/\/getibogaine.com\/fr\/wp-json\/wp\/v2\/media?parent=31347"}],"wp:term":[{"taxonomy":"product_brand","embeddable":true,"href":"https:\/\/getibogaine.com\/fr\/wp-json\/wp\/v2\/product_brand?post=31347"},{"taxonomy":"product_cat","embeddable":true,"href":"https:\/\/getibogaine.com\/fr\/wp-json\/wp\/v2\/product_cat?post=31347"},{"taxonomy":"product_tag","embeddable":true,"href":"https:\/\/getibogaine.com\/fr\/wp-json\/wp\/v2\/product_tag?post=31347"}],"curies":[{"name":"wp","href":"https:\/\/api.w.org\/{rel}","templated":true}]}}