{"id":31367,"date":"2025-11-30T21:00:38","date_gmt":"2025-12-01T02:00:38","guid":{"rendered":"https:\/\/getibogaine.com\/?post_type=product&#038;p=29097"},"modified":"2026-03-17T11:36:42","modified_gmt":"2026-03-17T15:36:42","slug":"iboga-ta-9g","status":"publish","type":"product","link":"https:\/\/getibogaine.com\/fr\/produit\/iboga-ta-9g\/","title":{"rendered":"Iboga TA (9 g)"},"content":{"rendered":"<div class=\"row\">\n<div class=\"col-lg-7 col-12\">\n<h2 style=\"text-align: left;\">Acheter Iboga TA \u00e0 vendre &#8211; 9 grammes<\/h2>\n<p>Acheter iboga ta \u00e0 vendre, <strong>9\u00a0grammes<\/strong>. un produit r\u00e9volutionnaire qui offre le meilleur de la <a title=\"Natural\" href=\"http:\/\/getibogaine.com\/product-tag\/natural\/\" data-wpil-monitor-id=\"123\">nature<\/a> et de la science pour vous aider \u00e0 vivre un changement complet de votre perception du monde.<\/p>\n<p>Ce produit est extrait d&rsquo;une \u00e9corce de racine d&rsquo;iboga pure, et le processus d&rsquo;extraction est soigneusement contr\u00f4l\u00e9 afin d&rsquo;\u00e9liminer tout contaminant ou impuret\u00e9.<\/p>\n<p>Iboga TA\u00a0est une substance brun\u00e2tre con\u00e7ue pour les d\u00e9butants et ceux qui souhaitent augmenter leur dose. C\u2019est une <a href=\"http:\/\/getibogaine.com\/lsd-substance-use-and-ibogaine-treatment\/\" target=\"_blank\" rel=\"noopener\">substance<\/a> purement holistique qui n\u2019a pas d\u2019impact n\u00e9gatif sur le corps. Vous ressentirez toute une gamme d\u2019effets <a href=\"http:\/\/getibogaine.com\/tag\/psychedelics\/\" target=\"_blank\" rel=\"noopener\">psych\u00e9d\u00e9liques<\/a>, notamment une perception sensorielle accrue, de l\u2019ouverture, de la clart\u00e9 et de la joie.<\/p>\n<p>Avec Iboga TA, vous pouvez profiter des m\u00eames bienfaits que ceux rapport\u00e9s avec l\u2019<a title=\"ibogaine\" href=\"http:\/\/getibogaine.com\/tag\/ibogaine\/\" data-wpil-monitor-id=\"126\">Iboga\u00efne<\/a>, sans ses nombreux risques associ\u00e9s.<\/p>\n<\/div>\n<\/div>\n<h3><strong>Prendre Iboga TA\u00a0<\/strong><\/h3>\n<ul>\n<li>Une exp\u00e9rience spirituelle qui peut transformer positivement votre vie<\/li>\n<li>garanti de vous procurer un changement complet<\/li>\n<li>Davantage de confiance dans les situations sociales<\/li>\n<li>Une pens\u00e9e cr\u00e9ative et la confiance en votre intuition<\/li>\n<li>Une meilleure compr\u00e9hension de l\u2019univers<\/li>\n<\/ul>\n<div class=\"row\">\n<div class=\"col-lg-7 col-12\">\n<h3 style=\"text-align: left;\"><strong>Ingr\u00e9dients de l\u2019Iboga TA<\/strong><\/h3>\n<p>Notre produit iboga TA est un extrait de haute qualit\u00e9 qui contient environ 45 % d\u2019iboga\u00efne. Il se pr\u00e9sente sous forme de morceaux ou d\u2019amas bruns de poudre brune moulue.<\/p>\n<ul>\n<li style=\"text-align: left;\"><span style=\"color: #000000;\"><a style=\"color: #000000;\" href=\"http:\/\/getibogaine.com\/iboga-ta-extract\/\">Extrait d\u2019alcalo\u00efdes totaux d\u2019iboga \u00e0 vendre <\/a>est l\u2019<a href=\"http:\/\/getibogaine.com\/iboga-ta-extract\/\">extrait d\u2019alcalo\u00efdes totaux d\u2019iboga \u00e0 vendre<\/a>.<\/span><\/li>\n<li style=\"text-align: left;\"><span style=\"color: #000000;\">Extrait de la poudre d\u2019\u00e9corce de racine d\u2019iboga.<\/span><\/li>\n<li style=\"text-align: left;\"><span style=\"color: #000000;\">Il est compos\u00e9 d\u2019environ 45 % d\u2019<a title=\"ibogaine.\" href=\"http:\/\/getibogaine.com\/tag\/ibogaine-2\/\" data-wpil-monitor-id=\"127\">iboga\u00efne<\/a>.<\/span><\/li>\n<li style=\"text-align: left;\"><span style=\"color: #000000;\">Il se pr\u00e9sente sous forme d\u2019amas bruns.<\/span><\/li>\n<\/ul>\n<p>Visitez notre boutique d\u00e8s aujourd\u2019hui et d\u00e9couvrez nos produits de haute qualit\u00e9 \u00e0 des prix abordables.<\/p>\n<p><strong>Origine<\/strong> : <em>For\u00eat tropicale d\u2019Afrique centrale<\/em><\/p>\n<\/div>\n<\/div>\n","protected":false},"excerpt":{"rendered":"<p>La livraison express offre un d\u00e9lai de livraison rapide de 3 \u00e0 7 jours.<\/p>\n<p>Produit : Iboga TA<\/p>\n<p>Marque : Get Ibogaine<\/p>\n<p>Poids : 9 grammes<\/p>\n<p>Frais de livraison : Calcul\u00e9s lors du paiement<\/p>\n<p><em>Votre commande sera exp\u00e9di\u00e9e dans les 24 heures suivant votre achat et arrivera sous trois \u00e0 sept jours ouvrables. Nos tarifs d\u2019exp\u00e9dition varient selon le poids du colis.<\/em><\/p>\n","protected":false},"featured_media":34530,"comment_status":"open","ping_status":"closed","template":"","meta":{"site-sidebar-layout":"default","site-content-layout":"","ast-site-content-layout":"default","site-content-style":"default","site-sidebar-style":"default","ast-global-header-display":"","ast-banner-title-visibility":"","ast-main-header-display":"","ast-hfb-above-header-display":"","ast-hfb-below-header-display":"","ast-hfb-mobile-header-display":"","site-post-title":"","ast-breadcrumbs-content":"","ast-featured-img":"","footer-sml-layout":"","ast-disable-related-posts":"","theme-transparent-header-meta":"default","adv-header-id-meta":"","stick-header-meta":"default","header-above-stick-meta":"","header-main-stick-meta":"","header-below-stick-meta":"","astra-migrate-meta-layouts":"set","ast-page-background-enabled":"default","ast-page-background-meta":{"desktop":{"background-color":"var(--ast-global-color-4)","background-image":"","background-repeat":"repeat","background-position":"center center","background-size":"auto","background-attachment":"scroll","background-type":"","background-media":"","overlay-type":"","overlay-color":"","overlay-opacity":"","overlay-gradient":""},"tablet":{"background-color":"","background-image":"","background-repeat":"repeat","background-position":"center center","background-size":"auto","background-attachment":"scroll","background-type":"","background-media":"","overlay-type":"","overlay-color":"","overlay-opacity":"","overlay-gradient":""},"mobile":{"background-color":"","background-image":"","background-repeat":"repeat","background-position":"center center","background-size":"auto","background-attachment":"scroll","background-type":"","background-media":"","overlay-type":"","overlay-color":"","overlay-opacity":"","overlay-gradient":""}},"ast-content-background-meta":{"desktop":{"background-color":"var(--ast-global-color-5)","background-image":"","background-repeat":"repeat","background-position":"center center","background-size":"auto","background-attachment":"scroll","background-type":"","background-media":"","overlay-type":"","overlay-color":"","overlay-opacity":"","overlay-gradient":""},"tablet":{"background-color":"var(--ast-global-color-5)","background-image":"","background-repeat":"repeat","background-position":"center center","background-size":"auto","background-attachment":"scroll","background-type":"","background-media":"","overlay-type":"","overlay-color":"","overlay-opacity":"","overlay-gradient":""},"mobile":{"background-color":"var(--ast-global-color-5)","background-image":"","background-repeat":"repeat","background-position":"center center","background-size":"auto","background-attachment":"scroll","background-type":"","background-media":"","overlay-type":"","overlay-color":"","overlay-opacity":"","overlay-gradient":""}},"jetpack_publicize_message":"","jetpack_publicize_feature_enabled":true,"jetpack_social_post_already_shared":true,"jetpack_social_options":{"image_generator_settings":{"template":"highway","default_image_id":0,"font":"","enabled":false},"version":2}},"product_brand":[4007],"product_cat":[568],"product_tag":[],"class_list":{"0":"post-31367","1":"product","2":"type-product","3":"status-publish","4":"has-post-thumbnail","6":"product_brand-getibogaine","7":"product_cat-acheter-de-liboga","8":"desktop-align-left","9":"tablet-align-left","10":"mobile-align-left","11":"ast-product-gallery-layout-horizontal-slider","12":"ast-product-tabs-layout-horizontal","14":"first","15":"instock","16":"shipping-taxable","17":"purchasable","18":"product-type-simple"},"jetpack_publicize_connections":[],"jetpack_sharing_enabled":true,"_links":{"self":[{"href":"https:\/\/getibogaine.com\/fr\/wp-json\/wp\/v2\/product\/31367","targetHints":{"allow":["GET"]}}],"collection":[{"href":"https:\/\/getibogaine.com\/fr\/wp-json\/wp\/v2\/product"}],"about":[{"href":"https:\/\/getibogaine.com\/fr\/wp-json\/wp\/v2\/types\/product"}],"replies":[{"embeddable":true,"href":"https:\/\/getibogaine.com\/fr\/wp-json\/wp\/v2\/comments?post=31367"}],"version-history":[{"count":0,"href":"https:\/\/getibogaine.com\/fr\/wp-json\/wp\/v2\/product\/31367\/revisions"}],"wp:featuredmedia":[{"embeddable":true,"href":"https:\/\/getibogaine.com\/fr\/wp-json\/wp\/v2\/media\/34530"}],"wp:attachment":[{"href":"https:\/\/getibogaine.com\/fr\/wp-json\/wp\/v2\/media?parent=31367"}],"wp:term":[{"taxonomy":"product_brand","embeddable":true,"href":"https:\/\/getibogaine.com\/fr\/wp-json\/wp\/v2\/product_brand?post=31367"},{"taxonomy":"product_cat","embeddable":true,"href":"https:\/\/getibogaine.com\/fr\/wp-json\/wp\/v2\/product_cat?post=31367"},{"taxonomy":"product_tag","embeddable":true,"href":"https:\/\/getibogaine.com\/fr\/wp-json\/wp\/v2\/product_tag?post=31367"}],"curies":[{"name":"wp","href":"https:\/\/api.w.org\/{rel}","templated":true}]}}