{"id":31373,"date":"2025-11-30T20:52:52","date_gmt":"2025-12-01T01:52:52","guid":{"rendered":"https:\/\/getibogaine.com\/?post_type=product&#038;p=29096"},"modified":"2026-03-09T07:26:41","modified_gmt":"2026-03-09T11:26:41","slug":"iboga-ta-7g","status":"publish","type":"product","link":"https:\/\/getibogaine.com\/fr\/produit\/iboga-ta-7g\/","title":{"rendered":"Iboga TA (7 g)"},"content":{"rendered":"<div class=\"row\">\n<div class=\"col-lg-7 col-12\">\n<h2 style=\"text-align: left;\">Acheter des alcalo\u00efdes totaux purs<\/h2>\n<p>Avez-vous besoin d&rsquo;acheter 7 grammes d&rsquo;Iboga TA ? Ne cherchez plus !<\/p>\n<p>Achetez des alcalo\u00efdes totaux purs. C\u2019est avec grand plaisir que nous vous pr\u00e9sentons le l\u00e9gendaire Iboga TA 7 grammes. Il s\u2019agit d\u2019un produit r\u00e9volutionnaire qui offre le meilleur de la nature et de la science pour vous aider \u00e0 vivre un changement \u00e0 spectre complet dans votre perception du monde.<\/p>\n<p>Ce produit est extrait d\u2019\u00e9corce de racine d\u2019iboga pure, et le processus d\u2019extraction est soigneusement surveill\u00e9 afin d\u2019\u00e9liminer tout contaminant ou toute impuret\u00e9.<\/p>\n<p>L\u2019Iboga TA a \u00e9t\u00e9 con\u00e7u aussi bien pour les d\u00e9butants que pour ceux qui souhaitent augmenter leur dose. C\u2019est une substance enti\u00e8rement holistique qui n\u2019a aucun impact n\u00e9gatif sur le corps. Vous ferez l\u2019exp\u00e9rience d\u2019une multitude d\u2019effets psych\u00e9d\u00e9liques, notamment une perception sensorielle accrue, de l\u2019ouverture, de la clart\u00e9 et de la joie. L\u2019Iboga TA se pr\u00e9sente sous une forme brun\u00e2tre.<\/p>\n<h2 data-start=\"186\" data-end=\"253\">Ce que les gens <em data-start=\"202\" data-end=\"220\">rapportent g\u00e9n\u00e9ralement<\/em> \u00e0 propos de la TA dans la <strong data-start=\"237\" data-end=\"253\">fourchette de 7 grammes<\/strong><\/h2>\n<p data-start=\"254\" data-end=\"314\">(TA = extrait d\u2019alcalo\u00efdes totaux, beaucoup plus puissant que l\u2019\u00e9corce de racine.)<\/p>\n<p data-start=\"316\" data-end=\"373\">Les quantit\u00e9s \u00e9voqu\u00e9es dans cette fourchette sont g\u00e9n\u00e9ralement d\u00e9crites comme :<\/p>\n<h2 data-start=\"375\" data-end=\"415\"><strong data-start=\"378\" data-end=\"415\">1. Une dose th\u00e9rapeutique tr\u00e8s forte<\/strong><\/h2>\n<p data-start=\"416\" data-end=\"436\">Les gens disent que cela procure :<\/p>\n<ul data-start=\"437\" data-end=\"546\">\n<li data-start=\"437\" data-end=\"461\">\n<p data-start=\"439\" data-end=\"461\">Plus intense que 6 g<\/p>\n<\/li>\n<li data-start=\"462\" data-end=\"484\">\n<p data-start=\"464\" data-end=\"484\">Plus profond \u00e9motionnellement<\/p>\n<\/li>\n<li data-start=\"485\" data-end=\"503\">\n<p data-start=\"487\" data-end=\"503\">Plus immersif<\/p>\n<\/li>\n<li data-start=\"504\" data-end=\"546\">\n<p data-start=\"506\" data-end=\"546\">Plus durable (12 \u00e0 24+ heures d\u2019effets)<\/p>\n<\/li>\n<\/ul>\n<p data-start=\"548\" data-end=\"638\">C\u2019est la zone o\u00f9 les gens d\u00e9crivent des <strong data-start=\"587\" data-end=\"614\">exp\u00e9riences de \u00ab grande r\u00e9initialisation \u00bb<\/strong> dans des contextes supervis\u00e9s.<\/p>\n<h2 data-start=\"645\" data-end=\"676\"><strong data-start=\"648\" data-end=\"676\">2. Charge physique plus lourde<\/strong><\/h2>\n<p data-start=\"677\" data-end=\"695\">Fr\u00e9quemment rapport\u00e9 :<\/p>\n<ul data-start=\"696\" data-end=\"848\">\n<li data-start=\"696\" data-end=\"746\">\n<p data-start=\"698\" data-end=\"746\">Besoin de s\u2019allonger pendant la majeure partie de l\u2019exp\u00e9rience<\/p>\n<\/li>\n<li data-start=\"747\" data-end=\"772\">\n<p data-start=\"749\" data-end=\"772\">Forte lourdeur corporelle<\/p>\n<\/li>\n<li data-start=\"773\" data-end=\"803\">\n<p data-start=\"775\" data-end=\"803\">Sensibilit\u00e9 \u00e0 la lumi\u00e8re\/au son<\/p>\n<\/li>\n<li data-start=\"804\" data-end=\"825\">\n<p data-start=\"806\" data-end=\"825\">Naus\u00e9es occasionnelles<\/p>\n<\/li>\n<li data-start=\"826\" data-end=\"848\">\n<p data-start=\"828\" data-end=\"848\">Difficult\u00e9 \u00e0 marcher<\/p>\n<\/li>\n<\/ul>\n<p data-start=\"850\" data-end=\"920\">C\u2019est pourquoi les centres avec supervision m\u00e9dicale surveillent l\u2019ECG et les \u00e9lectrolytes.<\/p>\n<h2 data-start=\"927\" data-end=\"972\"><strong data-start=\"930\" data-end=\"972\">3. Effets psychologiques plus profonds<\/strong><\/h2>\n<p data-start=\"973\" data-end=\"995\">Les gens d\u00e9crivent souvent :<\/p>\n<ul data-start=\"996\" data-end=\"1119\">\n<li data-start=\"996\" data-end=\"1011\">\n<p data-start=\"998\" data-end=\"1011\">Revue de vie<\/p>\n<\/li>\n<li data-start=\"1012\" data-end=\"1060\">\n<p data-start=\"1014\" data-end=\"1060\">Des \u00e9clairages sur les relations, les traumatismes et les habitudes<\/p>\n<\/li>\n<li data-start=\"1061\" data-end=\"1087\">\n<p data-start=\"1063\" data-end=\"1087\">\u00ab Dialogue int\u00e9rieur \u00bb clair<\/p>\n<\/li>\n<li data-start=\"1088\" data-end=\"1119\">\n<p data-start=\"1090\" data-end=\"1119\">Un fort \u00e9lan introspectif<\/p>\n<\/li>\n<\/ul>\n<p data-start=\"1121\" data-end=\"1204\">C\u2019est suffisamment puissant pour que de nombreuses cliniques <strong data-start=\"1160\" data-end=\"1189\">ne laissent jamais quelqu\u2019un seul<\/strong> \u00e0 ce niveau.<\/p>\n<h2 data-start=\"1211\" data-end=\"1241\"><strong data-start=\"1214\" data-end=\"1241\">4. Effets secondaires plus durables<\/strong><\/h2>\n<p data-start=\"1242\" data-end=\"1256\">Les gens rapportent :<\/p>\n<ul data-start=\"1257\" data-end=\"1396\">\n<li data-start=\"1257\" data-end=\"1293\">\n<p data-start=\"1259\" data-end=\"1293\">1 \u00e0 2 jours de faible app\u00e9tit ou de repos<\/p>\n<\/li>\n<li data-start=\"1294\" data-end=\"1322\">\n<p data-start=\"1296\" data-end=\"1322\">2 \u00e0 3 semaines d\u2019\u00ab afterglow \u00bb<\/p>\n<\/li>\n<li data-start=\"1323\" data-end=\"1343\">\n<p data-start=\"1325\" data-end=\"1343\">Une pens\u00e9e plus claire<\/p>\n<\/li>\n<li data-start=\"1344\" data-end=\"1372\">\n<p data-start=\"1346\" data-end=\"1372\">Moins de comportements compulsifs<\/p>\n<\/li>\n<li data-start=\"1373\" data-end=\"1396\">\n<p data-start=\"1375\" data-end=\"1396\">Stabilit\u00e9 \u00e9motionnelle<\/p>\n<\/li>\n<\/ul>\n<p data-start=\"1398\" data-end=\"1490\">Encore une fois, cela ne se produit de fa\u00e7on r\u00e9guli\u00e8re que lorsque la personne est <strong data-start=\"1456\" data-end=\"1474\">en s\u00e9curit\u00e9 sur le plan m\u00e9dical<\/strong> et sous surveillance.<\/p>\n<p>&nbsp;<\/p>\n<h3 style=\"text-align: left;\"><strong>Ingr\u00e9dients de l\u2019Iboga TA<\/strong><\/h3>\n<p>Notre produit Iboga TA est un extrait de haute qualit\u00e9 contenant environ 45 % d\u2019iboga\u00efne, et il se pr\u00e9sente sous forme de morceaux ou d\u2019amas bruns de poudre brune moulue.<\/p>\n<ul>\n<li style=\"text-align: left;\"><span style=\"color: #000000;\">Un extrait<a style=\"color: #000000;\" href=\"http:\/\/getibogaine.com\/iboga-ta-extract\/\">\u00a0d\u2019alcalo\u00efde d\u2019iboga\u00efne en vente <\/a>est l\u2019extrait d\u2019alcalo\u00efdes totaux d\u2019iboga.<\/span><\/li>\n<li style=\"text-align: left;\"><span style=\"color: #000000;\">Extrait de la poudre d\u2019\u00e9corce de racine d\u2019iboga.<\/span><\/li>\n<li style=\"text-align: left;\"><span style=\"color: #000000;\">Compos\u00e9 d\u2019environ 45 % d\u2019iboga\u00efne.<\/span><\/li>\n<li style=\"text-align: left;\"><span style=\"color: #000000;\">Il se pr\u00e9sente sous forme d\u2019amas bruns.<\/span><\/li>\n<\/ul>\n<p>&nbsp;<\/p>\n<p>Visitez notre boutique d\u00e8s aujourd\u2019hui et d\u00e9couvrez nos produits de haute qualit\u00e9 \u00e0 des prix abordables.<\/p>\n<p><strong>Origine<\/strong> : <em>for\u00eat tropicale d\u2019Afrique centrale<\/em><\/p>\n<\/div>\n<\/div>\n","protected":false},"excerpt":{"rendered":"<p>L\u2019exp\u00e9dition express offre un d\u00e9lai de livraison rapide de 3 \u00e0 7 jours.<\/p>\n<p>Produit : Iboga TA<\/p>\n<p>Marque : Get Ibogaine<\/p>\n<p>Poids : 7 grammes<\/p>\n<p>Frais de livraison : calcul\u00e9s \u00e0 la caisse<\/p>\n<p>&nbsp;<\/p>\n","protected":false},"featured_media":34530,"comment_status":"open","ping_status":"closed","template":"","meta":{"site-sidebar-layout":"default","site-content-layout":"","ast-site-content-layout":"default","site-content-style":"default","site-sidebar-style":"default","ast-global-header-display":"","ast-banner-title-visibility":"","ast-main-header-display":"","ast-hfb-above-header-display":"","ast-hfb-below-header-display":"","ast-hfb-mobile-header-display":"","site-post-title":"","ast-breadcrumbs-content":"","ast-featured-img":"","footer-sml-layout":"","ast-disable-related-posts":"","theme-transparent-header-meta":"default","adv-header-id-meta":"","stick-header-meta":"default","header-above-stick-meta":"","header-main-stick-meta":"","header-below-stick-meta":"","astra-migrate-meta-layouts":"set","ast-page-background-enabled":"default","ast-page-background-meta":{"desktop":{"background-color":"var(--ast-global-color-4)","background-image":"","background-repeat":"repeat","background-position":"center center","background-size":"auto","background-attachment":"scroll","background-type":"","background-media":"","overlay-type":"","overlay-color":"","overlay-opacity":"","overlay-gradient":""},"tablet":{"background-color":"","background-image":"","background-repeat":"repeat","background-position":"center center","background-size":"auto","background-attachment":"scroll","background-type":"","background-media":"","overlay-type":"","overlay-color":"","overlay-opacity":"","overlay-gradient":""},"mobile":{"background-color":"","background-image":"","background-repeat":"repeat","background-position":"center center","background-size":"auto","background-attachment":"scroll","background-type":"","background-media":"","overlay-type":"","overlay-color":"","overlay-opacity":"","overlay-gradient":""}},"ast-content-background-meta":{"desktop":{"background-color":"var(--ast-global-color-5)","background-image":"","background-repeat":"repeat","background-position":"center center","background-size":"auto","background-attachment":"scroll","background-type":"","background-media":"","overlay-type":"","overlay-color":"","overlay-opacity":"","overlay-gradient":""},"tablet":{"background-color":"var(--ast-global-color-5)","background-image":"","background-repeat":"repeat","background-position":"center center","background-size":"auto","background-attachment":"scroll","background-type":"","background-media":"","overlay-type":"","overlay-color":"","overlay-opacity":"","overlay-gradient":""},"mobile":{"background-color":"var(--ast-global-color-5)","background-image":"","background-repeat":"repeat","background-position":"center center","background-size":"auto","background-attachment":"scroll","background-type":"","background-media":"","overlay-type":"","overlay-color":"","overlay-opacity":"","overlay-gradient":""}},"jetpack_publicize_message":"","jetpack_publicize_feature_enabled":true,"jetpack_social_post_already_shared":true,"jetpack_social_options":{"image_generator_settings":{"template":"highway","default_image_id":0,"font":"","enabled":false},"version":2}},"product_brand":[4007],"product_cat":[568],"product_tag":[1544,1517],"class_list":{"0":"post-31373","1":"product","2":"type-product","3":"status-publish","4":"has-post-thumbnail","6":"product_brand-getibogaine","7":"product_cat-acheter-de-liboga","8":"product_tag-iboga-ta","9":"product_tag-naturel","10":"desktop-align-left","11":"tablet-align-left","12":"mobile-align-left","13":"ast-product-gallery-layout-horizontal-slider","14":"ast-product-tabs-layout-horizontal","16":"first","17":"instock","18":"shipping-taxable","19":"purchasable","20":"product-type-simple"},"jetpack_publicize_connections":[],"jetpack_sharing_enabled":true,"_links":{"self":[{"href":"https:\/\/getibogaine.com\/fr\/wp-json\/wp\/v2\/product\/31373","targetHints":{"allow":["GET"]}}],"collection":[{"href":"https:\/\/getibogaine.com\/fr\/wp-json\/wp\/v2\/product"}],"about":[{"href":"https:\/\/getibogaine.com\/fr\/wp-json\/wp\/v2\/types\/product"}],"replies":[{"embeddable":true,"href":"https:\/\/getibogaine.com\/fr\/wp-json\/wp\/v2\/comments?post=31373"}],"version-history":[{"count":0,"href":"https:\/\/getibogaine.com\/fr\/wp-json\/wp\/v2\/product\/31373\/revisions"}],"wp:featuredmedia":[{"embeddable":true,"href":"https:\/\/getibogaine.com\/fr\/wp-json\/wp\/v2\/media\/34530"}],"wp:attachment":[{"href":"https:\/\/getibogaine.com\/fr\/wp-json\/wp\/v2\/media?parent=31373"}],"wp:term":[{"taxonomy":"product_brand","embeddable":true,"href":"https:\/\/getibogaine.com\/fr\/wp-json\/wp\/v2\/product_brand?post=31373"},{"taxonomy":"product_cat","embeddable":true,"href":"https:\/\/getibogaine.com\/fr\/wp-json\/wp\/v2\/product_cat?post=31373"},{"taxonomy":"product_tag","embeddable":true,"href":"https:\/\/getibogaine.com\/fr\/wp-json\/wp\/v2\/product_tag?post=31373"}],"curies":[{"name":"wp","href":"https:\/\/api.w.org\/{rel}","templated":true}]}}