{"id":31379,"date":"2026-01-12T06:50:28","date_gmt":"2026-01-12T11:50:28","guid":{"rendered":"https:\/\/getibogaine.com\/?post_type=product&#038;p=29539"},"modified":"2026-03-09T03:55:42","modified_gmt":"2026-03-09T07:55:42","slug":"ecorces-de-racine-diboga-500-g","status":"publish","type":"product","link":"https:\/\/getibogaine.com\/fr\/produit\/ecorces-de-racine-diboga-500-g\/","title":{"rendered":"\u00c9corces de racine d\u2019iboga (500 g)"},"content":{"rendered":"<h2><strong>\u00c9corce de racine d\u2019Iboga 500 g \u00e0 vendre<\/strong><\/h2>\n<p><iframe title=\"Lecteur vid\u00e9o YouTube\" src=\"https:\/\/www.youtube.com\/embed\/MO4Qm_bjK8A?si=37t6iVNiJ5CtbxAG\" width=\"560\" height=\"315\" frameborder=\"0\" allowfullscreen=\"allowfullscreen\"><\/iframe><br \/>\nNous savons que vous recherchez la meilleure \u00e9corce de racine d\u2019iboga en ligne, et nous avons ce qu\u2019il vous faut. Notre \u00e9corce de racine d\u2019iboga est produite dans notre ferme d\u2019iboga sans pesticides en Afrique centrale. Avec notre \u00e9corce de racine d\u2019iboga, vous pouvez vous attendre \u00e0 un produit pur, non frelat\u00e9, pr\u00eat \u00e0 \u00eatre ing\u00e9r\u00e9. Comme beaucoup de nos clients viennent de Boston, vous pouvez commander et obtenir de l\u2019iboga\u00efne \u00e0 Boston d\u00e8s maintenant sous 3 \u00e0 7 jours \u043c\u0430\u043a\u0441\u0438\u043c\u0443\u043c.<\/p>\n<p>Notre \u00e9corce de racine d\u2019iboga est l\u2019un des meilleurs rem\u00e8des naturels contre la d\u00e9pendance aux drogues. Une excellente fa\u00e7on de rompre avec votre addiction est d\u2019utiliser notre \u00e9corce de racine d\u2019iboga comme compl\u00e9ment ou m\u00e9thode de traitement. Notre \u00e9corce de racine d\u2019iboga contient 95 % d\u2019extrait d\u2019iboga\u00efne pur, dont l\u2019efficacit\u00e9 a \u00e9t\u00e9 prouv\u00e9e pour r\u00e9duire consid\u00e9rablement les sympt\u00f4mes de sevrage chez les personnes souffrant d\u2019un trouble li\u00e9 \u00e0 l\u2019usage de substances. Notre \u00e9corce de racine d\u2019iboga est 100 % naturelle, ce qui la rend s\u00fbre et efficace pour vous aider \u00e0 surmonter votre addiction.<\/p>\n<p><img fetchpriority=\"high\" decoding=\"async\" class=\"alignnone size-medium wp-image-10888\" src=\"http:\/\/getibogaine.com\/wp-content\/uploads\/2022\/10\/iboga-root-bark-full-320x403.jpg\" alt=\"1 kg d\u2019\u00e9corce de racine d\u2019Iboga \u00e0 vendre\" width=\"320\" height=\"403\" title=\"\" srcset=\"https:\/\/getibogaine.com\/wp-content\/uploads\/2022\/10\/iboga-root-bark-full-320x403.jpg 320w, https:\/\/getibogaine.com\/wp-content\/uploads\/2022\/10\/iboga-root-bark-full-525x662.jpg 525w, https:\/\/getibogaine.com\/wp-content\/uploads\/2022\/10\/iboga-root-bark-full-813x1024.jpg 813w, https:\/\/getibogaine.com\/wp-content\/uploads\/2022\/10\/iboga-root-bark-full-768x968.jpg 768w, https:\/\/getibogaine.com\/wp-content\/uploads\/2022\/10\/iboga-root-bark-full.jpg 900w\" sizes=\"(max-width: 320px) 100vw, 320px\" \/><\/p>\n<h3><strong>Bienfaits de l\u2019\u00e9corce de racine d\u2019Iboga \u00e0 vendre<\/strong><\/h3>\n<p><a title=\"Diff\u00e9rence entre l\u2019iboga et l\u2019iboga\u00efne\" href=\"http:\/\/getibogaine.com\/whats-the-difference-between-iboga-and-ibogaine\/\">L\u2019iboga et l\u2019iboga\u00efne<\/a> ont le potentiel de traiter diff\u00e9rentes affections de sant\u00e9 mentale. Cela inclut la d\u00e9pression, le trouble de stress post-traumatique (TSPT) et divers types d\u2019addictions. Voici une liste de certains des avantages de l\u2019utilisation de l\u2019iboga pour l\u2019addiction.<\/p>\n<ul>\n<li>Aider \u00e0 faire face \u00e0 l\u2019addiction, sympt\u00f4mes de sevrage moins douloureux<\/li>\n<li>Souvenirs de r\u00eaves plus intenses<\/li>\n<li>Effet stimulant central<\/li>\n<li>Sensation spirituelle, mystique<\/li>\n<li>R\u00eaves lucides, r\u00eaves lucides, exp\u00e9riences de sortie du corps<\/li>\n<li>Acc\u00e8s au subconscient<\/li>\n<li>Renforcement de la confiance en soi<\/li>\n<li>Faire face aux exp\u00e9riences et troubles traumatiques<\/li>\n<li>Stimuler l\u2019imagination<\/li>\n<li>Rendre accessibles les souvenirs de la petite enfance<\/li>\n<li>D\u00e9tartrage de la glande pin\u00e9ale<\/li>\n<li>Sommeil r\u00e9parateur<\/li>\n<li>Clart\u00e9 et concentration<\/li>\n<li>Synchronisation des h\u00e9misph\u00e8res c\u00e9r\u00e9braux<\/li>\n<\/ul>\n<p><strong>Origine :<\/strong> <em>For\u00eat tropicale d\u2019Afrique centrale<\/em><\/p>\n","protected":false},"excerpt":{"rendered":"<p>Livraison express avec un d\u00e9lai rapide de 3 \u00e0 7 jours<\/p>\n<p>Marque : Get Ibogaine<\/p>\n<p>Poids : 500 grammes<\/p>\n<p>Frais de livraison : Calcul\u00e9s au moment du paiement<\/p>\n<p>Votre commande sera exp\u00e9di\u00e9e dans les 24 heures suivant la finalisation de votre achat et arrivera sous trois \u00e0 sept jours ouvrables. Nos tarifs d\u2019exp\u00e9dition varient selon le poids du colis.<\/p>\n","protected":false},"featured_media":34663,"comment_status":"open","ping_status":"closed","template":"","meta":{"site-sidebar-layout":"default","site-content-layout":"","ast-site-content-layout":"default","site-content-style":"default","site-sidebar-style":"default","ast-global-header-display":"","ast-banner-title-visibility":"","ast-main-header-display":"","ast-hfb-above-header-display":"","ast-hfb-below-header-display":"","ast-hfb-mobile-header-display":"","site-post-title":"","ast-breadcrumbs-content":"","ast-featured-img":"","footer-sml-layout":"","ast-disable-related-posts":"","theme-transparent-header-meta":"default","adv-header-id-meta":"","stick-header-meta":"default","header-above-stick-meta":"","header-main-stick-meta":"","header-below-stick-meta":"","astra-migrate-meta-layouts":"set","ast-page-background-enabled":"default","ast-page-background-meta":{"desktop":{"background-color":"var(--ast-global-color-4)","background-image":"","background-repeat":"repeat","background-position":"center center","background-size":"auto","background-attachment":"scroll","background-type":"","background-media":"","overlay-type":"","overlay-color":"","overlay-opacity":"","overlay-gradient":""},"tablet":{"background-color":"","background-image":"","background-repeat":"repeat","background-position":"center center","background-size":"auto","background-attachment":"scroll","background-type":"","background-media":"","overlay-type":"","overlay-color":"","overlay-opacity":"","overlay-gradient":""},"mobile":{"background-color":"","background-image":"","background-repeat":"repeat","background-position":"center center","background-size":"auto","background-attachment":"scroll","background-type":"","background-media":"","overlay-type":"","overlay-color":"","overlay-opacity":"","overlay-gradient":""}},"ast-content-background-meta":{"desktop":{"background-color":"var(--ast-global-color-5)","background-image":"","background-repeat":"repeat","background-position":"center center","background-size":"auto","background-attachment":"scroll","background-type":"","background-media":"","overlay-type":"","overlay-color":"","overlay-opacity":"","overlay-gradient":""},"tablet":{"background-color":"var(--ast-global-color-5)","background-image":"","background-repeat":"repeat","background-position":"center center","background-size":"auto","background-attachment":"scroll","background-type":"","background-media":"","overlay-type":"","overlay-color":"","overlay-opacity":"","overlay-gradient":""},"mobile":{"background-color":"var(--ast-global-color-5)","background-image":"","background-repeat":"repeat","background-position":"center center","background-size":"auto","background-attachment":"scroll","background-type":"","background-media":"","overlay-type":"","overlay-color":"","overlay-opacity":"","overlay-gradient":""}},"jetpack_publicize_message":"","jetpack_publicize_feature_enabled":true,"jetpack_social_post_already_shared":true,"jetpack_social_options":{"image_generator_settings":{"template":"highway","default_image_id":0,"font":"","enabled":false},"version":2}},"product_brand":[4007],"product_cat":[574],"product_tag":[],"class_list":{"0":"post-31379","1":"product","2":"type-product","3":"status-publish","4":"has-post-thumbnail","6":"product_brand-getibogaine","7":"product_cat-ecorce-de-racine-diboga","8":"pa_product-state-copeaux-decorce-de-racine-diboga","9":"pa_product-state-poudre-decorce-de-racine-diboga","10":"desktop-align-left","11":"tablet-align-left","12":"mobile-align-left","13":"ast-product-gallery-layout-horizontal-slider","14":"ast-product-single-variable","15":"ast-product-tabs-layout-horizontal","17":"first","18":"instock","19":"shipping-taxable","20":"purchasable","21":"product-type-variable"},"jetpack_publicize_connections":[],"jetpack_sharing_enabled":true,"_links":{"self":[{"href":"https:\/\/getibogaine.com\/fr\/wp-json\/wp\/v2\/product\/31379","targetHints":{"allow":["GET"]}}],"collection":[{"href":"https:\/\/getibogaine.com\/fr\/wp-json\/wp\/v2\/product"}],"about":[{"href":"https:\/\/getibogaine.com\/fr\/wp-json\/wp\/v2\/types\/product"}],"replies":[{"embeddable":true,"href":"https:\/\/getibogaine.com\/fr\/wp-json\/wp\/v2\/comments?post=31379"}],"version-history":[{"count":1,"href":"https:\/\/getibogaine.com\/fr\/wp-json\/wp\/v2\/product\/31379\/revisions"}],"predecessor-version":[{"id":34690,"href":"https:\/\/getibogaine.com\/fr\/wp-json\/wp\/v2\/product\/31379\/revisions\/34690"}],"wp:featuredmedia":[{"embeddable":true,"href":"https:\/\/getibogaine.com\/fr\/wp-json\/wp\/v2\/media\/34663"}],"wp:attachment":[{"href":"https:\/\/getibogaine.com\/fr\/wp-json\/wp\/v2\/media?parent=31379"}],"wp:term":[{"taxonomy":"product_brand","embeddable":true,"href":"https:\/\/getibogaine.com\/fr\/wp-json\/wp\/v2\/product_brand?post=31379"},{"taxonomy":"product_cat","embeddable":true,"href":"https:\/\/getibogaine.com\/fr\/wp-json\/wp\/v2\/product_cat?post=31379"},{"taxonomy":"product_tag","embeddable":true,"href":"https:\/\/getibogaine.com\/fr\/wp-json\/wp\/v2\/product_tag?post=31379"}],"curies":[{"name":"wp","href":"https:\/\/api.w.org\/{rel}","templated":true}]}}