{"id":31385,"date":"2025-11-30T20:29:47","date_gmt":"2025-12-01T01:29:47","guid":{"rendered":"https:\/\/getibogaine.com\/?post_type=product&#038;p=29095"},"modified":"2026-03-09T07:22:55","modified_gmt":"2026-03-09T11:22:55","slug":"acheter-6-grammes-d-iboga-ta","status":"publish","type":"product","link":"https:\/\/getibogaine.com\/fr\/produit\/acheter-6-grammes-d-iboga-ta\/","title":{"rendered":"Iboga TA (6 g)"},"content":{"rendered":"<div class=\"row\">\n<div class=\"col-lg-7 col-12\">\n<h2 style=\"text-align: left;\">Achetez 6 grammes d\u2019alcalo\u00efdes totaux d\u2019Iboga<\/h2>\n<p>Vous devez acheter 6 grammes d\u2019Iboga TA ? Ne cherchez plus ! Achetez d\u00e8s aujourd\u2019hui des alcalo\u00efdes totaux purs.<br \/>\nIl s\u2019agit d\u2019un produit r\u00e9volutionnaire qui r\u00e9unit le meilleur de la nature et de la science pour vous aider \u00e0 vivre un changement \u00e0 spectre complet dans votre perception du monde.<\/p>\n<p>Ce produit est extrait d\u2019une \u00e9corce de racine d\u2019iboga pure, et le processus d\u2019extraction est soigneusement surveill\u00e9 afin d\u2019\u00e9liminer tout contaminant ou toute impuret\u00e9.<\/p>\n<h2 data-start=\"358\" data-end=\"432\">Ce que les gens rapportent <em data-start=\"374\" data-end=\"385\">g\u00e9n\u00e9ralement<\/em> au sujet d\u2019une quantit\u00e9 de TA dans la tranche des 6 grammes<\/h2>\n<p data-start=\"433\" data-end=\"493\">(Rappel : ceci n\u2019est <strong data-start=\"452\" data-end=\"473\">pas un conseil de dosage<\/strong>, uniquement \u00e0 des fins \u00e9ducatives.)<\/p>\n<p data-start=\"495\" data-end=\"617\">L\u2019iboga <strong data-start=\"501\" data-end=\"524\">TA (alcalo\u00efdes totaux)<\/strong> est <em data-start=\"528\" data-end=\"552\">bien plus puissant par gramme<\/em> que l\u2019\u00e9corce de racine, car il contient des alcalo\u00efdes d\u2019iboga concentr\u00e9s.<\/p>\n<p data-start=\"619\" data-end=\"821\">Les gens d\u00e9crivent souvent les quantit\u00e9s dans cette plage comme se situant dans la zone <strong data-start=\"683\" data-end=\"716\">\u00ab th\u00e9rapeutique mais forte \u00bb<\/strong> : ni microdosage, ni une toute petite dose, ni non plus l\u2019extr\u00eame \u00ab dose d\u2019inondation \u00bb \u2014 mais <strong data-start=\"794\" data-end=\"821\">suffisamment \u00e9lev\u00e9e pour produire :<\/strong><\/p>\n<h3 data-start=\"823\" data-end=\"862\"><strong data-start=\"827\" data-end=\"862\">1. Effets psychologiques puissants<\/strong><\/h3>\n<p data-start=\"863\" data-end=\"875\">Beaucoup rapportent :<\/p>\n<ul data-start=\"876\" data-end=\"1006\">\n<li data-start=\"876\" data-end=\"898\">\n<p data-start=\"878\" data-end=\"898\">Introspection profonde<\/p>\n<\/li>\n<li data-start=\"899\" data-end=\"921\">\n<p data-start=\"901\" data-end=\"921\">Remont\u00e9e de souvenirs<\/p>\n<\/li>\n<li data-start=\"922\" data-end=\"946\">\n<p data-start=\"924\" data-end=\"946\">Traitement \u00e9motionnel<\/p>\n<\/li>\n<li data-start=\"947\" data-end=\"1006\">\n<p data-start=\"949\" data-end=\"1006\">Visuels de type revue de vie (oniriques, pas des hallucinations)<\/p>\n<\/li>\n<\/ul>\n<p data-start=\"1008\" data-end=\"1203\">C\u2019est pourquoi les extraits de TA autour de cette plage sont souvent \u00e9voqu\u00e9s dans le contexte de <strong data-start=\"1088\" data-end=\"1114\">l\u2019interruption de l\u2019addiction<\/strong>, de la <strong data-start=\"1116\" data-end=\"1135\">r\u00e9initialisation \u00e9motionnelle<\/strong> ou de <strong data-start=\"1140\" data-end=\"1165\">l\u2019exploration spirituelle<\/strong> \u2014 encore une fois, uniquement dans des cadres supervis\u00e9s.<\/p>\n<h3 data-start=\"1210\" data-end=\"1249\"><strong data-start=\"1214\" data-end=\"1249\">2. Effets physiques importants<\/strong><\/h3>\n<p data-start=\"1250\" data-end=\"1279\">Les exp\u00e9riences rapport\u00e9es incluent :<\/p>\n<ul data-start=\"1280\" data-end=\"1435\">\n<li data-start=\"1280\" data-end=\"1299\">\n<p data-start=\"1282\" data-end=\"1299\">Forte lourdeur corporelle<\/p>\n<\/li>\n<li data-start=\"1300\" data-end=\"1338\">\n<p data-start=\"1302\" data-end=\"1338\">Besoin de s\u2019allonger pendant de nombreuses heures<\/p>\n<\/li>\n<li data-start=\"1339\" data-end=\"1373\">\n<p data-start=\"1341\" data-end=\"1373\">Sensibilit\u00e9 \u00e0 la lumi\u00e8re et au son<\/p>\n<\/li>\n<li data-start=\"1374\" data-end=\"1398\">\n<p data-start=\"1376\" data-end=\"1398\">Naus\u00e9es dans certains cas<\/p>\n<\/li>\n<li data-start=\"1399\" data-end=\"1435\">\n<p data-start=\"1401\" data-end=\"1435\">Perturbation du sommeil pendant 24 \u00e0 48 heures<\/p>\n<\/li>\n<\/ul>\n<p data-start=\"1437\" data-end=\"1533\">C\u2019est pourquoi les environnements sous supervision m\u00e9dicale surveillent toujours <strong data-start=\"1498\" data-end=\"1532\">le c\u0153ur, le foie et les \u00e9lectrolytes<\/strong>.<\/p>\n<h3 data-start=\"1540\" data-end=\"1587\"><strong data-start=\"1544\" data-end=\"1587\">3. R\u00e9initialisation temporaire de certains comportements<\/strong><\/h3>\n<p data-start=\"1588\" data-end=\"1664\">Les personnes qui traversent ce niveau dans des contextes de type clinique disent souvent qu\u2019elles ressentent :<\/p>\n<ul data-start=\"1665\" data-end=\"1778\">\n<li data-start=\"1665\" data-end=\"1690\">\n<p data-start=\"1667\" data-end=\"1690\">Une pause vis-\u00e0-vis des envies irr\u00e9pressibles<\/p>\n<\/li>\n<li data-start=\"1691\" data-end=\"1716\">\n<p data-start=\"1693\" data-end=\"1716\">Une \u00ab rupture de sch\u00e9ma \u00bb<\/p>\n<\/li>\n<li data-start=\"1717\" data-end=\"1743\">\n<p data-start=\"1719\" data-end=\"1743\">Un \u00e9tat mental plus calme<\/p>\n<\/li>\n<li data-start=\"1744\" data-end=\"1778\">\n<p data-start=\"1746\" data-end=\"1778\">Moins de compulsions ou d\u2019anxi\u00e9t\u00e9<\/p>\n<\/li>\n<\/ul>\n<p data-start=\"1780\" data-end=\"1906\">On en parle particuli\u00e8rement \u00e0 propos des <strong data-start=\"1816\" data-end=\"1864\">opio\u00efdes, des stimulants, de l\u2019alcool et de la d\u00e9pression<\/strong>, mais encore une fois, <strong data-start=\"1878\" data-end=\"1905\">cela ne doit jamais \u00eatre fait seul en toute s\u00e9curit\u00e9<\/strong>.<\/p>\n<h3 data-start=\"1913\" data-end=\"1948\"><strong data-start=\"1917\" data-end=\"1948\">4. Une longue phase d\u2019\u00ab apr\u00e8s-lueur \u00bb<\/strong><\/h3>\n<p data-start=\"1949\" data-end=\"1990\">Pendant des jours \u00e0 des semaines, les gens d\u00e9crivent souvent :<\/p>\n<ul data-start=\"1991\" data-end=\"2087\">\n<li data-start=\"1991\" data-end=\"2007\">\n<p data-start=\"1993\" data-end=\"2007\">Plus de clart\u00e9<\/p>\n<\/li>\n<li data-start=\"2008\" data-end=\"2023\">\n<p data-start=\"2010\" data-end=\"2023\">Une meilleure humeur<\/p>\n<\/li>\n<li data-start=\"2024\" data-end=\"2037\">\n<p data-start=\"2026\" data-end=\"2037\">Moins de peur<\/p>\n<\/li>\n<li data-start=\"2038\" data-end=\"2062\">\n<p data-start=\"2040\" data-end=\"2062\">Motivation accrue<\/p>\n<\/li>\n<li data-start=\"2063\" data-end=\"2087\">\n<p data-start=\"2065\" data-end=\"2087\">Un sentiment d\u2019ancrage<\/p>\n<\/li>\n<\/ul>\n<p data-start=\"2089\" data-end=\"2158\">Mais cela ne se produit que lorsque la personne est m\u00e9dicalement apte et surveill\u00e9e.<\/p>\n<h3 style=\"text-align: left;\"><strong>Ingr\u00e9dients de l\u2019Iboga TA<\/strong><\/h3>\n<p>Notre produit iboga TA est un extrait de haute qualit\u00e9 qui contient environ 45 % d\u2019iboga\u00efne, et il se pr\u00e9sente sous forme de morceaux ou de grumeaux bruns de poudre brune moulue.<\/p>\n<ul>\n<li style=\"text-align: left;\"><span style=\"color: #000000;\">Un extrait<a style=\"color: #000000;\" href=\"http:\/\/getibogaine.com\/iboga-ta-extract\/\">\u00a0d\u2019alcalo\u00efde d\u2019iboga\u00efne \u00e0 vendre <\/a>est l\u2019extrait d\u2019alcalo\u00efdes totaux d\u2019iboga.<\/span><\/li>\n<li style=\"text-align: left;\"><span style=\"color: #000000;\">Extrait de la poudre d\u2019\u00e9corce de racine d\u2019iboga.<\/span><\/li>\n<li style=\"text-align: left;\"><span style=\"color: #000000;\">Compos\u00e9 d\u2019environ 45 % d\u2019iboga\u00efne.<\/span><\/li>\n<li style=\"text-align: left;\"><span style=\"color: #000000;\">Il se pr\u00e9sente sous forme de grumeaux bruns.<\/span><\/li>\n<\/ul>\n<p>&nbsp;<\/p>\n<p>Visitez notre boutique d\u00e8s aujourd\u2019hui et d\u00e9couvrez nos produits de haute qualit\u00e9 \u00e0 des prix abordables.<\/p>\n<p><strong>Origine<\/strong> : <em>for\u00eat tropicale d\u2019Afrique centrale<\/em><\/p>\n<\/div>\n<\/div>\n","protected":false},"excerpt":{"rendered":"<p>La livraison express a un d\u00e9lai de livraison rapide de 3 \u00e0 7 jours.<\/p>\n","protected":false},"featured_media":34373,"comment_status":"open","ping_status":"closed","template":"","meta":{"site-sidebar-layout":"default","site-content-layout":"","ast-site-content-layout":"default","site-content-style":"default","site-sidebar-style":"default","ast-global-header-display":"","ast-banner-title-visibility":"","ast-main-header-display":"","ast-hfb-above-header-display":"","ast-hfb-below-header-display":"","ast-hfb-mobile-header-display":"","site-post-title":"","ast-breadcrumbs-content":"","ast-featured-img":"","footer-sml-layout":"","ast-disable-related-posts":"","theme-transparent-header-meta":"default","adv-header-id-meta":"","stick-header-meta":"default","header-above-stick-meta":"","header-main-stick-meta":"","header-below-stick-meta":"","astra-migrate-meta-layouts":"set","ast-page-background-enabled":"default","ast-page-background-meta":{"desktop":{"background-color":"var(--ast-global-color-4)","background-image":"","background-repeat":"repeat","background-position":"center center","background-size":"auto","background-attachment":"scroll","background-type":"","background-media":"","overlay-type":"","overlay-color":"","overlay-opacity":"","overlay-gradient":""},"tablet":{"background-color":"","background-image":"","background-repeat":"repeat","background-position":"center center","background-size":"auto","background-attachment":"scroll","background-type":"","background-media":"","overlay-type":"","overlay-color":"","overlay-opacity":"","overlay-gradient":""},"mobile":{"background-color":"","background-image":"","background-repeat":"repeat","background-position":"center center","background-size":"auto","background-attachment":"scroll","background-type":"","background-media":"","overlay-type":"","overlay-color":"","overlay-opacity":"","overlay-gradient":""}},"ast-content-background-meta":{"desktop":{"background-color":"var(--ast-global-color-5)","background-image":"","background-repeat":"repeat","background-position":"center center","background-size":"auto","background-attachment":"scroll","background-type":"","background-media":"","overlay-type":"","overlay-color":"","overlay-opacity":"","overlay-gradient":""},"tablet":{"background-color":"var(--ast-global-color-5)","background-image":"","background-repeat":"repeat","background-position":"center center","background-size":"auto","background-attachment":"scroll","background-type":"","background-media":"","overlay-type":"","overlay-color":"","overlay-opacity":"","overlay-gradient":""},"mobile":{"background-color":"var(--ast-global-color-5)","background-image":"","background-repeat":"repeat","background-position":"center center","background-size":"auto","background-attachment":"scroll","background-type":"","background-media":"","overlay-type":"","overlay-color":"","overlay-opacity":"","overlay-gradient":""}},"jetpack_publicize_message":"","jetpack_publicize_feature_enabled":true,"jetpack_social_post_already_shared":true,"jetpack_social_options":{"image_generator_settings":{"template":"highway","default_image_id":0,"font":"","enabled":false},"version":2}},"product_brand":[4007],"product_cat":[568],"product_tag":[],"class_list":{"0":"post-31385","1":"product","2":"type-product","3":"status-publish","4":"has-post-thumbnail","6":"product_brand-getibogaine","7":"product_cat-acheter-de-liboga","8":"desktop-align-left","9":"tablet-align-left","10":"mobile-align-left","11":"ast-product-gallery-layout-horizontal-slider","12":"ast-product-tabs-layout-horizontal","14":"first","15":"instock","16":"shipping-taxable","17":"purchasable","18":"product-type-simple"},"jetpack_publicize_connections":[],"jetpack_sharing_enabled":true,"_links":{"self":[{"href":"https:\/\/getibogaine.com\/fr\/wp-json\/wp\/v2\/product\/31385","targetHints":{"allow":["GET"]}}],"collection":[{"href":"https:\/\/getibogaine.com\/fr\/wp-json\/wp\/v2\/product"}],"about":[{"href":"https:\/\/getibogaine.com\/fr\/wp-json\/wp\/v2\/types\/product"}],"replies":[{"embeddable":true,"href":"https:\/\/getibogaine.com\/fr\/wp-json\/wp\/v2\/comments?post=31385"}],"version-history":[{"count":0,"href":"https:\/\/getibogaine.com\/fr\/wp-json\/wp\/v2\/product\/31385\/revisions"}],"wp:featuredmedia":[{"embeddable":true,"href":"https:\/\/getibogaine.com\/fr\/wp-json\/wp\/v2\/media\/34373"}],"wp:attachment":[{"href":"https:\/\/getibogaine.com\/fr\/wp-json\/wp\/v2\/media?parent=31385"}],"wp:term":[{"taxonomy":"product_brand","embeddable":true,"href":"https:\/\/getibogaine.com\/fr\/wp-json\/wp\/v2\/product_brand?post=31385"},{"taxonomy":"product_cat","embeddable":true,"href":"https:\/\/getibogaine.com\/fr\/wp-json\/wp\/v2\/product_cat?post=31385"},{"taxonomy":"product_tag","embeddable":true,"href":"https:\/\/getibogaine.com\/fr\/wp-json\/wp\/v2\/product_tag?post=31385"}],"curies":[{"name":"wp","href":"https:\/\/api.w.org\/{rel}","templated":true}]}}