{"id":31395,"date":"2022-06-01T09:26:46","date_gmt":"2022-06-01T09:26:46","guid":{"rendered":"http:\/\/getibogaine.com\/?post_type=product&#038;p=6040"},"modified":"2026-03-17T11:30:46","modified_gmt":"2026-03-17T15:30:46","slug":"iboga-ta-2g","status":"publish","type":"product","link":"https:\/\/getibogaine.com\/fr\/produit\/iboga-ta-2g\/","title":{"rendered":"Iboga TA (2 g)"},"content":{"rendered":"<div class=\"row\">\n<div class=\"col-lg-7 col-12\">\n<h2 style=\"text-align: left;\">O\u00f9 puis-je obtenir de l\u2019Iboga TA pr\u00e8s de chez moi ?<\/h2>\n<p>Vous pouvez d\u00e9sormais obtenir l\u2019<strong>Iboga TA 2 grammes pr\u00e8s de chez vous<\/strong>. Il s\u2019agit d\u2019un produit r\u00e9volutionnaire qui offre le meilleur de la nature et de la science pour vous aider \u00e0 vivre un changement complet, \u00e0 spectre large, dans votre perception du monde.<\/p>\n<p>Ce produit est extrait d\u2019une \u00e9corce de racine d\u2019iboga pure, et le processus d\u2019extraction est soigneusement contr\u00f4l\u00e9 afin d\u2019\u00e9liminer tout contaminant ou toute impuret\u00e9.<\/p>\n<p>L\u2019Iboga TA a \u00e9t\u00e9 con\u00e7u \u00e0 la fois pour les d\u00e9butants et pour ceux qui souhaitent augmenter leur dose. Il s\u2019agit d\u2019une substance enti\u00e8rement holistique qui n\u2019a aucun impact n\u00e9gatif sur le corps. Vous ressentirez de nombreux effets psych\u00e9d\u00e9liques, notamment une perception sensorielle accrue, l\u2019ouverture, la clart\u00e9 et la joie. L\u2019Iboga TA se pr\u00e9sente sous une forme brun\u00e2tre.<\/p>\n<p>Avec l\u2019Iboga TA, vous pouvez profiter des m\u00eames bienfaits que ceux rapport\u00e9s avec <a href=\"http:\/\/getibogaine.com\/\">l\u2019iboga\u00efne<\/a>, sans les nombreux risques qui y sont associ\u00e9s.<\/p>\n<h3>Prendre de l\u2019Iboga TA<\/h3>\n<ul>\n<li>Une exp\u00e9rience spirituelle pouvant transformer positivement votre vie<\/li>\n<li>garantit de vous offrir un changement complet, \u00e0 spectre large<\/li>\n<li>Davantage de confiance dans les situations sociales<\/li>\n<li>Pens\u00e9e cr\u00e9ative et confiance en votre intuition<\/li>\n<li>Une meilleure compr\u00e9hension de l\u2019univers<\/li>\n<\/ul>\n<h3 style=\"text-align: left;\"><strong>Ingr\u00e9dients de l\u2019Iboga TA<\/strong><\/h3>\n<p>Notre produit iboga TA est un extrait de haute qualit\u00e9 qui contient environ 45 % d\u2019iboga\u00efne, et il se pr\u00e9sente sous forme de morceaux ou d\u2019amas bruns de poudre brune moulue.<\/p>\n<ul>\n<li style=\"text-align: left;\"><span style=\"color: #000000;\"><a style=\"color: #000000;\" href=\"http:\/\/getibogaine.com\/iboga-ta-extract\/\">Extrait total d\u2019alcalo\u00efdes d\u2019iboga \u00e0 vendre <\/a>est un extrait total d\u2019alcalo\u00efdes d\u2019iboga \u00e0 vendre.<\/span><\/li>\n<li style=\"text-align: left;\"><span style=\"color: #000000;\">Extrait de poudre d\u2019\u00e9corce de racine d\u2019iboga.<\/span><\/li>\n<li style=\"text-align: left;\"><span style=\"color: #000000;\">Compos\u00e9 d\u2019environ 45 % d\u2019iboga\u00efne.<\/span><\/li>\n<li style=\"text-align: left;\"><span style=\"color: #000000;\">Il se pr\u00e9sente sous forme de grumeaux bruns.<\/span><\/li>\n<\/ul>\n<p>&nbsp;<\/p>\n<p>Achetez d\u00e8s aujourd\u2019hui nos produits de haute qualit\u00e9 dans notre boutique et profitez de nos prix abordables.<\/p>\n<p><strong>Origine<\/strong> : <em>For\u00eat tropicale d\u2019Afrique centrale<\/em><\/p>\n<p><strong>Cultivars<\/strong> : <a href=\"https:\/\/ljsgroup.org\/\" target=\"_blank\" rel=\"noopener\">LJS Group<\/a><\/p>\n<\/div>\n<\/div>\n","protected":false},"excerpt":{"rendered":"<p>Produit : Iboga TA<\/p>\n<p>Marque : Get Ibogaine<\/p>\n<p>Poids : 2 grammes<\/p>\n<p>Frais d\u2019exp\u00e9dition : Calcul\u00e9s au moment du paiement<\/p>\n<p><em>Votre commande sera exp\u00e9di\u00e9e dans les 24 heures suivant la finalisation de votre achat et arrivera sous trois \u00e0 sept jours ouvrables. Nos tarifs d\u2019exp\u00e9dition varient selon le poids du colis.<\/em><\/p>\n","protected":false},"featured_media":35248,"comment_status":"open","ping_status":"closed","template":"","meta":{"site-sidebar-layout":"default","site-content-layout":"","ast-site-content-layout":"default","site-content-style":"default","site-sidebar-style":"default","ast-global-header-display":"","ast-banner-title-visibility":"","ast-main-header-display":"","ast-hfb-above-header-display":"","ast-hfb-below-header-display":"","ast-hfb-mobile-header-display":"","site-post-title":"","ast-breadcrumbs-content":"","ast-featured-img":"","footer-sml-layout":"","ast-disable-related-posts":"","theme-transparent-header-meta":"default","adv-header-id-meta":"","stick-header-meta":"default","header-above-stick-meta":"","header-main-stick-meta":"","header-below-stick-meta":"","astra-migrate-meta-layouts":"set","ast-page-background-enabled":"default","ast-page-background-meta":{"desktop":{"background-color":"var(--ast-global-color-4)","background-image":"","background-repeat":"repeat","background-position":"center center","background-size":"auto","background-attachment":"scroll","background-type":"","background-media":"","overlay-type":"","overlay-color":"","overlay-opacity":"","overlay-gradient":""},"tablet":{"background-color":"","background-image":"","background-repeat":"repeat","background-position":"center center","background-size":"auto","background-attachment":"scroll","background-type":"","background-media":"","overlay-type":"","overlay-color":"","overlay-opacity":"","overlay-gradient":""},"mobile":{"background-color":"","background-image":"","background-repeat":"repeat","background-position":"center center","background-size":"auto","background-attachment":"scroll","background-type":"","background-media":"","overlay-type":"","overlay-color":"","overlay-opacity":"","overlay-gradient":""}},"ast-content-background-meta":{"desktop":{"background-color":"var(--ast-global-color-5)","background-image":"","background-repeat":"repeat","background-position":"center center","background-size":"auto","background-attachment":"scroll","background-type":"","background-media":"","overlay-type":"","overlay-color":"","overlay-opacity":"","overlay-gradient":""},"tablet":{"background-color":"var(--ast-global-color-5)","background-image":"","background-repeat":"repeat","background-position":"center center","background-size":"auto","background-attachment":"scroll","background-type":"","background-media":"","overlay-type":"","overlay-color":"","overlay-opacity":"","overlay-gradient":""},"mobile":{"background-color":"var(--ast-global-color-5)","background-image":"","background-repeat":"repeat","background-position":"center center","background-size":"auto","background-attachment":"scroll","background-type":"","background-media":"","overlay-type":"","overlay-color":"","overlay-opacity":"","overlay-gradient":""}},"jetpack_publicize_message":"","jetpack_publicize_feature_enabled":true,"jetpack_social_post_already_shared":true,"jetpack_social_options":{"image_generator_settings":{"template":"highway","default_image_id":0,"font":"","enabled":false},"version":2}},"product_brand":[4007],"product_cat":[568],"product_tag":[1544],"class_list":{"0":"post-31395","1":"product","2":"type-product","3":"status-publish","4":"has-post-thumbnail","6":"product_brand-getibogaine","7":"product_cat-acheter-de-liboga","8":"product_tag-iboga-ta","9":"desktop-align-left","10":"tablet-align-left","11":"mobile-align-left","12":"ast-product-gallery-layout-horizontal-slider","13":"ast-product-tabs-layout-horizontal","15":"first","16":"instock","17":"shipping-taxable","18":"purchasable","19":"product-type-simple"},"jetpack_publicize_connections":[],"jetpack_sharing_enabled":true,"_links":{"self":[{"href":"https:\/\/getibogaine.com\/fr\/wp-json\/wp\/v2\/product\/31395","targetHints":{"allow":["GET"]}}],"collection":[{"href":"https:\/\/getibogaine.com\/fr\/wp-json\/wp\/v2\/product"}],"about":[{"href":"https:\/\/getibogaine.com\/fr\/wp-json\/wp\/v2\/types\/product"}],"replies":[{"embeddable":true,"href":"https:\/\/getibogaine.com\/fr\/wp-json\/wp\/v2\/comments?post=31395"}],"version-history":[{"count":0,"href":"https:\/\/getibogaine.com\/fr\/wp-json\/wp\/v2\/product\/31395\/revisions"}],"wp:featuredmedia":[{"embeddable":true,"href":"https:\/\/getibogaine.com\/fr\/wp-json\/wp\/v2\/media\/35248"}],"wp:attachment":[{"href":"https:\/\/getibogaine.com\/fr\/wp-json\/wp\/v2\/media?parent=31395"}],"wp:term":[{"taxonomy":"product_brand","embeddable":true,"href":"https:\/\/getibogaine.com\/fr\/wp-json\/wp\/v2\/product_brand?post=31395"},{"taxonomy":"product_cat","embeddable":true,"href":"https:\/\/getibogaine.com\/fr\/wp-json\/wp\/v2\/product_cat?post=31395"},{"taxonomy":"product_tag","embeddable":true,"href":"https:\/\/getibogaine.com\/fr\/wp-json\/wp\/v2\/product_tag?post=31395"}],"curies":[{"name":"wp","href":"https:\/\/api.w.org\/{rel}","templated":true}]}}