{"id":31413,"date":"2022-10-11T05:56:38","date_gmt":"2022-10-11T04:56:38","guid":{"rendered":"http:\/\/getibogaine.com\/?post_type=product&#038;p=10307"},"modified":"2026-03-17T11:31:06","modified_gmt":"2026-03-17T15:31:06","slug":"ecorce-de-racine-diboga-pour-la-recuperation-de-la-dependance","status":"publish","type":"product","link":"https:\/\/getibogaine.com\/fr\/produit\/ecorce-de-racine-diboga-pour-la-recuperation-de-la-dependance\/","title":{"rendered":"\u00c9corce de racine d\u2019iboga 80 g"},"content":{"rendered":"<div class=\"row\">\n<div class=\"col-lg-7 col-12\">\n<h2 style=\"text-align: left;\">\u00c9corce de racine d\u2019iboga pour la gu\u00e9rison des addictions<\/h2>\n<p>D\u00e9couvrez le pouvoir transformateur de notre \u00e9corce de racine d\u2019iboga (80 g), un rem\u00e8de naturel puissant con\u00e7u pour la gu\u00e9rison des addictions. Riche d\u2019un extrait d\u2019iboga\u00efne pur \u00e0 95 %, cette \u00e9corce de haute qualit\u00e9 est sp\u00e9cialement formul\u00e9e pour aider \u00e0 r\u00e9duire les sympt\u00f4mes de sevrage et soutenir votre parcours vers la sortie de l\u2019addiction.<\/p>\n<p>En s\u2019appuyant sur les propri\u00e9t\u00e9s curatives de la nature, notre \u00e9corce de racine d\u2019iboga 100 % naturelle offre un compl\u00e9ment s\u00fbr et efficace \u00e0 celles et ceux qui cherchent \u00e0 reprendre leur vie en main. Que vous souhaitiez compl\u00e9ter votre prise en charge ou entreprendre une approche holistique de la gu\u00e9rison, notre \u00e9corce de racine d\u2019iboga est un alli\u00e9 essentiel sur votre chemin vers le bien-\u00eatre. Adoptez un avenir plus lumineux avec l\u2019\u00e9corce de racine d\u2019iboga pour la gu\u00e9rison des addictions et faites le premier pas vers un changement durable.<\/p>\n<p>Vous cherchez la meilleure \u00e9corce de racine d\u2019iboga en ligne ? Ne cherchez plus !<\/p>\n<p>Notre ferme d\u2019iboga sans pesticides en Afrique centrale produit notre \u00e9corce de racine d\u2019iboga de premi\u00e8re qualit\u00e9. En choisissant notre produit, vous obtenez une \u00e9corce de racine d\u2019iboga pure, non adult\u00e9r\u00e9e et pr\u00eate \u00e0 \u00eatre ing\u00e9r\u00e9e.<\/p>\n<p>Mettez fin \u00e0 votre addiction avec notre rem\u00e8de naturel : l\u2019\u00e9corce de racine d\u2019iboga. Que vous l\u2019utilisiez comme compl\u00e9ment ou comme m\u00e9thode de traitement, notre \u00e9corce de racine d\u2019iboga est reconnue pour son efficacit\u00e9 dans l\u2019aide \u00e0 la gu\u00e9rison des addictions. Avec un extrait d\u2019iboga\u00efne pur \u00e0 95 %, il a \u00e9t\u00e9 prouv\u00e9 qu\u2019elle fait des merveilles pour r\u00e9duire les sympt\u00f4mes de sevrage. Faites confiance \u00e0 notre \u00e9corce de racine d\u2019iboga 100 % naturelle pour un soutien s\u00fbr et efficace dans votre parcours pour surmonter l\u2019addiction.<\/p>\n<p>L\u2019\u00e9corce de racine d\u2019iboga pour la gu\u00e9rison des addictions est une mani\u00e8re efficace de soigner plusieurs maladies, et votre corps commencera rapidement \u00e0 se sentir mieux. Elle \u00e9limine les sympt\u00f4mes de l\u2019<a title=\"addiction\" href=\"http:\/\/getibogaine.com\/tag\/addiction\/\" data-wpil-monitor-id=\"161\">addiction<\/a>, et votre sant\u00e9 redevient normale. Si vous luttez contre une addiction, vous avez peut-\u00eatre d\u00e9j\u00e0 essay\u00e9 plusieurs rem\u00e8des, mais rien n\u2019a fonctionn\u00e9 pour vous. Il est maintenant temps d\u2019essayer l\u2019\u00e9corce de racine d\u2019iboga.<\/p>\n<h2>\u00c9corce de racine d\u2019iboga 80 g \u2013 Soutien naturel pour la gu\u00e9rison des addictions<\/h2>\n<p>L\u2019\u00e9corce de racine d\u2019iboga est connue pour son potentiel unique \u00e0 aider dans le traitement des addictions et le bien-\u00eatre mental. Elle a montr\u00e9 des effets prometteurs pour divers troubles de sant\u00e9 mentale, notamment l\u2019addiction, la d\u00e9pression et le TSPT. Voici comment l\u2019\u00e9corce de racine d\u2019iboga peut soutenir la gu\u00e9rison :<\/p>\n<ul>\n<li>Att\u00e9nue le sevrage : aide \u00e0 g\u00e9rer les envies li\u00e9es \u00e0 l\u2019addiction et r\u00e9duit l\u2019inconfort du sevrage.<\/li>\n<li>Am\u00e9liore la clart\u00e9 des r\u00eaves : favorise des r\u00eaves vifs et une auto-r\u00e9flexion plus profonde.<\/li>\n<li>Stimule l\u2019esprit : apporte un l\u00e9ger regain d\u2019\u00e9nergie mentale et de vigilance.<\/li>\n<li>Connexion spirituelle : cr\u00e9e un sentiment d\u2019\u00e9veil spirituel et de paix int\u00e9rieure.<\/li>\n<li>Introspection profonde : favorise la compr\u00e9hension des pens\u00e9es et \u00e9motions subconscientes.<\/li>\n<li>Renforce la confiance : d\u00e9veloppe la r\u00e9silience et soutient la gu\u00e9rison \u00e9motionnelle.<\/li>\n<li>Soutient la gu\u00e9rison des traumatismes : aide \u00e0 traiter les traumatismes pass\u00e9s.<\/li>\n<li>Stimule l\u2019imagination et la cr\u00e9ativit\u00e9 : favorise la pens\u00e9e cr\u00e9ative et l\u2019inspiration.<\/li>\n<li>Am\u00e9liore le rappel de la m\u00e9moire : peut faire remonter des souvenirs d\u2019enfance et des d\u00e9tails oubli\u00e9s.<\/li>\n<li>Favorise un sommeil r\u00e9parateur : encourage une meilleure qualit\u00e9 de sommeil et plus de clart\u00e9.<\/li>\n<li>\u00c9quilibre l\u2019activit\u00e9 c\u00e9r\u00e9brale : vise \u00e0 harmoniser le fonctionnement des h\u00e9misph\u00e8res gauche et droit pour plus de clart\u00e9 et de concentration.<\/li>\n<\/ul>\n<p>D\u00e9couvrez les bienfaits naturels de l\u2019\u00e9corce de racine d\u2019iboga, qui peut favoriser la clart\u00e9 mentale, la r\u00e9cup\u00e9ration et la paix int\u00e9rieure.<\/p>\n<p><strong>Origine<\/strong> : Cameroun<\/p>\n<\/div>\n<\/div>\n","protected":false},"excerpt":{"rendered":"<p>Livraison express avec un d\u00e9lai rapide de 3 \u00e0 7 jours<\/p>\n<p>Marque : Get Ibogaine<\/p>\n<p>Poids : 80 grammes<\/p>\n<p>Frais de livraison : calcul\u00e9s au moment du paiement<\/p>\n<p><em>Votre commande sera exp\u00e9di\u00e9e dans les 24 heures apr\u00e8s la finalisation de votre achat et arrivera sous trois \u00e0 sept jours ouvrables. Nos tarifs d\u2019exp\u00e9dition varient selon le poids du colis.<\/em><\/p>\n","protected":false},"featured_media":34391,"comment_status":"open","ping_status":"closed","template":"","meta":{"site-sidebar-layout":"default","site-content-layout":"","ast-site-content-layout":"default","site-content-style":"default","site-sidebar-style":"default","ast-global-header-display":"","ast-banner-title-visibility":"","ast-main-header-display":"","ast-hfb-above-header-display":"","ast-hfb-below-header-display":"","ast-hfb-mobile-header-display":"","site-post-title":"","ast-breadcrumbs-content":"","ast-featured-img":"","footer-sml-layout":"","ast-disable-related-posts":"","theme-transparent-header-meta":"default","adv-header-id-meta":"","stick-header-meta":"default","header-above-stick-meta":"","header-main-stick-meta":"","header-below-stick-meta":"","astra-migrate-meta-layouts":"set","ast-page-background-enabled":"default","ast-page-background-meta":{"desktop":{"background-color":"var(--ast-global-color-4)","background-image":"","background-repeat":"repeat","background-position":"center center","background-size":"auto","background-attachment":"scroll","background-type":"","background-media":"","overlay-type":"","overlay-color":"","overlay-opacity":"","overlay-gradient":""},"tablet":{"background-color":"","background-image":"","background-repeat":"repeat","background-position":"center center","background-size":"auto","background-attachment":"scroll","background-type":"","background-media":"","overlay-type":"","overlay-color":"","overlay-opacity":"","overlay-gradient":""},"mobile":{"background-color":"","background-image":"","background-repeat":"repeat","background-position":"center center","background-size":"auto","background-attachment":"scroll","background-type":"","background-media":"","overlay-type":"","overlay-color":"","overlay-opacity":"","overlay-gradient":""}},"ast-content-background-meta":{"desktop":{"background-color":"var(--ast-global-color-5)","background-image":"","background-repeat":"repeat","background-position":"center center","background-size":"auto","background-attachment":"scroll","background-type":"","background-media":"","overlay-type":"","overlay-color":"","overlay-opacity":"","overlay-gradient":""},"tablet":{"background-color":"var(--ast-global-color-5)","background-image":"","background-repeat":"repeat","background-position":"center center","background-size":"auto","background-attachment":"scroll","background-type":"","background-media":"","overlay-type":"","overlay-color":"","overlay-opacity":"","overlay-gradient":""},"mobile":{"background-color":"var(--ast-global-color-5)","background-image":"","background-repeat":"repeat","background-position":"center center","background-size":"auto","background-attachment":"scroll","background-type":"","background-media":"","overlay-type":"","overlay-color":"","overlay-opacity":"","overlay-gradient":""}},"jetpack_publicize_message":"","jetpack_publicize_feature_enabled":true,"jetpack_social_post_already_shared":true,"jetpack_social_options":{"image_generator_settings":{"template":"highway","default_image_id":0,"font":"","enabled":false},"version":2}},"product_brand":[4007],"product_cat":[574],"product_tag":[1517],"class_list":{"0":"post-31413","1":"product","2":"type-product","3":"status-publish","4":"has-post-thumbnail","6":"product_brand-getibogaine","7":"product_cat-ecorce-de-racine-diboga","8":"product_tag-naturel","9":"pa_product-state-copeaux-decorce-de-racine-diboga","10":"pa_product-state-poudre-decorce-de-racine-diboga","11":"desktop-align-left","12":"tablet-align-left","13":"mobile-align-left","14":"ast-product-gallery-layout-horizontal-slider","15":"ast-product-single-variable","16":"ast-product-tabs-layout-horizontal","18":"first","19":"instock","20":"shipping-taxable","21":"purchasable","22":"product-type-variable","23":"has-default-attributes"},"jetpack_publicize_connections":[],"jetpack_sharing_enabled":true,"_links":{"self":[{"href":"https:\/\/getibogaine.com\/fr\/wp-json\/wp\/v2\/product\/31413","targetHints":{"allow":["GET"]}}],"collection":[{"href":"https:\/\/getibogaine.com\/fr\/wp-json\/wp\/v2\/product"}],"about":[{"href":"https:\/\/getibogaine.com\/fr\/wp-json\/wp\/v2\/types\/product"}],"replies":[{"embeddable":true,"href":"https:\/\/getibogaine.com\/fr\/wp-json\/wp\/v2\/comments?post=31413"}],"version-history":[{"count":0,"href":"https:\/\/getibogaine.com\/fr\/wp-json\/wp\/v2\/product\/31413\/revisions"}],"wp:featuredmedia":[{"embeddable":true,"href":"https:\/\/getibogaine.com\/fr\/wp-json\/wp\/v2\/media\/34391"}],"wp:attachment":[{"href":"https:\/\/getibogaine.com\/fr\/wp-json\/wp\/v2\/media?parent=31413"}],"wp:term":[{"taxonomy":"product_brand","embeddable":true,"href":"https:\/\/getibogaine.com\/fr\/wp-json\/wp\/v2\/product_brand?post=31413"},{"taxonomy":"product_cat","embeddable":true,"href":"https:\/\/getibogaine.com\/fr\/wp-json\/wp\/v2\/product_cat?post=31413"},{"taxonomy":"product_tag","embeddable":true,"href":"https:\/\/getibogaine.com\/fr\/wp-json\/wp\/v2\/product_tag?post=31413"}],"curies":[{"name":"wp","href":"https:\/\/api.w.org\/{rel}","templated":true}]}}