{"id":31425,"date":"2022-10-11T06:24:46","date_gmt":"2022-10-11T10:24:46","guid":{"rendered":"http:\/\/getibogaine.com\/?post_type=product&#038;p=10314"},"modified":"2026-03-07T10:02:13","modified_gmt":"2026-03-07T15:02:13","slug":"acheter-ecorce-de-racine-diboga-a-san-francisco-200g","status":"publish","type":"product","link":"https:\/\/getibogaine.com\/fr\/produit\/acheter-ecorce-de-racine-diboga-a-san-francisco-200g\/","title":{"rendered":"\u00c9corces de racine d\u2019iboga (200 g)"},"content":{"rendered":"<div class=\"row\">\n<div class=\"col-lg-7 col-12\">\n<h2 style=\"text-align: left;\">Acheter de l\u2019\u00e9corce de racine d\u2019iboga \u00e0 San Francisco<\/h2>\n<p>Nous savons que vous cherchez la meilleure \u00e9corce de racine d\u2019iboga en ligne, et nous avons tout pr\u00e9vu. Nos \u00e9corces d\u2019<a title=\"Secret Bwiti Religion &amp; Healing with Iboga Plant\" href=\"http:\/\/getibogaine.com\/bwiti-religion-and-healing-practices-with-iboga\/\" data-wpil-monitor-id=\"142\">Iboga<\/a> sont produites dans notre propre ferme d\u2019iboga, sans pesticides, en Afrique centrale. Avec notre iboga, vous pouvez vous attendre \u00e0 un produit pur, <a href=\"https:\/\/www.dictionary.com\/browse\/unadulterated\" target=\"_blank\" rel=\"noopener\">non frelat\u00e9<\/a>, pr\u00eat \u00e0 \u00eatre ing\u00e9r\u00e9. La lutte de San Francisco contre la toxicomanie, notamment dans des zones comme le quartier de Tenderloin, est bien document\u00e9e, avec une augmentation du nombre d\u2019overdoses et des probl\u00e8mes de sant\u00e9 associ\u00e9s. De nombreux habitants recherchent des approches holistiques du traitement. Notre \u00e9corce de racine d\u2019iboga offre une solution naturelle et efficace qui s\u2019attaque aux causes profondes de l\u2019addiction, aidant les habitants de San Francisco \u00e0 entamer leur parcours vers le r\u00e9tablissement.<\/p>\n<p>Notre \u00e9corce de racine d\u2019Iboga est l\u2019un des <a href=\"http:\/\/getibogaine.com\/\">meilleurs rem\u00e8des naturels contre la d\u00e9pendance aux drogues<\/a>. Une excellente fa\u00e7on d\u2019abandonner votre habitude est d\u2019utiliser notre <a title=\"iboga\" href=\"http:\/\/getibogaine.com\/product-tag\/iboga\/\" data-wpil-monitor-id=\"143\">Iboga<\/a> comme compl\u00e9ment ou m\u00e9thode de traitement. Nos racines d\u2019iboga contiennent un extrait d\u2019<a title=\"ibogaine\" href=\"http:\/\/getibogaine.com\/tag\/ibogaine\/\" data-wpil-monitor-id=\"144\">iboga\u00efne<\/a> pur \u00e0 95 %, dont l\u2019efficacit\u00e9 a \u00e9t\u00e9 prouv\u00e9e pour r\u00e9duire consid\u00e9rablement les sympt\u00f4mes de sevrage chez les personnes d\u00e9pendantes. Notre \u00e9corce de racine d\u2019Iboga est 100 % naturelle, ce qui la rend s\u00fbre et efficace pour vous aider \u00e0 surmonter votre <a title=\"addiction\" href=\"http:\/\/getibogaine.com\/tag\/addiction\/\" data-wpil-monitor-id=\"145\">d\u00e9pendance<\/a>.<\/p>\n<p>L\u2019utilisation de l\u2019Iboga est un moyen efficace de soigner plusieurs maladies, et votre corps commencera \u00e0 se sentir mieux en peu de temps. Elle \u00e9limine les sympt\u00f4mes de <a title=\"How Ibogaine Can Help With Depression\" href=\"http:\/\/getibogaine.com\/how-ibogaine-can-help-with-depression\/\" data-wpil-monitor-id=\"146\">d\u00e9pendance<\/a>, et votre sant\u00e9 redevient normale. Si vous luttez contre une d\u00e9pendance, vous avez peut-\u00eatre d\u00e9j\u00e0 essay\u00e9 plusieurs rem\u00e8des, mais rien n\u2019a fonctionn\u00e9 pour vous. Maintenant, il est temps d\u2019essayer l\u2019iboga.<\/p>\n<h3><strong>Bienfaits de l\u2019\u00e9corce de racine d\u2019Iboga\u00a0<\/strong><\/h3>\n<p><a href=\"https:\/\/getibogaine.com\/fr\/?page_id=30945\">L\u2019\u00e9corce de racine d\u2019Iboga<\/a> offre divers avantages. Elle peut aider \u00e0 traiter des probl\u00e8mes de sant\u00e9 mentale comme la d\u00e9pression, le TSPT et les d\u00e9pendances. Voici quelques bienfaits de l\u2019utilisation de l\u2019Iboga contre la d\u00e9pendance :<\/p>\n<ul>\n<li>Att\u00e9nue les sympt\u00f4mes de sevrage et aide \u00e0 faire face \u00e0 la d\u00e9pendance<\/li>\n<li>Am\u00e9liore le rappel et l\u2019intensit\u00e9 des r\u00eaves<\/li>\n<li>Procure un effet stimulant sur le syst\u00e8me central<\/li>\n<li>Offre une exp\u00e9rience spirituelle et mystique<\/li>\n<li>Facilite les r\u00eaves lucides et les exp\u00e9riences de sortie du corps<\/li>\n<li>Fournit un aper\u00e7u du subconscient<\/li>\n<li>Renforce la confiance en soi<\/li>\n<li>Aide \u00e0 faire face aux traumatismes et aux troubles<\/li>\n<li>Stimule l\u2019imagination<\/li>\n<li>Permet d\u2019acc\u00e9der aux souvenirs de la petite enfance<\/li>\n<li>D\u00e9toxifie la glande pin\u00e9ale<\/li>\n<li>Favorise un sommeil r\u00e9parateur<\/li>\n<li>Am\u00e9liore la clart\u00e9 et la concentration<\/li>\n<li>Synchronise les h\u00e9misph\u00e8res c\u00e9r\u00e9braux<\/li>\n<\/ul>\n<p>Achetez de l\u2019\u00e9corce de racine d\u2019iboga \u00e0 San Francisco. Obtenez des \u00e9corces de racine d\u2019iboga (200 g).<\/p>\n<p>&nbsp;<\/p>\n<p><strong>Origine<\/strong> : <em>For\u00eat tropicale d\u2019Afrique centrale<\/em><\/p>\n<\/div>\n<div class=\"col-lg-5 col-12\"><\/div>\n<\/div>\n","protected":false},"excerpt":{"rendered":"<p>Livraison express avec un d\u00e9lai rapide de 3 \u00e0 7 jours<\/p>\n<p>Marque : Get Ibogaine<\/p>\n<p>Poids : 200 grammes<\/p>\n<p>Frais de livraison : calcul\u00e9s lors du paiement<\/p>\n<p>Votre commande sera exp\u00e9di\u00e9e dans les 24 heures suivant votre achat et arrivera dans un d\u00e9lai de trois \u00e0 sept jours ouvr\u00e9s. Nos tarifs d\u2019exp\u00e9dition varient en fonction du poids du colis.<\/p>\n","protected":false},"featured_media":34464,"comment_status":"open","ping_status":"closed","template":"","meta":{"site-sidebar-layout":"default","site-content-layout":"","ast-site-content-layout":"default","site-content-style":"default","site-sidebar-style":"default","ast-global-header-display":"","ast-banner-title-visibility":"","ast-main-header-display":"","ast-hfb-above-header-display":"","ast-hfb-below-header-display":"","ast-hfb-mobile-header-display":"","site-post-title":"","ast-breadcrumbs-content":"","ast-featured-img":"","footer-sml-layout":"","ast-disable-related-posts":"","theme-transparent-header-meta":"default","adv-header-id-meta":"","stick-header-meta":"default","header-above-stick-meta":"","header-main-stick-meta":"","header-below-stick-meta":"","astra-migrate-meta-layouts":"set","ast-page-background-enabled":"default","ast-page-background-meta":{"desktop":{"background-color":"var(--ast-global-color-4)","background-image":"","background-repeat":"repeat","background-position":"center center","background-size":"auto","background-attachment":"scroll","background-type":"","background-media":"","overlay-type":"","overlay-color":"","overlay-opacity":"","overlay-gradient":""},"tablet":{"background-color":"","background-image":"","background-repeat":"repeat","background-position":"center center","background-size":"auto","background-attachment":"scroll","background-type":"","background-media":"","overlay-type":"","overlay-color":"","overlay-opacity":"","overlay-gradient":""},"mobile":{"background-color":"","background-image":"","background-repeat":"repeat","background-position":"center center","background-size":"auto","background-attachment":"scroll","background-type":"","background-media":"","overlay-type":"","overlay-color":"","overlay-opacity":"","overlay-gradient":""}},"ast-content-background-meta":{"desktop":{"background-color":"var(--ast-global-color-5)","background-image":"","background-repeat":"repeat","background-position":"center center","background-size":"auto","background-attachment":"scroll","background-type":"","background-media":"","overlay-type":"","overlay-color":"","overlay-opacity":"","overlay-gradient":""},"tablet":{"background-color":"var(--ast-global-color-5)","background-image":"","background-repeat":"repeat","background-position":"center center","background-size":"auto","background-attachment":"scroll","background-type":"","background-media":"","overlay-type":"","overlay-color":"","overlay-opacity":"","overlay-gradient":""},"mobile":{"background-color":"var(--ast-global-color-5)","background-image":"","background-repeat":"repeat","background-position":"center center","background-size":"auto","background-attachment":"scroll","background-type":"","background-media":"","overlay-type":"","overlay-color":"","overlay-opacity":"","overlay-gradient":""}},"jetpack_publicize_message":"","jetpack_publicize_feature_enabled":true,"jetpack_social_post_already_shared":true,"jetpack_social_options":{"image_generator_settings":{"template":"highway","default_image_id":0,"font":"","enabled":false},"version":2}},"product_brand":[4007],"product_cat":[574],"product_tag":[1517],"class_list":{"0":"post-31425","1":"product","2":"type-product","3":"status-publish","4":"has-post-thumbnail","6":"product_brand-getibogaine","7":"product_cat-ecorce-de-racine-diboga","8":"product_tag-naturel","9":"pa_product-state-copeaux-decorce-de-racine-diboga","10":"pa_product-state-poudre-decorce-de-racine-diboga","11":"desktop-align-left","12":"tablet-align-left","13":"mobile-align-left","14":"ast-product-gallery-layout-horizontal-slider","15":"ast-product-single-variable","16":"ast-product-tabs-layout-horizontal","18":"first","19":"instock","20":"featured","21":"shipping-taxable","22":"purchasable","23":"product-type-variable","24":"has-default-attributes"},"jetpack_publicize_connections":[],"jetpack_sharing_enabled":true,"_links":{"self":[{"href":"https:\/\/getibogaine.com\/fr\/wp-json\/wp\/v2\/product\/31425","targetHints":{"allow":["GET"]}}],"collection":[{"href":"https:\/\/getibogaine.com\/fr\/wp-json\/wp\/v2\/product"}],"about":[{"href":"https:\/\/getibogaine.com\/fr\/wp-json\/wp\/v2\/types\/product"}],"replies":[{"embeddable":true,"href":"https:\/\/getibogaine.com\/fr\/wp-json\/wp\/v2\/comments?post=31425"}],"version-history":[{"count":0,"href":"https:\/\/getibogaine.com\/fr\/wp-json\/wp\/v2\/product\/31425\/revisions"}],"wp:featuredmedia":[{"embeddable":true,"href":"https:\/\/getibogaine.com\/fr\/wp-json\/wp\/v2\/media\/34464"}],"wp:attachment":[{"href":"https:\/\/getibogaine.com\/fr\/wp-json\/wp\/v2\/media?parent=31425"}],"wp:term":[{"taxonomy":"product_brand","embeddable":true,"href":"https:\/\/getibogaine.com\/fr\/wp-json\/wp\/v2\/product_brand?post=31425"},{"taxonomy":"product_cat","embeddable":true,"href":"https:\/\/getibogaine.com\/fr\/wp-json\/wp\/v2\/product_cat?post=31425"},{"taxonomy":"product_tag","embeddable":true,"href":"https:\/\/getibogaine.com\/fr\/wp-json\/wp\/v2\/product_tag?post=31425"}],"curies":[{"name":"wp","href":"https:\/\/api.w.org\/{rel}","templated":true}]}}