{"id":31431,"date":"2022-10-11T07:37:54","date_gmt":"2022-10-11T11:37:54","guid":{"rendered":"http:\/\/getibogaine.com\/?post_type=product&#038;p=10320"},"modified":"2026-03-17T11:30:46","modified_gmt":"2026-03-17T15:30:46","slug":"20-grammes-d-ecorce-de-racine-d-iboga-a-vendre","status":"publish","type":"product","link":"https:\/\/getibogaine.com\/fr\/produit\/20-grammes-d-ecorce-de-racine-d-iboga-a-vendre\/","title":{"rendered":"\u00c9corces de racine d\u2019iboga (20 g)"},"content":{"rendered":"<div class=\"row\">\n<div class=\"col-lg-7 col-12\">\n<h2 style=\"text-align: left;\">20 grammes d\u2019\u00e9corce de racine d\u2019iboga \u00e0 vendre<\/h2>\n<p>&nbsp;<\/p>\n<p>Achetez de l\u2019\u00e9corce de racine d\u2019iboga en ligne. Nous savons que vous cherchez la meilleure \u00e9corce de racine d\u2019iboga en ligne, et nous avons ce qu\u2019il vous faut. Philadelphie, en particulier le quartier de Kensington, est devenue un \u00e9picentre de la crise des opio\u00efdes, avec des milliers de personnes aux prises avec une d\u00e9pendance. Les traitements traditionnels sont souvent insuffisants, laissant beaucoup de gens \u00e0 la recherche de solutions alternatives. L\u2019\u00e9corce de racine d\u2019iboga, connue pour ses propri\u00e9t\u00e9s d\u00e9toxifiantes, peut \u00eatre la cl\u00e9 pour surmonter la d\u00e9pendance, en offrant de l\u2019espoir \u00e0 celles et ceux de Philadelphie qui se sentent pi\u00e9g\u00e9s par leurs addictions.<\/p>\n<p>Notre \u00e9corce de racine d\u2019iboga est produite dans notre propre ferme d\u2019iboga, sans pesticides, en Afrique centrale. Avec notre \u00e9corce de racine d\u2019iboga, vous pouvez vous attendre \u00e0 un produit pur, non frelat\u00e9, pr\u00eat \u00e0 \u00eatre ing\u00e9r\u00e9.<\/p>\n<p>Notre \u00e9corce de racine d\u2019iboga est l\u2019un des meilleurs rem\u00e8des naturels contre la <a title=\"Could Ibogaine Be The Key To Ending Drug Addiction?\" href=\"http:\/\/getibogaine.com\/could-ibogaine-be-the-key-to-ending-drug-addiction\/\" data-wpil-monitor-id=\"135\">d\u00e9pendance aux drogues<\/a>. Une excellente fa\u00e7on de mettre fin \u00e0 votre <a title=\"addiction\" href=\"http:\/\/getibogaine.com\/tag\/addiction\/\" data-wpil-monitor-id=\"136\">d\u00e9pendance<\/a> est d\u2019utiliser notre \u00e9corce de racine d\u2019iboga comme compl\u00e9ment ou m\u00e9thode de traitement. Notre \u00e9corce de racine d\u2019iboga contient un extrait d\u2019<a title=\"ibogaine\" href=\"http:\/\/getibogaine.com\/tag\/ibogaine\/\" data-wpil-monitor-id=\"137\">iboga\u00efne<\/a> pur \u00e0 95 %, dont l\u2019efficacit\u00e9 a \u00e9t\u00e9 d\u00e9montr\u00e9e pour r\u00e9duire consid\u00e9rablement les sympt\u00f4mes de sevrage chez les personnes d\u00e9pendantes. Notre \u00e9corce de racine d\u2019iboga est 100 % naturelle, ce qui la rend s\u00fbre et efficace pour vous aider \u00e0 surmonter votre <a title=\"How Ibogaine Can Help With Depression\" href=\"http:\/\/getibogaine.com\/how-ibogaine-can-help-with-depression\/\" data-wpil-monitor-id=\"138\">d\u00e9pendance<\/a>.<\/p>\n<p>Utiliser l\u2019\u00e9corce de racine d\u2019iboga est un moyen efficace de traiter plusieurs maladies, et votre corps commencera \u00e0 se sentir mieux en peu de temps. Elle \u00e9limine les sympt\u00f4mes de la d\u00e9pendance, et votre sant\u00e9 redevient normale. Si vous luttez contre une d\u00e9pendance, vous avez peut-\u00eatre d\u00e9j\u00e0 essay\u00e9 plusieurs rem\u00e8des, mais rien n\u2019a fonctionn\u00e9 pour vous. Il est maintenant temps d\u2019essayer l\u2019\u00e9corce de racine d\u2019iboga.<\/p>\n<h3><strong>Bienfaits de l\u2019\u00e9corce de racine d\u2019iboga\u00a0<\/strong><\/h3>\n<p><span style=\"color: #000000;\"><a title=\"Difference Between Iboga And Ibogaine\" href=\"http:\/\/getibogaine.com\/whats-the-difference-between-iboga-and-ibogaine\/\">L\u2019iboga et l\u2019iboga\u00efne<\/a> ont le potentiel de traiter diff\u00e9rents troubles de sant\u00e9 mentale. Cela inclut la <a title=\"Rehab: Can it Help You Overcome Depression?\" href=\"http:\/\/getibogaine.com\/is-there-rehab-for-depression\/\" data-wpil-monitor-id=\"139\">d\u00e9pression<\/a>, le trouble de stress post-traumatique (TSPT) et divers types d\u2019addictions. Vous trouverez ci-dessous une liste de certains avantages de l\u2019utilisation de <a href=\"http:\/\/getibogaine.com\/what-is-iboga\/\">l\u2019iboga<\/a> pour l\u2019addiction.<\/span><\/p>\n<ul>\n<li><span style=\"color: #000000;\">Aide \u00e0 faire face \u00e0 l\u2019addiction, sympt\u00f4mes de <a title=\"Opioid Addiction Withdrawal Symptoms And Cravings\" href=\"http:\/\/getibogaine.com\/withdrawal-symptoms-and-cravings-for-people-addicted-to-opioids\/\" data-wpil-monitor-id=\"140\">sevrage<\/a> moins douloureux<\/span><\/li>\n<li><span style=\"color: #000000;\">Souvenirs de r\u00eaves plus intenses<\/span><\/li>\n<li><span style=\"color: #000000;\">Effet stimulant central<\/span><\/li>\n<li><span style=\"color: #000000;\">Sensation spirituelle, mystique<\/span><\/li>\n<li><span style=\"color: #000000;\">R\u00eaves lucides, r\u00eaves lucides, exp\u00e9riences de sortie du corps<\/span><\/li>\n<li><span style=\"color: #000000;\">Acc\u00e8s au subconscient<\/span><\/li>\n<li><span style=\"color: #000000;\">Renforcement de la confiance en soi<\/span><\/li>\n<li><span style=\"color: #000000;\">Faire face aux exp\u00e9riences et troubles traumatiques<\/span><\/li>\n<li><span style=\"color: #000000;\">Stimuler l\u2019imagination<\/span><\/li>\n<li><span style=\"color: #000000;\">Rendre accessibles les souvenirs de la petite enfance<\/span><\/li>\n<li><span style=\"color: #000000;\">D\u00e9calcification de la glande pin\u00e9ale<\/span><\/li>\n<li><span style=\"color: #000000;\">Sommeil r\u00e9parateur<\/span><\/li>\n<li><span style=\"color: #000000;\">Clart\u00e9 et concentration<\/span><\/li>\n<li><span style=\"color: #000000;\">Synchronisation des h\u00e9misph\u00e8res c\u00e9r\u00e9braux<\/span><\/li>\n<\/ul>\n<p>&nbsp;<\/p>\n<p><strong>Origine<\/strong>: <em>For\u00eat tropicale d\u2019Afrique centrale<\/em><\/p>\n<\/div>\n<\/div>\n","protected":false},"excerpt":{"rendered":"<p>Livraison express avec un d\u00e9lai de livraison rapide de 3 \u00e0 7 jours<\/p>\n<p>Marque: Get Ibogaine<\/p>\n<p>Poids: 20 grammes<\/p>\n<p>Frais de livraison: calcul\u00e9s au moment du paiement<\/p>\n<p>Votre commande sera exp\u00e9di\u00e9e dans les 24 heures apr\u00e8s la finalisation de votre achat et arrivera sous trois \u00e0 sept jours ouvrables. Nos tarifs d\u2019exp\u00e9dition varient selon le poids du colis.<\/p>\n","protected":false},"featured_media":34475,"comment_status":"open","ping_status":"closed","template":"","meta":{"site-sidebar-layout":"default","site-content-layout":"","ast-site-content-layout":"default","site-content-style":"default","site-sidebar-style":"default","ast-global-header-display":"","ast-banner-title-visibility":"","ast-main-header-display":"","ast-hfb-above-header-display":"","ast-hfb-below-header-display":"","ast-hfb-mobile-header-display":"","site-post-title":"","ast-breadcrumbs-content":"","ast-featured-img":"","footer-sml-layout":"","ast-disable-related-posts":"","theme-transparent-header-meta":"default","adv-header-id-meta":"","stick-header-meta":"default","header-above-stick-meta":"","header-main-stick-meta":"","header-below-stick-meta":"","astra-migrate-meta-layouts":"set","ast-page-background-enabled":"default","ast-page-background-meta":{"desktop":{"background-color":"var(--ast-global-color-4)","background-image":"","background-repeat":"repeat","background-position":"center center","background-size":"auto","background-attachment":"scroll","background-type":"","background-media":"","overlay-type":"","overlay-color":"","overlay-opacity":"","overlay-gradient":""},"tablet":{"background-color":"","background-image":"","background-repeat":"repeat","background-position":"center center","background-size":"auto","background-attachment":"scroll","background-type":"","background-media":"","overlay-type":"","overlay-color":"","overlay-opacity":"","overlay-gradient":""},"mobile":{"background-color":"","background-image":"","background-repeat":"repeat","background-position":"center center","background-size":"auto","background-attachment":"scroll","background-type":"","background-media":"","overlay-type":"","overlay-color":"","overlay-opacity":"","overlay-gradient":""}},"ast-content-background-meta":{"desktop":{"background-color":"var(--ast-global-color-5)","background-image":"","background-repeat":"repeat","background-position":"center center","background-size":"auto","background-attachment":"scroll","background-type":"","background-media":"","overlay-type":"","overlay-color":"","overlay-opacity":"","overlay-gradient":""},"tablet":{"background-color":"var(--ast-global-color-5)","background-image":"","background-repeat":"repeat","background-position":"center center","background-size":"auto","background-attachment":"scroll","background-type":"","background-media":"","overlay-type":"","overlay-color":"","overlay-opacity":"","overlay-gradient":""},"mobile":{"background-color":"var(--ast-global-color-5)","background-image":"","background-repeat":"repeat","background-position":"center center","background-size":"auto","background-attachment":"scroll","background-type":"","background-media":"","overlay-type":"","overlay-color":"","overlay-opacity":"","overlay-gradient":""}},"jetpack_publicize_message":"","jetpack_publicize_feature_enabled":true,"jetpack_social_post_already_shared":true,"jetpack_social_options":{"image_generator_settings":{"template":"highway","default_image_id":0,"font":"","enabled":false},"version":2}},"product_brand":[4007],"product_cat":[574],"product_tag":[1517],"class_list":{"0":"post-31431","1":"product","2":"type-product","3":"status-publish","4":"has-post-thumbnail","6":"product_brand-getibogaine","7":"product_cat-ecorce-de-racine-diboga","8":"product_tag-naturel","9":"pa_product-state-copeaux-decorce-de-racine-diboga","10":"pa_product-state-poudre-decorce-de-racine-diboga","11":"desktop-align-left","12":"tablet-align-left","13":"mobile-align-left","14":"ast-product-gallery-layout-horizontal-slider","15":"ast-product-single-variable","16":"ast-product-tabs-layout-horizontal","18":"first","19":"outofstock","20":"shipping-taxable","21":"purchasable","22":"product-type-variable","23":"has-default-attributes"},"jetpack_publicize_connections":[],"jetpack_sharing_enabled":true,"_links":{"self":[{"href":"https:\/\/getibogaine.com\/fr\/wp-json\/wp\/v2\/product\/31431","targetHints":{"allow":["GET"]}}],"collection":[{"href":"https:\/\/getibogaine.com\/fr\/wp-json\/wp\/v2\/product"}],"about":[{"href":"https:\/\/getibogaine.com\/fr\/wp-json\/wp\/v2\/types\/product"}],"replies":[{"embeddable":true,"href":"https:\/\/getibogaine.com\/fr\/wp-json\/wp\/v2\/comments?post=31431"}],"version-history":[{"count":0,"href":"https:\/\/getibogaine.com\/fr\/wp-json\/wp\/v2\/product\/31431\/revisions"}],"wp:featuredmedia":[{"embeddable":true,"href":"https:\/\/getibogaine.com\/fr\/wp-json\/wp\/v2\/media\/34475"}],"wp:attachment":[{"href":"https:\/\/getibogaine.com\/fr\/wp-json\/wp\/v2\/media?parent=31431"}],"wp:term":[{"taxonomy":"product_brand","embeddable":true,"href":"https:\/\/getibogaine.com\/fr\/wp-json\/wp\/v2\/product_brand?post=31431"},{"taxonomy":"product_cat","embeddable":true,"href":"https:\/\/getibogaine.com\/fr\/wp-json\/wp\/v2\/product_cat?post=31431"},{"taxonomy":"product_tag","embeddable":true,"href":"https:\/\/getibogaine.com\/fr\/wp-json\/wp\/v2\/product_tag?post=31431"}],"curies":[{"name":"wp","href":"https:\/\/api.w.org\/{rel}","templated":true}]}}