{"id":31437,"date":"2022-10-11T08:53:38","date_gmt":"2022-10-11T07:53:38","guid":{"rendered":"http:\/\/getibogaine.com\/?post_type=product&#038;p=10323"},"modified":"2026-03-17T11:31:07","modified_gmt":"2026-03-17T15:31:07","slug":"acheter-ecorce-de-racine-d-iboga-a-baltimore-40g","status":"publish","type":"product","link":"https:\/\/getibogaine.com\/fr\/produit\/acheter-ecorce-de-racine-d-iboga-a-baltimore-40g\/","title":{"rendered":"\u00c9corce de racine d\u2019Iboga (40 g)"},"content":{"rendered":"<div class=\"row\">\n<div class=\"col-lg-7 col-12\">\n<p style=\"text-align: left;\"><strong>Acheter de l\u2019\u00e9corce de racine d\u2019iboga \u00e0 Baltimore<\/strong><\/p>\n<p>Nous savons que vous recherchez la meilleure \u00e9corce de racine d\u2019iboga en ligne, et nous avons ce qu\u2019il vous faut.<\/p>\n<p>Notre \u00e9corce de racine d\u2019iboga est produite dans notre propre ferme d\u2019iboga, sans pesticides, en Afrique centrale. Avec notre \u00e9corce de racine d\u2019iboga, vous pouvez vous attendre \u00e0 un produit pur, non adult\u00e9r\u00e9, pr\u00eat \u00e0 \u00eatre ing\u00e9r\u00e9.<\/p>\n<p>Notre \u00e9corce de racine d\u2019iboga est l\u2019un des meilleurs <a href=\"http:\/\/getibogaine.com\/ibogaine-therapy-for-drug-and-addiction\/\">rem\u00e8des naturels contre la toxicomanie<\/a>. Une excellente fa\u00e7on de mettre fin \u00e0 votre addiction est d\u2019utiliser notre \u00e9corce de racine d\u2019iboga comme compl\u00e9ment ou m\u00e9thode de traitement. Notre \u00e9corce de racine d\u2019iboga contient 95 % d\u2019extrait d\u2019iboga\u00efne pure, dont il a \u00e9t\u00e9 prouv\u00e9 qu\u2019il fait des merveilles pour r\u00e9duire les sympt\u00f4mes de sevrage chez les personnes d\u00e9pendantes. Notre \u00e9corce de racine d\u2019iboga est 100 % naturelle, ce qui la rend s\u00fbre et efficace pour vous aider \u00e0 surmonter votre addiction.<\/p>\n<p>Utiliser l\u2019\u00e9corce de racine d\u2019iboga est une mani\u00e8re efficace de soigner plusieurs maladies, et votre corps commencera \u00e0 se sentir mieux en peu de temps. Elle \u00e9limine les sympt\u00f4mes de d\u00e9pendance, et votre sant\u00e9 redevient normale. Si vous luttez contre une addiction, vous avez peut-\u00eatre d\u00e9j\u00e0 essay\u00e9 plusieurs rem\u00e8des, mais rien n\u2019a fonctionn\u00e9 pour vous. Il est maintenant temps d\u2019essayer l\u2019\u00e9corce de racine d\u2019iboga.<\/p>\n<h3><strong>Bienfaits de l\u2019\u00e9corce de racine d\u2019iboga\u00a0<\/strong><\/h3>\n<p><span style=\"color: #000000;\"><a title=\"Difference Between Iboga And Ibogaine\" href=\"http:\/\/getibogaine.com\/whats-the-difference-between-iboga-and-ibogaine\/\">L\u2019iboga et l\u2019iboga\u00efne<\/a> ont le potentiel de traiter diff\u00e9rents troubles de sant\u00e9 mentale. Cela inclut la d\u00e9pression, le trouble de stress post-traumatique (TSPT) et divers types de d\u00e9pendances. Ci-dessous se trouve une liste de certains des avantages de l\u2019utilisation de <a href=\"http:\/\/getibogaine.com\/benefits-of-using-ibogaine-for-nicotine-addiction\/\">l\u2019iboga\u00efne pour la d\u00e9pendance.<\/a><\/span><\/p>\n<ul>\n<li><span style=\"color: #000000;\">Mieux faire face \u00e0 la d\u00e9pendance et sympt\u00f4mes de sevrage moins douloureux<\/span><\/li>\n<li><span style=\"color: #000000;\">Souvenirs de r\u00eaves plus intenses<\/span><\/li>\n<li><span style=\"color: #000000;\">Effet stimulant central<\/span><\/li>\n<li><span style=\"color: #000000;\">Sensation spirituelle, mystique<\/span><\/li>\n<li><span style=\"color: #000000;\">R\u00eaves lucides, r\u00eaves lucides, exp\u00e9riences de sortie du corps<\/span><\/li>\n<li><span style=\"color: #000000;\">Acc\u00e8s au subconscient<\/span><\/li>\n<li><span style=\"color: #000000;\">Renforcement de la confiance en soi<\/span><\/li>\n<li><span style=\"color: #000000;\">Faire face aux exp\u00e9riences traumatiques et aux troubles<\/span><\/li>\n<li><span style=\"color: #000000;\">Stimuler l\u2019imagination<\/span><\/li>\n<li><span style=\"color: #000000;\">Rendre accessibles des souvenirs de la petite enfance<\/span><\/li>\n<li><span style=\"color: #000000;\">D\u00e9calcification de la glande pin\u00e9ale<\/span><\/li>\n<li><span style=\"color: #000000;\">Sommeil r\u00e9parateur<\/span><\/li>\n<li><span style=\"color: #000000;\">Clart\u00e9 et concentration<\/span><\/li>\n<li><span style=\"color: #000000;\">Synchronisation des h\u00e9misph\u00e8res du cerveau<\/span><\/li>\n<\/ul>\n<p>&nbsp;<\/p>\n<p><strong>Origine<\/strong> : Acheter de l\u2019\u00e9corce de racine d\u2019Iboga \u00e0 Baltimore, issue de la <em>for\u00eat tropicale d\u2019Afrique centrale<\/em><\/p>\n<\/div>\n<\/div>\n","protected":false},"excerpt":{"rendered":"<p>Livraison express avec un d\u00e9lai rapide de 3 \u00e0 7 jours<\/p>\n<p>Marque : Get Ibogaine<\/p>\n<p>Poids : 40 grammes<\/p>\n<p>Frais de livraison : Calcul\u00e9s au moment du paiement<\/p>\n<p>Votre commande sera exp\u00e9di\u00e9e dans les 24 heures apr\u00e8s la finalisation de votre achat. Nos tarifs d\u2019exp\u00e9dition varient selon le poids du colis.<\/p>\n","protected":false},"featured_media":34500,"comment_status":"open","ping_status":"closed","template":"","meta":{"site-sidebar-layout":"default","site-content-layout":"","ast-site-content-layout":"default","site-content-style":"default","site-sidebar-style":"default","ast-global-header-display":"","ast-banner-title-visibility":"","ast-main-header-display":"","ast-hfb-above-header-display":"","ast-hfb-below-header-display":"","ast-hfb-mobile-header-display":"","site-post-title":"","ast-breadcrumbs-content":"","ast-featured-img":"","footer-sml-layout":"","ast-disable-related-posts":"","theme-transparent-header-meta":"default","adv-header-id-meta":"","stick-header-meta":"default","header-above-stick-meta":"","header-main-stick-meta":"","header-below-stick-meta":"","astra-migrate-meta-layouts":"set","ast-page-background-enabled":"default","ast-page-background-meta":{"desktop":{"background-color":"var(--ast-global-color-4)","background-image":"","background-repeat":"repeat","background-position":"center center","background-size":"auto","background-attachment":"scroll","background-type":"","background-media":"","overlay-type":"","overlay-color":"","overlay-opacity":"","overlay-gradient":""},"tablet":{"background-color":"","background-image":"","background-repeat":"repeat","background-position":"center center","background-size":"auto","background-attachment":"scroll","background-type":"","background-media":"","overlay-type":"","overlay-color":"","overlay-opacity":"","overlay-gradient":""},"mobile":{"background-color":"","background-image":"","background-repeat":"repeat","background-position":"center center","background-size":"auto","background-attachment":"scroll","background-type":"","background-media":"","overlay-type":"","overlay-color":"","overlay-opacity":"","overlay-gradient":""}},"ast-content-background-meta":{"desktop":{"background-color":"var(--ast-global-color-5)","background-image":"","background-repeat":"repeat","background-position":"center center","background-size":"auto","background-attachment":"scroll","background-type":"","background-media":"","overlay-type":"","overlay-color":"","overlay-opacity":"","overlay-gradient":""},"tablet":{"background-color":"var(--ast-global-color-5)","background-image":"","background-repeat":"repeat","background-position":"center center","background-size":"auto","background-attachment":"scroll","background-type":"","background-media":"","overlay-type":"","overlay-color":"","overlay-opacity":"","overlay-gradient":""},"mobile":{"background-color":"var(--ast-global-color-5)","background-image":"","background-repeat":"repeat","background-position":"center center","background-size":"auto","background-attachment":"scroll","background-type":"","background-media":"","overlay-type":"","overlay-color":"","overlay-opacity":"","overlay-gradient":""}},"jetpack_publicize_message":"","jetpack_publicize_feature_enabled":true,"jetpack_social_post_already_shared":true,"jetpack_social_options":{"image_generator_settings":{"template":"highway","default_image_id":0,"font":"","enabled":false},"version":2}},"product_brand":[4007],"product_cat":[574],"product_tag":[1589],"class_list":{"0":"post-31437","1":"product","2":"type-product","3":"status-publish","4":"has-post-thumbnail","6":"product_brand-getibogaine","7":"product_cat-ecorce-de-racine-diboga","8":"product_tag-iboga","9":"pa_product-state-copeaux-decorce-de-racine-diboga","10":"pa_product-state-poudre-decorce-de-racine-diboga","11":"desktop-align-left","12":"tablet-align-left","13":"mobile-align-left","14":"ast-product-gallery-layout-horizontal-slider","15":"ast-product-single-variable","16":"ast-product-tabs-layout-horizontal","18":"first","19":"instock","20":"featured","21":"shipping-taxable","22":"purchasable","23":"product-type-variable","24":"has-default-attributes"},"jetpack_publicize_connections":[],"jetpack_sharing_enabled":true,"_links":{"self":[{"href":"https:\/\/getibogaine.com\/fr\/wp-json\/wp\/v2\/product\/31437","targetHints":{"allow":["GET"]}}],"collection":[{"href":"https:\/\/getibogaine.com\/fr\/wp-json\/wp\/v2\/product"}],"about":[{"href":"https:\/\/getibogaine.com\/fr\/wp-json\/wp\/v2\/types\/product"}],"replies":[{"embeddable":true,"href":"https:\/\/getibogaine.com\/fr\/wp-json\/wp\/v2\/comments?post=31437"}],"version-history":[{"count":1,"href":"https:\/\/getibogaine.com\/fr\/wp-json\/wp\/v2\/product\/31437\/revisions"}],"predecessor-version":[{"id":34517,"href":"https:\/\/getibogaine.com\/fr\/wp-json\/wp\/v2\/product\/31437\/revisions\/34517"}],"wp:featuredmedia":[{"embeddable":true,"href":"https:\/\/getibogaine.com\/fr\/wp-json\/wp\/v2\/media\/34500"}],"wp:attachment":[{"href":"https:\/\/getibogaine.com\/fr\/wp-json\/wp\/v2\/media?parent=31437"}],"wp:term":[{"taxonomy":"product_brand","embeddable":true,"href":"https:\/\/getibogaine.com\/fr\/wp-json\/wp\/v2\/product_brand?post=31437"},{"taxonomy":"product_cat","embeddable":true,"href":"https:\/\/getibogaine.com\/fr\/wp-json\/wp\/v2\/product_cat?post=31437"},{"taxonomy":"product_tag","embeddable":true,"href":"https:\/\/getibogaine.com\/fr\/wp-json\/wp\/v2\/product_tag?post=31437"}],"curies":[{"name":"wp","href":"https:\/\/api.w.org\/{rel}","templated":true}]}}