{"id":31461,"date":"2022-10-12T08:55:22","date_gmt":"2022-10-12T12:55:22","guid":{"rendered":"http:\/\/getibogaine.com\/?post_type=product&#038;p=10330"},"modified":"2026-03-18T13:52:11","modified_gmt":"2026-03-18T17:52:11","slug":"acheter-8-grammes-d-iboga-ta","status":"publish","type":"product","link":"https:\/\/getibogaine.com\/fr\/produit\/acheter-8-grammes-d-iboga-ta\/","title":{"rendered":"Iboga TA (8 g)"},"content":{"rendered":"<div class=\"row\">\n<div class=\"col-lg-7 col-12\">\n<h2 style=\"text-align: left;\"><strong>Iboga TA 8 grammes<\/strong><\/h2>\n<p>C\u2019est 8 grammes d\u2019Iboga TA qu\u2019il vous faut ? Vous n\u2019\u00eates qu\u2019\u00e0 une \u00e9tape de l\u2019obtenir.<\/p>\n<p>C\u2019est avec grand plaisir que nous vous pr\u00e9sentons le l\u00e9gendaire <strong>Iboga TA 8 grammes<\/strong>. Il s\u2019agit d\u2019un produit r\u00e9volutionnaire qui r\u00e9unit le meilleur de la nature et de la science pour vous aider \u00e0 vivre un changement complet de votre perception du monde.<\/p>\n<p>Ce produit est extrait d\u2019une \u00e9corce de racine d\u2019iboga pure, et le processus d\u2019extraction est soigneusement contr\u00f4l\u00e9 afin d\u2019\u00e9liminer tout contaminant ou impuret\u00e9.<\/p>\n<p>Iboga TA a \u00e9t\u00e9 con\u00e7u aussi bien pour les d\u00e9butants que pour ceux qui souhaitent augmenter leur dose. De plus, il s\u2019agit d\u2019une substance purement holistique qui n\u2019a aucun impact n\u00e9gatif sur l\u2019organisme. Vous ferez l\u2019exp\u00e9rience de nombreux effets psych\u00e9d\u00e9liques, notamment une perception sensorielle accrue, davantage d\u2019ouverture, de clart\u00e9 et de joie. Iboga TA se pr\u00e9sente sous une forme brun\u00e2tre.<\/p>\n<p>Avec Iboga TA, vous pouvez profiter des m\u00eames bienfaits que ceux rapport\u00e9s avec l\u2019Iboga\u00efne, sans les nombreux risques qui y sont associ\u00e9s.<\/p>\n<\/div>\n<\/div>\n<h3><strong>Prenez de l\u2019Iboga TA\u00a0<\/strong><\/h3>\n<ul>\n<li>Une exp\u00e9rience spirituelle pouvant transformer positivement votre vie<\/li>\n<li>garantit un changement \u00e0 spectre complet<\/li>\n<li>Plus de confiance dans les situations sociales<\/li>\n<li>Pens\u00e9e cr\u00e9ative et confiance en votre intuition<\/li>\n<li>Une meilleure compr\u00e9hension de l\u2019univers<\/li>\n<\/ul>\n<p>&nbsp;<\/p>\n<div class=\"row\">\n<div class=\"col-lg-7 col-12\">\n<h3 style=\"text-align: left;\"><strong>Ingr\u00e9dients d\u2019Iboga TA<\/strong><\/h3>\n<p>Notre produit Iboga TA est un extrait de haute qualit\u00e9 contenant environ 45 % d\u2019iboga\u00efne, et il se pr\u00e9sente sous forme de morceaux ou d\u2019amas bruns de poudre brune moulue.<\/p>\n<ul>\n<li style=\"text-align: left;\"><span style=\"color: #000000;\"><a style=\"color: #000000;\" href=\"http:\/\/getibogaine.com\/iboga-ta-extract\/\">Extrait d\u2019alcalo\u00efdes d\u2019iboga\u00efne \u00e0 vendre<\/a> est un extrait d\u2019alcalo\u00efdes d\u2019iboga\u00efne.<\/span><\/li>\n<li style=\"text-align: left;\"><span style=\"color: #000000;\">Extrait de poudre d\u2019\u00e9corce de racine d\u2019iboga.<\/span><\/li>\n<li style=\"text-align: left;\"><span style=\"color: #000000;\">Compos\u00e9 d\u2019environ 45 % d\u2019iboga\u00efne.<\/span><\/li>\n<li style=\"text-align: left;\"><span style=\"color: #000000;\">Il se pr\u00e9sente sous forme d\u2019amas bruns.<\/span><\/li>\n<\/ul>\n<p>&nbsp;<\/p>\n<p>Achetez d\u00e8s aujourd\u2019hui nos produits de haute qualit\u00e9 dans notre boutique et profitez de nos prix abordables.<\/p>\n<p><strong>Origine<\/strong> : <em>Achetez 8 grammes d\u2019Iboga TA du Cameroun<\/em><\/p>\n<\/div>\n<\/div>\n","protected":false},"excerpt":{"rendered":"<p>La livraison express a un d\u00e9lai de livraison rapide de 3 \u00e0 7 jours.<\/p>\n<p>Produit : Iboga TA<\/p>\n<p>Marque : Get Ibogaine<\/p>\n<p>Poids : 8 grammes<\/p>\n<p>Frais de livraison : calcul\u00e9s \u00e0 la caisse<\/p>\n<p>Votre commande sera exp\u00e9di\u00e9e dans les 24 heures apr\u00e8s la finalisation de votre achat et arrivera sous trois \u00e0 sept jours ouvrables. Nos tarifs d\u2019exp\u00e9dition varient selon le poids du colis.<\/p>\n","protected":false},"featured_media":34548,"comment_status":"open","ping_status":"closed","template":"","meta":{"site-sidebar-layout":"default","site-content-layout":"","ast-site-content-layout":"default","site-content-style":"default","site-sidebar-style":"default","ast-global-header-display":"","ast-banner-title-visibility":"","ast-main-header-display":"","ast-hfb-above-header-display":"","ast-hfb-below-header-display":"","ast-hfb-mobile-header-display":"","site-post-title":"","ast-breadcrumbs-content":"","ast-featured-img":"","footer-sml-layout":"","ast-disable-related-posts":"","theme-transparent-header-meta":"default","adv-header-id-meta":"","stick-header-meta":"default","header-above-stick-meta":"","header-main-stick-meta":"","header-below-stick-meta":"","astra-migrate-meta-layouts":"set","ast-page-background-enabled":"default","ast-page-background-meta":{"desktop":{"background-color":"var(--ast-global-color-4)","background-image":"","background-repeat":"repeat","background-position":"center center","background-size":"auto","background-attachment":"scroll","background-type":"","background-media":"","overlay-type":"","overlay-color":"","overlay-opacity":"","overlay-gradient":""},"tablet":{"background-color":"","background-image":"","background-repeat":"repeat","background-position":"center center","background-size":"auto","background-attachment":"scroll","background-type":"","background-media":"","overlay-type":"","overlay-color":"","overlay-opacity":"","overlay-gradient":""},"mobile":{"background-color":"","background-image":"","background-repeat":"repeat","background-position":"center center","background-size":"auto","background-attachment":"scroll","background-type":"","background-media":"","overlay-type":"","overlay-color":"","overlay-opacity":"","overlay-gradient":""}},"ast-content-background-meta":{"desktop":{"background-color":"var(--ast-global-color-5)","background-image":"","background-repeat":"repeat","background-position":"center center","background-size":"auto","background-attachment":"scroll","background-type":"","background-media":"","overlay-type":"","overlay-color":"","overlay-opacity":"","overlay-gradient":""},"tablet":{"background-color":"var(--ast-global-color-5)","background-image":"","background-repeat":"repeat","background-position":"center center","background-size":"auto","background-attachment":"scroll","background-type":"","background-media":"","overlay-type":"","overlay-color":"","overlay-opacity":"","overlay-gradient":""},"mobile":{"background-color":"var(--ast-global-color-5)","background-image":"","background-repeat":"repeat","background-position":"center center","background-size":"auto","background-attachment":"scroll","background-type":"","background-media":"","overlay-type":"","overlay-color":"","overlay-opacity":"","overlay-gradient":""}},"jetpack_publicize_message":"","jetpack_publicize_feature_enabled":true,"jetpack_social_post_already_shared":true,"jetpack_social_options":{"image_generator_settings":{"template":"highway","default_image_id":0,"font":"","enabled":false},"version":2}},"product_brand":[4007],"product_cat":[568],"product_tag":[1544,1517],"class_list":{"0":"post-31461","1":"product","2":"type-product","3":"status-publish","4":"has-post-thumbnail","6":"product_brand-getibogaine","7":"product_cat-acheter-de-liboga","8":"product_tag-iboga-ta","9":"product_tag-naturel","10":"desktop-align-left","11":"tablet-align-left","12":"mobile-align-left","13":"ast-product-gallery-layout-horizontal-slider","14":"ast-product-tabs-layout-horizontal","16":"first","17":"instock","18":"shipping-taxable","19":"purchasable","20":"product-type-simple"},"jetpack_publicize_connections":[],"jetpack_sharing_enabled":true,"_links":{"self":[{"href":"https:\/\/getibogaine.com\/fr\/wp-json\/wp\/v2\/product\/31461","targetHints":{"allow":["GET"]}}],"collection":[{"href":"https:\/\/getibogaine.com\/fr\/wp-json\/wp\/v2\/product"}],"about":[{"href":"https:\/\/getibogaine.com\/fr\/wp-json\/wp\/v2\/types\/product"}],"replies":[{"embeddable":true,"href":"https:\/\/getibogaine.com\/fr\/wp-json\/wp\/v2\/comments?post=31461"}],"version-history":[{"count":1,"href":"https:\/\/getibogaine.com\/fr\/wp-json\/wp\/v2\/product\/31461\/revisions"}],"predecessor-version":[{"id":34560,"href":"https:\/\/getibogaine.com\/fr\/wp-json\/wp\/v2\/product\/31461\/revisions\/34560"}],"wp:featuredmedia":[{"embeddable":true,"href":"https:\/\/getibogaine.com\/fr\/wp-json\/wp\/v2\/media\/34548"}],"wp:attachment":[{"href":"https:\/\/getibogaine.com\/fr\/wp-json\/wp\/v2\/media?parent=31461"}],"wp:term":[{"taxonomy":"product_brand","embeddable":true,"href":"https:\/\/getibogaine.com\/fr\/wp-json\/wp\/v2\/product_brand?post=31461"},{"taxonomy":"product_cat","embeddable":true,"href":"https:\/\/getibogaine.com\/fr\/wp-json\/wp\/v2\/product_cat?post=31461"},{"taxonomy":"product_tag","embeddable":true,"href":"https:\/\/getibogaine.com\/fr\/wp-json\/wp\/v2\/product_tag?post=31461"}],"curies":[{"name":"wp","href":"https:\/\/api.w.org\/{rel}","templated":true}]}}