{"id":31467,"date":"2022-10-12T09:12:52","date_gmt":"2022-10-12T13:12:52","guid":{"rendered":"http:\/\/getibogaine.com\/?post_type=product&#038;p=10331"},"modified":"2026-03-17T11:35:37","modified_gmt":"2026-03-17T15:35:37","slug":"acheter-alcaloides-totaux-purs-5-grammes","status":"publish","type":"product","link":"https:\/\/getibogaine.com\/fr\/produit\/acheter-alcaloides-totaux-purs-5-grammes\/","title":{"rendered":"Iboga TA (5 g)"},"content":{"rendered":"<div class=\"row\">\n<div class=\"col-lg-7 col-12\">\n<h2 style=\"text-align: left;\">Acheter les alcalo\u00efdes totaux d\u2019Iboga<\/h2>\n<p>Vous avez besoin d\u2019acheter 5 grammes d\u2019Iboga TA ? Ne cherchez plus !<\/p>\n<p>Achetez des alcalo\u00efdes totaux purs. C\u2019est avec grand plaisir que nous vous pr\u00e9sentons le l\u00e9gendaire Iboga TA 5 grammes. Il s\u2019agit d\u2019un produit r\u00e9volutionnaire qui r\u00e9unit le meilleur de la nature et de la science pour vous aider \u00e0 vivre un changement de perception du monde \u00e0 spectre complet.<\/p>\n<p>Ce produit est extrait d\u2019une \u00e9corce de racine d\u2019iboga pure, et le processus d\u2019extraction est soigneusement contr\u00f4l\u00e9 afin d\u2019\u00e9liminer tout contaminant ou toute impuret\u00e9.<\/p>\n<p>Iboga TA a \u00e9t\u00e9 con\u00e7u aussi bien pour les d\u00e9butants que pour ceux qui souhaitent augmenter leur dose. Il s\u2019agit d\u2019une substance enti\u00e8rement holistique qui n\u2019a aucun impact n\u00e9gatif sur le corps. Vous ressentirez de nombreux effets psych\u00e9d\u00e9liques, notamment une perception sensorielle accrue, de l\u2019ouverture, de la clart\u00e9 et de la joie. Iboga TA se pr\u00e9sente sous une forme brun\u00e2tre.<\/p>\n<p>Avec Iboga TA, vous pouvez profiter des m\u00eames b\u00e9n\u00e9fices que ceux rapport\u00e9s avec l\u2019iboga\u00efne, sans les nombreux risques qui y sont associ\u00e9s.<\/p>\n<h3><strong>Prendre Iboga TA\u00a0<\/strong><\/h3>\n<ul>\n<li>Une exp\u00e9rience spirituelle qui peut transformer positivement votre vie<\/li>\n<li>garanti de vous offrir un changement \u00e0 spectre complet<\/li>\n<li>Plus de confiance dans les situations sociales<\/li>\n<li>Pens\u00e9e cr\u00e9ative et confiance en votre intuition<\/li>\n<li>Une meilleure compr\u00e9hension de l\u2019univers<\/li>\n<\/ul>\n<h3 style=\"text-align: left;\"><strong>Ingr\u00e9dients d\u2019Iboga TA<\/strong><\/h3>\n<p>Notre produit d\u2019iboga TA est un extrait de haute qualit\u00e9 contenant environ 45 % d\u2019iboga\u00efne, et il se pr\u00e9sente sous forme de morceaux ou de amas bruns de poudre brune moulue.<\/p>\n<ul>\n<li style=\"text-align: left;\"><span style=\"color: #000000;\"><a style=\"color: #000000;\" href=\"http:\/\/getibogaine.com\/iboga-ta-extract\/\">Extrait d\u2019alcalo\u00efde d\u2019iboga\u00efne \u00e0 vendre <\/a>est un extrait d\u2019alcalo\u00efdes totaux d\u2019iboga.<\/span><\/li>\n<li style=\"text-align: left;\"><span style=\"color: #000000;\">Extrait de poudre d\u2019\u00e9corce de racine d\u2019iboga.<\/span><\/li>\n<li style=\"text-align: left;\"><span style=\"color: #000000;\">Compos\u00e9 d\u2019environ 45 % d\u2019iboga\u00efne.<\/span><\/li>\n<li style=\"text-align: left;\"><span style=\"color: #000000;\">Il se pr\u00e9sente sous forme d\u2019amas bruns.<\/span><\/li>\n<\/ul>\n<p>Achetez d\u00e8s aujourd\u2019hui nos produits de haute qualit\u00e9 dans notre boutique et profitez de nos prix abordables.<\/p>\n<p><strong>Origine<\/strong> : <em>for\u00eat tropicale d\u2019Afrique centrale<\/em><\/p>\n<\/div>\n<\/div>\n","protected":false},"excerpt":{"rendered":"<p>La livraison express a un d\u00e9lai de livraison rapide de 3 \u00e0 7 jours.<\/p>\n<p>Produit : Iboga TA<\/p>\n<p>Marque : Get Ibogaine<\/p>\n<p>Poids : 5 grammes<\/p>\n<p>Frais de livraison : Calcul\u00e9s au moment du paiement<\/p>\n<p>Avantages de l\u2019Iboga TA Le traitement \u00e0 l\u2019iboga\u00efne contre l\u2019addiction est efficace pour plusieurs types de d\u00e9pendance. Un exemple est la d\u00e9pendance \u00e0 l\u2019h\u00e9ro\u00efne. Il n\u2019est pas toxique. Il est s\u00fbr De nombreux centres de traitement \u00e0 l\u2019Iboga le pr\u00e9f\u00e8rent \u00e0 la fois pour sa facilit\u00e9 d\u2019utilisation et pour l\u2019exp\u00e9rience psycho-spirituelle plus profonde qu\u2019il procure.<\/p>\n","protected":false},"featured_media":34561,"comment_status":"open","ping_status":"closed","template":"","meta":{"site-sidebar-layout":"default","site-content-layout":"","ast-site-content-layout":"default","site-content-style":"default","site-sidebar-style":"default","ast-global-header-display":"","ast-banner-title-visibility":"","ast-main-header-display":"","ast-hfb-above-header-display":"","ast-hfb-below-header-display":"","ast-hfb-mobile-header-display":"","site-post-title":"","ast-breadcrumbs-content":"","ast-featured-img":"","footer-sml-layout":"","ast-disable-related-posts":"","theme-transparent-header-meta":"default","adv-header-id-meta":"","stick-header-meta":"default","header-above-stick-meta":"","header-main-stick-meta":"","header-below-stick-meta":"","astra-migrate-meta-layouts":"set","ast-page-background-enabled":"default","ast-page-background-meta":{"desktop":{"background-color":"var(--ast-global-color-4)","background-image":"","background-repeat":"repeat","background-position":"center center","background-size":"auto","background-attachment":"scroll","background-type":"","background-media":"","overlay-type":"","overlay-color":"","overlay-opacity":"","overlay-gradient":""},"tablet":{"background-color":"","background-image":"","background-repeat":"repeat","background-position":"center center","background-size":"auto","background-attachment":"scroll","background-type":"","background-media":"","overlay-type":"","overlay-color":"","overlay-opacity":"","overlay-gradient":""},"mobile":{"background-color":"","background-image":"","background-repeat":"repeat","background-position":"center center","background-size":"auto","background-attachment":"scroll","background-type":"","background-media":"","overlay-type":"","overlay-color":"","overlay-opacity":"","overlay-gradient":""}},"ast-content-background-meta":{"desktop":{"background-color":"var(--ast-global-color-5)","background-image":"","background-repeat":"repeat","background-position":"center center","background-size":"auto","background-attachment":"scroll","background-type":"","background-media":"","overlay-type":"","overlay-color":"","overlay-opacity":"","overlay-gradient":""},"tablet":{"background-color":"var(--ast-global-color-5)","background-image":"","background-repeat":"repeat","background-position":"center center","background-size":"auto","background-attachment":"scroll","background-type":"","background-media":"","overlay-type":"","overlay-color":"","overlay-opacity":"","overlay-gradient":""},"mobile":{"background-color":"var(--ast-global-color-5)","background-image":"","background-repeat":"repeat","background-position":"center center","background-size":"auto","background-attachment":"scroll","background-type":"","background-media":"","overlay-type":"","overlay-color":"","overlay-opacity":"","overlay-gradient":""}},"jetpack_publicize_message":"","jetpack_publicize_feature_enabled":true,"jetpack_social_post_already_shared":true,"jetpack_social_options":{"image_generator_settings":{"template":"highway","default_image_id":0,"font":"","enabled":false},"version":2}},"product_brand":[4007],"product_cat":[568],"product_tag":[1544,1517],"class_list":{"0":"post-31467","1":"product","2":"type-product","3":"status-publish","4":"has-post-thumbnail","6":"product_brand-getibogaine","7":"product_cat-acheter-de-liboga","8":"product_tag-iboga-ta","9":"product_tag-naturel","10":"desktop-align-left","11":"tablet-align-left","12":"mobile-align-left","13":"ast-product-gallery-layout-horizontal-slider","14":"ast-product-tabs-layout-horizontal","16":"first","17":"instock","18":"shipping-taxable","19":"purchasable","20":"product-type-simple"},"jetpack_publicize_connections":[],"jetpack_sharing_enabled":true,"_links":{"self":[{"href":"https:\/\/getibogaine.com\/fr\/wp-json\/wp\/v2\/product\/31467","targetHints":{"allow":["GET"]}}],"collection":[{"href":"https:\/\/getibogaine.com\/fr\/wp-json\/wp\/v2\/product"}],"about":[{"href":"https:\/\/getibogaine.com\/fr\/wp-json\/wp\/v2\/types\/product"}],"replies":[{"embeddable":true,"href":"https:\/\/getibogaine.com\/fr\/wp-json\/wp\/v2\/comments?post=31467"}],"version-history":[{"count":0,"href":"https:\/\/getibogaine.com\/fr\/wp-json\/wp\/v2\/product\/31467\/revisions"}],"wp:featuredmedia":[{"embeddable":true,"href":"https:\/\/getibogaine.com\/fr\/wp-json\/wp\/v2\/media\/34561"}],"wp:attachment":[{"href":"https:\/\/getibogaine.com\/fr\/wp-json\/wp\/v2\/media?parent=31467"}],"wp:term":[{"taxonomy":"product_brand","embeddable":true,"href":"https:\/\/getibogaine.com\/fr\/wp-json\/wp\/v2\/product_brand?post=31467"},{"taxonomy":"product_cat","embeddable":true,"href":"https:\/\/getibogaine.com\/fr\/wp-json\/wp\/v2\/product_cat?post=31467"},{"taxonomy":"product_tag","embeddable":true,"href":"https:\/\/getibogaine.com\/fr\/wp-json\/wp\/v2\/product_tag?post=31467"}],"curies":[{"name":"wp","href":"https:\/\/api.w.org\/{rel}","templated":true}]}}