{"id":31479,"date":"2022-10-13T08:40:21","date_gmt":"2022-10-13T07:40:21","guid":{"rendered":"http:\/\/getibogaine.com\/?post_type=product&#038;p=10337"},"modified":"2026-03-17T11:36:51","modified_gmt":"2026-03-17T15:36:51","slug":"acheter-4g-de-libogaine-hcl","status":"publish","type":"product","link":"https:\/\/getibogaine.com\/fr\/produit\/acheter-4g-de-libogaine-hcl\/","title":{"rendered":"Iboga\u00efne HCL (4 g)"},"content":{"rendered":"<div class=\"row\">\n<div class=\"col-lg-7 col-12\">\n<h2 style=\"text-align: left;\"><strong>Iboga\u00efne HCL 4 grammes<\/strong><\/h2>\n<p>Achetez l\u2019iboga\u00efne HCL 4 g \u00e0 vendre. Lorsqu\u2019il s\u2019agit d\u2019iboga\u00efne HCL \u00e0 vendre, notre boutique fait partie des principaux fournisseurs d\u2019iboga\u00efne HCL de haute qualit\u00e9 en ligne. Nous ne sommes pas seulement des fournisseurs de premier plan d\u2019iboga\u00efne HCL, mais aussi des fournisseurs de premier plan d\u2019\u00e9corces de racine d\u2019iboga et d\u2019iboga TA en ligne.<\/p>\n<p>Achetez l\u2019iboga\u00efne HCL 4 g \u00e0 vendre, un excellent choix. Notre iboga\u00efne est extraite sous forme de poudre blanche, et notre iboga\u00efne HCL est compos\u00e9e \u00e0 95 % d\u2019iboga\u00efne. Cela en fait l\u2019un des produits les plus puissants disponibles et, par cons\u00e9quent, il peut \u00eatre consomm\u00e9 en plus petites quantit\u00e9s que de nombreux autres produits similaires.<\/p>\n<p>Avec notre iboga\u00efne HCL, vous ressentirez des effets psych\u00e9d\u00e9liques comme des hallucinations, mais avec une sensation propre et s\u00fbre qui permet d\u2019obtenir de nouveaux \u00e9clairages gr\u00e2ce au processus. Vous pourriez avoir des sensations de flottement et de vol, ou des visions de voyage \u00e0 travers des tunnels \u00e0 une vitesse fulgurante. Il est important de se rappeler qu\u2019il ne s\u2019agit pas de simples hallucinations ; votre esprit conscient ralentit afin que vous puissiez traiter des souvenirs traumatiques suffisamment rapidement pour que ces images soient trait\u00e9es par votre subconscient. Cela se produira dans de nombreux aspects de votre vie et vous donnera l\u2019occasion de vous connecter plus profond\u00e9ment \u00e0 vous-m\u00eame.<\/p>\n<h3 style=\"text-align: left;\"><strong>Composants de base de notre iboga\u00efne HCL<\/strong><\/h3>\n<ul>\n<li style=\"text-align: left;\">De l\u2019iboga\u00efne HCL pure a \u00e9t\u00e9 extraite du Tabernanthe.<\/li>\n<li style=\"text-align: left;\">Compos\u00e9e \u00e0 95 % d\u2019iboga\u00efne.<\/li>\n<li style=\"text-align: left;\">La HCL se pr\u00e9sente sous forme de poudre brune plut\u00f4t que blanche.<\/li>\n<\/ul>\n<h3 style=\"text-align: left;\"><strong>Avantages de notre iboga\u00efne HCL<\/strong><\/h3>\n<p>Notre iboga\u00efne en vente est de l\u2019iboga\u00efne HCL pure extraite du Tabernanthe.<br \/>\nDe plus, lorsque vous commandez ce produit, nous offrons les avantages suivants :<\/p>\n<ul>\n<li>Un standard garanti de teneur en iboga\u00efne HCL &gt;95%.<\/li>\n<li>Elle est fabriqu\u00e9e en laboratoire sans utiliser de produits chimiques ni de solvants, tels que l\u2019ac\u00e9tone ou l\u2019\u00e9ther.<\/li>\n<li>Nous perfectionnons avec expertise nos extractions d\u2019Iboga depuis 2017 et nous nous consacrons \u00e0 produire des extraits de qualit\u00e9 sup\u00e9rieure destin\u00e9s \u00e0 des usages m\u00e9dicaux.<\/li>\n<li>L\u2019iboga\u00efne HCL peut retirer compl\u00e8tement une personne de l\u2019\u00e9tat de d\u00e9pendance physique et psychologique pendant une p\u00e9riode allant d\u2019une semaine \u00e0 12 mois.<\/li>\n<li>L\u2019iboga\u00efne HCL a un effet souvent compar\u00e9 \u00e0 une gu\u00e9rison par intervention divine. Ceux qui ont exp\u00e9riment\u00e9 ce m\u00e9dicament prodigieux le savent.<\/li>\n<li>Un autre avantage majeur de l\u2019iboga\u00efne HCL r\u00e9side dans ses rem\u00e8des naturels contre certains maux sp\u00e9cifiques. Ce produit est consid\u00e9r\u00e9 comme b\u00e9n\u00e9fique contre la d\u00e9pression et la d\u00e9pendance aux opio\u00efdes.<\/li>\n<\/ul>\n<h3 style=\"text-align: left;\"><strong>Pourquoi acheter chez nous ?<\/strong><\/h3>\n<p>Contrairement \u00e0 d\u2019autres vendeurs, nous ne vendons que des produits \u00e0 base d\u2019Iboga. Cela s\u2019explique par notre engagement \u00e0 proposer la forme la plus pure d\u2019iboga\u00efne HCL \u00e0 un prix abordable. Vous remarquerez que certains vendeurs disposent d\u2019un large choix de produits. Cependant, les clients peuvent aussi se sentir d\u00e9pass\u00e9s.<\/p>\n<p><strong>Origine<\/strong> : Acheter iboga\u00efne HCL 4 g en vente en provenance du Cameroun<\/p>\n<\/div>\n<\/div>\n","protected":false},"excerpt":{"rendered":"<p>La livraison express offre un d\u00e9lai de livraison rapide de 3 \u00e0 7 jours.<\/p>\n<p>Produit : Iboga\u00efne HCL<\/p>\n<p>Marque : Get Ibogaine<\/p>\n<p>Poids : 4 grammes<\/p>\n<p>Frais de livraison : Calcul\u00e9s au moment du paiement<\/p>\n<h5>Pourquoi acheter l\u2019Iboga\u00efne HCL chez nous ?<\/h5>\n<ul>\n<li>Une norme garantie de teneur en Iboga\u00efne HCL &gt;95 %.<\/li>\n<li>Elle est fabriqu\u00e9e en laboratoire sans l\u2019utilisation de produits chimiques ni de solvants, tels que l\u2019ac\u00e9tone ou l\u2019\u00e9ther.<\/li>\n<li>Nous affinons avec expertise nos extractions d\u2019Iboga depuis 2017 et nous nous consacrons \u00e0 la production d\u2019extraits de premi\u00e8re qualit\u00e9 destin\u00e9s \u00e0 des usages m\u00e9dicaux et de recherche.<\/li>\n<li>Notre livraison express est rapide, comprise entre trois et sept jours dans le monde entier.<\/li>\n<li>L\u2019Iboga\u00efne HCL a la capacit\u00e9 de sortir compl\u00e8tement une personne de l\u2019\u00e9tat physique et psychologique de d\u00e9pendance pendant une p\u00e9riode allant de une semaine \u00e0 12 mois.<\/li>\n<li>L\u2019Iboga\u00efne HCL a un effet souvent compar\u00e9 \u00e0 une gu\u00e9rison par intervention divine. Ceux qui ont fait l\u2019exp\u00e9rience de ce m\u00e9dicament prodigieux le savent.<\/li>\n<li>Un autre avantage majeur de l\u2019Iboga\u00efne HCL est son action de rem\u00e8de naturel contre certains troubles. Ce produit est consid\u00e9r\u00e9 comme b\u00e9n\u00e9fique pour la d\u00e9pression et pour les opiac\u00e9s.<\/li>\n<\/ul>\n<p><em>Votre commande sera exp\u00e9di\u00e9e dans les 24 heures suivant la finalisation de votre achat et arrivera sous trois \u00e0 sept jours ouvrables. Nos tarifs d\u2019exp\u00e9dition varient selon le poids du colis.<\/em><\/p>\n","protected":false},"featured_media":34585,"comment_status":"open","ping_status":"closed","template":"","meta":{"site-sidebar-layout":"default","site-content-layout":"","ast-site-content-layout":"default","site-content-style":"default","site-sidebar-style":"default","ast-global-header-display":"","ast-banner-title-visibility":"","ast-main-header-display":"","ast-hfb-above-header-display":"","ast-hfb-below-header-display":"","ast-hfb-mobile-header-display":"","site-post-title":"","ast-breadcrumbs-content":"","ast-featured-img":"","footer-sml-layout":"","ast-disable-related-posts":"","theme-transparent-header-meta":"default","adv-header-id-meta":"","stick-header-meta":"default","header-above-stick-meta":"","header-main-stick-meta":"","header-below-stick-meta":"","astra-migrate-meta-layouts":"set","ast-page-background-enabled":"default","ast-page-background-meta":{"desktop":{"background-color":"var(--ast-global-color-4)","background-image":"","background-repeat":"repeat","background-position":"center center","background-size":"auto","background-attachment":"scroll","background-type":"","background-media":"","overlay-type":"","overlay-color":"","overlay-opacity":"","overlay-gradient":""},"tablet":{"background-color":"","background-image":"","background-repeat":"repeat","background-position":"center center","background-size":"auto","background-attachment":"scroll","background-type":"","background-media":"","overlay-type":"","overlay-color":"","overlay-opacity":"","overlay-gradient":""},"mobile":{"background-color":"","background-image":"","background-repeat":"repeat","background-position":"center center","background-size":"auto","background-attachment":"scroll","background-type":"","background-media":"","overlay-type":"","overlay-color":"","overlay-opacity":"","overlay-gradient":""}},"ast-content-background-meta":{"desktop":{"background-color":"var(--ast-global-color-5)","background-image":"","background-repeat":"repeat","background-position":"center center","background-size":"auto","background-attachment":"scroll","background-type":"","background-media":"","overlay-type":"","overlay-color":"","overlay-opacity":"","overlay-gradient":""},"tablet":{"background-color":"var(--ast-global-color-5)","background-image":"","background-repeat":"repeat","background-position":"center center","background-size":"auto","background-attachment":"scroll","background-type":"","background-media":"","overlay-type":"","overlay-color":"","overlay-opacity":"","overlay-gradient":""},"mobile":{"background-color":"var(--ast-global-color-5)","background-image":"","background-repeat":"repeat","background-position":"center center","background-size":"auto","background-attachment":"scroll","background-type":"","background-media":"","overlay-type":"","overlay-color":"","overlay-opacity":"","overlay-gradient":""}},"jetpack_publicize_message":"","jetpack_publicize_feature_enabled":true,"jetpack_social_post_already_shared":true,"jetpack_social_options":{"image_generator_settings":{"template":"highway","default_image_id":0,"font":"","enabled":false},"version":2}},"product_brand":[4007],"product_cat":[577],"product_tag":[1535,1517],"class_list":{"0":"post-31479","1":"product","2":"type-product","3":"status-publish","4":"has-post-thumbnail","6":"product_brand-getibogaine","7":"product_cat-ibogaine-hcl","8":"product_tag-ibogaine-hcl","9":"product_tag-naturel","10":"desktop-align-left","11":"tablet-align-left","12":"mobile-align-left","13":"ast-product-gallery-layout-horizontal-slider","14":"ast-product-tabs-layout-horizontal","16":"first","17":"instock","18":"shipping-taxable","19":"purchasable","20":"product-type-simple"},"jetpack_publicize_connections":[],"jetpack_sharing_enabled":true,"_links":{"self":[{"href":"https:\/\/getibogaine.com\/fr\/wp-json\/wp\/v2\/product\/31479","targetHints":{"allow":["GET"]}}],"collection":[{"href":"https:\/\/getibogaine.com\/fr\/wp-json\/wp\/v2\/product"}],"about":[{"href":"https:\/\/getibogaine.com\/fr\/wp-json\/wp\/v2\/types\/product"}],"replies":[{"embeddable":true,"href":"https:\/\/getibogaine.com\/fr\/wp-json\/wp\/v2\/comments?post=31479"}],"version-history":[{"count":0,"href":"https:\/\/getibogaine.com\/fr\/wp-json\/wp\/v2\/product\/31479\/revisions"}],"wp:featuredmedia":[{"embeddable":true,"href":"https:\/\/getibogaine.com\/fr\/wp-json\/wp\/v2\/media\/34585"}],"wp:attachment":[{"href":"https:\/\/getibogaine.com\/fr\/wp-json\/wp\/v2\/media?parent=31479"}],"wp:term":[{"taxonomy":"product_brand","embeddable":true,"href":"https:\/\/getibogaine.com\/fr\/wp-json\/wp\/v2\/product_brand?post=31479"},{"taxonomy":"product_cat","embeddable":true,"href":"https:\/\/getibogaine.com\/fr\/wp-json\/wp\/v2\/product_cat?post=31479"},{"taxonomy":"product_tag","embeddable":true,"href":"https:\/\/getibogaine.com\/fr\/wp-json\/wp\/v2\/product_tag?post=31479"}],"curies":[{"name":"wp","href":"https:\/\/api.w.org\/{rel}","templated":true}]}}