{"id":31491,"date":"2022-10-13T09:12:10","date_gmt":"2022-10-13T08:12:10","guid":{"rendered":"http:\/\/getibogaine.com\/?post_type=product&#038;p=10340"},"modified":"2026-03-17T11:40:48","modified_gmt":"2026-03-17T15:40:48","slug":"acheter-ibogaine-hcl-10-grammes","status":"publish","type":"product","link":"https:\/\/getibogaine.com\/fr\/produit\/acheter-ibogaine-hcl-10-grammes\/","title":{"rendered":"Iboga\u00efne HCL (10 g)"},"content":{"rendered":"<div class=\"row\">\n<div class=\"col-lg-7 col-12\">\n<h2 style=\"text-align: left;\"><strong>Iboga\u00efne HCL 10 grammes<\/strong><\/h2>\n<p>Acheter de l\u2019iboga\u00efne HCL 10 grammes. L\u2019iboga\u00efne HCL est un compl\u00e9ment enti\u00e8rement naturel aux effets anti-addiction puissants.<\/p>\n<p>En ce qui concerne l\u2019<a title=\"ibogaine\" href=\"http:\/\/getibogaine.com\/tag\/ibogaine\/\" data-wpil-monitor-id=\"100\">Ibogaine<\/a> HCL en vente, notre boutique est l\u2019un des principaux fournisseurs d\u2019\u00e9corce de racine d\u2019iboga de haute qualit\u00e9 en ligne.<\/p>\n<p>Si vous souhaitez acheter de l\u2019iboga\u00efne HCL, c\u2019est un excellent choix. Notre <a title=\"ibogaine.\" href=\"http:\/\/getibogaine.com\/tag\/ibogaine-2\/\" data-wpil-monitor-id=\"101\">ibogaine<\/a> est extraite sous forme de poudre blanche, et notre iboga\u00efne HCL est compos\u00e9e \u00e0 95 % d\u2019iboga\u00efne. Cela en fait l\u2019un des produits les plus puissants disponibles et, \u00e0 ce titre, peut \u00eatre consomm\u00e9 en plus petites quantit\u00e9s que beaucoup d\u2019autres produits similaires.<\/p>\n<p>Lorsque vous achetez de l\u2019iboga\u00efne HCL 10 grammes, vous ressentirez des effets <a title=\"Psychedelics\" href=\"http:\/\/getibogaine.com\/tag\/psychedelics\/\" data-wpil-monitor-id=\"102\">psych\u00e9d\u00e9liques<\/a> comme des hallucinations, mais avec une sensation de clart\u00e9 et de s\u00e9curit\u00e9 qui permet d\u2019obtenir de nouvelles prises de conscience gr\u00e2ce au processus. Vous pouvez avoir des sensations de flottement et de vol, ou des visions de voyage \u00e0 travers des tunnels \u00e0 une vitesse fulgurante. Il est important de se rappeler qu\u2019il ne s\u2019agit pas seulement d\u2019hallucinations ; votre esprit conscient ralentit afin que vous puissiez traiter des souvenirs traumatiques assez rapidement pour que ces images soient trait\u00e9es par votre subconscient. Cela se produira dans de nombreux aspects de votre vie et vous donnera l\u2019occasion de vous connecter plus profond\u00e9ment \u00e0 vous-m\u00eame.<\/p>\n<h3 style=\"text-align: left;\"><strong>Composants essentiels de notre iboga\u00efne HCL<\/strong><\/h3>\n<ul>\n<li style=\"text-align: left;\">L\u2019iboga\u00efne HCL pure a \u00e9t\u00e9 extraite de Tabernanthe.<\/li>\n<li style=\"text-align: left;\">Elles sont compos\u00e9es \u00e0 95 % d\u2019iboga\u00efne.<\/li>\n<li style=\"text-align: left;\">La HCL se pr\u00e9sente sous forme d\u2019une poudre brune plut\u00f4t que blanche.<\/li>\n<\/ul>\n<h3 style=\"text-align: left;\"><strong>Avantages de notre iboga\u00efne HCL<\/strong><\/h3>\n<p>Notre iboga\u00efne \u00e0 vendre est de l\u2019iboga\u00efne HCL pure extraite de Tabernanthe.<br \/>\nDe plus, nous offrons les avantages suivants lorsque vous commandez ce produit :<\/p>\n<ul>\n<li>Une norme garantie de teneur en iboga\u00efne HCL &gt;95 %.<\/li>\n<li>Elle est fabriqu\u00e9e en laboratoire sans utiliser de produits chimiques ni de solvants, comme l\u2019ac\u00e9tone ou l\u2019\u00e9ther.<\/li>\n<li>Depuis 2017, nous raffinons avec expertise nos extractions d\u2019<a title=\"Secret Bwiti Religion &amp; Healing with Iboga Plant\" href=\"http:\/\/getibogaine.com\/bwiti-religion-and-healing-practices-with-iboga\/\" data-wpil-monitor-id=\"103\">Iboga<\/a> et nous nous consacrons \u00e0 produire des extraits de qualit\u00e9 sup\u00e9rieure destin\u00e9s \u00e0 des fins m\u00e9dicales.<\/li>\n<li>L\u2019iboga\u00efne HCL peut retirer compl\u00e8tement une personne de l\u2019\u00e9tat physique et psychologique d\u2019<a title=\"addiction\" href=\"http:\/\/getibogaine.com\/tag\/addiction\/\" data-wpil-monitor-id=\"104\">addiction<\/a> pendant une p\u00e9riode allant de <strong>une semaine \u00e0 12 mois.<\/strong><\/li>\n<li>L\u2019iboga\u00efne HCL a un effet souvent compar\u00e9 \u00e0 une gu\u00e9rison par intervention divine. Ceux qui ont v\u00e9cu cette exp\u00e9rience avec la <a title=\"drugs\" href=\"http:\/\/getibogaine.com\/tag\/drugs\/\" data-wpil-monitor-id=\"105\">drogue<\/a> le savent.<\/li>\n<li>Un autre avantage important de l\u2019Iboga\u00efne HCL est son action comme rem\u00e8de naturel contre certaines affections sp\u00e9cifiques. Ce m\u00e9dicament est consid\u00e9r\u00e9 comme b\u00e9n\u00e9fique pour <a title=\"Rehab: Can it Help You Overcome Depression?\" href=\"http:\/\/getibogaine.com\/is-there-rehab-for-depression\/\" data-wpil-monitor-id=\"106\">la d\u00e9pression<\/a> et les opiac\u00e9s.<\/li>\n<\/ul>\n<h3 style=\"text-align: left;\"><strong>Pourquoi acheter chez nous ?<\/strong><\/h3>\n<p>Contrairement \u00e0 d\u2019autres vendeurs, nous ne vendons que des produits <a title=\"iboga\" href=\"http:\/\/getibogaine.com\/product-tag\/iboga\/\" data-wpil-monitor-id=\"107\">Iboga<\/a>. Cela s\u2019explique par notre engagement \u00e0 fournir la forme la plus pure d\u2019Iboga\u00efne HCL \u00e0 un prix abordable. Vous remarquerez que certains vendeurs proposent un large choix de produits. Cependant, les clients peuvent aussi se sentir d\u00e9pass\u00e9s.<\/p>\n<p><strong>Origine<\/strong> : Acheter Iboga\u00efne HCL 10 grammes du Cameroun<\/p>\n<\/div>\n<div class=\"col-lg-5 col-12\"><\/div>\n<\/div>\n","protected":false},"excerpt":{"rendered":"<p>La livraison express offre un d\u00e9lai rapide de 3 \u00e0 7 jours.<\/p>\n<p>Produit : Iboga\u00efne HCL<\/p>\n<p>Marque : Get Ibogaine<\/p>\n<p>Poids : 10 grammes<\/p>\n<p>Frais de livraison : Calcul\u00e9s au moment du paiement<\/p>\n<p><em>Votre commande sera exp\u00e9di\u00e9e dans les 24 heures suivant la finalisation de votre achat et arrivera entre trois et sept jours ouvrables. Nos tarifs d\u2019exp\u00e9dition varient en fonction du poids du colis.<\/em><\/p>\n","protected":false},"featured_media":34617,"comment_status":"open","ping_status":"closed","template":"","meta":{"site-sidebar-layout":"default","site-content-layout":"","ast-site-content-layout":"default","site-content-style":"default","site-sidebar-style":"default","ast-global-header-display":"","ast-banner-title-visibility":"","ast-main-header-display":"","ast-hfb-above-header-display":"","ast-hfb-below-header-display":"","ast-hfb-mobile-header-display":"","site-post-title":"","ast-breadcrumbs-content":"","ast-featured-img":"","footer-sml-layout":"","ast-disable-related-posts":"","theme-transparent-header-meta":"default","adv-header-id-meta":"","stick-header-meta":"default","header-above-stick-meta":"","header-main-stick-meta":"","header-below-stick-meta":"","astra-migrate-meta-layouts":"set","ast-page-background-enabled":"default","ast-page-background-meta":{"desktop":{"background-color":"var(--ast-global-color-4)","background-image":"","background-repeat":"repeat","background-position":"center center","background-size":"auto","background-attachment":"scroll","background-type":"","background-media":"","overlay-type":"","overlay-color":"","overlay-opacity":"","overlay-gradient":""},"tablet":{"background-color":"","background-image":"","background-repeat":"repeat","background-position":"center center","background-size":"auto","background-attachment":"scroll","background-type":"","background-media":"","overlay-type":"","overlay-color":"","overlay-opacity":"","overlay-gradient":""},"mobile":{"background-color":"","background-image":"","background-repeat":"repeat","background-position":"center center","background-size":"auto","background-attachment":"scroll","background-type":"","background-media":"","overlay-type":"","overlay-color":"","overlay-opacity":"","overlay-gradient":""}},"ast-content-background-meta":{"desktop":{"background-color":"var(--ast-global-color-5)","background-image":"","background-repeat":"repeat","background-position":"center center","background-size":"auto","background-attachment":"scroll","background-type":"","background-media":"","overlay-type":"","overlay-color":"","overlay-opacity":"","overlay-gradient":""},"tablet":{"background-color":"var(--ast-global-color-5)","background-image":"","background-repeat":"repeat","background-position":"center center","background-size":"auto","background-attachment":"scroll","background-type":"","background-media":"","overlay-type":"","overlay-color":"","overlay-opacity":"","overlay-gradient":""},"mobile":{"background-color":"var(--ast-global-color-5)","background-image":"","background-repeat":"repeat","background-position":"center center","background-size":"auto","background-attachment":"scroll","background-type":"","background-media":"","overlay-type":"","overlay-color":"","overlay-opacity":"","overlay-gradient":""}},"jetpack_publicize_message":"","jetpack_publicize_feature_enabled":true,"jetpack_social_post_already_shared":true,"jetpack_social_options":{"image_generator_settings":{"template":"highway","default_image_id":0,"font":"","enabled":false},"version":2}},"product_brand":[4007],"product_cat":[577],"product_tag":[1535,1517],"class_list":{"0":"post-31491","1":"product","2":"type-product","3":"status-publish","4":"has-post-thumbnail","6":"product_brand-getibogaine","7":"product_cat-ibogaine-hcl","8":"product_tag-ibogaine-hcl","9":"product_tag-naturel","10":"desktop-align-left","11":"tablet-align-left","12":"mobile-align-left","13":"ast-product-gallery-layout-horizontal-slider","14":"ast-product-tabs-layout-horizontal","16":"first","17":"instock","18":"sale","19":"shipping-taxable","20":"purchasable","21":"product-type-simple"},"jetpack_publicize_connections":[],"jetpack_sharing_enabled":true,"_links":{"self":[{"href":"https:\/\/getibogaine.com\/fr\/wp-json\/wp\/v2\/product\/31491","targetHints":{"allow":["GET"]}}],"collection":[{"href":"https:\/\/getibogaine.com\/fr\/wp-json\/wp\/v2\/product"}],"about":[{"href":"https:\/\/getibogaine.com\/fr\/wp-json\/wp\/v2\/types\/product"}],"replies":[{"embeddable":true,"href":"https:\/\/getibogaine.com\/fr\/wp-json\/wp\/v2\/comments?post=31491"}],"version-history":[{"count":0,"href":"https:\/\/getibogaine.com\/fr\/wp-json\/wp\/v2\/product\/31491\/revisions"}],"wp:featuredmedia":[{"embeddable":true,"href":"https:\/\/getibogaine.com\/fr\/wp-json\/wp\/v2\/media\/34617"}],"wp:attachment":[{"href":"https:\/\/getibogaine.com\/fr\/wp-json\/wp\/v2\/media?parent=31491"}],"wp:term":[{"taxonomy":"product_brand","embeddable":true,"href":"https:\/\/getibogaine.com\/fr\/wp-json\/wp\/v2\/product_brand?post=31491"},{"taxonomy":"product_cat","embeddable":true,"href":"https:\/\/getibogaine.com\/fr\/wp-json\/wp\/v2\/product_cat?post=31491"},{"taxonomy":"product_tag","embeddable":true,"href":"https:\/\/getibogaine.com\/fr\/wp-json\/wp\/v2\/product_tag?post=31491"}],"curies":[{"name":"wp","href":"https:\/\/api.w.org\/{rel}","templated":true}]}}