{"id":31503,"date":"2022-10-13T09:26:18","date_gmt":"2022-10-13T08:26:18","guid":{"rendered":"http:\/\/getibogaine.com\/?post_type=product&#038;p=10342"},"modified":"2026-03-17T11:32:18","modified_gmt":"2026-03-17T15:32:18","slug":"acheter-8-grammes-d-ibogaine-hcl","status":"publish","type":"product","link":"https:\/\/getibogaine.com\/fr\/produit\/acheter-8-grammes-d-ibogaine-hcl\/","title":{"rendered":"Iboga\u00efne HCL (8 g)"},"content":{"rendered":"<div class=\"row\">\n<div class=\"col-lg-7 col-12\">\n<h2 style=\"text-align: left;\"><strong>Iboga\u00efne HCL 8 grammes<\/strong><\/h2>\n<p>Achetez 8 grammes d\u2019Iboga\u00efne HCL. Lorsqu\u2019il s\u2019agit d\u2019Iboga\u00efne HCL en vente, notre boutique est l\u2019un des principaux fournisseurs d\u2019\u00e9corce de racine d\u2019iboga de haute qualit\u00e9 en ligne.<\/p>\n<p>L\u2019Iboga\u00efne HCL est un suppl\u00e9ment enti\u00e8rement naturel aux effets anti-addiction tr\u00e8s puissants. Si vous souhaitez acheter de l\u2019iboga\u00efne HCL, c\u2019est un excellent choix. Notre <a title=\"ibogaine\" href=\"http:\/\/getibogaine.com\/tag\/ibogaine\/\" data-wpil-monitor-id=\"84\">ibogaine<\/a> est extraite sous forme de poudre blanche, et notre iboga\u00efne HCL est compos\u00e9e \u00e0 95 % d\u2019iboga\u00efne. Cela en fait l\u2019un des produits les plus puissants disponibles et, \u00e0 ce titre, peut \u00eatre consomm\u00e9 en plus petites quantit\u00e9s que beaucoup d\u2019autres produits similaires.<\/p>\n<p>Avec notre iboga\u00efne HCL, vous ressentirez des effets <a title=\"Psychedelics\" href=\"http:\/\/getibogaine.com\/tag\/psychedelics\/\" data-wpil-monitor-id=\"85\">psych\u00e9d\u00e9liques<\/a> comme des hallucinations, mais avec une sensation de clart\u00e9 et de s\u00e9curit\u00e9 qui permet d\u2019obtenir de nouvelles prises de conscience gr\u00e2ce au processus. Vous pouvez \u00e9prouver des sensations de flottement et de vol, ou avoir des visions de voyage \u00e0 travers des tunnels \u00e0 une vitesse fulgurante. Il est important de se rappeler qu\u2019il ne s\u2019agit pas seulement d\u2019hallucinations ; votre esprit conscient ralentit afin que vous puissiez traiter des souvenirs traumatiques suffisamment rapidement pour que ces images soient trait\u00e9es par votre subconscient. Cela se produira dans de nombreux aspects de votre vie et vous donnera l\u2019occasion de vous connecter plus profond\u00e9ment \u00e0 vous-m\u00eame.<\/p>\n<h3 style=\"text-align: left;\"><strong>Composants de base de notre iboga\u00efne HCL<\/strong><\/h3>\n<ul>\n<li style=\"text-align: left;\">De l\u2019iboga\u00efne HCL pure a \u00e9t\u00e9 extraite de la Tabernanthe.<\/li>\n<li style=\"text-align: left;\">Compos\u00e9e \u00e0 95 % d\u2019<a title=\"ibogaine.\" href=\"http:\/\/getibogaine.com\/tag\/ibogaine-2\/\" data-wpil-monitor-id=\"86\">iboga\u00efne<\/a>.<\/li>\n<li style=\"text-align: left;\">La HCL se pr\u00e9sente sous forme de poudre brune plut\u00f4t que blanche.<\/li>\n<\/ul>\n<h3 style=\"text-align: left;\"><strong>Avantages de notre iboga\u00efne HCL<\/strong><\/h3>\n<p>Notre iboga\u00efne \u00e0 vendre est de l\u2019iboga\u00efne HCL pure extraite de la Tabernanthe.<br \/>\nDe plus, nous offrons les avantages suivants lorsque vous commandez ce produit :<\/p>\n<ul>\n<li>Une norme garantie de teneur en iboga\u00efne HCL &gt;95 %.<\/li>\n<li>Elle est fabriqu\u00e9e en laboratoire sans utiliser de produits chimiques ni de solvants, tels que l\u2019ac\u00e9tone ou l\u2019\u00e9ther<\/li>\n<li>Nous perfectionnons avec expertise nos extractions d\u2019<a title=\"Secret Bwiti Religion &amp; Healing with Iboga Plant\" href=\"http:\/\/getibogaine.com\/bwiti-religion-and-healing-practices-with-iboga\/\" data-wpil-monitor-id=\"87\">Iboga<\/a> depuis 2017 et nous nous consacrons \u00e0 produire des extraits de qualit\u00e9 sup\u00e9rieure destin\u00e9s \u00e0 des usages m\u00e9dicaux.<\/li>\n<li>L\u2019iboga\u00efne HCL peut retirer compl\u00e8tement une personne de l\u2019\u00e9tat de d\u00e9pendance physique et psychologique pendant une p\u00e9riode allant d\u2019<strong>une semaine \u00e0 12 mois.<\/strong><\/li>\n<li>L\u2019iboga\u00efne HCL a un effet souvent compar\u00e9 \u00e0 une gu\u00e9rison par intervention divine. Ceux qui ont v\u00e9cu cette exp\u00e9rience le savent.<\/li>\n<li>Un autre avantage majeur de l\u2019iboga\u00efne HCL est son action comme rem\u00e8de naturel contre certains troubles. Ce m\u00e9dicament est consid\u00e9r\u00e9 comme b\u00e9n\u00e9fique contre la <a title=\"Rehab: Can it Help You Overcome Depression?\" href=\"http:\/\/getibogaine.com\/is-there-rehab-for-depression\/\" data-wpil-monitor-id=\"89\">d\u00e9pression<\/a> et la d\u00e9pendance aux opiac\u00e9s.<\/li>\n<\/ul>\n<h3 style=\"text-align: left;\"><strong>Pourquoi acheter chez nous ?<\/strong><\/h3>\n<p>Contrairement \u00e0 d\u2019autres vendeurs, nous ne vendons que des produits <a title=\"iboga\" href=\"http:\/\/getibogaine.com\/product-tag\/iboga\/\" data-wpil-monitor-id=\"90\">Iboga<\/a>. Cela s\u2019explique par notre engagement \u00e0 fournir la forme la plus pure d\u2019iboga\u00efne HCL \u00e0 un prix abordable. Vous remarquerez que certains vendeurs proposent un large choix de produits. Cependant, les clients peuvent aussi se sentir submerg\u00e9s.<\/p>\n<p><strong>Origine<\/strong> : <em>for\u00eat tropicale d\u2019Afrique centrale<\/em><\/p>\n<\/div>\n<\/div>\n","protected":false},"excerpt":{"rendered":"<p>La livraison express offre un d\u00e9lai de livraison rapide de 3 \u00e0 7 jours.<\/p>\n<p>Produit : Ibogaine HCL<\/p>\n<p>Marque : Get Ibogaine<\/p>\n<p>Poids : 8 grammes<\/p>\n<p>Frais de livraison : Calcul\u00e9s lors du paiement.<\/p>\n","protected":false},"featured_media":35256,"comment_status":"open","ping_status":"closed","template":"","meta":{"site-sidebar-layout":"default","site-content-layout":"","ast-site-content-layout":"default","site-content-style":"default","site-sidebar-style":"default","ast-global-header-display":"","ast-banner-title-visibility":"","ast-main-header-display":"","ast-hfb-above-header-display":"","ast-hfb-below-header-display":"","ast-hfb-mobile-header-display":"","site-post-title":"","ast-breadcrumbs-content":"","ast-featured-img":"","footer-sml-layout":"","ast-disable-related-posts":"","theme-transparent-header-meta":"default","adv-header-id-meta":"","stick-header-meta":"default","header-above-stick-meta":"","header-main-stick-meta":"","header-below-stick-meta":"","astra-migrate-meta-layouts":"set","ast-page-background-enabled":"default","ast-page-background-meta":{"desktop":{"background-color":"var(--ast-global-color-4)","background-image":"","background-repeat":"repeat","background-position":"center center","background-size":"auto","background-attachment":"scroll","background-type":"","background-media":"","overlay-type":"","overlay-color":"","overlay-opacity":"","overlay-gradient":""},"tablet":{"background-color":"","background-image":"","background-repeat":"repeat","background-position":"center center","background-size":"auto","background-attachment":"scroll","background-type":"","background-media":"","overlay-type":"","overlay-color":"","overlay-opacity":"","overlay-gradient":""},"mobile":{"background-color":"","background-image":"","background-repeat":"repeat","background-position":"center center","background-size":"auto","background-attachment":"scroll","background-type":"","background-media":"","overlay-type":"","overlay-color":"","overlay-opacity":"","overlay-gradient":""}},"ast-content-background-meta":{"desktop":{"background-color":"var(--ast-global-color-5)","background-image":"","background-repeat":"repeat","background-position":"center center","background-size":"auto","background-attachment":"scroll","background-type":"","background-media":"","overlay-type":"","overlay-color":"","overlay-opacity":"","overlay-gradient":""},"tablet":{"background-color":"var(--ast-global-color-5)","background-image":"","background-repeat":"repeat","background-position":"center center","background-size":"auto","background-attachment":"scroll","background-type":"","background-media":"","overlay-type":"","overlay-color":"","overlay-opacity":"","overlay-gradient":""},"mobile":{"background-color":"var(--ast-global-color-5)","background-image":"","background-repeat":"repeat","background-position":"center center","background-size":"auto","background-attachment":"scroll","background-type":"","background-media":"","overlay-type":"","overlay-color":"","overlay-opacity":"","overlay-gradient":""}},"jetpack_publicize_message":"","jetpack_publicize_feature_enabled":true,"jetpack_social_post_already_shared":true,"jetpack_social_options":{"image_generator_settings":{"template":"highway","default_image_id":0,"font":"","enabled":false},"version":2}},"product_brand":[4007],"product_cat":[577],"product_tag":[1535,1517],"class_list":{"0":"post-31503","1":"product","2":"type-product","3":"status-publish","4":"has-post-thumbnail","6":"product_brand-getibogaine","7":"product_cat-ibogaine-hcl","8":"product_tag-ibogaine-hcl","9":"product_tag-naturel","10":"desktop-align-left","11":"tablet-align-left","12":"mobile-align-left","13":"ast-product-gallery-layout-horizontal-slider","14":"ast-product-tabs-layout-horizontal","16":"first","17":"instock","18":"sale","19":"sold-individually","20":"shipping-taxable","21":"purchasable","22":"product-type-simple"},"jetpack_publicize_connections":[],"jetpack_sharing_enabled":true,"_links":{"self":[{"href":"https:\/\/getibogaine.com\/fr\/wp-json\/wp\/v2\/product\/31503","targetHints":{"allow":["GET"]}}],"collection":[{"href":"https:\/\/getibogaine.com\/fr\/wp-json\/wp\/v2\/product"}],"about":[{"href":"https:\/\/getibogaine.com\/fr\/wp-json\/wp\/v2\/types\/product"}],"replies":[{"embeddable":true,"href":"https:\/\/getibogaine.com\/fr\/wp-json\/wp\/v2\/comments?post=31503"}],"version-history":[{"count":0,"href":"https:\/\/getibogaine.com\/fr\/wp-json\/wp\/v2\/product\/31503\/revisions"}],"wp:featuredmedia":[{"embeddable":true,"href":"https:\/\/getibogaine.com\/fr\/wp-json\/wp\/v2\/media\/35256"}],"wp:attachment":[{"href":"https:\/\/getibogaine.com\/fr\/wp-json\/wp\/v2\/media?parent=31503"}],"wp:term":[{"taxonomy":"product_brand","embeddable":true,"href":"https:\/\/getibogaine.com\/fr\/wp-json\/wp\/v2\/product_brand?post=31503"},{"taxonomy":"product_cat","embeddable":true,"href":"https:\/\/getibogaine.com\/fr\/wp-json\/wp\/v2\/product_cat?post=31503"},{"taxonomy":"product_tag","embeddable":true,"href":"https:\/\/getibogaine.com\/fr\/wp-json\/wp\/v2\/product_tag?post=31503"}],"curies":[{"name":"wp","href":"https:\/\/api.w.org\/{rel}","templated":true}]}}