{"id":31515,"date":"2022-10-18T12:23:29","date_gmt":"2022-10-18T16:23:29","guid":{"rendered":"http:\/\/getibogaine.com\/?post_type=product&#038;p=10907"},"modified":"2026-03-09T05:38:25","modified_gmt":"2026-03-09T09:38:25","slug":"graines-d-iboga-a-vendre","status":"publish","type":"product","link":"https:\/\/getibogaine.com\/fr\/produit\/graines-d-iboga-a-vendre\/","title":{"rendered":"Graines d\u2019iboga de qualit\u00e9 sup\u00e9rieure"},"content":{"rendered":"<div class=\"row\">\n<div class=\"col-lg-7 col-12\">\n<h2 style=\"text-align: left;\"><strong>Des graines d\u2019iboga sont en vente.<\/strong><\/h2>\n<p><iframe title=\"Lecteur vid\u00e9o YouTube\" src=\"https:\/\/www.youtube.com\/embed\/mrVr6IpjWoY?si=BcEUYr2m0tNODoRN\" width=\"560\" height=\"315\" frameborder=\"0\" allowfullscreen=\"allowfullscreen\"><\/iframe><br \/>\nProcurez-vous des graines d\u2019iboga fra\u00eeches et de haute qualit\u00e9 \u00e0 vendre. L\u2019iboga est un puissant hallucinog\u00e8ne et une substance psych\u00e9d\u00e9lique utilis\u00e9(e) depuis des si\u00e8cles pour ses propri\u00e9t\u00e9s m\u00e9dicinales. Nous garantissons des graines d\u2019iboga fra\u00eeches et de haute qualit\u00e9, ainsi que 10 \u00e0 15 % de graines en plus que la plupart des autres vendeurs.<\/p>\n<h3><strong>Que sont les graines d\u2019iboga ?<\/strong><\/h3>\n<p>\u00c9galement connu sous le nom de \u00ab <em>m\u00e9dicament miracle<\/em> \u00bb, l\u2019iboga est un hallucinog\u00e8ne d\u00e9riv\u00e9 des racines d\u2019un arbre qui pousse en Afrique centrale. Parmi les autres noms donn\u00e9s \u00e0 la plante figurent Bushman\u2019s Snuff et Little Death. Les Europ\u00e9ens de l\u2019\u00e9poque coloniale ont popularis\u00e9 la coutume d\u2019ing\u00e9rer de l\u2019iboga.<\/p>\n<p>Cultiv\u00e9 dans un sol riche et fertile, <a href=\"http:\/\/getibogaine.com\/product\/iboga-root-barks-1kg\/\">l\u2019iboga<\/a> est un petit arbuste qui devient un petit arbre lorsqu\u2019il est expos\u00e9 \u00e0 beaucoup de soleil. Nous proposons toujours \u00e0 nos clients la s\u00e9lection la plus vaste et l\u2019exp\u00e9dition la plus rapide de graines d\u2019iboga partout dans le monde. Nos graines, s\u00e9lectionn\u00e9es \u00e0 la main, repr\u00e9sentent la meilleure qualit\u00e9 disponible \u00e0 n\u2019importe quel prix !<\/p>\n<p><strong>Origine<\/strong> : Graines d\u2019iboga \u00e0 vendre en provenance du Cameroun<\/p>\n<\/div>\n<\/div>\n","protected":false},"excerpt":{"rendered":"<p>La livraison express offre un d\u00e9lai de livraison rapide de 3 \u00e0 7 jours.<\/p>\n<p>Produit : Graines d\u2019iboga<\/p>\n<p>Marque : Get Ibogaine<\/p>\n<p>Quantit\u00e9 : 30 graines sont disponibles<\/p>\n<p>Frais de livraison : Calcul\u00e9s au moment du paiement<\/p>\n<ul>\n<li>Nous ne vendons que des graines d\u2019iboga de qualit\u00e9 sup\u00e9rieure et fiables. Notre \u00e9quipe du service client, accueillante, est disponible 7 jours sur 7. Avec certains des meilleurs prix et un vaste choix de produits, votre satisfaction est garantie !<\/li>\n<\/ul>\n<p><em>Votre commande sera exp\u00e9di\u00e9e dans les 24 heures suivant votre achat et arrivera sous trois \u00e0 sept jours ouvrables. Sauf les jours f\u00e9ri\u00e9s et les week-ends, nous exp\u00e9dions du lundi au vendredi. Nos tarifs d\u2019exp\u00e9dition varient en fonction du poids du colis.<\/em><\/p>\n","protected":false},"featured_media":34709,"comment_status":"open","ping_status":"closed","template":"","meta":{"site-sidebar-layout":"default","site-content-layout":"","ast-site-content-layout":"default","site-content-style":"default","site-sidebar-style":"default","ast-global-header-display":"","ast-banner-title-visibility":"","ast-main-header-display":"","ast-hfb-above-header-display":"","ast-hfb-below-header-display":"","ast-hfb-mobile-header-display":"","site-post-title":"","ast-breadcrumbs-content":"","ast-featured-img":"","footer-sml-layout":"","ast-disable-related-posts":"","theme-transparent-header-meta":"default","adv-header-id-meta":"","stick-header-meta":"default","header-above-stick-meta":"","header-main-stick-meta":"","header-below-stick-meta":"","astra-migrate-meta-layouts":"set","ast-page-background-enabled":"default","ast-page-background-meta":{"desktop":{"background-color":"var(--ast-global-color-4)","background-image":"","background-repeat":"repeat","background-position":"center center","background-size":"auto","background-attachment":"scroll","background-type":"","background-media":"","overlay-type":"","overlay-color":"","overlay-opacity":"","overlay-gradient":""},"tablet":{"background-color":"","background-image":"","background-repeat":"repeat","background-position":"center center","background-size":"auto","background-attachment":"scroll","background-type":"","background-media":"","overlay-type":"","overlay-color":"","overlay-opacity":"","overlay-gradient":""},"mobile":{"background-color":"","background-image":"","background-repeat":"repeat","background-position":"center center","background-size":"auto","background-attachment":"scroll","background-type":"","background-media":"","overlay-type":"","overlay-color":"","overlay-opacity":"","overlay-gradient":""}},"ast-content-background-meta":{"desktop":{"background-color":"var(--ast-global-color-5)","background-image":"","background-repeat":"repeat","background-position":"center center","background-size":"auto","background-attachment":"scroll","background-type":"","background-media":"","overlay-type":"","overlay-color":"","overlay-opacity":"","overlay-gradient":""},"tablet":{"background-color":"var(--ast-global-color-5)","background-image":"","background-repeat":"repeat","background-position":"center center","background-size":"auto","background-attachment":"scroll","background-type":"","background-media":"","overlay-type":"","overlay-color":"","overlay-opacity":"","overlay-gradient":""},"mobile":{"background-color":"var(--ast-global-color-5)","background-image":"","background-repeat":"repeat","background-position":"center center","background-size":"auto","background-attachment":"scroll","background-type":"","background-media":"","overlay-type":"","overlay-color":"","overlay-opacity":"","overlay-gradient":""}},"jetpack_publicize_message":"","jetpack_publicize_feature_enabled":true,"jetpack_social_post_already_shared":true,"jetpack_social_options":{"image_generator_settings":{"template":"highway","default_image_id":0,"font":"","enabled":false},"version":2}},"product_brand":[4007],"product_cat":[4538],"product_tag":[1571,1517],"class_list":{"0":"post-31515","1":"product","2":"type-product","3":"status-publish","4":"has-post-thumbnail","6":"product_brand-getibogaine","7":"product_cat-uncategorized-fr","8":"product_tag-graines-diboga","9":"product_tag-naturel","10":"desktop-align-left","11":"tablet-align-left","12":"mobile-align-left","13":"ast-product-gallery-layout-horizontal-slider","14":"ast-product-single-variable","15":"ast-product-tabs-layout-horizontal","17":"first","18":"instock","19":"shipping-taxable","20":"purchasable","21":"product-type-variable","22":"has-default-attributes"},"jetpack_publicize_connections":[],"jetpack_sharing_enabled":true,"_links":{"self":[{"href":"https:\/\/getibogaine.com\/fr\/wp-json\/wp\/v2\/product\/31515","targetHints":{"allow":["GET"]}}],"collection":[{"href":"https:\/\/getibogaine.com\/fr\/wp-json\/wp\/v2\/product"}],"about":[{"href":"https:\/\/getibogaine.com\/fr\/wp-json\/wp\/v2\/types\/product"}],"replies":[{"embeddable":true,"href":"https:\/\/getibogaine.com\/fr\/wp-json\/wp\/v2\/comments?post=31515"}],"version-history":[{"count":0,"href":"https:\/\/getibogaine.com\/fr\/wp-json\/wp\/v2\/product\/31515\/revisions"}],"wp:featuredmedia":[{"embeddable":true,"href":"https:\/\/getibogaine.com\/fr\/wp-json\/wp\/v2\/media\/34709"}],"wp:attachment":[{"href":"https:\/\/getibogaine.com\/fr\/wp-json\/wp\/v2\/media?parent=31515"}],"wp:term":[{"taxonomy":"product_brand","embeddable":true,"href":"https:\/\/getibogaine.com\/fr\/wp-json\/wp\/v2\/product_brand?post=31515"},{"taxonomy":"product_cat","embeddable":true,"href":"https:\/\/getibogaine.com\/fr\/wp-json\/wp\/v2\/product_cat?post=31515"},{"taxonomy":"product_tag","embeddable":true,"href":"https:\/\/getibogaine.com\/fr\/wp-json\/wp\/v2\/product_tag?post=31515"}],"curies":[{"name":"wp","href":"https:\/\/api.w.org\/{rel}","templated":true}]}}