{"id":31521,"date":"2022-10-20T04:40:40","date_gmt":"2022-10-20T08:40:40","guid":{"rendered":"http:\/\/getibogaine.com\/?post_type=product&#038;p=11054"},"modified":"2026-03-09T05:53:48","modified_gmt":"2026-03-09T09:53:48","slug":"acheter-voacanga-de-qualite-a-vendre","status":"publish","type":"product","link":"https:\/\/getibogaine.com\/fr\/produit\/acheter-voacanga-de-qualite-a-vendre\/","title":{"rendered":"Voacanga"},"content":{"rendered":"<div class=\"row\">\n<div class=\"col-lg-7 col-12\">\n<h2 style=\"text-align: left;\">Acheter de la Voacanga de qualit\u00e9 \u00e0 vendre<\/h2>\n<p data-pm-slice=\"1 1 []\">Achetez de la Voacanga de qualit\u00e9, un petit arbre connu sous le nom de Voacanga Africana, originaire des sols luxuriants et humides des for\u00eats tropicales et subtropicales d\u2019Afrique de l\u2019Ouest. Au premier abord, on pourrait le prendre pour une simple plante ornementale de jardin. La Voacanga Africana peut atteindre une hauteur maximale de 6 m\u00e8tres. Ses feuilles sont de longs ovales luxuriants ; selon le sp\u00e9cimen, ses fleurs ressemblent \u00e0 de minuscules flocons de neige et sont blanches ou jaunes.<\/p>\n<p>Les fruits de la Voacanga Africana sont d\u2019\u00e9normes gousses tachet\u00e9es qui se fendent en deux \u00e0 maturit\u00e9. Ensuite, la pulpe jaune est consomm\u00e9e par les animaux, ce qui contribue finalement \u00e0 la dispersion des graines de l\u2019esp\u00e8ce. <a href=\"https:\/\/getibogaine.com\/buy-voacanga-africana\/\">Voacanga Africana<\/a> est connue depuis sa d\u00e9couverte en 1894 et, jusqu\u2019\u00e0 la Seconde Guerre mondiale, elle n\u2019\u00e9tait consid\u00e9r\u00e9e comme rien de plus qu\u2019un petit arbuste tropical.<\/p>\n<p><strong>Origine<\/strong> : Cameroun<\/p>\n<\/div>\n<\/div>\n","protected":false},"excerpt":{"rendered":"<p>La livraison express offre un d\u00e9lai de livraison rapide de 3 \u00e0 7 jours.<\/p>\n<p>Produit : Voacanga<\/p>\n<p>Marque : Get Ibogaine<\/p>\n<p>Quantit\u00e9 : 150 $\/kilogramme<\/p>\n<p>Frais de livraison : Calcul\u00e9s lors du paiement.<\/p>\n","protected":false},"featured_media":34775,"comment_status":"open","ping_status":"closed","template":"","meta":{"site-sidebar-layout":"default","site-content-layout":"","ast-site-content-layout":"default","site-content-style":"default","site-sidebar-style":"default","ast-global-header-display":"","ast-banner-title-visibility":"","ast-main-header-display":"","ast-hfb-above-header-display":"","ast-hfb-below-header-display":"","ast-hfb-mobile-header-display":"","site-post-title":"","ast-breadcrumbs-content":"","ast-featured-img":"","footer-sml-layout":"","ast-disable-related-posts":"","theme-transparent-header-meta":"default","adv-header-id-meta":"","stick-header-meta":"default","header-above-stick-meta":"","header-main-stick-meta":"","header-below-stick-meta":"","astra-migrate-meta-layouts":"set","ast-page-background-enabled":"default","ast-page-background-meta":{"desktop":{"background-color":"var(--ast-global-color-4)","background-image":"","background-repeat":"repeat","background-position":"center center","background-size":"auto","background-attachment":"scroll","background-type":"","background-media":"","overlay-type":"","overlay-color":"","overlay-opacity":"","overlay-gradient":""},"tablet":{"background-color":"","background-image":"","background-repeat":"repeat","background-position":"center center","background-size":"auto","background-attachment":"scroll","background-type":"","background-media":"","overlay-type":"","overlay-color":"","overlay-opacity":"","overlay-gradient":""},"mobile":{"background-color":"","background-image":"","background-repeat":"repeat","background-position":"center center","background-size":"auto","background-attachment":"scroll","background-type":"","background-media":"","overlay-type":"","overlay-color":"","overlay-opacity":"","overlay-gradient":""}},"ast-content-background-meta":{"desktop":{"background-color":"var(--ast-global-color-5)","background-image":"","background-repeat":"repeat","background-position":"center center","background-size":"auto","background-attachment":"scroll","background-type":"","background-media":"","overlay-type":"","overlay-color":"","overlay-opacity":"","overlay-gradient":""},"tablet":{"background-color":"var(--ast-global-color-5)","background-image":"","background-repeat":"repeat","background-position":"center center","background-size":"auto","background-attachment":"scroll","background-type":"","background-media":"","overlay-type":"","overlay-color":"","overlay-opacity":"","overlay-gradient":""},"mobile":{"background-color":"var(--ast-global-color-5)","background-image":"","background-repeat":"repeat","background-position":"center center","background-size":"auto","background-attachment":"scroll","background-type":"","background-media":"","overlay-type":"","overlay-color":"","overlay-opacity":"","overlay-gradient":""}},"jetpack_publicize_message":"","jetpack_publicize_feature_enabled":true,"jetpack_social_post_already_shared":true,"jetpack_social_options":{"image_generator_settings":{"template":"highway","default_image_id":0,"font":"","enabled":false},"version":2}},"product_brand":[4007],"product_cat":[580],"product_tag":[1580],"class_list":{"0":"post-31521","1":"product","2":"type-product","3":"status-publish","4":"has-post-thumbnail","6":"product_brand-getibogaine","7":"product_cat-vocalique","8":"product_tag-voacanga-a-vendre","9":"desktop-align-left","10":"tablet-align-left","11":"mobile-align-left","12":"ast-product-gallery-layout-horizontal-slider","13":"ast-product-single-variable","14":"ast-product-tabs-layout-horizontal","16":"first","17":"instock","18":"shipping-taxable","19":"purchasable","20":"product-type-variable"},"jetpack_publicize_connections":[],"jetpack_sharing_enabled":true,"_links":{"self":[{"href":"https:\/\/getibogaine.com\/fr\/wp-json\/wp\/v2\/product\/31521","targetHints":{"allow":["GET"]}}],"collection":[{"href":"https:\/\/getibogaine.com\/fr\/wp-json\/wp\/v2\/product"}],"about":[{"href":"https:\/\/getibogaine.com\/fr\/wp-json\/wp\/v2\/types\/product"}],"replies":[{"embeddable":true,"href":"https:\/\/getibogaine.com\/fr\/wp-json\/wp\/v2\/comments?post=31521"}],"version-history":[{"count":0,"href":"https:\/\/getibogaine.com\/fr\/wp-json\/wp\/v2\/product\/31521\/revisions"}],"wp:featuredmedia":[{"embeddable":true,"href":"https:\/\/getibogaine.com\/fr\/wp-json\/wp\/v2\/media\/34775"}],"wp:attachment":[{"href":"https:\/\/getibogaine.com\/fr\/wp-json\/wp\/v2\/media?parent=31521"}],"wp:term":[{"taxonomy":"product_brand","embeddable":true,"href":"https:\/\/getibogaine.com\/fr\/wp-json\/wp\/v2\/product_brand?post=31521"},{"taxonomy":"product_cat","embeddable":true,"href":"https:\/\/getibogaine.com\/fr\/wp-json\/wp\/v2\/product_cat?post=31521"},{"taxonomy":"product_tag","embeddable":true,"href":"https:\/\/getibogaine.com\/fr\/wp-json\/wp\/v2\/product_tag?post=31521"}],"curies":[{"name":"wp","href":"https:\/\/api.w.org\/{rel}","templated":true}]}}