{"id":31527,"date":"2022-10-28T04:38:42","date_gmt":"2022-10-28T08:38:42","guid":{"rendered":"http:\/\/getibogaine.com\/?post_type=product&#038;p=12329"},"modified":"2026-03-09T05:56:24","modified_gmt":"2026-03-09T09:56:24","slug":"gelules-d-ibogaine","status":"publish","type":"product","link":"https:\/\/getibogaine.com\/fr\/produit\/gelules-d-ibogaine\/","title":{"rendered":"G\u00e9lules d\u2019iboga\u00efne"},"content":{"rendered":"<div class=\"row\">\n<div class=\"col-lg-7 col-12\">\n<h2 style=\"text-align: left;\">G\u00e9lules d\u2019iboga\u00efne \u00e0 vendre<\/h2>\n<p>Les g\u00e9lules d\u2019iboga\u00efne sont un excellent moyen de profiter des bienfaits de ces plantes puissantes sans avoir \u00e0 ing\u00e9rer l\u2019\u00e9corce de racine ou le TA. Comme pour la plupart des autres m\u00e9dicaments et compl\u00e9ments, les prendre sous forme de g\u00e9lules permet d\u2019\u00e9viter certains go\u00fbts d\u00e9sagr\u00e9ables associ\u00e9s \u00e0 la consommation du produit brut.<\/p>\n<p>Que vous souhaitiez utiliser cette plante pour ses propri\u00e9t\u00e9s psychoactives ou simplement pour ses vertus m\u00e9dicinales, vous devez savoir quel type de g\u00e9lule est propos\u00e9. Si la plupart des entreprises vendent leurs produits sous forme de g\u00e9lules d\u2019\u00e9corce de racine d\u2019iboga ou de TA, quelques-unes proposent une forme encapsul\u00e9e d\u2019iboga\u00efne HCL.<\/p>\n<p>Cela peut pr\u00eater \u00e0 confusion pour certaines personnes, car il n\u2019existe pas de d\u00e9finition claire de ce qui constitue un extrait d\u2019iboga ni de la quantit\u00e9 qui devrait \u00eatre pr\u00e9sente dans chaque g\u00e9lule. Cependant, si vous cherchez un bon point de d\u00e9part pour votre recherche de ces produits, nous vous recommandons de vous orienter vers des entreprises qui vendent une forme encapsul\u00e9e d\u2019iboga\u00efne HCL, car il a \u00e9t\u00e9 d\u00e9montr\u00e9 qu\u2019elle pr\u00e9sente de meilleurs taux d\u2019absorption que toute autre forme disponible.<\/p>\n<h2>Que sont les g\u00e9lules d\u2019iboga\u00efne ?<\/h2>\n<p>Les g\u00e9lules d\u2019Iboga <a title=\"Diff\u00e9rence entre l\u2019Iboga et l\u2019Iboga\u00efne\" href=\"http:\/\/getibogaine.com\/whats-the-difference-between-iboga-and-ibogaine\/\">et d\u2019iboga\u00efne<\/a> peuvent \u00eatre obtenues soit en encapsulant de l\u2019\u00e9corce de racine d\u2019iboga, de l\u2019iboga TA ou de l\u2019iboga\u00efne HCL. Lorsque les \u00e9corces de racine sont s\u00e9ch\u00e9es, elles sont ensuite broy\u00e9es et tamis\u00e9es afin de produire une fine poudre, qui est ensuite encapsul\u00e9e en diff\u00e9rents grammages, pr\u00eate \u00e0 \u00eatre vendue et utilis\u00e9e.<\/p>\n<h2>G\u00e9lules d\u2019iboga<\/h2>\n<p>Les comprim\u00e9s d\u2019iboga sont compos\u00e9s de poudre pure d\u2019\u00e9corce de racine, qui a \u00e9t\u00e9 s\u00e9ch\u00e9e, r\u00e9duite en une fine poudre, puis enferm\u00e9e dans une g\u00e9lule. Leur composition, en g\u00e9latine ou en cellulose v\u00e9g\u00e9tale, permet une digestion facile par l\u2019organisme. La taille de ces g\u00e9lules varie selon la quantit\u00e9 de poudre requise par chaque personne. Les dosages peuvent aller de 25 mg \u00e0 300 mg par g\u00e9lule, selon vos besoins.<\/p>\n<h2>G\u00e9lules d\u2019iboga TA<\/h2>\n<p>Les g\u00e9lules d\u2019iboga TA sont fabriqu\u00e9es \u00e0 partir d\u2019un extrait TA pur qui a \u00e9t\u00e9 s\u00e9ch\u00e9, r\u00e9duit en fine poudre, puis conditionn\u00e9 dans des g\u00e9lules de tailles diff\u00e9rentes selon vos besoins.<\/p>\n<p>La quantit\u00e9 d\u2019extrait TA peut varier de 100 mg \u00e0 1000 mg par g\u00e9lule, selon le type de dosage que vous pr\u00e9f\u00e9rez prendre chaque jour, lorsque vous utilisez ce produit comme m\u00e9decine alternative pour traiter des probl\u00e8mes d\u2019addiction tels que l\u2019alcoolisme ou des probl\u00e8mes de d\u00e9pendance aux drogues, comme l\u2019addiction \u00e0 la coca\u00efne<\/p>\n<\/div>\n<div class=\"col-lg-7 col-12\">\n<p><strong>Origine<\/strong> : Cameroun<\/p>\n<\/div>\n<\/div>\n","protected":false},"excerpt":{"rendered":"<p>La livraison express a un d\u00e9lai de livraison rapide de 3 \u00e0 7 jours.<\/p>\n<p>Produit : Capsule d\u2019iboga\u00efne<\/p>\n<p>Marque : Get Ibogaine<\/p>\n<p>Frais de livraison : Calcul\u00e9s lors du paiement<\/p>\n<ul>\n<li>Nous ne vendons que des capsules d\u2019iboga\u00efne de qualit\u00e9 sup\u00e9rieure et fiables. Nous sommes d\u00e9sol\u00e9s, mais notre capsule d\u2019iboga\u00efne n\u2019est pas disponible pour le moment. Toutefois, vous pouvez acheter la poudre d\u2019iboga\u00efne HCL et, une fois re\u00e7ue, vous pouvez l\u2019encapsuler ou consommer la quantit\u00e9 requise sous forme de poudre. Nous esp\u00e9rons pouvoir les proposer \u00e0 l\u2019avenir.<\/li>\n<\/ul>\n<p><em> Votre commande sera exp\u00e9di\u00e9e dans les 24 heures suivant la finalisation de votre achat et arrivera sous trois \u00e0 sept jours ouvrables. Sauf les jours f\u00e9ri\u00e9s et les week-ends, nous exp\u00e9dions du lundi au vendredi. Nos tarifs d\u2019exp\u00e9dition varient selon le poids du colis.<\/em><\/p>\n","protected":false},"featured_media":34853,"comment_status":"open","ping_status":"closed","template":"","meta":{"site-sidebar-layout":"default","site-content-layout":"","ast-site-content-layout":"default","site-content-style":"default","site-sidebar-style":"default","ast-global-header-display":"","ast-banner-title-visibility":"","ast-main-header-display":"","ast-hfb-above-header-display":"","ast-hfb-below-header-display":"","ast-hfb-mobile-header-display":"","site-post-title":"","ast-breadcrumbs-content":"","ast-featured-img":"","footer-sml-layout":"","ast-disable-related-posts":"","theme-transparent-header-meta":"default","adv-header-id-meta":"","stick-header-meta":"default","header-above-stick-meta":"","header-main-stick-meta":"","header-below-stick-meta":"","astra-migrate-meta-layouts":"set","ast-page-background-enabled":"default","ast-page-background-meta":{"desktop":{"background-color":"var(--ast-global-color-4)","background-image":"","background-repeat":"repeat","background-position":"center center","background-size":"auto","background-attachment":"scroll","background-type":"","background-media":"","overlay-type":"","overlay-color":"","overlay-opacity":"","overlay-gradient":""},"tablet":{"background-color":"","background-image":"","background-repeat":"repeat","background-position":"center center","background-size":"auto","background-attachment":"scroll","background-type":"","background-media":"","overlay-type":"","overlay-color":"","overlay-opacity":"","overlay-gradient":""},"mobile":{"background-color":"","background-image":"","background-repeat":"repeat","background-position":"center center","background-size":"auto","background-attachment":"scroll","background-type":"","background-media":"","overlay-type":"","overlay-color":"","overlay-opacity":"","overlay-gradient":""}},"ast-content-background-meta":{"desktop":{"background-color":"var(--ast-global-color-5)","background-image":"","background-repeat":"repeat","background-position":"center center","background-size":"auto","background-attachment":"scroll","background-type":"","background-media":"","overlay-type":"","overlay-color":"","overlay-opacity":"","overlay-gradient":""},"tablet":{"background-color":"var(--ast-global-color-5)","background-image":"","background-repeat":"repeat","background-position":"center center","background-size":"auto","background-attachment":"scroll","background-type":"","background-media":"","overlay-type":"","overlay-color":"","overlay-opacity":"","overlay-gradient":""},"mobile":{"background-color":"var(--ast-global-color-5)","background-image":"","background-repeat":"repeat","background-position":"center center","background-size":"auto","background-attachment":"scroll","background-type":"","background-media":"","overlay-type":"","overlay-color":"","overlay-opacity":"","overlay-gradient":""}},"jetpack_publicize_message":"","jetpack_publicize_feature_enabled":true,"jetpack_social_post_already_shared":true,"jetpack_social_options":{"image_generator_settings":{"template":"highway","default_image_id":0,"font":"","enabled":false},"version":2}},"product_brand":[4007],"product_cat":[4544],"product_tag":[1517],"class_list":{"0":"post-31527","1":"product","2":"type-product","3":"status-publish","4":"has-post-thumbnail","6":"product_brand-getibogaine","7":"product_cat-capsules-iboga","8":"product_tag-naturel","9":"desktop-align-left","10":"tablet-align-left","11":"mobile-align-left","12":"ast-product-gallery-layout-horizontal-slider","13":"ast-product-tabs-layout-horizontal","15":"first","16":"outofstock","17":"sold-individually","18":"shipping-taxable","19":"purchasable","20":"product-type-simple"},"jetpack_publicize_connections":[],"jetpack_sharing_enabled":true,"_links":{"self":[{"href":"https:\/\/getibogaine.com\/fr\/wp-json\/wp\/v2\/product\/31527","targetHints":{"allow":["GET"]}}],"collection":[{"href":"https:\/\/getibogaine.com\/fr\/wp-json\/wp\/v2\/product"}],"about":[{"href":"https:\/\/getibogaine.com\/fr\/wp-json\/wp\/v2\/types\/product"}],"replies":[{"embeddable":true,"href":"https:\/\/getibogaine.com\/fr\/wp-json\/wp\/v2\/comments?post=31527"}],"version-history":[{"count":0,"href":"https:\/\/getibogaine.com\/fr\/wp-json\/wp\/v2\/product\/31527\/revisions"}],"wp:featuredmedia":[{"embeddable":true,"href":"https:\/\/getibogaine.com\/fr\/wp-json\/wp\/v2\/media\/34853"}],"wp:attachment":[{"href":"https:\/\/getibogaine.com\/fr\/wp-json\/wp\/v2\/media?parent=31527"}],"wp:term":[{"taxonomy":"product_brand","embeddable":true,"href":"https:\/\/getibogaine.com\/fr\/wp-json\/wp\/v2\/product_brand?post=31527"},{"taxonomy":"product_cat","embeddable":true,"href":"https:\/\/getibogaine.com\/fr\/wp-json\/wp\/v2\/product_cat?post=31527"},{"taxonomy":"product_tag","embeddable":true,"href":"https:\/\/getibogaine.com\/fr\/wp-json\/wp\/v2\/product_tag?post=31527"}],"curies":[{"name":"wp","href":"https:\/\/api.w.org\/{rel}","templated":true}]}}