{"id":31539,"date":"2023-11-21T21:05:14","date_gmt":"2023-11-21T20:05:14","guid":{"rendered":"http:\/\/getibogaine.com\/?post_type=product&#038;p=19806"},"modified":"2026-03-09T06:25:25","modified_gmt":"2026-03-09T10:25:25","slug":"extrait-de-poudre-d-ecorce-de-yohimbe-a-vendre","status":"publish","type":"product","link":"https:\/\/getibogaine.com\/fr\/produit\/extrait-de-poudre-d-ecorce-de-yohimbe-a-vendre\/","title":{"rendered":"Poudre de yohimbe"},"content":{"rendered":"<p><strong>Meilleur extrait en poudre d\u2019\u00e9corce de yohimbe \u00e0 vendre<\/strong><\/p>\n<p>Entrez dans l\u2019univers de la sant\u00e9 holistique avec notre poudre de yohimbe premium \u00e0 vendre. Issue des meilleures \u00e9corces de yohimbe, notre poudre est un gage de puret\u00e9 et de puissance, offrant un moyen pratique d\u2019int\u00e9grer les bienfaits du yohimbe \u00e0 votre routine bien-\u00eatre quotidienne.<\/p>\n<p><strong>Caract\u00e9ristiques cl\u00e9s<\/strong>:<\/p>\n<ul>\n<li><strong>Pure et naturelle<\/strong>: Fabriqu\u00e9e \u00e0 partir de 100 % d\u2019<a title=\"Yohimbe barks\" href=\"http:\/\/getibogaine.com\/product-tag\/yohimbe-barks\/\">\u00e9corce de yohimbe<\/a> naturelle, sans additifs ni conservateurs.<\/li>\n<li><strong>Finement moulue<\/strong>: Notre <a title=\"yohimbe powder\" href=\"http:\/\/getibogaine.com\/product-tag\/yohimbe-powder\/\">poudre de yohimbe<\/a> \u00e0 vendre subit un processus de mouture fine, offrant une texture facile \u00e0 consommer et permettant une absorption optimale.<\/li>\n<li><strong>Polyvalente et pratique<\/strong>: Parfaite \u00e0 m\u00e9langer dans des smoothies, des th\u00e9s ou vos pr\u00e9parations sant\u00e9 pr\u00e9f\u00e9r\u00e9es.<\/li>\n<\/ul>\n<p><strong>Bienfaits<\/strong>:<\/p>\n<ul>\n<li><strong>Bien-\u00eatre traditionnel<\/strong>: Exploitez les bienfaits potentiels du <a title=\"Yohimbe\" href=\"http:\/\/getibogaine.com\/product-tag\/yohimbe\/\">yohimbe<\/a>, traditionnellement utilis\u00e9 pour renforcer la vitalit\u00e9 et le bien-\u00eatre.<\/li>\n<li><strong>Propri\u00e9t\u00e9s \u00e9nergisantes<\/strong> : Id\u00e9al pour ceux qui recherchent un regain naturel de leur niveau d\u2019\u00e9nergie.<\/li>\n<li><strong>Assurance qualit\u00e9<\/strong> : Nous veillons \u00e0 ce que chaque lot de notre poudre de yohimbine en vente respecte les normes les plus \u00e9lev\u00e9es de qualit\u00e9 et d\u2019efficacit\u00e9.<\/li>\n<\/ul>\n<p><strong>Mode d\u2019emploi :<\/strong><\/p>\n<p>Int\u00e9grez votre poudre de yohimbe \u00e0 votre routine quotidienne en l\u2019ajoutant \u00e0 des smoothies, des th\u00e9s ou d\u2019autres boissons. Commencez par une petite quantit\u00e9 afin d\u2019\u00e9valuer votre tol\u00e9rance. Consultez un professionnel de sant\u00e9 avant utilisation, surtout si vous avez des probl\u00e8mes de sant\u00e9 ou si vous prenez des m\u00e9dicaments.<\/p>\n<p><strong>Pourquoi notre poudre de yohimbe :<\/strong><\/p>\n<p><strong><a href=\"http:\/\/getibogaine.com\">Get Ibogaine<\/a><\/strong> se consacre \u00e0 fournir des produits naturels qui favorisent la sant\u00e9. Notre poudre de yohimbe en vente incarne notre engagement envers la qualit\u00e9 et le bien-\u00eatre naturel, en vous offrant un produit auquel vous pouvez faire confiance et sur lequel vous pouvez compter.<\/p>\n<p>Sublimez votre parcours bien-\u00eatre avec notre poudre de yohimbe. Passez votre commande d\u00e8s aujourd\u2019hui et adoptez une approche plus naturelle de la vitalit\u00e9 et de la sant\u00e9 !<\/p>\n","protected":false},"excerpt":{"rendered":"<p>L\u2019\u00e9corce de yohimbe et la poudre d\u2019\u00e9corce de yohimbe pr\u00e9sentent de nombreux avantages :<\/p>\n<ul>\n<li>Am\u00e9liore les performances sportives<\/li>\n<li>Vous donne de l\u2019\u00e9nergie<\/li>\n<li>Exp\u00e9dition et livraison : notre d\u00e9lai d\u2019exp\u00e9dition est de 2 \u00e0 5 jours maximum dans le monde entier.<\/li>\n<li>Politique de retour : garantie 100 % rembours\u00e9<\/li>\n<\/ul>\n","protected":false},"featured_media":35011,"comment_status":"open","ping_status":"closed","template":"","meta":{"site-sidebar-layout":"default","site-content-layout":"","ast-site-content-layout":"default","site-content-style":"default","site-sidebar-style":"default","ast-global-header-display":"","ast-banner-title-visibility":"","ast-main-header-display":"","ast-hfb-above-header-display":"","ast-hfb-below-header-display":"","ast-hfb-mobile-header-display":"","site-post-title":"","ast-breadcrumbs-content":"","ast-featured-img":"","footer-sml-layout":"","ast-disable-related-posts":"","theme-transparent-header-meta":"default","adv-header-id-meta":"","stick-header-meta":"default","header-above-stick-meta":"","header-main-stick-meta":"","header-below-stick-meta":"","astra-migrate-meta-layouts":"set","ast-page-background-enabled":"default","ast-page-background-meta":{"desktop":{"background-color":"var(--ast-global-color-4)","background-image":"","background-repeat":"repeat","background-position":"center center","background-size":"auto","background-attachment":"scroll","background-type":"","background-media":"","overlay-type":"","overlay-color":"","overlay-opacity":"","overlay-gradient":""},"tablet":{"background-color":"","background-image":"","background-repeat":"repeat","background-position":"center center","background-size":"auto","background-attachment":"scroll","background-type":"","background-media":"","overlay-type":"","overlay-color":"","overlay-opacity":"","overlay-gradient":""},"mobile":{"background-color":"","background-image":"","background-repeat":"repeat","background-position":"center center","background-size":"auto","background-attachment":"scroll","background-type":"","background-media":"","overlay-type":"","overlay-color":"","overlay-opacity":"","overlay-gradient":""}},"ast-content-background-meta":{"desktop":{"background-color":"var(--ast-global-color-5)","background-image":"","background-repeat":"repeat","background-position":"center center","background-size":"auto","background-attachment":"scroll","background-type":"","background-media":"","overlay-type":"","overlay-color":"","overlay-opacity":"","overlay-gradient":""},"tablet":{"background-color":"var(--ast-global-color-5)","background-image":"","background-repeat":"repeat","background-position":"center center","background-size":"auto","background-attachment":"scroll","background-type":"","background-media":"","overlay-type":"","overlay-color":"","overlay-opacity":"","overlay-gradient":""},"mobile":{"background-color":"var(--ast-global-color-5)","background-image":"","background-repeat":"repeat","background-position":"center center","background-size":"auto","background-attachment":"scroll","background-type":"","background-media":"","overlay-type":"","overlay-color":"","overlay-opacity":"","overlay-gradient":""}},"jetpack_publicize_message":"","jetpack_publicize_feature_enabled":true,"jetpack_social_post_already_shared":true,"jetpack_social_options":{"image_generator_settings":{"template":"highway","default_image_id":0,"font":"","enabled":false},"version":2}},"product_brand":[4007],"product_cat":[4545],"product_tag":[1616],"class_list":{"0":"post-31539","1":"product","2":"type-product","3":"status-publish","4":"has-post-thumbnail","6":"product_brand-getibogaine","7":"product_cat-yohimbe","8":"product_tag-poudre-de-yohimbe","9":"desktop-align-left","10":"tablet-align-left","11":"mobile-align-left","12":"ast-product-gallery-layout-horizontal-slider","13":"ast-product-single-variable","14":"ast-product-tabs-layout-horizontal","16":"first","17":"instock","18":"shipping-taxable","19":"purchasable","20":"product-type-variable"},"jetpack_publicize_connections":[],"jetpack_sharing_enabled":true,"_links":{"self":[{"href":"https:\/\/getibogaine.com\/fr\/wp-json\/wp\/v2\/product\/31539","targetHints":{"allow":["GET"]}}],"collection":[{"href":"https:\/\/getibogaine.com\/fr\/wp-json\/wp\/v2\/product"}],"about":[{"href":"https:\/\/getibogaine.com\/fr\/wp-json\/wp\/v2\/types\/product"}],"replies":[{"embeddable":true,"href":"https:\/\/getibogaine.com\/fr\/wp-json\/wp\/v2\/comments?post=31539"}],"version-history":[{"count":1,"href":"https:\/\/getibogaine.com\/fr\/wp-json\/wp\/v2\/product\/31539\/revisions"}],"predecessor-version":[{"id":35043,"href":"https:\/\/getibogaine.com\/fr\/wp-json\/wp\/v2\/product\/31539\/revisions\/35043"}],"wp:featuredmedia":[{"embeddable":true,"href":"https:\/\/getibogaine.com\/fr\/wp-json\/wp\/v2\/media\/35011"}],"wp:attachment":[{"href":"https:\/\/getibogaine.com\/fr\/wp-json\/wp\/v2\/media?parent=31539"}],"wp:term":[{"taxonomy":"product_brand","embeddable":true,"href":"https:\/\/getibogaine.com\/fr\/wp-json\/wp\/v2\/product_brand?post=31539"},{"taxonomy":"product_cat","embeddable":true,"href":"https:\/\/getibogaine.com\/fr\/wp-json\/wp\/v2\/product_cat?post=31539"},{"taxonomy":"product_tag","embeddable":true,"href":"https:\/\/getibogaine.com\/fr\/wp-json\/wp\/v2\/product_tag?post=31539"}],"curies":[{"name":"wp","href":"https:\/\/api.w.org\/{rel}","templated":true}]}}