{"id":31551,"date":"2024-07-22T11:26:30","date_gmt":"2024-07-22T15:26:30","guid":{"rendered":"http:\/\/getibogaine.com\/?post_type=product&#038;p=24381"},"modified":"2026-03-09T06:49:46","modified_gmt":"2026-03-09T10:49:46","slug":"pack-guerison-ibogaine-80g-ecorce-de-racine-2g-ta","status":"publish","type":"product","link":"https:\/\/getibogaine.com\/fr\/produit\/pack-guerison-ibogaine-80g-ecorce-de-racine-2g-ta\/","title":{"rendered":"Pack complet de gu\u00e9rison \u00e0 l\u2019iboga\u00efne &#8211; 80 g d\u2019\u00e9corce de racine &#038; 2 g de TA"},"content":{"rendered":"<p>Lib\u00e9rez le pouvoir transformateur de l\u2019Iboga avec notre pack complet de gu\u00e9rison \u00e0 l\u2019Iboga, comprenant 80 grammes d\u2019\u00e9corce de racine d\u2019Iboga et 2 grammes d\u2019alcalo\u00efdes totaux d\u2019Iboga (TA). Cette combinaison est id\u00e9ale pour celles et ceux qui recherchent une approche globale du bien-\u00eatre mental, \u00e9motionnel et physique. L\u2019\u00e9corce de racine d\u2019Iboga offre une m\u00e9thode naturelle et holistique pour les parcours spirituels, tandis que l\u2019Iboga TA fournit des alcalo\u00efdes concentr\u00e9s pour des<strong><a href=\"https:\/\/en.wikipedia.org\/wiki\/Therapeutic_effect\" target=\"_blank\" rel=\"noopener\"> effets th\u00e9rapeutiques.<\/a><\/strong> renforc\u00e9s. Ce pack favorise l\u2019interruption des addictions, des prises de conscience psychologiques profondes et le bien-\u00eatre g\u00e9n\u00e9ral.<\/p>\n<p><strong>Avantages et importance :<\/strong><\/p>\n<ul>\n<li><strong>Interruption de l\u2019addiction<\/strong> : Aide \u00e0 r\u00e9duire les sympt\u00f4mes de sevrage et les envies, facilitant le d\u00e9passement des d\u00e9pendances aux substances.<\/li>\n<li><strong>Prises de conscience psychologiques<\/strong> : Favorise une introspection profonde et la compr\u00e9hension des comportements et des \u00e9motions personnels.<\/li>\n<li><strong>Gu\u00e9rison holistique<\/strong> : Soutient la clart\u00e9 mentale, l\u2019\u00e9quilibre \u00e9motionnel et la sant\u00e9 physique gr\u00e2ce \u00e0 des compos\u00e9s naturels.<\/li>\n<\/ul>\n<p><strong>Posologie possible et guide :<\/strong><\/p>\n<ul>\n<li><strong>Dose initiale<\/strong> : Commencez avec 1 \u00e0 2 grammes d\u2019\u00e9corce de racine d\u2019Iboga pour une introduction en douceur. Augmentez progressivement en fonction de votre tol\u00e9rance et des effets souhait\u00e9s.<\/li>\n<li><strong>Iboga TA<\/strong> : Pour des s\u00e9ances plus intenses, prenez 0,5 \u00e0 1 gramme d\u2019Iboga TA. Consultez toujours un <a href=\"http:\/\/getibogaine.com\/get-ibogaine-team\/\">professionnel de sant\u00e9<\/a> ou un guide exp\u00e9riment\u00e9 avant de commencer votre parcours.<\/li>\n<\/ul>\n","protected":false},"excerpt":{"rendered":"<p>\u00c9conomisez 10 % sur ce pack complet de gu\u00e9rison \u00e0 l\u2019iboga\u00efne \u2013 80 g d\u2019\u00e9corce de racine &amp; 2 g de TA. 354 $ + 68 $ de livraison<\/p>\n","protected":false},"featured_media":32288,"comment_status":"open","ping_status":"closed","template":"","meta":{"site-sidebar-layout":"default","site-content-layout":"","ast-site-content-layout":"default","site-content-style":"default","site-sidebar-style":"default","ast-global-header-display":"","ast-banner-title-visibility":"","ast-main-header-display":"","ast-hfb-above-header-display":"","ast-hfb-below-header-display":"","ast-hfb-mobile-header-display":"","site-post-title":"","ast-breadcrumbs-content":"","ast-featured-img":"","footer-sml-layout":"","ast-disable-related-posts":"","theme-transparent-header-meta":"default","adv-header-id-meta":"","stick-header-meta":"default","header-above-stick-meta":"","header-main-stick-meta":"","header-below-stick-meta":"","astra-migrate-meta-layouts":"set","ast-page-background-enabled":"default","ast-page-background-meta":{"desktop":{"background-color":"var(--ast-global-color-4)","background-image":"","background-repeat":"repeat","background-position":"center center","background-size":"auto","background-attachment":"scroll","background-type":"","background-media":"","overlay-type":"","overlay-color":"","overlay-opacity":"","overlay-gradient":""},"tablet":{"background-color":"","background-image":"","background-repeat":"repeat","background-position":"center center","background-size":"auto","background-attachment":"scroll","background-type":"","background-media":"","overlay-type":"","overlay-color":"","overlay-opacity":"","overlay-gradient":""},"mobile":{"background-color":"","background-image":"","background-repeat":"repeat","background-position":"center center","background-size":"auto","background-attachment":"scroll","background-type":"","background-media":"","overlay-type":"","overlay-color":"","overlay-opacity":"","overlay-gradient":""}},"ast-content-background-meta":{"desktop":{"background-color":"var(--ast-global-color-5)","background-image":"","background-repeat":"repeat","background-position":"center center","background-size":"auto","background-attachment":"scroll","background-type":"","background-media":"","overlay-type":"","overlay-color":"","overlay-opacity":"","overlay-gradient":""},"tablet":{"background-color":"var(--ast-global-color-5)","background-image":"","background-repeat":"repeat","background-position":"center center","background-size":"auto","background-attachment":"scroll","background-type":"","background-media":"","overlay-type":"","overlay-color":"","overlay-opacity":"","overlay-gradient":""},"mobile":{"background-color":"var(--ast-global-color-5)","background-image":"","background-repeat":"repeat","background-position":"center center","background-size":"auto","background-attachment":"scroll","background-type":"","background-media":"","overlay-type":"","overlay-color":"","overlay-opacity":"","overlay-gradient":""}},"jetpack_publicize_message":"","jetpack_publicize_feature_enabled":true,"jetpack_social_post_already_shared":true,"jetpack_social_options":{"image_generator_settings":{"template":"highway","default_image_id":0,"font":"","enabled":false},"version":2}},"product_brand":[4007],"product_cat":[589],"product_tag":[1526,1544],"class_list":{"0":"post-31551","1":"product","2":"type-product","3":"status-publish","4":"has-post-thumbnail","6":"product_brand-getibogaine","7":"product_cat-promo-getibogaine","8":"product_tag-copeaux-decorce-de-racine-diboga","9":"product_tag-iboga-ta","10":"desktop-align-left","11":"tablet-align-left","12":"mobile-align-left","13":"ast-product-gallery-layout-horizontal-slider","14":"ast-product-tabs-layout-horizontal","16":"first","17":"instock","18":"sale","19":"shipping-taxable","20":"purchasable","21":"product-type-simple"},"jetpack_publicize_connections":[],"jetpack_sharing_enabled":true,"_links":{"self":[{"href":"https:\/\/getibogaine.com\/fr\/wp-json\/wp\/v2\/product\/31551","targetHints":{"allow":["GET"]}}],"collection":[{"href":"https:\/\/getibogaine.com\/fr\/wp-json\/wp\/v2\/product"}],"about":[{"href":"https:\/\/getibogaine.com\/fr\/wp-json\/wp\/v2\/types\/product"}],"replies":[{"embeddable":true,"href":"https:\/\/getibogaine.com\/fr\/wp-json\/wp\/v2\/comments?post=31551"}],"version-history":[{"count":0,"href":"https:\/\/getibogaine.com\/fr\/wp-json\/wp\/v2\/product\/31551\/revisions"}],"wp:featuredmedia":[{"embeddable":true,"href":"https:\/\/getibogaine.com\/fr\/wp-json\/wp\/v2\/media\/32288"}],"wp:attachment":[{"href":"https:\/\/getibogaine.com\/fr\/wp-json\/wp\/v2\/media?parent=31551"}],"wp:term":[{"taxonomy":"product_brand","embeddable":true,"href":"https:\/\/getibogaine.com\/fr\/wp-json\/wp\/v2\/product_brand?post=31551"},{"taxonomy":"product_cat","embeddable":true,"href":"https:\/\/getibogaine.com\/fr\/wp-json\/wp\/v2\/product_cat?post=31551"},{"taxonomy":"product_tag","embeddable":true,"href":"https:\/\/getibogaine.com\/fr\/wp-json\/wp\/v2\/product_tag?post=31551"}],"curies":[{"name":"wp","href":"https:\/\/api.w.org\/{rel}","templated":true}]}}