{"id":31569,"date":"2025-06-22T09:59:24","date_gmt":"2025-06-22T13:59:24","guid":{"rendered":"https:\/\/getibogaine.com\/?post_type=product&#038;p=28246"},"modified":"2026-03-16T15:23:10","modified_gmt":"2026-03-16T19:23:10","slug":"acheter-des-graines-de-strophanthus-gratus","status":"publish","type":"product","link":"https:\/\/getibogaine.com\/fr\/produit\/acheter-des-graines-de-strophanthus-gratus\/","title":{"rendered":"Graines de Strophanthus Gratus \u2013 Exportation biologique d\u2019Afrique (gros)"},"content":{"rendered":"<h3 data-start=\"537\" data-end=\"600\"><strong data-start=\"541\" data-end=\"600\">Acheter des graines de Strophanthus gratus \u2013 Exportation en gros biologique d\u2019Afrique<\/strong><\/h3>\n<p data-start=\"602\" data-end=\"916\">Ces <strong data-start=\"608\" data-end=\"637\">graines de Strophanthus gratus \u00e0 vendre<\/strong> sont r\u00e9colt\u00e9es biologiquement, r\u00e9put\u00e9es pour leur riche biodiversit\u00e9 et leur flore m\u00e9dicinale puissante. Nos graines proviennent d\u2019un approvisionnement \u00e9thique en collaboration avec des communaut\u00e9s agricoles locales, garantissant la durabilit\u00e9 environnementale et des pratiques de commerce \u00e9quitable.<\/p>\n<p data-start=\"918\" data-end=\"1284\">Historiquement, <em data-start=\"932\" data-end=\"953\">Strophanthus gratus<\/em> a \u00e9t\u00e9 utilis\u00e9 par des communaut\u00e9s autochtones d\u2019Afrique de l\u2019Ouest et d\u2019Afrique centrale dans le cadre de la m\u00e9decine traditionnelle et pour la recherche cardiaque. Les graines contiennent de l\u2019<strong data-start=\"1097\" data-end=\"1108\">ouaba\u00efne<\/strong>, un compos\u00e9 connu pour ses effets sur le c\u0153ur et le syst\u00e8me circulatoire, ce qui les a rendues pr\u00e9cieuses pour la <strong data-start=\"1212\" data-end=\"1283\">recherche scientifique, l\u2019exploration ethnobotanique et les \u00e9tudes d\u2019herboristerie<\/strong>.<\/p>\n<p data-start=\"1286\" data-end=\"1459\">Que vous soyez <strong data-start=\"1303\" data-end=\"1363\">herboriste, ethnobotaniste, chercheur ou acheteur sp\u00e9cialis\u00e9<\/strong>, nos graines sont trait\u00e9es avec pr\u00e9cision et avec assurance qualit\u00e9 afin de r\u00e9pondre aux normes de qualit\u00e9 export.<\/p>\n<hr data-start=\"1461\" data-end=\"1464\" \/>\n<h3 data-start=\"1466\" data-end=\"1490\"><strong data-start=\"1472\" data-end=\"1490\">Sp\u00e9cifications<\/strong><\/h3>\n<div class=\"_tableContainer_16hzy_1\">\n<div class=\"_tableWrapper_16hzy_14 group flex w-fit flex-col-reverse\" tabindex=\"-1\">\n<table class=\"w-fit min-w-(--thread-content-width)\" data-start=\"1492\" data-end=\"2876\">\n<thead data-start=\"1492\" data-end=\"1567\">\n<tr data-start=\"1492\" data-end=\"1567\">\n<th data-start=\"1492\" data-end=\"1516\" data-col-size=\"sm\">Sp\u00e9cification<\/th>\n<th data-start=\"1516\" data-end=\"1567\" data-col-size=\"md\">D\u00e9tail<\/th>\n<\/tr>\n<\/thead>\n<tbody data-start=\"1645\" data-end=\"2876\">\n<tr data-start=\"1645\" data-end=\"1721\">\n<td data-start=\"1645\" data-end=\"1669\" data-col-size=\"sm\"><strong data-start=\"1647\" data-end=\"1663\">Nom du produit<\/strong><\/td>\n<td data-col-size=\"md\" data-start=\"1669\" data-end=\"1721\">Graines de Strophanthus gratus<\/td>\n<\/tr>\n<tr data-start=\"1722\" data-end=\"1798\">\n<td data-start=\"1722\" data-end=\"1746\" data-col-size=\"sm\"><strong data-start=\"1724\" data-end=\"1742\">Nom botanique<\/strong><\/td>\n<td data-col-size=\"md\" data-start=\"1746\" data-end=\"1798\"><em data-start=\"1748\" data-end=\"1769\">Strophanthus gratus<\/em><\/td>\n<\/tr>\n<tr data-start=\"1799\" data-end=\"1875\">\n<td data-start=\"1799\" data-end=\"1823\" data-col-size=\"sm\"><strong data-start=\"1801\" data-end=\"1811\">Origine<\/strong><\/td>\n<td data-col-size=\"md\" data-start=\"1823\" data-end=\"1875\">Cameroun<\/td>\n<\/tr>\n<tr data-start=\"1876\" data-end=\"1952\">\n<td data-start=\"1876\" data-end=\"1900\" data-col-size=\"sm\"><strong data-start=\"1878\" data-end=\"1888\">Puret\u00e9<\/strong><\/td>\n<td data-col-size=\"md\" data-start=\"1900\" data-end=\"1952\">100 % biologique, r\u00e9colt\u00e9 \u00e0 l\u2019\u00e9tat sauvage, sans OGM<\/td>\n<\/tr>\n<tr data-start=\"1953\" data-end=\"2029\">\n<td data-start=\"1953\" data-end=\"1977\" data-col-size=\"sm\"><strong data-start=\"1955\" data-end=\"1963\">Forme<\/strong><\/td>\n<td data-col-size=\"md\" data-start=\"1977\" data-end=\"2029\">Graines enti\u00e8res, s\u00e9ch\u00e9es<\/td>\n<\/tr>\n<tr data-start=\"2030\" data-end=\"2106\">\n<td data-start=\"2030\" data-end=\"2054\" data-col-size=\"sm\"><strong data-start=\"2032\" data-end=\"2039\">Utilisation<\/strong><\/td>\n<td data-col-size=\"md\" data-start=\"2054\" data-end=\"2106\">Recherche botanique, pr\u00e9parations \u00e0 base de plantes<\/td>\n<\/tr>\n<tr data-start=\"2107\" data-end=\"2183\">\n<td data-start=\"2107\" data-end=\"2131\" data-col-size=\"sm\"><strong data-start=\"2109\" data-end=\"2118\">Qualit\u00e9<\/strong><\/td>\n<td data-col-size=\"md\" data-start=\"2131\" data-end=\"2183\">Premium \/ Qualit\u00e9 Export<\/td>\n<\/tr>\n<tr data-start=\"2184\" data-end=\"2260\">\n<td data-start=\"2184\" data-end=\"2208\" data-col-size=\"sm\"><strong data-start=\"2186\" data-end=\"2199\">Emballage<\/strong><\/td>\n<td data-col-size=\"md\" data-start=\"2208\" data-end=\"2260\">Poches \u00e9co sous vide ou r\u00e9sistantes \u00e0 l\u2019humidit\u00e9<\/td>\n<\/tr>\n<tr data-start=\"2261\" data-end=\"2337\">\n<td data-start=\"2261\" data-end=\"2285\" data-col-size=\"sm\"><strong data-start=\"2263\" data-end=\"2280\">Commande minimum<\/strong><\/td>\n<td data-start=\"2285\" data-end=\"2337\" data-col-size=\"md\">1 kilogramme<\/td>\n<\/tr>\n<tr data-start=\"2338\" data-end=\"2414\">\n<td data-start=\"2338\" data-end=\"2362\" data-col-size=\"sm\"><strong data-start=\"2340\" data-end=\"2349\">Prix<\/strong><\/td>\n<td data-col-size=\"md\" data-start=\"2362\" data-end=\"2414\">240 $ par kg<\/td>\n<\/tr>\n<tr data-start=\"2415\" data-end=\"2491\">\n<td data-start=\"2415\" data-end=\"2439\" data-col-size=\"sm\"><strong data-start=\"2417\" data-end=\"2431\">Dur\u00e9e de conservation<\/strong><\/td>\n<td data-col-size=\"md\" data-start=\"2439\" data-end=\"2491\">12\u201318 mois<\/td>\n<\/tr>\n<tr data-start=\"2492\" data-end=\"2568\">\n<td data-start=\"2492\" data-end=\"2516\" data-col-size=\"sm\"><strong data-start=\"2494\" data-end=\"2505\">Stockage<\/strong><\/td>\n<td data-col-size=\"md\" data-start=\"2516\" data-end=\"2568\">Conserver dans un endroit frais et sec, \u00e0 l\u2019abri de la lumi\u00e8re du soleil<\/td>\n<\/tr>\n<tr data-start=\"2569\" data-end=\"2645\">\n<td data-start=\"2569\" data-end=\"2593\" data-col-size=\"sm\"><strong data-start=\"2571\" data-end=\"2588\">D\u00e9lai de livraison<\/strong><\/td>\n<td data-col-size=\"md\" data-start=\"2593\" data-end=\"2645\">3 \u00e0 7 jours ouvrables (dans le monde entier)<\/td>\n<\/tr>\n<tr data-start=\"2646\" data-end=\"2722\">\n<td data-start=\"2646\" data-end=\"2670\" data-col-size=\"sm\"><strong data-start=\"2648\" data-end=\"2665\">Frais de livraison<\/strong><\/td>\n<td data-col-size=\"md\" data-start=\"2670\" data-end=\"2722\">Calcul\u00e9s lors du passage en caisse<\/td>\n<\/tr>\n<tr data-start=\"2723\" data-end=\"2799\">\n<td data-start=\"2723\" data-end=\"2747\" data-col-size=\"sm\"><strong data-start=\"2725\" data-end=\"2734\">Marque<\/strong><\/td>\n<td data-col-size=\"md\" data-start=\"2747\" data-end=\"2799\">Get Ibogaine<\/td>\n<\/tr>\n<tr data-start=\"2800\" data-end=\"2876\">\n<td data-start=\"2800\" data-end=\"2824\" data-col-size=\"sm\"><strong data-start=\"2802\" data-end=\"2818\">Disponibilit\u00e9<\/strong><\/td>\n<td data-col-size=\"md\" data-start=\"2824\" data-end=\"2876\">En stock<\/td>\n<\/tr>\n<\/tbody>\n<\/table>\n<div class=\"sticky end-(--thread-content-margin) h-0 self-end select-none\">\n<div class=\"absolute end-0 flex items-end\"><\/div>\n<\/div>\n<\/div>\n<\/div>\n<hr data-start=\"2878\" data-end=\"2881\" \/>\n<h2 data-start=\"2883\" data-end=\"2920\">\ud83c\udf3f <strong data-start=\"2889\" data-end=\"2920\">Pourquoi les gens ach\u00e8tent ce produit<\/strong><\/h2>\n<ul data-start=\"2922\" data-end=\"3414\">\n<li data-start=\"2922\" data-end=\"3029\">\n<p data-start=\"2924\" data-end=\"3029\"><strong data-start=\"2924\" data-end=\"2947\">Recherche scientifique<\/strong> : Utilis\u00e9 dans des \u00e9tudes pharmacologiques, en particulier celles li\u00e9es aux glycosides cardiaques.<\/p>\n<\/li>\n<li data-start=\"3030\" data-end=\"3109\">\n<p data-start=\"3032\" data-end=\"3109\"><strong data-start=\"3032\" data-end=\"3059\">Int\u00e9r\u00eat ethnobotanique<\/strong> : V\u00e9n\u00e9r\u00e9 dans les syst\u00e8mes de m\u00e9decine traditionnelle africaine.<\/p>\n<\/li>\n<li data-start=\"3110\" data-end=\"3212\">\n<p data-start=\"3112\" data-end=\"3212\"><strong data-start=\"3112\" data-end=\"3142\">Haute puret\u00e9 &amp; tra\u00e7abilit\u00e9<\/strong> : Nous garantissons un approvisionnement \u00e9thique et une documentation qualit\u00e9 au niveau du lot.<\/p>\n<\/li>\n<li data-start=\"3213\" data-end=\"3320\">\n<p data-start=\"3215\" data-end=\"3320\"><strong data-start=\"3215\" data-end=\"3231\">Tarifs de gros<\/strong> : Id\u00e9al pour les revendeurs, les laboratoires ou les praticiens de m\u00e9decine naturelle s\u2019approvisionnant en grandes quantit\u00e9s.<\/p>\n<\/li>\n<li data-start=\"3321\" data-end=\"3414\">\n<p data-start=\"3323\" data-end=\"3414\"><strong data-start=\"3323\" data-end=\"3351\">Approuv\u00e9 par des professionnels<\/strong> : GetIbogaine est reconnu pour ses exportations ethnobotaniques de haute qualit\u00e9.<\/p>\n<\/li>\n<\/ul>\n","protected":false},"excerpt":{"rendered":"<p>Graines de Strophanthus Gratus de qualit\u00e9 premium \u2013 issues d\u2019un approvisionnement \u00e9thique et cultiv\u00e9es biologiquement en Afrique. Id\u00e9ales pour la recherche botanique et l\u2019exportation en gros. 240 $ par kg.<\/p>\n","protected":false},"featured_media":35211,"comment_status":"open","ping_status":"closed","template":"","meta":{"site-sidebar-layout":"default","site-content-layout":"","ast-site-content-layout":"default","site-content-style":"default","site-sidebar-style":"default","ast-global-header-display":"","ast-banner-title-visibility":"","ast-main-header-display":"","ast-hfb-above-header-display":"","ast-hfb-below-header-display":"","ast-hfb-mobile-header-display":"","site-post-title":"","ast-breadcrumbs-content":"","ast-featured-img":"","footer-sml-layout":"","ast-disable-related-posts":"","theme-transparent-header-meta":"default","adv-header-id-meta":"","stick-header-meta":"default","header-above-stick-meta":"","header-main-stick-meta":"","header-below-stick-meta":"","astra-migrate-meta-layouts":"set","ast-page-background-enabled":"default","ast-page-background-meta":{"desktop":{"background-color":"var(--ast-global-color-4)","background-image":"","background-repeat":"repeat","background-position":"center center","background-size":"auto","background-attachment":"scroll","background-type":"","background-media":"","overlay-type":"","overlay-color":"","overlay-opacity":"","overlay-gradient":""},"tablet":{"background-color":"","background-image":"","background-repeat":"repeat","background-position":"center center","background-size":"auto","background-attachment":"scroll","background-type":"","background-media":"","overlay-type":"","overlay-color":"","overlay-opacity":"","overlay-gradient":""},"mobile":{"background-color":"","background-image":"","background-repeat":"repeat","background-position":"center center","background-size":"auto","background-attachment":"scroll","background-type":"","background-media":"","overlay-type":"","overlay-color":"","overlay-opacity":"","overlay-gradient":""}},"ast-content-background-meta":{"desktop":{"background-color":"var(--ast-global-color-5)","background-image":"","background-repeat":"repeat","background-position":"center center","background-size":"auto","background-attachment":"scroll","background-type":"","background-media":"","overlay-type":"","overlay-color":"","overlay-opacity":"","overlay-gradient":""},"tablet":{"background-color":"var(--ast-global-color-5)","background-image":"","background-repeat":"repeat","background-position":"center center","background-size":"auto","background-attachment":"scroll","background-type":"","background-media":"","overlay-type":"","overlay-color":"","overlay-opacity":"","overlay-gradient":""},"mobile":{"background-color":"var(--ast-global-color-5)","background-image":"","background-repeat":"repeat","background-position":"center center","background-size":"auto","background-attachment":"scroll","background-type":"","background-media":"","overlay-type":"","overlay-color":"","overlay-opacity":"","overlay-gradient":""}},"jetpack_publicize_message":"","jetpack_publicize_feature_enabled":true,"jetpack_social_post_already_shared":true,"jetpack_social_options":{"image_generator_settings":{"template":"highway","default_image_id":0,"font":"","enabled":false},"version":2}},"product_brand":[4007],"product_cat":[4546],"product_tag":[1634],"class_list":{"0":"post-31569","1":"product","2":"type-product","3":"status-publish","4":"has-post-thumbnail","6":"product_brand-getibogaine","7":"product_cat-strophanthus-gratus","8":"product_tag-strophanthus-gratus","9":"desktop-align-left","10":"tablet-align-left","11":"mobile-align-left","12":"ast-product-gallery-layout-horizontal-slider","13":"ast-product-tabs-layout-horizontal","15":"first","16":"instock","17":"sale","18":"shipping-taxable","19":"purchasable","20":"product-type-simple"},"jetpack_publicize_connections":[],"jetpack_sharing_enabled":true,"_links":{"self":[{"href":"https:\/\/getibogaine.com\/fr\/wp-json\/wp\/v2\/product\/31569","targetHints":{"allow":["GET"]}}],"collection":[{"href":"https:\/\/getibogaine.com\/fr\/wp-json\/wp\/v2\/product"}],"about":[{"href":"https:\/\/getibogaine.com\/fr\/wp-json\/wp\/v2\/types\/product"}],"replies":[{"embeddable":true,"href":"https:\/\/getibogaine.com\/fr\/wp-json\/wp\/v2\/comments?post=31569"}],"version-history":[{"count":0,"href":"https:\/\/getibogaine.com\/fr\/wp-json\/wp\/v2\/product\/31569\/revisions"}],"wp:featuredmedia":[{"embeddable":true,"href":"https:\/\/getibogaine.com\/fr\/wp-json\/wp\/v2\/media\/35211"}],"wp:attachment":[{"href":"https:\/\/getibogaine.com\/fr\/wp-json\/wp\/v2\/media?parent=31569"}],"wp:term":[{"taxonomy":"product_brand","embeddable":true,"href":"https:\/\/getibogaine.com\/fr\/wp-json\/wp\/v2\/product_brand?post=31569"},{"taxonomy":"product_cat","embeddable":true,"href":"https:\/\/getibogaine.com\/fr\/wp-json\/wp\/v2\/product_cat?post=31569"},{"taxonomy":"product_tag","embeddable":true,"href":"https:\/\/getibogaine.com\/fr\/wp-json\/wp\/v2\/product_tag?post=31569"}],"curies":[{"name":"wp","href":"https:\/\/api.w.org\/{rel}","templated":true}]}}