{"id":31575,"date":"2025-07-02T23:25:26","date_gmt":"2025-07-03T03:25:26","guid":{"rendered":"https:\/\/getibogaine.com\/?post_type=product&#038;p=28268"},"modified":"2026-03-09T07:19:04","modified_gmt":"2026-03-09T11:19:04","slug":"iboga-pour-la-maladie-de-parkinson","status":"publish","type":"product","link":"https:\/\/getibogaine.com\/fr\/produit\/iboga-pour-la-maladie-de-parkinson\/","title":{"rendered":"Iboga pour la maladie de Parkinson \u2013 Racine d\u2019iboga + TA"},"content":{"rendered":"<p data-start=\"539\" data-end=\"845\">D\u00e9couvrez une approche holistique, \u00e0 base de plantes, pour soutenir la sant\u00e9 neurologique. Notre <strong data-start=\"620\" data-end=\"651\">pack de soutien Iboga pour la maladie de Parkinson<\/strong> associe l\u2019<strong data-start=\"673\" data-end=\"692\">\u00e9corce de racine d\u2019Iboga<\/strong> traditionnelle \u00e0 de l\u2019<strong data-start=\"711\" data-end=\"723\">Iboga TA<\/strong> concentr\u00e9, offrant une puissante solution naturelle inspir\u00e9e de la m\u00e9decine ancestrale africaine et \u00e9tay\u00e9e par des recherches scientifiques \u00e9mergentes.<\/p>\n<h3 data-start=\"852\" data-end=\"881\"><strong data-start=\"858\" data-end=\"881\">B\u00e9n\u00e9fices potentiels :<\/strong><\/h3>\n<ul data-start=\"882\" data-end=\"1206\">\n<li data-start=\"882\" data-end=\"940\">\n<p data-start=\"884\" data-end=\"940\">Soutient la <strong data-start=\"896\" data-end=\"919\">r\u00e9gulation de la dopamine<\/strong> et la <strong data-start=\"924\" data-end=\"940\">neurogen\u00e8se<\/strong><\/p>\n<\/li>\n<li data-start=\"941\" data-end=\"1006\">\n<p data-start=\"943\" data-end=\"1006\">Aide \u00e0 am\u00e9liorer l\u2019<strong data-start=\"957\" data-end=\"965\">humeur<\/strong>, la <strong data-start=\"967\" data-end=\"979\">mobilit\u00e9<\/strong> et la <strong data-start=\"985\" data-end=\"1006\">clart\u00e9 cognitive<\/strong><\/p>\n<\/li>\n<li data-start=\"1007\" data-end=\"1058\">\n<p data-start=\"1009\" data-end=\"1058\">Peut r\u00e9duire les <strong data-start=\"1020\" data-end=\"1031\">tremblements<\/strong> et les sympt\u00f4mes li\u00e9s \u00e0 la motricit\u00e9<\/p>\n<\/li>\n<li data-start=\"1059\" data-end=\"1144\">\n<p data-start=\"1061\" data-end=\"1144\">Stimule la production de <strong data-start=\"1086\" data-end=\"1101\">GDNF &amp; BDNF<\/strong>, des facteurs neurotrophiques cl\u00e9s pour la r\u00e9paration du cerveau<\/p>\n<\/li>\n<li data-start=\"1145\" data-end=\"1206\">\n<p data-start=\"1147\" data-end=\"1206\">\u00c0 base de plantes &amp; holistique \u2014 d\u00e9riv\u00e9 de <strong data-start=\"1185\" data-end=\"1206\">Tabernanthe iboga<\/strong><\/p>\n<\/li>\n<\/ul>\n<h3 data-start=\"1213\" data-end=\"1243\"><strong data-start=\"1220\" data-end=\"1243\">\u00c9clairage scientifique<\/strong><\/h3>\n<p data-start=\"1244\" data-end=\"1515\">Les recherches sugg\u00e8rent que l\u2019iboga\u00efne stimule<a href=\"https:\/\/pubmed.ncbi.nlm.nih.gov\/10383122\/\" target=\"_blank\" rel=\"noopener\"> <strong data-start=\"1282\" data-end=\"1336\">le facteur neurotrophique d\u00e9riv\u00e9 de la lign\u00e9e de cellules gliales (GDNF)<\/strong><\/a> ainsi que <strong data-start=\"1341\" data-end=\"1385\">le facteur neurotrophique d\u00e9riv\u00e9 du cerveau (BDNF)<\/strong> \u2014 deux \u00e9l\u00e9ments cruciaux pour la survie et la r\u00e9g\u00e9n\u00e9ration des cellules c\u00e9r\u00e9brales, pouvant potentiellement aider \u00e0 ralentir ou r\u00e9parer la neurod\u00e9g\u00e9n\u00e9rescence li\u00e9e \u00e0 la maladie de Parkinson.<\/p>\n<h3 data-start=\"1522\" data-end=\"1550\"><strong data-start=\"1529\" data-end=\"1550\">Avis important :<\/strong><\/h3>\n<p data-start=\"1551\" data-end=\"1841\">L\u2019iboga et l\u2019iboga\u00efne sont des substances puissantes. Leur utilisation doit toujours \u00eatre supervis\u00e9e par des professionnels exp\u00e9riment\u00e9s en soins neuropsychiatriques et en protocoles de sevrage. Ce produit n\u2019est <strong data-start=\"1728\" data-end=\"1784\">pas destin\u00e9 \u00e0 diagnostiquer, traiter ou gu\u00e9rir une quelconque maladie<\/strong> et ne doit pas \u00eatre utilis\u00e9 sans une supervision m\u00e9dicale appropri\u00e9e.<\/p>\n<h3 data-start=\"1848\" data-end=\"1872\"><strong data-start=\"1855\" data-end=\"1872\">Comment commander :<\/strong><\/h3>\n<p data-start=\"1873\" data-end=\"1970\">Passez simplement votre commande, et nos experts vous guideront tout au long de votre processus de traitement. La livraison est disponible \u00e0 l\u2019international (v\u00e9rifiez la r\u00e9glementation locale).<\/p>\n<p data-start=\"1972\" data-end=\"2032\"><strong data-start=\"1972\" data-end=\"2032\">Stock limit\u00e9 \u2013 prix promotionnel valable uniquement ce mois-ci !<\/strong><\/p>\n","protected":false},"excerpt":{"rendered":"<p>Soutien au traitement de la maladie de Parkinson avec de l\u2019iboga\u00efne naturelle. Offre sp\u00e9ciale ! 615 $ + 68 $ de frais de livraison<\/p>\n","protected":false},"featured_media":35241,"comment_status":"open","ping_status":"closed","template":"","meta":{"site-sidebar-layout":"default","site-content-layout":"","ast-site-content-layout":"default","site-content-style":"default","site-sidebar-style":"default","ast-global-header-display":"","ast-banner-title-visibility":"","ast-main-header-display":"","ast-hfb-above-header-display":"","ast-hfb-below-header-display":"","ast-hfb-mobile-header-display":"","site-post-title":"","ast-breadcrumbs-content":"","ast-featured-img":"","footer-sml-layout":"","ast-disable-related-posts":"","theme-transparent-header-meta":"default","adv-header-id-meta":"","stick-header-meta":"default","header-above-stick-meta":"","header-main-stick-meta":"","header-below-stick-meta":"","astra-migrate-meta-layouts":"set","ast-page-background-enabled":"default","ast-page-background-meta":{"desktop":{"background-color":"var(--ast-global-color-4)","background-image":"","background-repeat":"repeat","background-position":"center center","background-size":"auto","background-attachment":"scroll","background-type":"","background-media":"","overlay-type":"","overlay-color":"","overlay-opacity":"","overlay-gradient":""},"tablet":{"background-color":"","background-image":"","background-repeat":"repeat","background-position":"center center","background-size":"auto","background-attachment":"scroll","background-type":"","background-media":"","overlay-type":"","overlay-color":"","overlay-opacity":"","overlay-gradient":""},"mobile":{"background-color":"","background-image":"","background-repeat":"repeat","background-position":"center center","background-size":"auto","background-attachment":"scroll","background-type":"","background-media":"","overlay-type":"","overlay-color":"","overlay-opacity":"","overlay-gradient":""}},"ast-content-background-meta":{"desktop":{"background-color":"var(--ast-global-color-5)","background-image":"","background-repeat":"repeat","background-position":"center center","background-size":"auto","background-attachment":"scroll","background-type":"","background-media":"","overlay-type":"","overlay-color":"","overlay-opacity":"","overlay-gradient":""},"tablet":{"background-color":"var(--ast-global-color-5)","background-image":"","background-repeat":"repeat","background-position":"center center","background-size":"auto","background-attachment":"scroll","background-type":"","background-media":"","overlay-type":"","overlay-color":"","overlay-opacity":"","overlay-gradient":""},"mobile":{"background-color":"var(--ast-global-color-5)","background-image":"","background-repeat":"repeat","background-position":"center center","background-size":"auto","background-attachment":"scroll","background-type":"","background-media":"","overlay-type":"","overlay-color":"","overlay-opacity":"","overlay-gradient":""}},"jetpack_publicize_message":"","jetpack_publicize_feature_enabled":true,"jetpack_social_post_already_shared":true,"jetpack_social_options":{"image_generator_settings":{"template":"highway","default_image_id":0,"font":"","enabled":false},"version":2}},"product_brand":[4007],"product_cat":[589],"product_tag":[],"class_list":{"0":"post-31575","1":"product","2":"type-product","3":"status-publish","4":"has-post-thumbnail","6":"product_brand-getibogaine","7":"product_cat-promo-getibogaine","8":"desktop-align-left","9":"tablet-align-left","10":"mobile-align-left","11":"ast-product-gallery-layout-horizontal-slider","12":"ast-product-gallery-with-no-image","13":"ast-product-tabs-layout-horizontal","15":"first","16":"instock","17":"sale","18":"shipping-taxable","19":"purchasable","20":"product-type-simple"},"jetpack_publicize_connections":[],"jetpack_sharing_enabled":true,"_links":{"self":[{"href":"https:\/\/getibogaine.com\/fr\/wp-json\/wp\/v2\/product\/31575","targetHints":{"allow":["GET"]}}],"collection":[{"href":"https:\/\/getibogaine.com\/fr\/wp-json\/wp\/v2\/product"}],"about":[{"href":"https:\/\/getibogaine.com\/fr\/wp-json\/wp\/v2\/types\/product"}],"replies":[{"embeddable":true,"href":"https:\/\/getibogaine.com\/fr\/wp-json\/wp\/v2\/comments?post=31575"}],"version-history":[{"count":0,"href":"https:\/\/getibogaine.com\/fr\/wp-json\/wp\/v2\/product\/31575\/revisions"}],"wp:featuredmedia":[{"embeddable":true,"href":"https:\/\/getibogaine.com\/fr\/wp-json\/wp\/v2\/media\/35241"}],"wp:attachment":[{"href":"https:\/\/getibogaine.com\/fr\/wp-json\/wp\/v2\/media?parent=31575"}],"wp:term":[{"taxonomy":"product_brand","embeddable":true,"href":"https:\/\/getibogaine.com\/fr\/wp-json\/wp\/v2\/product_brand?post=31575"},{"taxonomy":"product_cat","embeddable":true,"href":"https:\/\/getibogaine.com\/fr\/wp-json\/wp\/v2\/product_cat?post=31575"},{"taxonomy":"product_tag","embeddable":true,"href":"https:\/\/getibogaine.com\/fr\/wp-json\/wp\/v2\/product_tag?post=31575"}],"curies":[{"name":"wp","href":"https:\/\/api.w.org\/{rel}","templated":true}]}}