{"id":31581,"date":"2025-06-23T12:40:45","date_gmt":"2025-06-23T16:40:45","guid":{"rendered":"https:\/\/getibogaine.com\/?post_type=product&#038;p=28269"},"modified":"2026-03-09T07:13:26","modified_gmt":"2026-03-09T11:13:26","slug":"retablissement-de-laddiction","status":"publish","type":"product","link":"https:\/\/getibogaine.com\/fr\/produit\/retablissement-de-laddiction\/","title":{"rendered":"Forfait bien-\u00eatre mental et r\u00e9tablissement de l\u2019addiction \u2013 Iboga TA"},"content":{"rendered":"<p data-start=\"2271\" data-end=\"2614\">Notre pack Bien-\u00eatre mental et r\u00e9tablissement des addictions contient 10 grammes d\u2019alcalo\u00efdes totaux d\u2019iboga (TA), un extrait v\u00e9g\u00e9tal concentr\u00e9 reconnu pour son r\u00f4le potentiel dans la facilitation d\u2019une r\u00e9initialisation psychologique profonde et du r\u00e9tablissement face aux substances. Cette formule est con\u00e7ue pour celles et ceux qui recherchent des avanc\u00e9es dans les addictions, l\u2019anxi\u00e9t\u00e9, les traumatismes ou les blocages \u00e9motionnels.<\/p>\n<p data-start=\"2616\" data-end=\"2645\"><strong data-start=\"2616\" data-end=\"2643\">Applications potentielles :<\/strong><\/p>\n<ul data-start=\"2646\" data-end=\"2794\">\n<li data-start=\"2646\" data-end=\"2692\">\n<p data-start=\"2648\" data-end=\"2692\">Soutien pour la d\u00e9pendance \u00e0 l\u2019alcool et aux substances<\/p>\n<\/li>\n<li data-start=\"2693\" data-end=\"2750\">\n<p data-start=\"2695\" data-end=\"2750\">Clart\u00e9 \u00e9motionnelle et traitement des traumatismes (TSPT, anxi\u00e9t\u00e9)<\/p>\n<\/li>\n<li data-start=\"2751\" data-end=\"2794\">\n<p data-start=\"2753\" data-end=\"2794\">Int\u00e9gration consciente et introspection<\/p>\n<\/li>\n<\/ul>\n<p data-start=\"2796\" data-end=\"2833\"><strong data-start=\"2796\" data-end=\"2831\">Qu\u2019est-ce qui rend ce produit unique ?<\/strong><\/p>\n<ul data-start=\"2834\" data-end=\"3034\">\n<li data-start=\"2834\" data-end=\"2911\">\n<p data-start=\"2836\" data-end=\"2911\">Extrait de racine d\u2019iboga de qualit\u00e9 sup\u00e9rieure, avec des alcalo\u00efdes \u00e0 spectre complet pr\u00e9serv\u00e9s<\/p>\n<\/li>\n<li data-start=\"2912\" data-end=\"2967\">\n<p data-start=\"2914\" data-end=\"2967\">Convient aux programmes structur\u00e9s de sevrage et de travail int\u00e9rieur<\/p>\n<\/li>\n<li data-start=\"2968\" data-end=\"3034\">\n<p data-start=\"2970\" data-end=\"3034\">Pl\u00e9biscit\u00e9 par les facilitateurs pour sa puissance \u00e9quilibr\u00e9e et sa constance<\/p>\n<\/li>\n<\/ul>\n<p data-start=\"3036\" data-end=\"3217\"><strong data-start=\"3036\" data-end=\"3056\">Utilisation recommand\u00e9e :<\/strong><br data-start=\"3056\" data-end=\"3059\" \/><strong data-start=\"3059\" data-end=\"3091\">L\u2019Iboga TA est extr\u00eamement puissant<\/strong>. Il doit uniquement \u00eatre utilis\u00e9 sous la supervision de professionnels form\u00e9s. Ce produit n\u2019est pas destin\u00e9 \u00e0 une utilisation \u00e0 domicile sans supervision.<\/p>\n<p data-start=\"3427\" data-end=\"3479\"><strong data-start=\"3427\" data-end=\"3437\">Prix :<\/strong> <del data-start=\"3438\" data-end=\"3444\">$530<\/del> \u2192 <strong data-start=\"3447\" data-end=\"3455\">$477<\/strong> (remise de 10 % incluse)<\/p>\n","protected":false},"excerpt":{"rendered":"<p>Forfait bien-\u00eatre mental et r\u00e9tablissement de l\u2019addiction \u2013 Iboga TA Obtenez 10 % DE R\u00c9DUCTION ! 550 $ + 68 $ de frais d\u2019exp\u00e9dition<\/p>\n","protected":false},"featured_media":32216,"comment_status":"open","ping_status":"closed","template":"","meta":{"site-sidebar-layout":"default","site-content-layout":"","ast-site-content-layout":"default","site-content-style":"default","site-sidebar-style":"default","ast-global-header-display":"","ast-banner-title-visibility":"","ast-main-header-display":"","ast-hfb-above-header-display":"","ast-hfb-below-header-display":"","ast-hfb-mobile-header-display":"","site-post-title":"","ast-breadcrumbs-content":"","ast-featured-img":"","footer-sml-layout":"","ast-disable-related-posts":"","theme-transparent-header-meta":"default","adv-header-id-meta":"","stick-header-meta":"default","header-above-stick-meta":"","header-main-stick-meta":"","header-below-stick-meta":"","astra-migrate-meta-layouts":"set","ast-page-background-enabled":"default","ast-page-background-meta":{"desktop":{"background-color":"var(--ast-global-color-4)","background-image":"","background-repeat":"repeat","background-position":"center center","background-size":"auto","background-attachment":"scroll","background-type":"","background-media":"","overlay-type":"","overlay-color":"","overlay-opacity":"","overlay-gradient":""},"tablet":{"background-color":"","background-image":"","background-repeat":"repeat","background-position":"center center","background-size":"auto","background-attachment":"scroll","background-type":"","background-media":"","overlay-type":"","overlay-color":"","overlay-opacity":"","overlay-gradient":""},"mobile":{"background-color":"","background-image":"","background-repeat":"repeat","background-position":"center center","background-size":"auto","background-attachment":"scroll","background-type":"","background-media":"","overlay-type":"","overlay-color":"","overlay-opacity":"","overlay-gradient":""}},"ast-content-background-meta":{"desktop":{"background-color":"var(--ast-global-color-5)","background-image":"","background-repeat":"repeat","background-position":"center center","background-size":"auto","background-attachment":"scroll","background-type":"","background-media":"","overlay-type":"","overlay-color":"","overlay-opacity":"","overlay-gradient":""},"tablet":{"background-color":"var(--ast-global-color-5)","background-image":"","background-repeat":"repeat","background-position":"center center","background-size":"auto","background-attachment":"scroll","background-type":"","background-media":"","overlay-type":"","overlay-color":"","overlay-opacity":"","overlay-gradient":""},"mobile":{"background-color":"var(--ast-global-color-5)","background-image":"","background-repeat":"repeat","background-position":"center center","background-size":"auto","background-attachment":"scroll","background-type":"","background-media":"","overlay-type":"","overlay-color":"","overlay-opacity":"","overlay-gradient":""}},"jetpack_publicize_message":"","jetpack_publicize_feature_enabled":true,"jetpack_social_post_already_shared":true,"jetpack_social_options":{"image_generator_settings":{"template":"highway","default_image_id":0,"font":"","enabled":false},"version":2}},"product_brand":[4007],"product_cat":[589],"product_tag":[],"class_list":{"0":"post-31581","1":"product","2":"type-product","3":"status-publish","4":"has-post-thumbnail","6":"product_brand-getibogaine","7":"product_cat-promo-getibogaine","8":"desktop-align-left","9":"tablet-align-left","10":"mobile-align-left","11":"ast-product-gallery-layout-horizontal-slider","12":"ast-product-tabs-layout-horizontal","14":"first","15":"instock","16":"sale","17":"shipping-taxable","18":"purchasable","19":"product-type-simple"},"jetpack_publicize_connections":[],"jetpack_sharing_enabled":true,"_links":{"self":[{"href":"https:\/\/getibogaine.com\/fr\/wp-json\/wp\/v2\/product\/31581","targetHints":{"allow":["GET"]}}],"collection":[{"href":"https:\/\/getibogaine.com\/fr\/wp-json\/wp\/v2\/product"}],"about":[{"href":"https:\/\/getibogaine.com\/fr\/wp-json\/wp\/v2\/types\/product"}],"replies":[{"embeddable":true,"href":"https:\/\/getibogaine.com\/fr\/wp-json\/wp\/v2\/comments?post=31581"}],"version-history":[{"count":0,"href":"https:\/\/getibogaine.com\/fr\/wp-json\/wp\/v2\/product\/31581\/revisions"}],"wp:featuredmedia":[{"embeddable":true,"href":"https:\/\/getibogaine.com\/fr\/wp-json\/wp\/v2\/media\/32216"}],"wp:attachment":[{"href":"https:\/\/getibogaine.com\/fr\/wp-json\/wp\/v2\/media?parent=31581"}],"wp:term":[{"taxonomy":"product_brand","embeddable":true,"href":"https:\/\/getibogaine.com\/fr\/wp-json\/wp\/v2\/product_brand?post=31581"},{"taxonomy":"product_cat","embeddable":true,"href":"https:\/\/getibogaine.com\/fr\/wp-json\/wp\/v2\/product_cat?post=31581"},{"taxonomy":"product_tag","embeddable":true,"href":"https:\/\/getibogaine.com\/fr\/wp-json\/wp\/v2\/product_tag?post=31581"}],"curies":[{"name":"wp","href":"https:\/\/api.w.org\/{rel}","templated":true}]}}