{"id":30870,"date":"2022-04-18T01:32:08","date_gmt":"2022-04-18T01:32:08","guid":{"rendered":"http:\/\/getibogaine.com\/?page_id=3"},"modified":"2026-03-11T15:18:58","modified_gmt":"2026-03-11T19:18:58","slug":"informativa-sulla-privacy","status":"publish","type":"page","link":"https:\/\/getibogaine.com\/it\/informativa-sulla-privacy\/","title":{"rendered":"Informativa sulla privacy"},"content":{"rendered":"\t\t<div data-elementor-type=\"wp-page\" data-elementor-id=\"30870\" class=\"elementor elementor-30870 elementor-3\" data-elementor-post-type=\"page\">\n\t\t\t\t<div class=\"elementor-element elementor-element-5ceef1e e-flex e-con-boxed e-con e-parent\" data-id=\"5ceef1e\" data-element_type=\"container\" data-e-type=\"container\" data-settings=\"{&quot;background_background&quot;:&quot;classic&quot;,&quot;animation&quot;:&quot;none&quot;}\">\n\t\t\t\t\t<div class=\"e-con-inner\">\n\t\t<div class=\"elementor-element elementor-element-095a4a4 e-con-full e-flex e-con e-child\" data-id=\"095a4a4\" data-element_type=\"container\" data-e-type=\"container\" data-settings=\"{&quot;motion_fx_motion_fx_scrolling&quot;:&quot;yes&quot;,&quot;motion_fx_translateY_effect&quot;:&quot;yes&quot;,&quot;motion_fx_translateY_speed&quot;:{&quot;unit&quot;:&quot;px&quot;,&quot;size&quot;:4,&quot;sizes&quot;:[]},&quot;motion_fx_translateY_affectedRange&quot;:{&quot;unit&quot;:&quot;%&quot;,&quot;size&quot;:&quot;&quot;,&quot;sizes&quot;:{&quot;start&quot;:0,&quot;end&quot;:100}},&quot;motion_fx_devices&quot;:[&quot;widescreen&quot;,&quot;desktop&quot;,&quot;laptop&quot;,&quot;tablet&quot;,&quot;mobile&quot;]}\">\n\t\t\t\t<div class=\"elementor-element elementor-element-c4d0fc8 elementor-widget elementor-widget-heading\" data-id=\"c4d0fc8\" data-element_type=\"widget\" data-e-type=\"widget\" data-widget_type=\"heading.default\">\n\t\t\t\t\t<h1 class=\"elementor-heading-title elementor-size-default\">Informativa sulla privacy<\/h1>\t\t\t\t<\/div>\n\t\t\t\t<\/div>\n\t\t\t\t\t<\/div>\n\t\t\t\t<\/div>\n\t\t<div class=\"elementor-element elementor-element-2b16b99 e-flex e-con-boxed e-con e-parent\" data-id=\"2b16b99\" data-element_type=\"container\" data-e-type=\"container\">\n\t\t\t\t\t<div class=\"e-con-inner\">\n\t\t<div class=\"elementor-element elementor-element-43bfb68 e-con-full e-flex e-con e-child\" data-id=\"43bfb68\" data-element_type=\"container\" data-e-type=\"container\">\n\t\t\t\t<div class=\"elementor-element elementor-element-8b1593c elementor-widget elementor-widget-heading\" data-id=\"8b1593c\" data-element_type=\"widget\" data-e-type=\"widget\" data-widget_type=\"heading.default\">\n\t\t\t\t\t<h2 class=\"elementor-heading-title elementor-size-default\">Informativa sulla privacy di Get Ibogaine<\/h2>\t\t\t\t<\/div>\n\t\t\t\t<div class=\"elementor-element elementor-element-7820396 elementor-widget elementor-widget-text-editor\" data-id=\"7820396\" data-element_type=\"widget\" data-e-type=\"widget\" data-widget_type=\"text-editor.default\">\n\t\t\t\t\t\t\t\t\t<p><\/p>\n<p>Su\u00a0<a href=\"http:\/\/Getibogaine.com\" target=\"_blank\" rel=\"noopener\">Getibogaine.com<\/a>, potremmo ottenere informazioni che ci fornisci direttamente sui Siti e ci\u00f2 include, senza limitazioni, tutte le raccolte online e offline di tutti i tipi di informazioni personali.<\/p>\n<p>Queste informazioni possono includere dati personali, ossia informazioni che possono essere utilizzate per identificarti individualmente. I dati personali raccolti possono includere:<br \/>Informazioni di contatto, come nome, indirizzo, email, numero di telefono, numero di fax, nome dell\u2019organizzazione e\/o qualifica professionale<\/p>\n<ul>\n<li>Restrizioni alimentari, informazioni del passaporto per prenotazioni di viaggio o a fini di identificazione, numero di previdenza sociale (ove richiesto dalla legge), dettagli del conto bancario, persone di contatto (di emergenza), informazioni familiari (ove applicabile e in conformit\u00e0 alla legge locale)<\/li>\n<li>Affidabilit\u00e0 creditizia, partita IVA, prodotto, storico delle informazioni sugli acquisti, documentazione delle richieste<\/li>\n<li>Fotografie, video e registrazioni audio laddove tu abbia fornito il tuo consenso<\/li>\n<li>Dati personali sensibili, come informazioni sanitarie o segnalazioni relative a un singolo cliente finale, ad es. riguardanti reclami e indagini sui prodotti, esiti pre e post-operatori dei pazienti per finalit\u00e0 di ricerca e statistiche, oppure casellari giudiziali per procedure di due diligence in conformit\u00e0 alla normativa applicabile. Conserveremo e utilizzeremo i dati personali raccolti per i processi e le finalit\u00e0 di trattamento sopra menzionati in conformit\u00e0 ai nostri obblighi, inclusi, a titolo esemplificativo e non esaustivo, obblighi legali, commerciali e amministrativi.<\/li>\n<\/ul>\n<p><\/p>\t\t\t\t\t\t\t\t<\/div>\n\t\t\t\t<div class=\"elementor-element elementor-element-c13c0c6 elementor-widget elementor-widget-heading\" data-id=\"c13c0c6\" data-element_type=\"widget\" data-e-type=\"widget\" data-widget_type=\"heading.default\">\n\t\t\t\t\t<h2 class=\"elementor-heading-title elementor-size-default\">USO DELLE INFORMAZIONI<\/h2>\t\t\t\t<\/div>\n\t\t\t\t<div class=\"elementor-element elementor-element-44b6a1f elementor-widget elementor-widget-text-editor\" data-id=\"44b6a1f\" data-element_type=\"widget\" data-e-type=\"widget\" data-widget_type=\"text-editor.default\">\n\t\t\t\t\t\t\t\t\t\n<p>Potremmo utilizzare le informazioni raccolte tramite i Siti, incluse le Informazioni Personali e le Informazioni sull\u2019Utilizzo del Sito, per vari scopi, inclusi, a titolo esemplificativo ma non esaustivo, i seguenti:<\/p>\n<ol>\n<li>Consentirti di utilizzare i Siti e di fornirti i relativi servizi, incluso rispondere alle tue domande e ai tuoi commenti;<\/li>\n<li>Completare le transazioni ed elaborare la tua registrazione, i tuoi ordini e i tuoi pagamenti, inclusa la verifica che le informazioni da te fornite siano accurate e valide;<\/li>\n<li>Gestire e sviluppare il nostro rapporto commerciale con te e con l\u2019azienda che rappresenti;<\/li>\n<li>Personalizzare le tue esperienze online e adattare i contenuti, le raccomandazioni e le offerte che ti mostriamo sui Siti e altrove online;<\/li>\n<li>Fornirti informazioni, prodotti o servizi che hai richiesto o accettato di ricevere o che riteniamo altrimenti possano interessarti, incluse informazioni e offerte speciali da parte nostra, dei nostri inserzionisti e dei nostri partner commerciali terzi;<\/li>\n<li>Svolgere analisi interne, come sondaggi e ricerche di mercato;<\/li>\n<li>Migliorare i Siti, i nostri prodotti e servizi e per finalit\u00e0 aziendali interne;<\/li>\n<li>Contattarti con comunicazioni amministrative e, a nostra discrezione, con modifiche alle politiche del Sito;<\/li>\n<li>Monitorare e analizzare tendenze, utilizzo e attivit\u00e0 di visitatori e utenti dei Siti; per rispettare le leggi, i regolamenti o i procedimenti legali applicabili nonch\u00e9 gli standard di settore e le politiche della nostra azienda;<\/li>\n<li>Per le finalit\u00e0 rese note al momento in cui fornisci le tue informazioni e come ulteriormente descritto o consentito nella presente Informativa sulla Privacy;<\/li>\n<li>Prevenire, indagare, identificare o intraprendere qualsiasi altra azione in relazione a qualsiasi attivit\u00e0 sospetta o effettiva fraudolenta o illegale o a qualsiasi attivit\u00e0 che violi le nostre politiche;<\/li>\n<li>Ricordare e ripristinare le tue preferenze quando ritorni sul sito web;<\/li>\n<li>Rispettare le leggi, i regolamenti o i procedimenti legali applicabili, nonch\u00e9 gli standard aziendali e le politiche della nostra azienda o, in alternativa, con il tuo consenso.<\/li>\n<\/ol>\n\t\t\t\t\t\t\t\t<\/div>\n\t\t\t\t<div class=\"elementor-element elementor-element-df6ebeb elementor-widget elementor-widget-spacer\" data-id=\"df6ebeb\" data-element_type=\"widget\" data-e-type=\"widget\" data-widget_type=\"spacer.default\">\n\t\t\t\t\t\t\t<div class=\"elementor-spacer\">\n\t\t\t<div class=\"elementor-spacer-inner\"><\/div>\n\t\t<\/div>\n\t\t\t\t\t\t<\/div>\n\t\t\t\t<\/div>\n\t\t\t\t\t<\/div>\n\t\t\t\t<\/div>\n\t\t\t\t<\/div>\n\t\t","protected":false},"excerpt":{"rendered":"<p>Informativa sulla privacy Informativa sulla privacy di Get Ibogaine Su\u00a0Getibogaine.com, potremmo ottenere informazioni che ci fornisci direttamente sui Siti e [&hellip;]<\/p>\n","protected":false},"author":3,"featured_media":30871,"parent":0,"menu_order":0,"comment_status":"closed","ping_status":"closed","template":"elementor_header_footer","meta":{"site-sidebar-layout":"default","site-content-layout":"","ast-site-content-layout":"default","site-content-style":"default","site-sidebar-style":"default","ast-global-header-display":"","ast-banner-title-visibility":"","ast-main-header-display":"","ast-hfb-above-header-display":"","ast-hfb-below-header-display":"","ast-hfb-mobile-header-display":"","site-post-title":"","ast-breadcrumbs-content":"","ast-featured-img":"","footer-sml-layout":"","ast-disable-related-posts":"","theme-transparent-header-meta":"","adv-header-id-meta":"","stick-header-meta":"","header-above-stick-meta":"","header-main-stick-meta":"","header-below-stick-meta":"","astra-migrate-meta-layouts":"default","ast-page-background-enabled":"default","ast-page-background-meta":{"desktop":{"background-color":"var(--ast-global-color-4)","background-image":"","background-repeat":"repeat","background-position":"center center","background-size":"auto","background-attachment":"scroll","background-type":"","background-media":"","overlay-type":"","overlay-color":"","overlay-opacity":"","overlay-gradient":""},"tablet":{"background-color":"","background-image":"","background-repeat":"repeat","background-position":"center center","background-size":"auto","background-attachment":"scroll","background-type":"","background-media":"","overlay-type":"","overlay-color":"","overlay-opacity":"","overlay-gradient":""},"mobile":{"background-color":"","background-image":"","background-repeat":"repeat","background-position":"center center","background-size":"auto","background-attachment":"scroll","background-type":"","background-media":"","overlay-type":"","overlay-color":"","overlay-opacity":"","overlay-gradient":""}},"ast-content-background-meta":{"desktop":{"background-color":"var(--ast-global-color-5)","background-image":"","background-repeat":"repeat","background-position":"center center","background-size":"auto","background-attachment":"scroll","background-type":"","background-media":"","overlay-type":"","overlay-color":"","overlay-opacity":"","overlay-gradient":""},"tablet":{"background-color":"var(--ast-global-color-5)","background-image":"","background-repeat":"repeat","background-position":"center center","background-size":"auto","background-attachment":"scroll","background-type":"","background-media":"","overlay-type":"","overlay-color":"","overlay-opacity":"","overlay-gradient":""},"mobile":{"background-color":"var(--ast-global-color-5)","background-image":"","background-repeat":"repeat","background-position":"center center","background-size":"auto","background-attachment":"scroll","background-type":"","background-media":"","overlay-type":"","overlay-color":"","overlay-opacity":"","overlay-gradient":""}},"footnotes":""},"class_list":["post-30870","page","type-page","status-publish","has-post-thumbnail","hentry"],"jetpack_sharing_enabled":true,"_links":{"self":[{"href":"https:\/\/getibogaine.com\/it\/wp-json\/wp\/v2\/pages\/30870","targetHints":{"allow":["GET"]}}],"collection":[{"href":"https:\/\/getibogaine.com\/it\/wp-json\/wp\/v2\/pages"}],"about":[{"href":"https:\/\/getibogaine.com\/it\/wp-json\/wp\/v2\/types\/page"}],"author":[{"embeddable":true,"href":"https:\/\/getibogaine.com\/it\/wp-json\/wp\/v2\/users\/3"}],"replies":[{"embeddable":true,"href":"https:\/\/getibogaine.com\/it\/wp-json\/wp\/v2\/comments?post=30870"}],"version-history":[{"count":4,"href":"https:\/\/getibogaine.com\/it\/wp-json\/wp\/v2\/pages\/30870\/revisions"}],"predecessor-version":[{"id":35881,"href":"https:\/\/getibogaine.com\/it\/wp-json\/wp\/v2\/pages\/30870\/revisions\/35881"}],"wp:featuredmedia":[{"embeddable":true,"href":"https:\/\/getibogaine.com\/it\/wp-json\/wp\/v2\/media\/30871"}],"wp:attachment":[{"href":"https:\/\/getibogaine.com\/it\/wp-json\/wp\/v2\/media?parent=30870"}],"curies":[{"name":"wp","href":"https:\/\/api.w.org\/{rel}","templated":true}]}}