{"id":30885,"date":"2022-04-18T03:30:48","date_gmt":"2022-04-18T07:30:48","guid":{"rendered":"http:\/\/getibogaine.com\/?page_id=13"},"modified":"2026-03-12T14:04:18","modified_gmt":"2026-03-12T18:04:18","slug":"politica-di-rimborso-e-resi","status":"publish","type":"page","link":"https:\/\/getibogaine.com\/it\/politica-di-rimborso-e-resi\/","title":{"rendered":"Politica di rimborso e resi"},"content":{"rendered":"\t\t<div data-elementor-type=\"wp-page\" data-elementor-id=\"30885\" class=\"elementor elementor-30885 elementor-13\" data-elementor-post-type=\"page\">\n\t\t\t\t<div class=\"elementor-element elementor-element-770c53e e-flex e-con-boxed e-con e-parent\" data-id=\"770c53e\" data-element_type=\"container\" data-e-type=\"container\" data-settings=\"{&quot;background_background&quot;:&quot;classic&quot;}\">\n\t\t\t\t\t<div class=\"e-con-inner\">\n\t\t<div class=\"elementor-element elementor-element-5508011 e-con-full e-flex e-con e-child\" data-id=\"5508011\" data-element_type=\"container\" data-e-type=\"container\" data-settings=\"{&quot;motion_fx_motion_fx_scrolling&quot;:&quot;yes&quot;,&quot;motion_fx_translateY_effect&quot;:&quot;yes&quot;,&quot;motion_fx_translateY_speed&quot;:{&quot;unit&quot;:&quot;px&quot;,&quot;size&quot;:4,&quot;sizes&quot;:[]},&quot;motion_fx_translateY_affectedRange&quot;:{&quot;unit&quot;:&quot;%&quot;,&quot;size&quot;:&quot;&quot;,&quot;sizes&quot;:{&quot;start&quot;:0,&quot;end&quot;:100}},&quot;motion_fx_devices&quot;:[&quot;widescreen&quot;,&quot;desktop&quot;,&quot;laptop&quot;,&quot;tablet&quot;,&quot;mobile&quot;]}\">\n\t\t\t\t<div class=\"elementor-element elementor-element-37f1a02 elementor-widget elementor-widget-spacer\" data-id=\"37f1a02\" data-element_type=\"widget\" data-e-type=\"widget\" data-widget_type=\"spacer.default\">\n\t\t\t\t\t\t\t<div class=\"elementor-spacer\">\n\t\t\t<div class=\"elementor-spacer-inner\"><\/div>\n\t\t<\/div>\n\t\t\t\t\t\t<\/div>\n\t\t\t\t<div class=\"elementor-element elementor-element-f997c13 elementor-widget elementor-widget-heading\" data-id=\"f997c13\" data-element_type=\"widget\" data-e-type=\"widget\" data-widget_type=\"heading.default\">\n\t\t\t\t\t<h1 class=\"elementor-heading-title elementor-size-default\">Annullamento e reso<\/h1>\t\t\t\t<\/div>\n\t\t\t\t<div class=\"elementor-element elementor-element-80d7889 elementor-widget elementor-widget-heading\" data-id=\"80d7889\" data-element_type=\"widget\" data-e-type=\"widget\" data-widget_type=\"heading.default\">\n\t\t\t\t\t<h2 class=\"elementor-heading-title elementor-size-default\">Di seguito \u00e8 descritta la nostra politica di annullamento e reso per i nostri prodotti a base di ibogaina<\/h2>\t\t\t\t<\/div>\n\t\t\t\t<\/div>\n\t\t\t\t\t<\/div>\n\t\t\t\t<\/div>\n\t\t<div class=\"elementor-element elementor-element-43435b4 e-flex e-con-boxed e-con e-parent\" data-id=\"43435b4\" data-element_type=\"container\" data-e-type=\"container\">\n\t\t\t\t\t<div class=\"e-con-inner\">\n\t\t<div class=\"elementor-element elementor-element-8c89456 e-con-full e-flex e-con e-child\" data-id=\"8c89456\" data-element_type=\"container\" data-e-type=\"container\">\n\t\t\t\t<div class=\"elementor-element elementor-element-84e8aa9 elementor-widget elementor-widget-heading\" data-id=\"84e8aa9\" data-element_type=\"widget\" data-e-type=\"widget\" data-widget_type=\"heading.default\">\n\t\t\t\t\t<h3 class=\"elementor-heading-title elementor-size-default\">Annullamento<\/h3>\t\t\t\t<\/div>\n\t\t\t\t<div class=\"elementor-element elementor-element-2a23224 elementor-widget elementor-widget-text-editor\" data-id=\"2a23224\" data-element_type=\"widget\" data-e-type=\"widget\" data-widget_type=\"text-editor.default\">\n\t\t\t\t\t\t\t\t\t<p>Dopo l\u2019elaborazione del pagamento, gli ordini non possono essere annullati, ma possono essere modificati su richiesta. Se ritieni il tuo acquisto non soddisfacente, ci impegniamo ad assisterti. Il nostro team si adopera per consegnare prodotti accurati e di altissima qualit\u00e0 con ogni spedizione.<\/p>\n<p>Nel raro caso in cui tu riceva un articolo errato, difettoso o non conforme agli standard, ti preghiamo di contattarci tempestivamente all\u2019indirizzo <em><span style=\"text-decoration: underline;\"><a href=\"mailto:in**@*********ne.com\" data-original-string=\"BwzQlh2AsAnbchcsAbx\/tg==bd0LhGK22faHIDv1lmd4Jl1ItDzuslAOTBaUDtDbrxJFvs=\" title=\"This contact has been encoded by Anti-Spam by CleanTalk. Click to decode. To finish the decoding make sure that JavaScript is enabled in your browser.\" target=\"_blank\" rel=\"noopener\" data-wplink-edit=\"true\"><span \n                data-original-string='IX+4Z0fsMnbqEuUSgk3\/gQ==bd0VmhZiB1pbUGs6BeOfJxh0UA4nJPyLErOW99GDUSV1Mw='\n                class='apbct-email-encoder'\n                title='This contact has been encoded by Anti-Spam by CleanTalk. Click to decode. To finish the decoding make sure that JavaScript is enabled in your browser.'>in<span class=\"apbct-blur\">**<\/span>@<span class=\"apbct-blur\">*********<\/span>ne.com<\/span><\/a><\/span><\/em> per una rapida risoluzione.<\/p>\n<p><!-- \/wp:paragraph --><\/p>\t\t\t\t\t\t\t\t<\/div>\n\t\t\t\t<div class=\"elementor-element elementor-element-8b2f0e4 elementor-widget elementor-widget-heading\" data-id=\"8b2f0e4\" data-element_type=\"widget\" data-e-type=\"widget\" data-widget_type=\"heading.default\">\n\t\t\t\t\t<h3 class=\"elementor-heading-title elementor-size-default\">Resi<\/h3>\t\t\t\t<\/div>\n\t\t\t\t<div class=\"elementor-element elementor-element-4aac6fd elementor-widget elementor-widget-text-editor\" data-id=\"4aac6fd\" data-element_type=\"widget\" data-e-type=\"widget\" data-widget_type=\"text-editor.default\">\n\t\t\t\t\t\t\t\t\t<p>In caso di errore, devi avvisarci entro 48 ore dalla ricezione della spedizione per avere diritto al reso. L\u2019articolo deve essere inutilizzato e nelle condizioni e nella confezione originali. Per tutti i resi \u00e8 richiesta una prova d\u2019acquisto. Per problemi relativi alla qualit\u00e0 del prodotto, \u00e8 necessario fornire prove che dimostrino la qualit\u00e0 insufficiente dell\u2019articolo.<\/p>\n<p>Per qualsiasi domanda o dubbio, non esitare a contattarci via email all\u2019indirizzo <a href=\"mailto:in**@*********ne.com\" data-original-string=\"owqvCJeF34e5cNaIiH5Epw==bd09T3FJYMmhJLu1q89c4AUkDAZQCvcUdDD73i5GytXn6o=\" title=\"This contact has been encoded by Anti-Spam by CleanTalk. Click to decode. To finish the decoding make sure that JavaScript is enabled in your browser.\" target=\"_blank\" rel=\"noopener\"><span style=\"text-decoration: underline;\"><em><span \n                data-original-string='6viht6vK23chk1G68lK\/4w==bd0NYWTQGbvPeBD4mKHN9YvXhimIgBuUIEP8mcc6abyRDY='\n                class='apbct-email-encoder'\n                title='This contact has been encoded by Anti-Spam by CleanTalk. Click to decode. To finish the decoding make sure that JavaScript is enabled in your browser.'>in<span class=\"apbct-blur\">**<\/span>@<span class=\"apbct-blur\">*********<\/span>ne.com<\/span><\/em><\/span><\/a>.<\/p>\n<p><!-- \/wp:paragraph --><\/p>\t\t\t\t\t\t\t\t<\/div>\n\t\t\t\t<div class=\"elementor-element elementor-element-2a2a9dd elementor-widget elementor-widget-spacer\" data-id=\"2a2a9dd\" data-element_type=\"widget\" data-e-type=\"widget\" data-widget_type=\"spacer.default\">\n\t\t\t\t\t\t\t<div class=\"elementor-spacer\">\n\t\t\t<div class=\"elementor-spacer-inner\"><\/div>\n\t\t<\/div>\n\t\t\t\t\t\t<\/div>\n\t\t\t\t<\/div>\n\t\t\t\t\t<\/div>\n\t\t\t\t<\/div>\n\t\t\t\t<\/div>\n\t\t","protected":false},"excerpt":{"rendered":"<p>Annullamento e reso Di seguito \u00e8 descritta la nostra politica di annullamento e reso per i nostri prodotti a base [&hellip;]<\/p>\n","protected":false},"author":3,"featured_media":30871,"parent":0,"menu_order":0,"comment_status":"closed","ping_status":"closed","template":"elementor_header_footer","meta":{"site-sidebar-layout":"default","site-content-layout":"","ast-site-content-layout":"default","site-content-style":"default","site-sidebar-style":"default","ast-global-header-display":"","ast-banner-title-visibility":"","ast-main-header-display":"","ast-hfb-above-header-display":"","ast-hfb-below-header-display":"","ast-hfb-mobile-header-display":"","site-post-title":"","ast-breadcrumbs-content":"","ast-featured-img":"","footer-sml-layout":"","ast-disable-related-posts":"","theme-transparent-header-meta":"","adv-header-id-meta":"","stick-header-meta":"","header-above-stick-meta":"","header-main-stick-meta":"","header-below-stick-meta":"","astra-migrate-meta-layouts":"default","ast-page-background-enabled":"default","ast-page-background-meta":{"desktop":{"background-color":"var(--ast-global-color-4)","background-image":"","background-repeat":"repeat","background-position":"center center","background-size":"auto","background-attachment":"scroll","background-type":"","background-media":"","overlay-type":"","overlay-color":"","overlay-opacity":"","overlay-gradient":""},"tablet":{"background-color":"","background-image":"","background-repeat":"repeat","background-position":"center center","background-size":"auto","background-attachment":"scroll","background-type":"","background-media":"","overlay-type":"","overlay-color":"","overlay-opacity":"","overlay-gradient":""},"mobile":{"background-color":"","background-image":"","background-repeat":"repeat","background-position":"center center","background-size":"auto","background-attachment":"scroll","background-type":"","background-media":"","overlay-type":"","overlay-color":"","overlay-opacity":"","overlay-gradient":""}},"ast-content-background-meta":{"desktop":{"background-color":"var(--ast-global-color-5)","background-image":"","background-repeat":"repeat","background-position":"center center","background-size":"auto","background-attachment":"scroll","background-type":"","background-media":"","overlay-type":"","overlay-color":"","overlay-opacity":"","overlay-gradient":""},"tablet":{"background-color":"var(--ast-global-color-5)","background-image":"","background-repeat":"repeat","background-position":"center center","background-size":"auto","background-attachment":"scroll","background-type":"","background-media":"","overlay-type":"","overlay-color":"","overlay-opacity":"","overlay-gradient":""},"mobile":{"background-color":"var(--ast-global-color-5)","background-image":"","background-repeat":"repeat","background-position":"center center","background-size":"auto","background-attachment":"scroll","background-type":"","background-media":"","overlay-type":"","overlay-color":"","overlay-opacity":"","overlay-gradient":""}},"footnotes":""},"class_list":["post-30885","page","type-page","status-publish","has-post-thumbnail","hentry"],"jetpack_sharing_enabled":true,"_links":{"self":[{"href":"https:\/\/getibogaine.com\/it\/wp-json\/wp\/v2\/pages\/30885","targetHints":{"allow":["GET"]}}],"collection":[{"href":"https:\/\/getibogaine.com\/it\/wp-json\/wp\/v2\/pages"}],"about":[{"href":"https:\/\/getibogaine.com\/it\/wp-json\/wp\/v2\/types\/page"}],"author":[{"embeddable":true,"href":"https:\/\/getibogaine.com\/it\/wp-json\/wp\/v2\/users\/3"}],"replies":[{"embeddable":true,"href":"https:\/\/getibogaine.com\/it\/wp-json\/wp\/v2\/comments?post=30885"}],"version-history":[{"count":4,"href":"https:\/\/getibogaine.com\/it\/wp-json\/wp\/v2\/pages\/30885\/revisions"}],"predecessor-version":[{"id":36126,"href":"https:\/\/getibogaine.com\/it\/wp-json\/wp\/v2\/pages\/30885\/revisions\/36126"}],"wp:featuredmedia":[{"embeddable":true,"href":"https:\/\/getibogaine.com\/it\/wp-json\/wp\/v2\/media\/30871"}],"wp:attachment":[{"href":"https:\/\/getibogaine.com\/it\/wp-json\/wp\/v2\/media?parent=30885"}],"curies":[{"name":"wp","href":"https:\/\/api.w.org\/{rel}","templated":true}]}}