{"id":31089,"date":"2022-10-14T10:40:01","date_gmt":"2022-10-14T14:40:01","guid":{"rendered":"http:\/\/getibogaine.com\/?page_id=10440"},"modified":"2026-03-11T12:18:01","modified_gmt":"2026-03-11T16:18:01","slug":"termini-e-condizioni","status":"publish","type":"page","link":"https:\/\/getibogaine.com\/it\/termini-e-condizioni\/","title":{"rendered":"Termini e Condizioni"},"content":{"rendered":"\t\t<div data-elementor-type=\"wp-page\" data-elementor-id=\"31089\" class=\"elementor elementor-31089 elementor-10440\" data-elementor-post-type=\"page\">\n\t\t\t\t<div class=\"elementor-element elementor-element-42f944a e-flex e-con-boxed e-con e-parent\" data-id=\"42f944a\" data-element_type=\"container\" data-e-type=\"container\" data-settings=\"{&quot;background_background&quot;:&quot;classic&quot;}\">\n\t\t\t\t\t<div class=\"e-con-inner\">\n\t\t<div class=\"elementor-element elementor-element-69f3c81 e-con-full e-flex e-con e-child\" data-id=\"69f3c81\" data-element_type=\"container\" data-e-type=\"container\" data-settings=\"{&quot;motion_fx_motion_fx_scrolling&quot;:&quot;yes&quot;,&quot;motion_fx_translateY_effect&quot;:&quot;yes&quot;,&quot;motion_fx_translateY_speed&quot;:{&quot;unit&quot;:&quot;px&quot;,&quot;size&quot;:4,&quot;sizes&quot;:[]},&quot;motion_fx_translateY_affectedRange&quot;:{&quot;unit&quot;:&quot;%&quot;,&quot;size&quot;:&quot;&quot;,&quot;sizes&quot;:{&quot;start&quot;:0,&quot;end&quot;:100}},&quot;motion_fx_devices&quot;:[&quot;widescreen&quot;,&quot;desktop&quot;,&quot;laptop&quot;,&quot;tablet&quot;,&quot;mobile&quot;]}\">\n\t\t\t\t<div class=\"elementor-element elementor-element-6309569 elementor-widget elementor-widget-spacer\" data-id=\"6309569\" data-element_type=\"widget\" data-e-type=\"widget\" data-widget_type=\"spacer.default\">\n\t\t\t\t\t\t\t<div class=\"elementor-spacer\">\n\t\t\t<div class=\"elementor-spacer-inner\"><\/div>\n\t\t<\/div>\n\t\t\t\t\t\t<\/div>\n\t\t\t\t<div class=\"elementor-element elementor-element-7a47e8e elementor-widget elementor-widget-heading\" data-id=\"7a47e8e\" data-element_type=\"widget\" data-e-type=\"widget\" data-widget_type=\"heading.default\">\n\t\t\t\t\t<h1 class=\"elementor-heading-title elementor-size-default\">ESCLUSIONE DI RESPONSABILIT\u00c0 LEGALE E TERMINI DI UTILIZZO<\/h1>\t\t\t\t<\/div>\n\t\t\t\t<div class=\"elementor-element elementor-element-38e2e7f elementor-widget elementor-widget-text-editor\" data-id=\"38e2e7f\" data-element_type=\"widget\" data-e-type=\"widget\" data-widget_type=\"text-editor.default\">\n\t\t\t\t\t\t\t\t\t<p>Esclusione di responsabilit\u00e0: Getibogaine.com \u2013 Termini di utilizzo, acquisto e riconoscimento del rischio<\/p>\t\t\t\t\t\t\t\t<\/div>\n\t\t\t\t<div class=\"elementor-element elementor-element-bb05414 elementor-widget elementor-widget-heading\" data-id=\"bb05414\" data-element_type=\"widget\" data-e-type=\"widget\" data-widget_type=\"heading.default\">\n\t\t\t\t\t<p class=\"elementor-heading-title elementor-size-default\">Esclusione di responsabilit\u00e0 legale rivista il 27 febbraio 2026<\/p>\t\t\t\t<\/div>\n\t\t\t\t<\/div>\n\t\t\t\t\t<\/div>\n\t\t\t\t<\/div>\n\t\t<div class=\"elementor-element elementor-element-1746d8b e-flex e-con-boxed e-con e-parent\" data-id=\"1746d8b\" data-element_type=\"container\" data-e-type=\"container\">\n\t\t\t\t\t<div class=\"e-con-inner\">\n\t\t<div class=\"elementor-element elementor-element-b108ed9 e-con-full e-flex e-con e-child\" data-id=\"b108ed9\" data-element_type=\"container\" data-e-type=\"container\">\n\t\t\t\t<div class=\"elementor-element elementor-element-b0dc37c elementor-widget elementor-widget-text-editor\" data-id=\"b0dc37c\" data-element_type=\"widget\" data-e-type=\"widget\" data-widget_type=\"text-editor.default\">\n\t\t\t\t\t\t\t\t\t<p>LEGGI ATTENTAMENTE QUESTO DOCUMENTO. Accedendo, navigando o effettuando qualsiasi acquisto su <strong><a href=\"https:\/\/getibogaine.com\">Getibogaine.com<\/a><\/strong> (di seguito &#8220;il Sito&#8221;), riconosci di aver letto, compreso e accetti di essere vincolato dai seguenti termini e condizioni, manleve ed esclusioni e limitazioni di responsabilit\u00e0. Se non sei d\u2019accordo con qualsiasi parte del presente disclaimer, ti \u00e8 espressamente vietato utilizzare questo Sito o acquistare i suoi prodotti.<\/p>\n<p><strong>1. Informazioni generali &amp; nessun consiglio medico<\/strong><br \/>I contenuti forniti su questo Sito, inclusi, a titolo esemplificativo e non esaustivo, testi, grafica, immagini e informazioni relative a Ibogaine, Voacanga o qualsiasi altro prodotto botanico, hanno esclusivamente finalit\u00e0 informative e educative di carattere generale. La nostra sede \u00e8 in Camerun, dove l\u2019Iboga \u00e8 utilizzata nell\u2019ambito della medicina tradizionale e alternativa.<\/p>\n<p>Non siamo professionisti medici e tali informazioni non costituiscono un parere medico, una diagnosi n\u00e9 l\u2019affermazione che qualsiasi prodotto possa curare, alleviare, trattare o prevenire alcuna malattia (inclusa la dipendenza). Devi consultare un medico qualificato e abilitato nella tua giurisdizione prima di utilizzare qualsiasi prodotto acquistato su questo sito. La decisione di utilizzare qualsiasi sostanza a fini terapeutici \u00e8 una decisione medica importante che comporta rischi intrinseci, inclusi gravi lesioni o la morte, e deve essere presa sotto la supervisione di un professionista sanitario.<\/p>\n<p><strong>2. Responsabilit\u00e0 esclusiva dell\u2019acquirente: conformit\u00e0 alle leggi locali, nazionali e internazionali<\/strong><br \/>L\u2019acquirente e\/o l\u2019utilizzatore (di seguito &#8220;l\u2019Acquirente&#8221;) si assume la piena ed esclusiva responsabilit\u00e0 di verificare lo status legale di Ibogaine, Voacanga e di tutti gli altri prodotti nel proprio specifico paese, stato, provincia, contea e giurisdizione locale.<\/p>\n<p>\u00b7 Quadro normativo in evoluzione: l\u2019Acquirente riconosce che, sebbene in alcune aree degli Stati Uniti e in altre regioni vi sia attivit\u00e0 a sostegno della legalizzazione degli psichedelici, lo status legale delle sostanze \u00e8 dinamico e varia drasticamente tra le giurisdizioni (ad es., ci\u00f2 che \u00e8 legale in uno stato degli USA pu\u00f2 costituire un reato federale in un altro).<br \/>\u00b7 Nessuna segregazione geografica: data la natura globale della nostra attivit\u00e0 e il diverso status legale del nostro catalogo prodotti (ad es., la Voacanga \u00e8 legale in molte giurisdizioni in cui l\u2019Ibogaine non lo \u00e8), non possiamo effettuare screening, filtrare o separare gli ordini in base alla localit\u00e0 dell\u2019Acquirente. La presenza di un prodotto su questo Sito non implica che sia legale nella tua giurisdizione.<br \/>\u00b7 Responsabilit\u00e0 esclusiva: \u00e8 esclusiva responsabilit\u00e0 dell\u2019Acquirente conoscere la legge. <strong><a href=\"https:\/\/getibogaine.com\">Getibogaine.com<\/a><\/strong>, i suoi proprietari, gestori e affiliati non si assumono alcuna responsabilit\u00e0 per acquisti effettuati da persone in luoghi in cui tali acquisti o il possesso sono illegali.<\/p>\n<p><strong>3. Elaborazione dei pagamenti &amp; penali finanziarie<\/strong><br \/>L\u2019Acquirente riconosce che la vendita di Ibogaine \u00e8 un\u2019attivit\u00e0 soggetta a restrizioni ai sensi dei termini di servizio della maggior parte dei processori di pagamento globali (societ\u00e0 di carte di credito, PayPal, Stripe, ecc.), anche nelle giurisdizioni in cui la sostanza \u00e8 legale.<\/p>\n<p>\u00b7 Chargeback &amp; sanzioni: se un processore di pagamento sanziona, annulla o applica una multa a un account in relazione a una transazione per Ibogaine o prodotti correlati, l\u2019Acquirente accetta di manlevare Getibogaine.com per l\u2019intero importo della transazione, oltre a eventuali commissioni di chargeback, penali o costi amministrativi a noi addebitati.<br \/>\u00b7 Manleva di responsabilit\u00e0: <strong><a href=\"https:\/\/getibogaine.com\">Getibogaine.com<\/a><\/strong> non \u00e8 responsabile e non potr\u00e0 essere ritenuto responsabile per eventuali ritardi o mancata elaborazione dei pagamenti dovuti ad azioni intraprese da istituti finanziari o processori di pagamento in relazione alla natura dei prodotti venduti.<\/p>\n<p><strong>4. Esonero di responsabilit\u00e0 &amp; manleva<\/strong><br \/>Nella misura massima consentita dalla legge, tu (l\u2019Acquirente) con la presente liberi, rinunci, esoneri e ti impegni a non citare in giudizio <strong><a href=\"https:\/\/getibogaine.com\">Getibogaine.com<\/a><\/strong>, i suoi amministratori, dirigenti, dipendenti, agenti e affiliati (collettivamente &#8220;la Societ\u00e0&#8221;) da qualsiasi e ogni responsabilit\u00e0, reclamo, richiesta, azione o causa di azione di qualsiasi natura derivante da o relativa a qualsiasi perdita, danno o lesione, inclusa la morte, che possa essere subita da te o da qualsiasi persona a te associata, durante l\u2019acquisto, il possesso o il consumo dei nostri prodotti.<\/p>\n<p>Accetti espressamente di manlevare, difendere e tenere indenne la Societ\u00e0 da e contro qualsiasi e ogni reclamo, danno, responsabilit\u00e0, costo e spesa (incluse ragionevoli spese legali) derivanti da o relativi a:<br \/>(a) La tua violazione di qualsiasi legge locale, nazionale o internazionale riguardante l\u2019acquisto o il possesso dei nostri prodotti.<br \/>(b) Qualsiasi lesione fisica o psicologica, fino a includere la morte, risultante dall\u2019uso o dall\u2019uso improprio dei nostri prodotti.<br \/>(c) Qualsiasi reclamo presentato da terzi o da un ente governativo contro la Societ\u00e0 che derivi dalle tue azioni.<\/p>\n<p><strong>5. Nessuna garanzia implicita<\/strong><br \/>I prodotti venduti su questo Sito sono forniti &#8220;COS\u00cc COME SONO&#8221; e &#8220;COME DISPONIBILI&#8221;. Escludiamo espressamente tutte le garanzie di qualsiasi tipo, espresse o implicite, incluse, a titolo esemplificativo e non esaustivo, le garanzie implicite di commerciabilit\u00e0, idoneit\u00e0 a uno scopo particolare (incluso il trattamento della dipendenza) e non violazione.<\/p>\n<p><strong>6. Attestazione di comprensione<\/strong><br \/>Effettuando un ordine con <strong><a href=\"https:\/\/getibogaine.com\">Getibogaine.com<\/a><\/strong>, esegui digitalmente questo accordo e riconosci che:<\/p>\n<p>\u00b7 Stai agendo su consiglio del tuo professionista medico.<br \/>\u00b7 Hai verificato che i prodotti che stai ordinando siano legali nella tua specifica giurisdizione.<br \/>\u00b7 Comprendi che la Societ\u00e0 ha sede in Camerun, opera sotto le tutele dei quadri locali di medicina tradizionale e non pu\u00f2 essere soggetta alla giurisdizione o alle leggi del tuo paese per la tua decisione di acquistare.<br \/>\u00b7 Ti assumi tutti i rischi, legali e fisici, associati a questa transazione.<\/p>\n<p><!-- \/wp:paragraph --><\/p>\t\t\t\t\t\t\t\t<\/div>\n\t\t\t\t<\/div>\n\t\t\t\t\t<\/div>\n\t\t\t\t<\/div>\n\t\t\t\t<\/div>\n\t\t","protected":false},"excerpt":{"rendered":"<p>ESCLUSIONE DI RESPONSABILIT\u00c0 LEGALE E TERMINI DI UTILIZZO Esclusione di responsabilit\u00e0: Getibogaine.com \u2013 Termini di utilizzo, acquisto e riconoscimento del [&hellip;]<\/p>\n","protected":false},"author":3,"featured_media":30871,"parent":0,"menu_order":0,"comment_status":"closed","ping_status":"closed","template":"elementor_header_footer","meta":{"site-sidebar-layout":"default","site-content-layout":"","ast-site-content-layout":"default","site-content-style":"default","site-sidebar-style":"default","ast-global-header-display":"","ast-banner-title-visibility":"","ast-main-header-display":"","ast-hfb-above-header-display":"","ast-hfb-below-header-display":"","ast-hfb-mobile-header-display":"","site-post-title":"","ast-breadcrumbs-content":"","ast-featured-img":"","footer-sml-layout":"","ast-disable-related-posts":"","theme-transparent-header-meta":"","adv-header-id-meta":"","stick-header-meta":"","header-above-stick-meta":"","header-main-stick-meta":"","header-below-stick-meta":"","astra-migrate-meta-layouts":"default","ast-page-background-enabled":"default","ast-page-background-meta":{"desktop":{"background-color":"var(--ast-global-color-4)","background-image":"","background-repeat":"repeat","background-position":"center center","background-size":"auto","background-attachment":"scroll","background-type":"","background-media":"","overlay-type":"","overlay-color":"","overlay-opacity":"","overlay-gradient":""},"tablet":{"background-color":"","background-image":"","background-repeat":"repeat","background-position":"center center","background-size":"auto","background-attachment":"scroll","background-type":"","background-media":"","overlay-type":"","overlay-color":"","overlay-opacity":"","overlay-gradient":""},"mobile":{"background-color":"","background-image":"","background-repeat":"repeat","background-position":"center center","background-size":"auto","background-attachment":"scroll","background-type":"","background-media":"","overlay-type":"","overlay-color":"","overlay-opacity":"","overlay-gradient":""}},"ast-content-background-meta":{"desktop":{"background-color":"var(--ast-global-color-5)","background-image":"","background-repeat":"repeat","background-position":"center center","background-size":"auto","background-attachment":"scroll","background-type":"","background-media":"","overlay-type":"","overlay-color":"","overlay-opacity":"","overlay-gradient":""},"tablet":{"background-color":"var(--ast-global-color-5)","background-image":"","background-repeat":"repeat","background-position":"center center","background-size":"auto","background-attachment":"scroll","background-type":"","background-media":"","overlay-type":"","overlay-color":"","overlay-opacity":"","overlay-gradient":""},"mobile":{"background-color":"var(--ast-global-color-5)","background-image":"","background-repeat":"repeat","background-position":"center center","background-size":"auto","background-attachment":"scroll","background-type":"","background-media":"","overlay-type":"","overlay-color":"","overlay-opacity":"","overlay-gradient":""}},"footnotes":""},"class_list":["post-31089","page","type-page","status-publish","has-post-thumbnail","hentry"],"jetpack_sharing_enabled":true,"_links":{"self":[{"href":"https:\/\/getibogaine.com\/it\/wp-json\/wp\/v2\/pages\/31089","targetHints":{"allow":["GET"]}}],"collection":[{"href":"https:\/\/getibogaine.com\/it\/wp-json\/wp\/v2\/pages"}],"about":[{"href":"https:\/\/getibogaine.com\/it\/wp-json\/wp\/v2\/types\/page"}],"author":[{"embeddable":true,"href":"https:\/\/getibogaine.com\/it\/wp-json\/wp\/v2\/users\/3"}],"replies":[{"embeddable":true,"href":"https:\/\/getibogaine.com\/it\/wp-json\/wp\/v2\/comments?post=31089"}],"version-history":[{"count":7,"href":"https:\/\/getibogaine.com\/it\/wp-json\/wp\/v2\/pages\/31089\/revisions"}],"predecessor-version":[{"id":35793,"href":"https:\/\/getibogaine.com\/it\/wp-json\/wp\/v2\/pages\/31089\/revisions\/35793"}],"wp:featuredmedia":[{"embeddable":true,"href":"https:\/\/getibogaine.com\/it\/wp-json\/wp\/v2\/media\/30871"}],"wp:attachment":[{"href":"https:\/\/getibogaine.com\/it\/wp-json\/wp\/v2\/media?parent=31089"}],"curies":[{"name":"wp","href":"https:\/\/api.w.org\/{rel}","templated":true}]}}