{"id":31137,"date":"2022-10-20T04:23:13","date_gmt":"2022-10-20T08:23:13","guid":{"rendered":"http:\/\/getibogaine.com\/?page_id=11042"},"modified":"2026-03-11T15:25:39","modified_gmt":"2026-03-11T19:25:39","slug":"spedizione-e-consegna","status":"publish","type":"page","link":"https:\/\/getibogaine.com\/it\/spedizione-e-consegna\/","title":{"rendered":"Spedizione e consegna"},"content":{"rendered":"\t\t<div data-elementor-type=\"wp-page\" data-elementor-id=\"31137\" class=\"elementor elementor-31137 elementor-11042\" data-elementor-post-type=\"page\">\n\t\t\t\t<div class=\"elementor-element elementor-element-992b329 e-flex e-con-boxed e-con e-parent\" data-id=\"992b329\" data-element_type=\"container\" data-e-type=\"container\" data-settings=\"{&quot;background_background&quot;:&quot;classic&quot;}\">\n\t\t\t\t\t<div class=\"e-con-inner\">\n\t\t<div class=\"elementor-element elementor-element-a38b58f e-con-full e-flex e-con e-child\" data-id=\"a38b58f\" data-element_type=\"container\" data-e-type=\"container\" data-settings=\"{&quot;motion_fx_motion_fx_scrolling&quot;:&quot;yes&quot;,&quot;motion_fx_translateY_effect&quot;:&quot;yes&quot;,&quot;motion_fx_translateY_speed&quot;:{&quot;unit&quot;:&quot;px&quot;,&quot;size&quot;:4,&quot;sizes&quot;:[]},&quot;motion_fx_translateY_affectedRange&quot;:{&quot;unit&quot;:&quot;%&quot;,&quot;size&quot;:&quot;&quot;,&quot;sizes&quot;:{&quot;start&quot;:0,&quot;end&quot;:100}},&quot;motion_fx_devices&quot;:[&quot;widescreen&quot;,&quot;desktop&quot;,&quot;laptop&quot;,&quot;tablet&quot;,&quot;mobile&quot;]}\">\n\t\t\t\t<div class=\"elementor-element elementor-element-05dcde7 elementor-widget elementor-widget-spacer\" data-id=\"05dcde7\" data-element_type=\"widget\" data-e-type=\"widget\" data-widget_type=\"spacer.default\">\n\t\t\t\t\t\t\t<div class=\"elementor-spacer\">\n\t\t\t<div class=\"elementor-spacer-inner\"><\/div>\n\t\t<\/div>\n\t\t\t\t\t\t<\/div>\n\t\t\t\t<div class=\"elementor-element elementor-element-83a4824 elementor-widget elementor-widget-heading\" data-id=\"83a4824\" data-element_type=\"widget\" data-e-type=\"widget\" data-widget_type=\"heading.default\">\n\t\t\t\t\t<h1 class=\"elementor-heading-title elementor-size-default\">Termini di spedizione e consegna<\/h1>\t\t\t\t<\/div>\n\t\t\t\t<div class=\"elementor-element elementor-element-4e697b9 elementor-widget elementor-widget-heading\" data-id=\"4e697b9\" data-element_type=\"widget\" data-e-type=\"widget\" data-widget_type=\"heading.default\">\n\t\t\t\t\t<h2 class=\"elementor-heading-title elementor-size-default\">Ecco la nostra politica di spedizione per la consegna mondiale di ibogaina<\/h2>\t\t\t\t<\/div>\n\t\t\t\t<\/div>\n\t\t\t\t\t<\/div>\n\t\t\t\t<\/div>\n\t\t<div class=\"elementor-element elementor-element-d60e105 e-flex e-con-boxed e-con e-parent\" data-id=\"d60e105\" data-element_type=\"container\" data-e-type=\"container\">\n\t\t\t\t\t<div class=\"e-con-inner\">\n\t\t<div class=\"elementor-element elementor-element-213105e e-con-full e-flex e-con e-child\" data-id=\"213105e\" data-element_type=\"container\" data-e-type=\"container\">\n\t\t\t\t<div class=\"elementor-element elementor-element-62effa5 elementor-widget elementor-widget-text-editor\" data-id=\"62effa5\" data-element_type=\"widget\" data-e-type=\"widget\" data-widget_type=\"text-editor.default\">\n\t\t\t\t\t\t\t\t\tSiamo orgogliosi di offrire servizi di spedizione internazionale per tutti i nostri prodotti a base di Iboga.\u00a0\t\t\t\t\t\t\t\t<\/div>\n\t\t\t\t<div class=\"elementor-element elementor-element-26d01dd elementor-widget elementor-widget-heading\" data-id=\"26d01dd\" data-element_type=\"widget\" data-e-type=\"widget\" data-widget_type=\"heading.default\">\n\t\t\t\t\t<h2 class=\"elementor-heading-title elementor-size-default\">Dazi doganali<\/h2>\t\t\t\t<\/div>\n\t\t\t\t<div class=\"elementor-element elementor-element-e1036ed elementor-widget elementor-widget-text-editor\" data-id=\"e1036ed\" data-element_type=\"widget\" data-e-type=\"widget\" data-widget_type=\"text-editor.default\">\n\t\t\t\t\t\t\t\t\t<p><\/p>\n<p data-pm-slice=\"1 1 []\">Non siamo responsabili di eventuali spese doganali o tasse una volta che gli articoli sono stati spediti nel tuo Paese. Acquistando ibogaina da noi, acconsenti al fatto che i pacchi (prodotti) possano esserti spediti e che possano essere applicate spese doganali al loro arrivo nel tuo Paese.<\/p>\n<p><\/p>\t\t\t\t\t\t\t\t<\/div>\n\t\t\t\t<div class=\"elementor-element elementor-element-fdc9198 elementor-widget elementor-widget-heading\" data-id=\"fdc9198\" data-element_type=\"widget\" data-e-type=\"widget\" data-widget_type=\"heading.default\">\n\t\t\t\t\t<h2 class=\"elementor-heading-title elementor-size-default\">Tempi di spedizione<\/h2>\t\t\t\t<\/div>\n\t\t\t\t<div class=\"elementor-element elementor-element-1eac107 elementor-widget elementor-widget-text-editor\" data-id=\"1eac107\" data-element_type=\"widget\" data-e-type=\"widget\" data-widget_type=\"text-editor.default\">\n\t\t\t\t\t\t\t\t\t<p>Consigliamo sempre ai clienti di scegliere la spedizione rapida quando acquistano su getibogaine.com. A tal fine, utilizziamo DHL, i cui tempi di spedizione sono compresi tra 3 e 7 giorni.<\/p>\n<p>Per i clienti che conoscono EMS, abbiamo annullato tale opzione e utilizziamo solo servizi di spedizione rapida come DHL.<\/p>\n<p>Anche se \u00e8 pi\u00f9 economica, le sue scomodit\u00e0 e i ritardi in base al<span style=\"color: #ff9900;\"> <strong><a style=\"color: #ff9900;\" href=\"http:\/\/getibogaine.com\/videos-receipts\/\">feedback dei clienti<\/a><\/strong><\/span> ci hanno portato a preferire DHL come la soluzione pi\u00f9 soddisfacente per la spedizione e la consegna puntuale dei prodotti. DHL rilascia un numero di tracciamento ai suoi clienti, il che significa che il pacco \u00e8 tracciabile. Consente inoltre ai clienti di tracciare i propri pacchi online.<\/p>\t\t\t\t\t\t\t\t<\/div>\n\t\t\t\t<div class=\"elementor-element elementor-element-3361578 elementor-widget elementor-widget-heading\" data-id=\"3361578\" data-element_type=\"widget\" data-e-type=\"widget\" data-widget_type=\"heading.default\">\n\t\t\t\t\t<h2 class=\"elementor-heading-title elementor-size-default\">Costo di spedizione<\/h2>\t\t\t\t<\/div>\n\t\t\t\t<div class=\"elementor-element elementor-element-28fe05e elementor-widget elementor-widget-text-editor\" data-id=\"28fe05e\" data-element_type=\"widget\" data-e-type=\"widget\" data-widget_type=\"text-editor.default\">\n\t\t\t\t\t\t\t\t\t<p><\/p>\n<p>La spedizione varia in base alla quantit\u00e0 da acquistare. Queste sono le nostre spese di spedizione:<\/p>\n<p>\u00a0<\/p>\n<table width=\"630\">\n<thead>\n<tr>\n<td>\n<p><strong>PESO<\/strong><\/p>\n<\/td>\n<td>\n<p><strong>*COSTO DI SPEDIZIONE<\/strong><\/p>\n<\/td>\n<\/tr>\n<\/thead>\n<tbody>\n<tr>\n<td>\n<p>0.1kg \u2013 2kg\u00a0<\/p>\n<\/td>\n<td>\n<p>$80<\/p>\n<\/td>\n<\/tr>\n<tr>\n<td>\n<p>2.01kg \u2013 5kg<\/p>\n<\/td>\n<td>\n<p>$100<\/p>\n<\/td>\n<\/tr>\n<tr>\n<td>\n<p>5.01kg \u2013 10kg<\/p>\n<\/td>\n<td>\n<p>$150<\/p>\n<\/td>\n<\/tr>\n<tr>\n<td>\n<p>>10kg<\/p>\n<\/td>\n<td>\n<p>$200 e ci facciamo carico dei costi di spedizione aggiuntivi<\/p>\n<\/td>\n<\/tr>\n<\/tbody>\n<\/table>\n<p>\u00a0<\/p>\n<p>Il tempo massimo di consegna \u00e8 di 3-7 giorni lavorativi.<\/p>\n<p><em>*Questo non include le nostre 24 ore di tempo di elaborazione.<\/em><\/p>\n<p><\/p>\t\t\t\t\t\t\t\t<\/div>\n\t\t\t\t<div class=\"elementor-element elementor-element-eadc5da elementor-widget elementor-widget-heading\" data-id=\"eadc5da\" data-element_type=\"widget\" data-e-type=\"widget\" data-widget_type=\"heading.default\">\n\t\t\t\t\t<h2 class=\"elementor-heading-title elementor-size-default\">Tracciamento della spedizione<\/h2>\t\t\t\t<\/div>\n\t\t\t\t<div class=\"elementor-element elementor-element-69303f2 elementor-widget elementor-widget-text-editor\" data-id=\"69303f2\" data-element_type=\"widget\" data-e-type=\"widget\" data-widget_type=\"text-editor.default\">\n\t\t\t\t\t\t\t\t\t<p><\/p>\n<p>Una volta che il tuo iboga type sar\u00e0 stato spedito, riceverai un\u2019email di conferma della spedizione con un <span style=\"color: #ff9900;\"><strong><a style=\"color: #ff9900;\" href=\"http:\/\/getibogaine.com\/tracking-order\/\">numero di tracciamento.<\/a><\/strong><\/span> \u00c8 tua responsabilit\u00e0 seguire le istruzioni riguardanti il tracciamento e la consegna.<\/p>\n<p><\/p>\t\t\t\t\t\t\t\t<\/div>\n\t\t\t\t<div class=\"elementor-element elementor-element-cbfbe49 elementor-widget elementor-widget-heading\" data-id=\"cbfbe49\" data-element_type=\"widget\" data-e-type=\"widget\" data-widget_type=\"heading.default\">\n\t\t\t\t\t<h2 class=\"elementor-heading-title elementor-size-default\"><a href=\"http:\/\/getibogaine.com\/payment\/\">Effettuare il pagamento<\/a><\/h2>\t\t\t\t<\/div>\n\t\t\t\t<div class=\"elementor-element elementor-element-9ddd207 elementor-widget elementor-widget-text-editor\" data-id=\"9ddd207\" data-element_type=\"widget\" data-e-type=\"widget\" data-widget_type=\"text-editor.default\">\n\t\t\t\t\t\t\t\t\t<p>Portare a termine le transazioni ed elaborare la tua registrazione, i tuoi ordini e i tuoi<span style=\"color: #ff9900;\"><strong> <a style=\"color: #ff9900;\" href=\"http:\/\/getibogaine.com\/payment\/\">pagamenti<\/a><\/strong><\/span>, incluso verificare che le informazioni che fornisci siano accurate e attive. Puoi anche saperne di pi\u00f9 sulla nostra politica di reso e rimborso visitando <span style=\"color: #ff9900;\"><strong><a style=\"color: #ff9900;\" href=\"http:\/\/getibogaine.com\/refund-returns\/\">la nostra pagina su resi e rimborsi<\/a><\/strong><\/span><\/p>\t\t\t\t\t\t\t\t<\/div>\n\t\t\t\t<div class=\"elementor-element elementor-element-480dd03 elementor-widget elementor-widget-spacer\" data-id=\"480dd03\" data-element_type=\"widget\" data-e-type=\"widget\" data-widget_type=\"spacer.default\">\n\t\t\t\t\t\t\t<div class=\"elementor-spacer\">\n\t\t\t<div class=\"elementor-spacer-inner\"><\/div>\n\t\t<\/div>\n\t\t\t\t\t\t<\/div>\n\t\t\t\t<\/div>\n\t\t\t\t\t<\/div>\n\t\t\t\t<\/div>\n\t\t\t\t<\/div>\n\t\t","protected":false},"excerpt":{"rendered":"<p>Termini di spedizione e consegna Ecco la nostra politica di spedizione per la consegna mondiale di ibogaina Siamo orgogliosi di [&hellip;]<\/p>\n","protected":false},"author":3,"featured_media":30919,"parent":0,"menu_order":0,"comment_status":"closed","ping_status":"closed","template":"elementor_header_footer","meta":{"site-sidebar-layout":"default","site-content-layout":"","ast-site-content-layout":"default","site-content-style":"default","site-sidebar-style":"default","ast-global-header-display":"","ast-banner-title-visibility":"","ast-main-header-display":"","ast-hfb-above-header-display":"","ast-hfb-below-header-display":"","ast-hfb-mobile-header-display":"","site-post-title":"","ast-breadcrumbs-content":"","ast-featured-img":"","footer-sml-layout":"","ast-disable-related-posts":"","theme-transparent-header-meta":"","adv-header-id-meta":"","stick-header-meta":"","header-above-stick-meta":"","header-main-stick-meta":"","header-below-stick-meta":"","astra-migrate-meta-layouts":"default","ast-page-background-enabled":"default","ast-page-background-meta":{"desktop":{"background-color":"var(--ast-global-color-4)","background-image":"","background-repeat":"repeat","background-position":"center center","background-size":"auto","background-attachment":"scroll","background-type":"","background-media":"","overlay-type":"","overlay-color":"","overlay-opacity":"","overlay-gradient":""},"tablet":{"background-color":"","background-image":"","background-repeat":"repeat","background-position":"center center","background-size":"auto","background-attachment":"scroll","background-type":"","background-media":"","overlay-type":"","overlay-color":"","overlay-opacity":"","overlay-gradient":""},"mobile":{"background-color":"","background-image":"","background-repeat":"repeat","background-position":"center center","background-size":"auto","background-attachment":"scroll","background-type":"","background-media":"","overlay-type":"","overlay-color":"","overlay-opacity":"","overlay-gradient":""}},"ast-content-background-meta":{"desktop":{"background-color":"var(--ast-global-color-5)","background-image":"","background-repeat":"repeat","background-position":"center center","background-size":"auto","background-attachment":"scroll","background-type":"","background-media":"","overlay-type":"","overlay-color":"","overlay-opacity":"","overlay-gradient":""},"tablet":{"background-color":"var(--ast-global-color-5)","background-image":"","background-repeat":"repeat","background-position":"center center","background-size":"auto","background-attachment":"scroll","background-type":"","background-media":"","overlay-type":"","overlay-color":"","overlay-opacity":"","overlay-gradient":""},"mobile":{"background-color":"var(--ast-global-color-5)","background-image":"","background-repeat":"repeat","background-position":"center center","background-size":"auto","background-attachment":"scroll","background-type":"","background-media":"","overlay-type":"","overlay-color":"","overlay-opacity":"","overlay-gradient":""}},"footnotes":""},"class_list":["post-31137","page","type-page","status-publish","has-post-thumbnail","hentry"],"jetpack_sharing_enabled":true,"_links":{"self":[{"href":"https:\/\/getibogaine.com\/it\/wp-json\/wp\/v2\/pages\/31137","targetHints":{"allow":["GET"]}}],"collection":[{"href":"https:\/\/getibogaine.com\/it\/wp-json\/wp\/v2\/pages"}],"about":[{"href":"https:\/\/getibogaine.com\/it\/wp-json\/wp\/v2\/types\/page"}],"author":[{"embeddable":true,"href":"https:\/\/getibogaine.com\/it\/wp-json\/wp\/v2\/users\/3"}],"replies":[{"embeddable":true,"href":"https:\/\/getibogaine.com\/it\/wp-json\/wp\/v2\/comments?post=31137"}],"version-history":[{"count":4,"href":"https:\/\/getibogaine.com\/it\/wp-json\/wp\/v2\/pages\/31137\/revisions"}],"predecessor-version":[{"id":35902,"href":"https:\/\/getibogaine.com\/it\/wp-json\/wp\/v2\/pages\/31137\/revisions\/35902"}],"wp:featuredmedia":[{"embeddable":true,"href":"https:\/\/getibogaine.com\/it\/wp-json\/wp\/v2\/media\/30919"}],"wp:attachment":[{"href":"https:\/\/getibogaine.com\/it\/wp-json\/wp\/v2\/media?parent=31137"}],"curies":[{"name":"wp","href":"https:\/\/api.w.org\/{rel}","templated":true}]}}