{"id":31364,"date":"2026-01-12T15:13:17","date_gmt":"2026-01-12T20:13:17","guid":{"rendered":"https:\/\/getibogaine.com\/?post_type=product&#038;p=29567"},"modified":"2026-03-09T03:32:11","modified_gmt":"2026-03-09T07:32:11","slug":"corteccia-di-radice-di-iboga-50-g","status":"publish","type":"product","link":"https:\/\/getibogaine.com\/it\/prodotto\/corteccia-di-radice-di-iboga-50-g\/","title":{"rendered":"Corteccia di radice di iboga (50 g)"},"content":{"rendered":"<div class=\"row\">\n<div class=\"col-lg-7 col-12\">\n<p style=\"text-align: left;\"><strong>Acquista 50 grammi di corteccia di radice di Iboga a Los Angeles<\/strong><\/p>\n<p>Sappiamo che stai cercando la migliore corteccia di radice di iboga online e noi abbiamo la soluzione che fa per te.<\/p>\n<p>La nostra corteccia di radice di Iboga \u00e8 prodotta nella nostra fattoria di Iboga, priva di pesticidi, in Africa Centrale. Con la nostra corteccia di radice di Iboga, puoi aspettarti un prodotto puro e non adulterato, pronto per l&#8217;uso.<\/p>\n<p>La nostra corteccia di radice di Iboga \u00e8 una delle migliori naturali <a href=\"http:\/\/getibogaine.com\/ibogaine-therapy-for-drug-and-addiction\/\">rimedi per la tossicodipendenza<\/a>. Un ottimo modo per sconfiggere la dipendenza \u00e8 usare la nostra corteccia di radice di Iboga come integratore o metodo di trattamento. La nostra corteccia di radice di Iboga contiene estratto di ibogaina pura al 95%, che ha dimostrato di fare miracoli nel ridurre i sintomi di astinenza dei tossicodipendenti. La nostra corteccia di radice di Iboga \u00e8 naturale al 100%, il che la rende sicura ed efficace per aiutarti a superare la dipendenza.<\/p>\n<p>Usare la corteccia di radice di iboga \u00e8 un modo efficace per curare diverse malattie e il tuo corpo inizier\u00e0 a sentirsi meglio in breve tempo. Elimina i sintomi della dipendenza e la tua salute torna alla normalit\u00e0. Se stai lottando contro la dipendenza, potresti aver gi\u00e0 provato diversi rimedi, ma nessuno ha funzionato per te. Ora \u00e8 il momento di provare la corteccia di radice di iboga.<\/p>\n<h3><strong>Benefici della corteccia di radice di iboga\u00a0<\/strong><\/h3>\n<p><span style=\"color: #000000;\"><a title=\"Difference Between Iboga And Ibogaine\" href=\"http:\/\/getibogaine.com\/whats-the-difference-between-iboga-and-ibogaine\/\">Iboga e ibogaina<\/a> hanno il potenziale per trattare diverse condizioni di salute mentale. Tra queste rientrano la depressione, il disturbo da stress post-traumatico (PTSD) e vari tipi di dipendenze. Di seguito \u00e8 riportato un elenco di alcuni dei benefici derivanti dall&#8217;utilizzo di <a href=\"http:\/\/getibogaine.com\/benefits-of-using-ibogaine-for-nicotine-addiction\/\">ibogaina per la dipendenza.<\/a><\/span><\/p>\n<ul>\n<li><span style=\"color: #000000;\">Come affrontare la dipendenza e sintomi di astinenza meno dolorosi<\/span><\/li>\n<li><span style=\"color: #000000;\">Ricordi onirici pi\u00f9 intensi<\/span><\/li>\n<li><span style=\"color: #000000;\">Effetto stimolante centrale<\/span><\/li>\n<li><span style=\"color: #000000;\">Sensazione spirituale e mistica<\/span><\/li>\n<li><span style=\"color: #000000;\">Sogni lucidi, sogni lucidi, esperienze extracorporee<\/span><\/li>\n<li><span style=\"color: #000000;\">Visione del subconscio<\/span><\/li>\n<li><span style=\"color: #000000;\">Rafforzare la fiducia in se stessi<\/span><\/li>\n<li><span style=\"color: #000000;\">Affrontare esperienze traumatiche e disturbi<\/span><\/li>\n<li><span style=\"color: #000000;\">Ravvivare l&#8217;immaginazione<\/span><\/li>\n<li><span style=\"color: #000000;\">Rendere accessibili i ricordi della prima infanzia<\/span><\/li>\n<li><span style=\"color: #000000;\">Decalcificazione della ghiandola pineale<\/span><\/li>\n<li><span style=\"color: #000000;\">Sonno ristoratore<\/span><\/li>\n<li><span style=\"color: #000000;\">Chiarezza e concentrazione<\/span><\/li>\n<li><span style=\"color: #000000;\">Sincronizzazione degli emisferi cerebrali<\/span><\/li>\n<\/ul>\n<p>&nbsp;<\/p>\n<p><strong>Origine<\/strong>: Acquista la corteccia di radice di Iboga a Los Angeles dal <em>Foresta pluviale dell&#8217;Africa centrale<\/em><\/p>\n<\/div>\n<\/div>\n","protected":false},"excerpt":{"rendered":"<p>Spedizione espressa con tempi di consegna rapidi di 3-7 giorni<\/p>\n<p>Marchio : Get Ibogaine<\/p>\n<p>Peso : 50 grammi<\/p>\n<p>Costo di spedizione : calcolato al momento del pagamento<\/p>\n<p>Il tuo ordine verr\u00e0 spedito entro 24 ore dal completamento dell&#8217;acquisto. Le nostre tariffe di spedizione variano in base al peso del pacco.<\/p>\n","protected":false},"featured_media":34510,"comment_status":"open","ping_status":"closed","template":"","meta":{"site-sidebar-layout":"default","site-content-layout":"","ast-site-content-layout":"default","site-content-style":"default","site-sidebar-style":"default","ast-global-header-display":"","ast-banner-title-visibility":"","ast-main-header-display":"","ast-hfb-above-header-display":"","ast-hfb-below-header-display":"","ast-hfb-mobile-header-display":"","site-post-title":"","ast-breadcrumbs-content":"","ast-featured-img":"","footer-sml-layout":"","ast-disable-related-posts":"","theme-transparent-header-meta":"default","adv-header-id-meta":"","stick-header-meta":"default","header-above-stick-meta":"","header-main-stick-meta":"","header-below-stick-meta":"","astra-migrate-meta-layouts":"set","ast-page-background-enabled":"default","ast-page-background-meta":{"desktop":{"background-color":"var(--ast-global-color-4)","background-image":"","background-repeat":"repeat","background-position":"center center","background-size":"auto","background-attachment":"scroll","background-type":"","background-media":"","overlay-type":"","overlay-color":"","overlay-opacity":"","overlay-gradient":""},"tablet":{"background-color":"","background-image":"","background-repeat":"repeat","background-position":"center center","background-size":"auto","background-attachment":"scroll","background-type":"","background-media":"","overlay-type":"","overlay-color":"","overlay-opacity":"","overlay-gradient":""},"mobile":{"background-color":"","background-image":"","background-repeat":"repeat","background-position":"center center","background-size":"auto","background-attachment":"scroll","background-type":"","background-media":"","overlay-type":"","overlay-color":"","overlay-opacity":"","overlay-gradient":""}},"ast-content-background-meta":{"desktop":{"background-color":"var(--ast-global-color-5)","background-image":"","background-repeat":"repeat","background-position":"center center","background-size":"auto","background-attachment":"scroll","background-type":"","background-media":"","overlay-type":"","overlay-color":"","overlay-opacity":"","overlay-gradient":""},"tablet":{"background-color":"var(--ast-global-color-5)","background-image":"","background-repeat":"repeat","background-position":"center center","background-size":"auto","background-attachment":"scroll","background-type":"","background-media":"","overlay-type":"","overlay-color":"","overlay-opacity":"","overlay-gradient":""},"mobile":{"background-color":"var(--ast-global-color-5)","background-image":"","background-repeat":"repeat","background-position":"center center","background-size":"auto","background-attachment":"scroll","background-type":"","background-media":"","overlay-type":"","overlay-color":"","overlay-opacity":"","overlay-gradient":""}},"jetpack_publicize_message":"","jetpack_publicize_feature_enabled":true,"jetpack_social_post_already_shared":true,"jetpack_social_options":{"image_generator_settings":{"template":"highway","default_image_id":0,"font":"","enabled":false},"version":2}},"product_brand":[4013],"product_cat":[3953],"product_tag":[],"class_list":{"0":"post-31364","1":"product","2":"type-product","3":"status-publish","4":"has-post-thumbnail","6":"product_brand-getibogaina","7":"product_cat-iboga-radici-in-vendita","8":"pa_product-state-polvere-di-corteccia-di-radice-di-iboga","9":"pa_product-state-trucioli-di-corteccia-di-radice-di-iboga","10":"desktop-align-left","11":"tablet-align-left","12":"mobile-align-left","13":"ast-product-gallery-layout-horizontal-slider","14":"ast-product-single-variable","15":"ast-product-tabs-layout-horizontal","17":"first","18":"instock","19":"featured","20":"shipping-taxable","21":"purchasable","22":"product-type-variable","23":"has-default-attributes"},"jetpack_publicize_connections":[],"jetpack_sharing_enabled":true,"_links":{"self":[{"href":"https:\/\/getibogaine.com\/it\/wp-json\/wp\/v2\/product\/31364","targetHints":{"allow":["GET"]}}],"collection":[{"href":"https:\/\/getibogaine.com\/it\/wp-json\/wp\/v2\/product"}],"about":[{"href":"https:\/\/getibogaine.com\/it\/wp-json\/wp\/v2\/types\/product"}],"replies":[{"embeddable":true,"href":"https:\/\/getibogaine.com\/it\/wp-json\/wp\/v2\/comments?post=31364"}],"version-history":[{"count":0,"href":"https:\/\/getibogaine.com\/it\/wp-json\/wp\/v2\/product\/31364\/revisions"}],"wp:featuredmedia":[{"embeddable":true,"href":"https:\/\/getibogaine.com\/it\/wp-json\/wp\/v2\/media\/34510"}],"wp:attachment":[{"href":"https:\/\/getibogaine.com\/it\/wp-json\/wp\/v2\/media?parent=31364"}],"wp:term":[{"taxonomy":"product_brand","embeddable":true,"href":"https:\/\/getibogaine.com\/it\/wp-json\/wp\/v2\/product_brand?post=31364"},{"taxonomy":"product_cat","embeddable":true,"href":"https:\/\/getibogaine.com\/it\/wp-json\/wp\/v2\/product_cat?post=31364"},{"taxonomy":"product_tag","embeddable":true,"href":"https:\/\/getibogaine.com\/it\/wp-json\/wp\/v2\/product_tag?post=31364"}],"curies":[{"name":"wp","href":"https:\/\/api.w.org\/{rel}","templated":true}]}}