{"id":31370,"date":"2025-11-30T21:00:38","date_gmt":"2025-12-01T02:00:38","guid":{"rendered":"https:\/\/getibogaine.com\/?post_type=product&#038;p=29097"},"modified":"2026-03-17T11:36:42","modified_gmt":"2026-03-17T15:36:42","slug":"iboga-ta-9g","status":"publish","type":"product","link":"https:\/\/getibogaine.com\/it\/prodotto\/iboga-ta-9g\/","title":{"rendered":"Iboga TA (9 g)"},"content":{"rendered":"<div class=\"row\">\n<div class=\"col-lg-7 col-12\">\n<h2 style=\"text-align: left;\">Acquista Iboga TA in vendita &#8211; 9 grammi<\/h2>\n<p>Acquista iboga ta in vendita, <strong>9\u00a0grammi<\/strong>. Un prodotto rivoluzionario che unisce il meglio della <a title=\"Natural\" href=\"http:\/\/getibogaine.com\/product-tag\/natural\/\" data-wpil-monitor-id=\"123\">natura<\/a> e della scienza per aiutarti a sperimentare un cambiamento a spettro completo nella tua percezione del mondo.<\/p>\n<p>Questo prodotto \u00e8 estratto da pura corteccia di radice di Iboga e il processo di estrazione \u00e8 monitorato con attenzione per eliminare eventuali contaminanti o impurit\u00e0.<\/p>\n<p>Iboga TA\u00a0\u00e8 una sostanza brunastro, pensata per i principianti e per chi desidera aumentare la dose. \u00c8 una <a href=\"http:\/\/getibogaine.com\/lsd-substance-use-and-ibogaine-treatment\/\" target=\"_blank\" rel=\"noopener\">sostanza<\/a> puramente olistica che non influisce negativamente sul corpo. Sperimenterai numerosi effetti <a href=\"http:\/\/getibogaine.com\/tag\/psychedelics\/\" target=\"_blank\" rel=\"noopener\">psichedelici<\/a>, tra cui un\u2019acuita percezione sensoriale, apertura, chiarezza e gioia.<\/p>\n<p>Con Iboga TA puoi godere degli stessi benefici riportati con <a title=\"ibogaine\" href=\"http:\/\/getibogaine.com\/tag\/ibogaine\/\" data-wpil-monitor-id=\"126\">Ibogaine<\/a>, senza i numerosi rischi ad essa associati.<\/p>\n<\/div>\n<\/div>\n<h3><strong>Assumi Iboga TA\u00a0<\/strong><\/h3>\n<ul>\n<li>Un\u2019esperienza spirituale che pu\u00f2 trasformare positivamente la tua vita<\/li>\n<li>\u00e8 garantito che ti offrir\u00e0 un cambiamento a spettro completo<\/li>\n<li>Maggiore sicurezza nelle situazioni sociali<\/li>\n<li>Pensiero creativo e fiducia nella tua intuizione<\/li>\n<li>Una maggiore comprensione dell\u2019universo<\/li>\n<\/ul>\n<div class=\"row\">\n<div class=\"col-lg-7 col-12\">\n<h3 style=\"text-align: left;\"><strong>Ingredienti dell\u2019Iboga TA<\/strong><\/h3>\n<p>Il nostro prodotto iboga TA \u00e8 un estratto di alta qualit\u00e0 che contiene una percentuale stimata del 45% di ibogaina. Si presenta come pezzi o grumi marroni di polvere marrone macinata.<\/p>\n<ul>\n<li style=\"text-align: left;\"><span style=\"color: #000000;\"><a style=\"color: #000000;\" href=\"http:\/\/getibogaine.com\/iboga-ta-extract\/\">Estratto totale di alcaloidi di Iboga in vendita <\/a>\u00e8 iboga <a href=\"http:\/\/getibogaine.com\/iboga-ta-extract\/\">Estratto totale di alcaloidi in vendita<\/a>.<\/span><\/li>\n<li style=\"text-align: left;\"><span style=\"color: #000000;\">Estratto dalla polvere della corteccia della radice di Iboga.<\/span><\/li>\n<li style=\"text-align: left;\"><span style=\"color: #000000;\">\u00c8 composto da una percentuale stimata del 45% di <a title=\"ibogaine.\" href=\"http:\/\/getibogaine.com\/tag\/ibogaine-2\/\" data-wpil-monitor-id=\"127\">ibogaina<\/a>.<\/span><\/li>\n<li style=\"text-align: left;\"><span style=\"color: #000000;\">Si presenta sotto forma di grumi marroni.<\/span><\/li>\n<\/ul>\n<p>Visita oggi il nostro negozio e scopri i nostri prodotti di alta qualit\u00e0 a prezzi accessibili.<\/p>\n<p><strong>Origine<\/strong>: <em>Foresta pluviale dell\u2019Africa centrale<\/em><\/p>\n<\/div>\n<\/div>\n","protected":false},"excerpt":{"rendered":"<p>La spedizione express ha tempi di consegna rapidi di 3\u20137 giorni.<\/p>\n<p>Prodotto: Iboga TA<\/p>\n<p>Marchio: Get Ibogaine<\/p>\n<p>Peso: 9 grammi<\/p>\n<p>Costo di spedizione: Calcolato al checkout<\/p>\n<p><em>Il tuo ordine verr\u00e0 spedito entro 24 ore dall\u2019acquisto e arriver\u00e0 entro tre-sette giorni lavorativi. Le nostre tariffe di spedizione variano in base al peso del pacco.<\/em><\/p>\n","protected":false},"featured_media":34533,"comment_status":"open","ping_status":"closed","template":"","meta":{"site-sidebar-layout":"default","site-content-layout":"","ast-site-content-layout":"default","site-content-style":"default","site-sidebar-style":"default","ast-global-header-display":"","ast-banner-title-visibility":"","ast-main-header-display":"","ast-hfb-above-header-display":"","ast-hfb-below-header-display":"","ast-hfb-mobile-header-display":"","site-post-title":"","ast-breadcrumbs-content":"","ast-featured-img":"","footer-sml-layout":"","ast-disable-related-posts":"","theme-transparent-header-meta":"default","adv-header-id-meta":"","stick-header-meta":"default","header-above-stick-meta":"","header-main-stick-meta":"","header-below-stick-meta":"","astra-migrate-meta-layouts":"set","ast-page-background-enabled":"default","ast-page-background-meta":{"desktop":{"background-color":"var(--ast-global-color-4)","background-image":"","background-repeat":"repeat","background-position":"center center","background-size":"auto","background-attachment":"scroll","background-type":"","background-media":"","overlay-type":"","overlay-color":"","overlay-opacity":"","overlay-gradient":""},"tablet":{"background-color":"","background-image":"","background-repeat":"repeat","background-position":"center center","background-size":"auto","background-attachment":"scroll","background-type":"","background-media":"","overlay-type":"","overlay-color":"","overlay-opacity":"","overlay-gradient":""},"mobile":{"background-color":"","background-image":"","background-repeat":"repeat","background-position":"center center","background-size":"auto","background-attachment":"scroll","background-type":"","background-media":"","overlay-type":"","overlay-color":"","overlay-opacity":"","overlay-gradient":""}},"ast-content-background-meta":{"desktop":{"background-color":"var(--ast-global-color-5)","background-image":"","background-repeat":"repeat","background-position":"center center","background-size":"auto","background-attachment":"scroll","background-type":"","background-media":"","overlay-type":"","overlay-color":"","overlay-opacity":"","overlay-gradient":""},"tablet":{"background-color":"var(--ast-global-color-5)","background-image":"","background-repeat":"repeat","background-position":"center center","background-size":"auto","background-attachment":"scroll","background-type":"","background-media":"","overlay-type":"","overlay-color":"","overlay-opacity":"","overlay-gradient":""},"mobile":{"background-color":"var(--ast-global-color-5)","background-image":"","background-repeat":"repeat","background-position":"center center","background-size":"auto","background-attachment":"scroll","background-type":"","background-media":"","overlay-type":"","overlay-color":"","overlay-opacity":"","overlay-gradient":""}},"jetpack_publicize_message":"","jetpack_publicize_feature_enabled":true,"jetpack_social_post_already_shared":true,"jetpack_social_options":{"image_generator_settings":{"template":"highway","default_image_id":0,"font":"","enabled":false},"version":2}},"product_brand":[4013],"product_cat":[4549],"product_tag":[],"class_list":{"0":"post-31370","1":"product","2":"type-product","3":"status-publish","4":"has-post-thumbnail","6":"product_brand-getibogaina","7":"product_cat-iboga-ta","8":"desktop-align-left","9":"tablet-align-left","10":"mobile-align-left","11":"ast-product-gallery-layout-horizontal-slider","12":"ast-product-tabs-layout-horizontal","14":"first","15":"instock","16":"shipping-taxable","17":"purchasable","18":"product-type-simple"},"jetpack_publicize_connections":[],"jetpack_sharing_enabled":true,"_links":{"self":[{"href":"https:\/\/getibogaine.com\/it\/wp-json\/wp\/v2\/product\/31370","targetHints":{"allow":["GET"]}}],"collection":[{"href":"https:\/\/getibogaine.com\/it\/wp-json\/wp\/v2\/product"}],"about":[{"href":"https:\/\/getibogaine.com\/it\/wp-json\/wp\/v2\/types\/product"}],"replies":[{"embeddable":true,"href":"https:\/\/getibogaine.com\/it\/wp-json\/wp\/v2\/comments?post=31370"}],"version-history":[{"count":0,"href":"https:\/\/getibogaine.com\/it\/wp-json\/wp\/v2\/product\/31370\/revisions"}],"wp:featuredmedia":[{"embeddable":true,"href":"https:\/\/getibogaine.com\/it\/wp-json\/wp\/v2\/media\/34533"}],"wp:attachment":[{"href":"https:\/\/getibogaine.com\/it\/wp-json\/wp\/v2\/media?parent=31370"}],"wp:term":[{"taxonomy":"product_brand","embeddable":true,"href":"https:\/\/getibogaine.com\/it\/wp-json\/wp\/v2\/product_brand?post=31370"},{"taxonomy":"product_cat","embeddable":true,"href":"https:\/\/getibogaine.com\/it\/wp-json\/wp\/v2\/product_cat?post=31370"},{"taxonomy":"product_tag","embeddable":true,"href":"https:\/\/getibogaine.com\/it\/wp-json\/wp\/v2\/product_tag?post=31370"}],"curies":[{"name":"wp","href":"https:\/\/api.w.org\/{rel}","templated":true}]}}