{"id":31376,"date":"2025-11-30T20:52:52","date_gmt":"2025-12-01T01:52:52","guid":{"rendered":"https:\/\/getibogaine.com\/?post_type=product&#038;p=29096"},"modified":"2026-03-09T07:29:16","modified_gmt":"2026-03-09T11:29:16","slug":"iboga-ta-7g","status":"publish","type":"product","link":"https:\/\/getibogaine.com\/it\/prodotto\/iboga-ta-7g\/","title":{"rendered":"Iboga TA (7g)"},"content":{"rendered":"<div class=\"row\">\n<div class=\"col-lg-7 col-12\">\n<h2 style=\"text-align: left;\">Acquista Alcaloidi Totali Puri<\/h2>\n<p>Hai bisogno di acquistare 7 grammi di Iboga TA? Non cercare oltre!<\/p>\n<p>Acquista Alcaloidi Totali Puri. \u00c8 con grande piacere che ti presentiamo la leggendaria Iboga TA da 7 grammi. Questo \u00e8 un prodotto rivoluzionario che unisce il meglio della natura e della scienza per aiutarti a vivere un cambiamento a spettro completo nella percezione del mondo.<\/p>\n<p>Questo prodotto \u00e8 estratto da pura corteccia di radice di Iboga e il processo di estrazione \u00e8 attentamente monitorato per eliminare eventuali contaminanti o impurit\u00e0.<\/p>\n<p>Iboga TA \u00e8 stata progettata sia per i principianti sia per chi desidera aumentare la dose. \u00c8 una sostanza totalmente olistica che non ha alcun impatto negativo sul corpo. Sperimenterai una serie di effetti psichedelici, tra cui una maggiore percezione sensoriale, apertura, chiarezza e gioia. Iboga TA si presenta in una forma tendente al marrone.<\/p>\n<h2 data-start=\"186\" data-end=\"253\">Cosa <em data-start=\"202\" data-end=\"220\">in genere riferiscono<\/em> le persone sulla TA nella <strong data-start=\"237\" data-end=\"253\">fascia dei 7 grammi<\/strong><\/h2>\n<p data-start=\"254\" data-end=\"314\">(TA = estratto di alcaloidi totali, molto pi\u00f9 potente della corteccia di radice.)<\/p>\n<p data-start=\"316\" data-end=\"373\">Le quantit\u00e0 discusse in questa fascia sono di solito descritte come:<\/p>\n<h2 data-start=\"375\" data-end=\"415\"><strong data-start=\"378\" data-end=\"415\">1. Una dose terapeutica molto forte<\/strong><\/h2>\n<p data-start=\"416\" data-end=\"436\">Le persone dicono che si prova:<\/p>\n<ul data-start=\"437\" data-end=\"546\">\n<li data-start=\"437\" data-end=\"461\">\n<p data-start=\"439\" data-end=\"461\">Pi\u00f9 intenso di 6g<\/p>\n<\/li>\n<li data-start=\"462\" data-end=\"484\">\n<p data-start=\"464\" data-end=\"484\">Pi\u00f9 profondo emotivamente<\/p>\n<\/li>\n<li data-start=\"485\" data-end=\"503\">\n<p data-start=\"487\" data-end=\"503\">Pi\u00f9 immersivo<\/p>\n<\/li>\n<li data-start=\"504\" data-end=\"546\">\n<p data-start=\"506\" data-end=\"546\">Pi\u00f9 duraturo (12\u201324+ ore di effetti)<\/p>\n<\/li>\n<\/ul>\n<p data-start=\"548\" data-end=\"638\">Questa \u00e8 la fascia in cui le persone descrivono esperienze di <strong data-start=\"587\" data-end=\"614\">\u201cgrande reset\u201d<\/strong> in contesti supervisionati.<\/p>\n<h2 data-start=\"645\" data-end=\"676\"><strong data-start=\"648\" data-end=\"676\">2. Carico fisico maggiore<\/strong><\/h2>\n<p data-start=\"677\" data-end=\"695\">Comunemente riportato:<\/p>\n<ul data-start=\"696\" data-end=\"848\">\n<li data-start=\"696\" data-end=\"746\">\n<p data-start=\"698\" data-end=\"746\">Necessit\u00e0 di sdraiarsi per gran parte dell\u2019esperienza<\/p>\n<\/li>\n<li data-start=\"747\" data-end=\"772\">\n<p data-start=\"749\" data-end=\"772\">Forte pesantezza del corpo<\/p>\n<\/li>\n<li data-start=\"773\" data-end=\"803\">\n<p data-start=\"775\" data-end=\"803\">Sensibilit\u00e0 a luce\/suoni<\/p>\n<\/li>\n<li data-start=\"804\" data-end=\"825\">\n<p data-start=\"806\" data-end=\"825\">Nausea occasionale<\/p>\n<\/li>\n<li data-start=\"826\" data-end=\"848\">\n<p data-start=\"828\" data-end=\"848\">Difficolt\u00e0 a camminare<\/p>\n<\/li>\n<\/ul>\n<p data-start=\"850\" data-end=\"920\">Ecco perch\u00e9 i centri con supervisione medica monitorano ECG ed elettroliti.<\/p>\n<h2 data-start=\"927\" data-end=\"972\"><strong data-start=\"930\" data-end=\"972\">3. Effetti psicologici pi\u00f9 profondi<\/strong><\/h2>\n<p data-start=\"973\" data-end=\"995\">Le persone spesso descrivono:<\/p>\n<ul data-start=\"996\" data-end=\"1119\">\n<li data-start=\"996\" data-end=\"1011\">\n<p data-start=\"998\" data-end=\"1011\">Revisione della vita<\/p>\n<\/li>\n<li data-start=\"1012\" data-end=\"1060\">\n<p data-start=\"1014\" data-end=\"1060\">Consapevolezze su relazioni, traumi e abitudini<\/p>\n<\/li>\n<li data-start=\"1061\" data-end=\"1087\">\n<p data-start=\"1063\" data-end=\"1087\">Chiaro \u201cdialogo interiore\u201d<\/p>\n<\/li>\n<li data-start=\"1088\" data-end=\"1119\">\n<p data-start=\"1090\" data-end=\"1119\">Una forte spinta introspettiva<\/p>\n<\/li>\n<\/ul>\n<p data-start=\"1121\" data-end=\"1204\">\u00c8 cos\u00ec potente che molte cliniche <strong data-start=\"1160\" data-end=\"1189\">non permettono mai che qualcuno resti da solo<\/strong> a questo livello.<\/p>\n<h2 data-start=\"1211\" data-end=\"1241\"><strong data-start=\"1214\" data-end=\"1241\">4. Effetti successivi pi\u00f9 duraturi<\/strong><\/h2>\n<p data-start=\"1242\" data-end=\"1256\">Le persone riferiscono:<\/p>\n<ul data-start=\"1257\" data-end=\"1396\">\n<li data-start=\"1257\" data-end=\"1293\">\n<p data-start=\"1259\" data-end=\"1293\">1\u20132 giorni di scarso appetito o riposo<\/p>\n<\/li>\n<li data-start=\"1294\" data-end=\"1322\">\n<p data-start=\"1296\" data-end=\"1322\">2\u20133 settimane di \u201cafterglow\u201d<\/p>\n<\/li>\n<li data-start=\"1323\" data-end=\"1343\">\n<p data-start=\"1325\" data-end=\"1343\">Pensiero pi\u00f9 chiaro<\/p>\n<\/li>\n<li data-start=\"1344\" data-end=\"1372\">\n<p data-start=\"1346\" data-end=\"1372\">Comportamento meno compulsivo<\/p>\n<\/li>\n<li data-start=\"1373\" data-end=\"1396\">\n<p data-start=\"1375\" data-end=\"1396\">Stabilit\u00e0 emotiva<\/p>\n<\/li>\n<\/ul>\n<p data-start=\"1398\" data-end=\"1490\">Anche in questo caso, ci\u00f2 avviene in modo costante solo quando la persona \u00e8 <strong data-start=\"1456\" data-end=\"1474\">medicalmente al sicuro<\/strong> e sotto supervisione.<\/p>\n<p>&nbsp;<\/p>\n<h3 style=\"text-align: left;\"><strong>Ingredienti Iboga TA<\/strong><\/h3>\n<p>Il nostro prodotto iboga TA \u00e8 un estratto di alta qualit\u00e0 che contiene una percentuale stimata del 45% di ibogaina e si presenta in pezzi o grumi marroni di polvere marrone macinata.<\/p>\n<ul>\n<li style=\"text-align: left;\"><span style=\"color: #000000;\">Un estratto<a style=\"color: #000000;\" href=\"http:\/\/getibogaine.com\/iboga-ta-extract\/\">\u00a0di alcaloide ibogaina in vendita <\/a>\u00e8 l\u2019estratto totale di alcaloidi di iboga.<\/span><\/li>\n<li style=\"text-align: left;\"><span style=\"color: #000000;\">Estratto dalla polvere di corteccia di radice di iboga.<\/span><\/li>\n<li style=\"text-align: left;\"><span style=\"color: #000000;\">Composto da una percentuale stimata del 45% di ibogaina.<\/span><\/li>\n<li style=\"text-align: left;\"><span style=\"color: #000000;\">Si presenta come grumi marroni.<\/span><\/li>\n<\/ul>\n<p>&nbsp;<\/p>\n<p>Visita oggi il nostro negozio e scopri i nostri prodotti di alta qualit\u00e0 a prezzi accessibili.<\/p>\n<p><strong>Origine<\/strong>: <em>Foresta pluviale dell\u2019Africa centrale<\/em><\/p>\n<\/div>\n<\/div>\n","protected":false},"excerpt":{"rendered":"<p>La spedizione espressa ha un tempo di consegna rapido di 3\u20137 giorni.<\/p>\n<p>Prodotto: Iboga TA<\/p>\n<p>Marca: Get Ibogaine<\/p>\n<p>Peso: 7 grammi<\/p>\n<p>Costo di spedizione: Calcolato al checkout<\/p>\n","protected":false},"featured_media":34533,"comment_status":"open","ping_status":"closed","template":"","meta":{"site-sidebar-layout":"default","site-content-layout":"","ast-site-content-layout":"default","site-content-style":"default","site-sidebar-style":"default","ast-global-header-display":"","ast-banner-title-visibility":"","ast-main-header-display":"","ast-hfb-above-header-display":"","ast-hfb-below-header-display":"","ast-hfb-mobile-header-display":"","site-post-title":"","ast-breadcrumbs-content":"","ast-featured-img":"","footer-sml-layout":"","ast-disable-related-posts":"","theme-transparent-header-meta":"default","adv-header-id-meta":"","stick-header-meta":"default","header-above-stick-meta":"","header-main-stick-meta":"","header-below-stick-meta":"","astra-migrate-meta-layouts":"set","ast-page-background-enabled":"default","ast-page-background-meta":{"desktop":{"background-color":"var(--ast-global-color-4)","background-image":"","background-repeat":"repeat","background-position":"center center","background-size":"auto","background-attachment":"scroll","background-type":"","background-media":"","overlay-type":"","overlay-color":"","overlay-opacity":"","overlay-gradient":""},"tablet":{"background-color":"","background-image":"","background-repeat":"repeat","background-position":"center center","background-size":"auto","background-attachment":"scroll","background-type":"","background-media":"","overlay-type":"","overlay-color":"","overlay-opacity":"","overlay-gradient":""},"mobile":{"background-color":"","background-image":"","background-repeat":"repeat","background-position":"center center","background-size":"auto","background-attachment":"scroll","background-type":"","background-media":"","overlay-type":"","overlay-color":"","overlay-opacity":"","overlay-gradient":""}},"ast-content-background-meta":{"desktop":{"background-color":"var(--ast-global-color-5)","background-image":"","background-repeat":"repeat","background-position":"center center","background-size":"auto","background-attachment":"scroll","background-type":"","background-media":"","overlay-type":"","overlay-color":"","overlay-opacity":"","overlay-gradient":""},"tablet":{"background-color":"var(--ast-global-color-5)","background-image":"","background-repeat":"repeat","background-position":"center center","background-size":"auto","background-attachment":"scroll","background-type":"","background-media":"","overlay-type":"","overlay-color":"","overlay-opacity":"","overlay-gradient":""},"mobile":{"background-color":"var(--ast-global-color-5)","background-image":"","background-repeat":"repeat","background-position":"center center","background-size":"auto","background-attachment":"scroll","background-type":"","background-media":"","overlay-type":"","overlay-color":"","overlay-opacity":"","overlay-gradient":""}},"jetpack_publicize_message":"","jetpack_publicize_feature_enabled":true,"jetpack_social_post_already_shared":true,"jetpack_social_options":{"image_generator_settings":{"template":"highway","default_image_id":0,"font":"","enabled":false},"version":2}},"product_brand":[4013],"product_cat":[4549],"product_tag":[1670,1643],"class_list":{"0":"post-31376","1":"product","2":"type-product","3":"status-publish","4":"has-post-thumbnail","6":"product_brand-getibogaina","7":"product_cat-iboga-ta","8":"product_tag-iboga-ta","9":"product_tag-naturale","10":"desktop-align-left","11":"tablet-align-left","12":"mobile-align-left","13":"ast-product-gallery-layout-horizontal-slider","14":"ast-product-tabs-layout-horizontal","16":"first","17":"instock","18":"shipping-taxable","19":"purchasable","20":"product-type-simple"},"jetpack_publicize_connections":[],"jetpack_sharing_enabled":true,"_links":{"self":[{"href":"https:\/\/getibogaine.com\/it\/wp-json\/wp\/v2\/product\/31376","targetHints":{"allow":["GET"]}}],"collection":[{"href":"https:\/\/getibogaine.com\/it\/wp-json\/wp\/v2\/product"}],"about":[{"href":"https:\/\/getibogaine.com\/it\/wp-json\/wp\/v2\/types\/product"}],"replies":[{"embeddable":true,"href":"https:\/\/getibogaine.com\/it\/wp-json\/wp\/v2\/comments?post=31376"}],"version-history":[{"count":0,"href":"https:\/\/getibogaine.com\/it\/wp-json\/wp\/v2\/product\/31376\/revisions"}],"wp:featuredmedia":[{"embeddable":true,"href":"https:\/\/getibogaine.com\/it\/wp-json\/wp\/v2\/media\/34533"}],"wp:attachment":[{"href":"https:\/\/getibogaine.com\/it\/wp-json\/wp\/v2\/media?parent=31376"}],"wp:term":[{"taxonomy":"product_brand","embeddable":true,"href":"https:\/\/getibogaine.com\/it\/wp-json\/wp\/v2\/product_brand?post=31376"},{"taxonomy":"product_cat","embeddable":true,"href":"https:\/\/getibogaine.com\/it\/wp-json\/wp\/v2\/product_cat?post=31376"},{"taxonomy":"product_tag","embeddable":true,"href":"https:\/\/getibogaine.com\/it\/wp-json\/wp\/v2\/product_tag?post=31376"}],"curies":[{"name":"wp","href":"https:\/\/api.w.org\/{rel}","templated":true}]}}