{"id":31388,"date":"2025-11-30T20:29:47","date_gmt":"2025-12-01T01:29:47","guid":{"rendered":"https:\/\/getibogaine.com\/?post_type=product&#038;p=29095"},"modified":"2026-03-09T07:23:56","modified_gmt":"2026-03-09T11:23:56","slug":"acquista-6-grammi-di-iboga-ta","status":"publish","type":"product","link":"https:\/\/getibogaine.com\/it\/prodotto\/acquista-6-grammi-di-iboga-ta\/","title":{"rendered":"Iboga TA (6 g)"},"content":{"rendered":"<div class=\"row\">\n<div class=\"col-lg-7 col-12\">\n<h2 style=\"text-align: left;\">Acquista 6 grammi di Alcaloidi Totali di Iboga<\/h2>\n<p>Hai bisogno di acquistare 6 grammi di Iboga TA? Non cercare oltre! Acquista oggi gli Alcaloidi Totali Puri.<br \/>\nQuesto \u00e8 un prodotto rivoluzionario che unisce il meglio della natura e della scienza per aiutarti a sperimentare un cambiamento a spettro completo nella tua percezione del mondo.<\/p>\n<p>Questo prodotto \u00e8 estratto da pura corteccia di radice di Iboga e il processo di estrazione \u00e8 attentamente monitorato per eliminare eventuali contaminanti o impurit\u00e0.<\/p>\n<h2 data-start=\"358\" data-end=\"432\">Cosa riferiscono <em data-start=\"374\" data-end=\"385\">generalmente<\/em> le persone su una quantit\u00e0 di TA nell\u2019intervallo dei 6 grammi<\/h2>\n<p data-start=\"433\" data-end=\"493\">(Ricorda: questo <strong data-start=\"452\" data-end=\"473\">non \u00e8 un consiglio di dosaggio<\/strong>, solo a scopo educativo.)<\/p>\n<p data-start=\"495\" data-end=\"617\">L\u2019Iboga <strong data-start=\"501\" data-end=\"524\">TA (Alcaloidi Totali)<\/strong> \u00e8 <em data-start=\"528\" data-end=\"552\">molto pi\u00f9 potente per grammo<\/em> rispetto alla corteccia di radice perch\u00e9 contiene alcaloidi di iboga concentrati.<\/p>\n<p data-start=\"619\" data-end=\"821\">Le persone spesso descrivono quantit\u00e0 in questo intervallo come rientranti nella zona <strong data-start=\"683\" data-end=\"716\">\u201cterapeutica ma intensa\u201d<\/strong>: non microdosaggio, non una dose minima, n\u00e9 l\u2019estrema \u201cdose flood\u201d \u2014 ma <strong data-start=\"794\" data-end=\"821\">abbastanza alta da produrre:<\/strong><\/p>\n<h3 data-start=\"823\" data-end=\"862\"><strong data-start=\"827\" data-end=\"862\">1. Forti effetti psicologici<\/strong><\/h3>\n<p data-start=\"863\" data-end=\"875\">Molti riferiscono:<\/p>\n<ul data-start=\"876\" data-end=\"1006\">\n<li data-start=\"876\" data-end=\"898\">\n<p data-start=\"878\" data-end=\"898\">Profonda introspezione<\/p>\n<\/li>\n<li data-start=\"899\" data-end=\"921\">\n<p data-start=\"901\" data-end=\"921\">Riemersione di ricordi<\/p>\n<\/li>\n<li data-start=\"922\" data-end=\"946\">\n<p data-start=\"924\" data-end=\"946\">Elaborazione emotiva<\/p>\n<\/li>\n<li data-start=\"947\" data-end=\"1006\">\n<p data-start=\"949\" data-end=\"1006\">Visuali tipo \u201crevisione della vita\u201d (simili a sogni, non allucinazioni)<\/p>\n<\/li>\n<\/ul>\n<p data-start=\"1008\" data-end=\"1203\">Ecco perch\u00e9 gli estratti di TA in questo intervallo vengono spesso discussi nel contesto dell\u2019<strong data-start=\"1088\" data-end=\"1114\">interruzione della dipendenza<\/strong>, del <strong data-start=\"1116\" data-end=\"1135\">reset emotivo<\/strong> o dell\u2019<strong data-start=\"1140\" data-end=\"1165\">esplorazione spirituale<\/strong> \u2014 ancora una volta, solo in contesti supervisionati.<\/p>\n<h3 data-start=\"1210\" data-end=\"1249\"><strong data-start=\"1214\" data-end=\"1249\">2. Effetti fisici significativi<\/strong><\/h3>\n<p data-start=\"1250\" data-end=\"1279\">Le esperienze riportate includono:<\/p>\n<ul data-start=\"1280\" data-end=\"1435\">\n<li data-start=\"1280\" data-end=\"1299\">\n<p data-start=\"1282\" data-end=\"1299\">Forte pesantezza del corpo<\/p>\n<\/li>\n<li data-start=\"1300\" data-end=\"1338\">\n<p data-start=\"1302\" data-end=\"1338\">Necessit\u00e0 di sdraiarsi per molte ore<\/p>\n<\/li>\n<li data-start=\"1339\" data-end=\"1373\">\n<p data-start=\"1341\" data-end=\"1373\">Sensibilit\u00e0 alla luce e ai suoni<\/p>\n<\/li>\n<li data-start=\"1374\" data-end=\"1398\">\n<p data-start=\"1376\" data-end=\"1398\">Nausea in alcuni casi<\/p>\n<\/li>\n<li data-start=\"1399\" data-end=\"1435\">\n<p data-start=\"1401\" data-end=\"1435\">Disturbi del sonno per 24\u201348 ore<\/p>\n<\/li>\n<\/ul>\n<p data-start=\"1437\" data-end=\"1533\">Per questo, negli ambienti con supervisione medica si monitorano sempre <strong data-start=\"1498\" data-end=\"1532\">cuore, fegato ed elettroliti<\/strong>.<\/p>\n<h3 data-start=\"1540\" data-end=\"1587\"><strong data-start=\"1544\" data-end=\"1587\">3. Reset temporaneo di alcuni comportamenti<\/strong><\/h3>\n<p data-start=\"1588\" data-end=\"1664\">Le persone che affrontano questo livello in contesti di tipo clinico spesso dicono di sentirsi:<\/p>\n<ul data-start=\"1665\" data-end=\"1778\">\n<li data-start=\"1665\" data-end=\"1690\">\n<p data-start=\"1667\" data-end=\"1690\">Una pausa dal desiderio<\/p>\n<\/li>\n<li data-start=\"1691\" data-end=\"1716\">\n<p data-start=\"1693\" data-end=\"1716\">Un \u201cinterruzione del pattern\u201d<\/p>\n<\/li>\n<li data-start=\"1717\" data-end=\"1743\">\n<p data-start=\"1719\" data-end=\"1743\">Uno stato mentale pi\u00f9 quieto<\/p>\n<\/li>\n<li data-start=\"1744\" data-end=\"1778\">\n<p data-start=\"1746\" data-end=\"1778\">Riduzione delle compulsioni o dell\u2019ansia<\/p>\n<\/li>\n<\/ul>\n<p data-start=\"1780\" data-end=\"1906\">Questo viene discusso soprattutto in relazione a <strong data-start=\"1816\" data-end=\"1864\">oppioidi, stimolanti, alcol e depressione<\/strong>, ma, ancora una volta, <strong data-start=\"1878\" data-end=\"1905\">non va mai fatto in sicurezza da soli<\/strong>.<\/p>\n<h3 data-start=\"1913\" data-end=\"1948\"><strong data-start=\"1917\" data-end=\"1948\">4. Una lunga fase di \u201cafterglow\u201d<\/strong><\/h3>\n<p data-start=\"1949\" data-end=\"1990\">Per giorni o settimane, le persone spesso descrivono:<\/p>\n<ul data-start=\"1991\" data-end=\"2087\">\n<li data-start=\"1991\" data-end=\"2007\">\n<p data-start=\"1993\" data-end=\"2007\">Maggiore chiarezza<\/p>\n<\/li>\n<li data-start=\"2008\" data-end=\"2023\">\n<p data-start=\"2010\" data-end=\"2023\">Umore migliore<\/p>\n<\/li>\n<li data-start=\"2024\" data-end=\"2037\">\n<p data-start=\"2026\" data-end=\"2037\">Meno paura<\/p>\n<\/li>\n<li data-start=\"2038\" data-end=\"2062\">\n<p data-start=\"2040\" data-end=\"2062\">Maggiore motivazione<\/p>\n<\/li>\n<li data-start=\"2063\" data-end=\"2087\">\n<p data-start=\"2065\" data-end=\"2087\">Una sensazione di radicamento<\/p>\n<\/li>\n<\/ul>\n<p data-start=\"2089\" data-end=\"2158\">Ma questo accade solo quando la persona \u00e8 medicalmente idonea e monitorata.<\/p>\n<h3 style=\"text-align: left;\"><strong>Ingredienti dell\u2019Iboga TA<\/strong><\/h3>\n<p>Il nostro prodotto Iboga TA \u00e8 un estratto di alta qualit\u00e0 che contiene una stima del 45% di ibogaina e si presenta in pezzi o grumi marroni di polvere marrone macinata.<\/p>\n<ul>\n<li style=\"text-align: left;\"><span style=\"color: #000000;\">Un estratto<a style=\"color: #000000;\" href=\"http:\/\/getibogaine.com\/iboga-ta-extract\/\">\u00a0dell\u2019alcaloide ibogaina in vendita <\/a>\u00e8 l\u2019estratto di alcaloidi totali di iboga.<\/span><\/li>\n<li style=\"text-align: left;\"><span style=\"color: #000000;\">Estratto dalla polvere di corteccia di radice di iboga.<\/span><\/li>\n<li style=\"text-align: left;\"><span style=\"color: #000000;\">Composto da una stima del 45% di ibogaina.<\/span><\/li>\n<li style=\"text-align: left;\"><span style=\"color: #000000;\">Si presenta come grumi marroni.<\/span><\/li>\n<\/ul>\n<p>&nbsp;<\/p>\n<p>Visita il nostro store oggi e scopri i nostri prodotti di alta qualit\u00e0 a prezzi accessibili.<\/p>\n<p><strong>Origine<\/strong>: <em>foresta pluviale dell\u2019Africa centrale<\/em><\/p>\n<\/div>\n<\/div>\n","protected":false},"excerpt":{"rendered":"<p>La spedizione express ha un tempo di consegna rapido di 3\u20137 giorni.<\/p>\n<p><strong>Prodotto:<\/strong> Iboga TA<\/p>\n<p><strong>Marca:<\/strong> Get Ibogaine<\/p>\n<p><strong>Peso:<\/strong> 6 grammi<\/p>\n<p><strong>Costo di spedizione:<\/strong> calcolato al momento del pagamento<\/p>\n<h5>Benefici di Iboga TA<\/h5>\n<p>Il trattamento con ibogaina per la dipendenza \u00e8 efficace per diversi tipi di dipendenza. Un esempio \u00e8 la dipendenza da eroina.<\/p>\n<ul>\n<li>\u00c8 atossico.<\/li>\n<li>\u00c8 sicuro<\/li>\n<li>Molti centri di trattamento con Iboga lo preferiscono sia per la facilit\u00e0 d\u2019uso sia per un\u2019esperienza psico-spirituale pi\u00f9 profonda.<\/li>\n<li>Iboga TA \u00e8 un modo non assuefacente ed efficace per trattare condizioni di salute mentale.<\/li>\n<li>La maggior parte dei dipendenti che completa il trattamento ne esce con una nuova prospettiva, mostrando un rinnovato impegno nel trovare una soluzione e diventare libero dalle droghe.<\/li>\n<li>Pu\u00f2 essere utilizzato per trattare problemi come depressione, disturbo da stress post-traumatico (PTSD) e diversi tipi di dipendenze.<\/li>\n<li>Iboga TA pu\u00f2 diminuire la tolleranza all\u2019eroina.<\/li>\n<li>Il composto TA riduce in larga misura il desiderio compulsivo e i sintomi di astinenza e aiuta a gestire gli effetti del craving, della depressione e dell\u2019ansia.<\/li>\n<li>Pu\u00f2 essere efficace nel riparare danni cerebrali con l\u2019uso a lungo termine.<\/li>\n<li>\u00c8 usato nei centri di disintossicazione e consente di affrontare l\u2019esperienza con maggiore facilit\u00e0.<\/li>\n<\/ul>\n<p><em>Il tuo ordine verr\u00e0 spedito entro 24 ore dal completamento dell\u2019acquisto e arriver\u00e0 entro tre-sette giorni lavorativi. Le nostre tariffe di spedizione variano in base al peso del pacco.<\/em><\/p>\n","protected":false},"featured_media":34376,"comment_status":"open","ping_status":"closed","template":"","meta":{"site-sidebar-layout":"default","site-content-layout":"","ast-site-content-layout":"default","site-content-style":"default","site-sidebar-style":"default","ast-global-header-display":"","ast-banner-title-visibility":"","ast-main-header-display":"","ast-hfb-above-header-display":"","ast-hfb-below-header-display":"","ast-hfb-mobile-header-display":"","site-post-title":"","ast-breadcrumbs-content":"","ast-featured-img":"","footer-sml-layout":"","ast-disable-related-posts":"","theme-transparent-header-meta":"default","adv-header-id-meta":"","stick-header-meta":"default","header-above-stick-meta":"","header-main-stick-meta":"","header-below-stick-meta":"","astra-migrate-meta-layouts":"set","ast-page-background-enabled":"default","ast-page-background-meta":{"desktop":{"background-color":"var(--ast-global-color-4)","background-image":"","background-repeat":"repeat","background-position":"center center","background-size":"auto","background-attachment":"scroll","background-type":"","background-media":"","overlay-type":"","overlay-color":"","overlay-opacity":"","overlay-gradient":""},"tablet":{"background-color":"","background-image":"","background-repeat":"repeat","background-position":"center center","background-size":"auto","background-attachment":"scroll","background-type":"","background-media":"","overlay-type":"","overlay-color":"","overlay-opacity":"","overlay-gradient":""},"mobile":{"background-color":"","background-image":"","background-repeat":"repeat","background-position":"center center","background-size":"auto","background-attachment":"scroll","background-type":"","background-media":"","overlay-type":"","overlay-color":"","overlay-opacity":"","overlay-gradient":""}},"ast-content-background-meta":{"desktop":{"background-color":"var(--ast-global-color-5)","background-image":"","background-repeat":"repeat","background-position":"center center","background-size":"auto","background-attachment":"scroll","background-type":"","background-media":"","overlay-type":"","overlay-color":"","overlay-opacity":"","overlay-gradient":""},"tablet":{"background-color":"var(--ast-global-color-5)","background-image":"","background-repeat":"repeat","background-position":"center center","background-size":"auto","background-attachment":"scroll","background-type":"","background-media":"","overlay-type":"","overlay-color":"","overlay-opacity":"","overlay-gradient":""},"mobile":{"background-color":"var(--ast-global-color-5)","background-image":"","background-repeat":"repeat","background-position":"center center","background-size":"auto","background-attachment":"scroll","background-type":"","background-media":"","overlay-type":"","overlay-color":"","overlay-opacity":"","overlay-gradient":""}},"jetpack_publicize_message":"","jetpack_publicize_feature_enabled":true,"jetpack_social_post_already_shared":true,"jetpack_social_options":{"image_generator_settings":{"template":"highway","default_image_id":0,"font":"","enabled":false},"version":2}},"product_brand":[4013],"product_cat":[4549],"product_tag":[],"class_list":{"0":"post-31388","1":"product","2":"type-product","3":"status-publish","4":"has-post-thumbnail","6":"product_brand-getibogaina","7":"product_cat-iboga-ta","8":"desktop-align-left","9":"tablet-align-left","10":"mobile-align-left","11":"ast-product-gallery-layout-horizontal-slider","12":"ast-product-tabs-layout-horizontal","14":"first","15":"instock","16":"shipping-taxable","17":"purchasable","18":"product-type-simple"},"jetpack_publicize_connections":[],"jetpack_sharing_enabled":true,"_links":{"self":[{"href":"https:\/\/getibogaine.com\/it\/wp-json\/wp\/v2\/product\/31388","targetHints":{"allow":["GET"]}}],"collection":[{"href":"https:\/\/getibogaine.com\/it\/wp-json\/wp\/v2\/product"}],"about":[{"href":"https:\/\/getibogaine.com\/it\/wp-json\/wp\/v2\/types\/product"}],"replies":[{"embeddable":true,"href":"https:\/\/getibogaine.com\/it\/wp-json\/wp\/v2\/comments?post=31388"}],"version-history":[{"count":1,"href":"https:\/\/getibogaine.com\/it\/wp-json\/wp\/v2\/product\/31388\/revisions"}],"predecessor-version":[{"id":34387,"href":"https:\/\/getibogaine.com\/it\/wp-json\/wp\/v2\/product\/31388\/revisions\/34387"}],"wp:featuredmedia":[{"embeddable":true,"href":"https:\/\/getibogaine.com\/it\/wp-json\/wp\/v2\/media\/34376"}],"wp:attachment":[{"href":"https:\/\/getibogaine.com\/it\/wp-json\/wp\/v2\/media?parent=31388"}],"wp:term":[{"taxonomy":"product_brand","embeddable":true,"href":"https:\/\/getibogaine.com\/it\/wp-json\/wp\/v2\/product_brand?post=31388"},{"taxonomy":"product_cat","embeddable":true,"href":"https:\/\/getibogaine.com\/it\/wp-json\/wp\/v2\/product_cat?post=31388"},{"taxonomy":"product_tag","embeddable":true,"href":"https:\/\/getibogaine.com\/it\/wp-json\/wp\/v2\/product_tag?post=31388"}],"curies":[{"name":"wp","href":"https:\/\/api.w.org\/{rel}","templated":true}]}}