{"id":31398,"date":"2022-06-01T09:26:46","date_gmt":"2022-06-01T09:26:46","guid":{"rendered":"http:\/\/getibogaine.com\/?post_type=product&#038;p=6040"},"modified":"2026-03-17T11:30:46","modified_gmt":"2026-03-17T15:30:46","slug":"iboga-ta-2g","status":"publish","type":"product","link":"https:\/\/getibogaine.com\/it\/prodotto\/iboga-ta-2g\/","title":{"rendered":"Iboga TA (2 g)"},"content":{"rendered":"<div class=\"row\">\n<div class=\"col-lg-7 col-12\">\n<h2 style=\"text-align: left;\">Dove posso ottenere Iboga TA vicino a me?<\/h2>\n<p>Ora puoi ottenere il prodotto curativo <strong>Iboga TA 2 grammi vicino a te<\/strong>. \u00c8 un prodotto rivoluzionario che offre il meglio della natura e della scienza per aiutarti a vivere un cambiamento a spettro completo nella tua percezione del mondo.<\/p>\n<p>Questo prodotto \u00e8 estratto dalla corteccia pura della radice di Iboga e il processo di estrazione \u00e8 attentamente monitorato per eliminare qualsiasi contaminante o impurit\u00e0.<\/p>\n<p>Iboga TA \u00e8 stato progettato sia per i principianti sia per chi desidera aumentare la dose. \u00c8 una sostanza completamente olistica che non ha alcun impatto negativo sul corpo. Sperimenterai numerosi effetti psichedelici, tra cui una percezione sensoriale intensificata, apertura, chiarezza e gioia. Iboga TA si presenta in una forma brunastro.<\/p>\n<p>Con Iboga TA puoi godere degli stessi benefici riportati con <a href=\"http:\/\/getibogaine.com\/\">l&#8217;ibogaina<\/a>, ma senza i molti rischi associati.<\/p>\n<h3>Assumi Iboga TA<\/h3>\n<ul>\n<li>Un&#8217;esperienza spirituale che pu\u00f2 trasformare positivamente la tua vita<\/li>\n<li>\u00e8 garantito che ti dar\u00e0 un cambiamento a spettro completo<\/li>\n<li>Pi\u00f9 sicurezza nelle situazioni sociali<\/li>\n<li>Pensiero creativo e fiducia nella tua intuizione<\/li>\n<li>Una maggiore comprensione dell&#8217;universo<\/li>\n<\/ul>\n<h3 style=\"text-align: left;\"><strong>Ingredienti di Iboga TA<\/strong><\/h3>\n<p>Il nostro prodotto iboga TA \u00e8 un estratto di alta qualit\u00e0 che contiene una percentuale stimata del 45% di ibogaina e si presenta sotto forma di pezzi o grumi bruni di polvere marrone macinata.<\/p>\n<ul>\n<li style=\"text-align: left;\"><span style=\"color: #000000;\"><a style=\"color: #000000;\" href=\"http:\/\/getibogaine.com\/iboga-ta-extract\/\">Estratto totale di alcaloidi di Iboga in vendita <\/a>\u00e8 estratto totale di alcaloidi di iboga in vendita.<\/span><\/li>\n<li style=\"text-align: left;\"><span style=\"color: #000000;\">Estratto dalla polvere di corteccia della radice di Iboga.<\/span><\/li>\n<li style=\"text-align: left;\"><span style=\"color: #000000;\">Composto da una percentuale stimata del 45% di ibogaina.<\/span><\/li>\n<li style=\"text-align: left;\"><span style=\"color: #000000;\">Si presenta come grumi marroni.<\/span><\/li>\n<\/ul>\n<p>&nbsp;<\/p>\n<p>Acquista oggi nel nostro negozio i nostri prodotti di alta qualit\u00e0 e approfitta dei nostri prezzi convenienti.<\/p>\n<p><strong>Origine<\/strong>: <em>foresta pluviale dell&#8217;Africa centrale<\/em><\/p>\n<p><strong>Cultivar<\/strong>: <a href=\"https:\/\/ljsgroup.org\/\" target=\"_blank\" rel=\"noopener\">LJS Group<\/a><\/p>\n<\/div>\n<\/div>\n","protected":false},"excerpt":{"rendered":"<p>Prodotto: Iboga TA<\/p>\n<p>Marca: Get Ibogaine<\/p>\n<p>Peso: 2 grammi<\/p>\n<p>Costo di spedizione: Calcolato al checkout<\/p>\n<p><em>Il tuo ordine verr\u00e0 spedito entro 24 ore dal completamento dell\u2019acquisto e arriver\u00e0 entro tre-sette giorni lavorativi. Le nostre tariffe di spedizione variano in base al peso del pacco.<\/em><\/p>\n","protected":false},"featured_media":35251,"comment_status":"open","ping_status":"closed","template":"","meta":{"site-sidebar-layout":"default","site-content-layout":"","ast-site-content-layout":"default","site-content-style":"default","site-sidebar-style":"default","ast-global-header-display":"","ast-banner-title-visibility":"","ast-main-header-display":"","ast-hfb-above-header-display":"","ast-hfb-below-header-display":"","ast-hfb-mobile-header-display":"","site-post-title":"","ast-breadcrumbs-content":"","ast-featured-img":"","footer-sml-layout":"","ast-disable-related-posts":"","theme-transparent-header-meta":"default","adv-header-id-meta":"","stick-header-meta":"default","header-above-stick-meta":"","header-main-stick-meta":"","header-below-stick-meta":"","astra-migrate-meta-layouts":"set","ast-page-background-enabled":"default","ast-page-background-meta":{"desktop":{"background-color":"var(--ast-global-color-4)","background-image":"","background-repeat":"repeat","background-position":"center center","background-size":"auto","background-attachment":"scroll","background-type":"","background-media":"","overlay-type":"","overlay-color":"","overlay-opacity":"","overlay-gradient":""},"tablet":{"background-color":"","background-image":"","background-repeat":"repeat","background-position":"center center","background-size":"auto","background-attachment":"scroll","background-type":"","background-media":"","overlay-type":"","overlay-color":"","overlay-opacity":"","overlay-gradient":""},"mobile":{"background-color":"","background-image":"","background-repeat":"repeat","background-position":"center center","background-size":"auto","background-attachment":"scroll","background-type":"","background-media":"","overlay-type":"","overlay-color":"","overlay-opacity":"","overlay-gradient":""}},"ast-content-background-meta":{"desktop":{"background-color":"var(--ast-global-color-5)","background-image":"","background-repeat":"repeat","background-position":"center center","background-size":"auto","background-attachment":"scroll","background-type":"","background-media":"","overlay-type":"","overlay-color":"","overlay-opacity":"","overlay-gradient":""},"tablet":{"background-color":"var(--ast-global-color-5)","background-image":"","background-repeat":"repeat","background-position":"center center","background-size":"auto","background-attachment":"scroll","background-type":"","background-media":"","overlay-type":"","overlay-color":"","overlay-opacity":"","overlay-gradient":""},"mobile":{"background-color":"var(--ast-global-color-5)","background-image":"","background-repeat":"repeat","background-position":"center center","background-size":"auto","background-attachment":"scroll","background-type":"","background-media":"","overlay-type":"","overlay-color":"","overlay-opacity":"","overlay-gradient":""}},"jetpack_publicize_message":"","jetpack_publicize_feature_enabled":true,"jetpack_social_post_already_shared":true,"jetpack_social_options":{"image_generator_settings":{"template":"highway","default_image_id":0,"font":"","enabled":false},"version":2}},"product_brand":[4013],"product_cat":[4549],"product_tag":[1670],"class_list":{"0":"post-31398","1":"product","2":"type-product","3":"status-publish","4":"has-post-thumbnail","6":"product_brand-getibogaina","7":"product_cat-iboga-ta","8":"product_tag-iboga-ta","9":"desktop-align-left","10":"tablet-align-left","11":"mobile-align-left","12":"ast-product-gallery-layout-horizontal-slider","13":"ast-product-tabs-layout-horizontal","15":"first","16":"instock","17":"shipping-taxable","18":"purchasable","19":"product-type-simple"},"jetpack_publicize_connections":[],"jetpack_sharing_enabled":true,"_links":{"self":[{"href":"https:\/\/getibogaine.com\/it\/wp-json\/wp\/v2\/product\/31398","targetHints":{"allow":["GET"]}}],"collection":[{"href":"https:\/\/getibogaine.com\/it\/wp-json\/wp\/v2\/product"}],"about":[{"href":"https:\/\/getibogaine.com\/it\/wp-json\/wp\/v2\/types\/product"}],"replies":[{"embeddable":true,"href":"https:\/\/getibogaine.com\/it\/wp-json\/wp\/v2\/comments?post=31398"}],"version-history":[{"count":0,"href":"https:\/\/getibogaine.com\/it\/wp-json\/wp\/v2\/product\/31398\/revisions"}],"wp:featuredmedia":[{"embeddable":true,"href":"https:\/\/getibogaine.com\/it\/wp-json\/wp\/v2\/media\/35251"}],"wp:attachment":[{"href":"https:\/\/getibogaine.com\/it\/wp-json\/wp\/v2\/media?parent=31398"}],"wp:term":[{"taxonomy":"product_brand","embeddable":true,"href":"https:\/\/getibogaine.com\/it\/wp-json\/wp\/v2\/product_brand?post=31398"},{"taxonomy":"product_cat","embeddable":true,"href":"https:\/\/getibogaine.com\/it\/wp-json\/wp\/v2\/product_cat?post=31398"},{"taxonomy":"product_tag","embeddable":true,"href":"https:\/\/getibogaine.com\/it\/wp-json\/wp\/v2\/product_tag?post=31398"}],"curies":[{"name":"wp","href":"https:\/\/api.w.org\/{rel}","templated":true}]}}