{"id":31470,"date":"2022-10-12T09:12:52","date_gmt":"2022-10-12T13:12:52","guid":{"rendered":"http:\/\/getibogaine.com\/?post_type=product&#038;p=10331"},"modified":"2026-03-17T11:35:37","modified_gmt":"2026-03-17T15:35:37","slug":"acquista-alcaloidi-totali-puri-5-grammi","status":"publish","type":"product","link":"https:\/\/getibogaine.com\/it\/prodotto\/acquista-alcaloidi-totali-puri-5-grammi\/","title":{"rendered":"Iboga TA (5 g)"},"content":{"rendered":"<div class=\"row\">\n<div class=\"col-lg-7 col-12\">\n<h2 style=\"text-align: left;\">Acquista Alcaloidi Totali di Iboga<\/h2>\n<p>Hai bisogno di acquistare 5 grammi di Iboga TA? Non cercare oltre!<\/p>\n<p>Acquista Alcaloidi Totali Puri. \u00c8 con grande piacere che ti presentiamo il leggendario Iboga TA da 5 grammi. Si tratta di un prodotto rivoluzionario che unisce il meglio della natura e della scienza per aiutarti a vivere un cambiamento a spettro completo nella tua percezione del mondo.<\/p>\n<p>Questo prodotto \u00e8 estratto da pura corteccia di radice di iboga e il processo di estrazione \u00e8 attentamente monitorato per eliminare eventuali contaminanti o impurit\u00e0.<\/p>\n<p>Iboga TA \u00e8 stato progettato sia per i principianti sia per chi desidera aumentare la dose. \u00c8 una sostanza puramente olistica che non ha alcun impatto negativo sul corpo. Sperimenterai una serie di effetti psichedelici, tra cui percezione sensoriale amplificata, apertura, lucidit\u00e0 e gioia. Iboga TA si presenta in una forma brunastro.<\/p>\n<p>Con Iboga TA puoi godere degli stessi benefici riportati con l&#8217;ibogaina, senza i numerosi rischi ad essa associati.<\/p>\n<h3><strong>Assumi Iboga TA\u00a0<\/strong><\/h3>\n<ul>\n<li>Un\u2019esperienza spirituale che pu\u00f2 trasformare positivamente la tua vita<\/li>\n<li>\u00e8 garantito che ti dar\u00e0 un cambiamento a spettro completo<\/li>\n<li>Maggiore sicurezza nelle situazioni sociali<\/li>\n<li>Pensiero creativo e fiducia nella tua intuizione<\/li>\n<li>Una maggiore comprensione dell\u2019universo<\/li>\n<\/ul>\n<h3 style=\"text-align: left;\"><strong>Ingredienti di Iboga TA<\/strong><\/h3>\n<p>Il nostro prodotto di iboga TA \u00e8 un estratto di alta qualit\u00e0 che contiene una percentuale stimata del 45% di ibogaina e si presenta sotto forma di pezzi o grumi marroni di polvere marrone macinata.<\/p>\n<ul>\n<li style=\"text-align: left;\"><span style=\"color: #000000;\"><a style=\"color: #000000;\" href=\"http:\/\/getibogaine.com\/iboga-ta-extract\/\">Estratto di alcaloide di ibogaina in vendita <\/a>\u00e8 l\u2019estratto totale di alcaloidi di iboga.<\/span><\/li>\n<li style=\"text-align: left;\"><span style=\"color: #000000;\">Estratto dalla polvere di corteccia di radice di iboga.<\/span><\/li>\n<li style=\"text-align: left;\"><span style=\"color: #000000;\">Composto da una percentuale stimata del 45% di ibogaina.<\/span><\/li>\n<li style=\"text-align: left;\"><span style=\"color: #000000;\">Si presenta sotto forma di grumi marroni.<\/span><\/li>\n<\/ul>\n<p>Acquista oggi i nostri prodotti di alta qualit\u00e0 nel nostro negozio e approfitta dei nostri prezzi convenienti.<\/p>\n<p><strong>Origine<\/strong>: <em>Foresta pluviale dell\u2019Africa centrale<\/em><\/p>\n<\/div>\n<\/div>\n","protected":false},"excerpt":{"rendered":"<p>La spedizione express ha tempi di consegna rapidi di 3\u20137 giorni.<\/p>\n<p>Prodotto: Iboga TA<\/p>\n<p>Marca: Get Ibogaine<\/p>\n<p>Peso: 5 grammi<\/p>\n<p>Costo di spedizione: calcolato al checkout<\/p>\n","protected":false},"featured_media":34564,"comment_status":"open","ping_status":"closed","template":"","meta":{"site-sidebar-layout":"default","site-content-layout":"","ast-site-content-layout":"default","site-content-style":"default","site-sidebar-style":"default","ast-global-header-display":"","ast-banner-title-visibility":"","ast-main-header-display":"","ast-hfb-above-header-display":"","ast-hfb-below-header-display":"","ast-hfb-mobile-header-display":"","site-post-title":"","ast-breadcrumbs-content":"","ast-featured-img":"","footer-sml-layout":"","ast-disable-related-posts":"","theme-transparent-header-meta":"default","adv-header-id-meta":"","stick-header-meta":"default","header-above-stick-meta":"","header-main-stick-meta":"","header-below-stick-meta":"","astra-migrate-meta-layouts":"set","ast-page-background-enabled":"default","ast-page-background-meta":{"desktop":{"background-color":"var(--ast-global-color-4)","background-image":"","background-repeat":"repeat","background-position":"center center","background-size":"auto","background-attachment":"scroll","background-type":"","background-media":"","overlay-type":"","overlay-color":"","overlay-opacity":"","overlay-gradient":""},"tablet":{"background-color":"","background-image":"","background-repeat":"repeat","background-position":"center center","background-size":"auto","background-attachment":"scroll","background-type":"","background-media":"","overlay-type":"","overlay-color":"","overlay-opacity":"","overlay-gradient":""},"mobile":{"background-color":"","background-image":"","background-repeat":"repeat","background-position":"center center","background-size":"auto","background-attachment":"scroll","background-type":"","background-media":"","overlay-type":"","overlay-color":"","overlay-opacity":"","overlay-gradient":""}},"ast-content-background-meta":{"desktop":{"background-color":"var(--ast-global-color-5)","background-image":"","background-repeat":"repeat","background-position":"center center","background-size":"auto","background-attachment":"scroll","background-type":"","background-media":"","overlay-type":"","overlay-color":"","overlay-opacity":"","overlay-gradient":""},"tablet":{"background-color":"var(--ast-global-color-5)","background-image":"","background-repeat":"repeat","background-position":"center center","background-size":"auto","background-attachment":"scroll","background-type":"","background-media":"","overlay-type":"","overlay-color":"","overlay-opacity":"","overlay-gradient":""},"mobile":{"background-color":"var(--ast-global-color-5)","background-image":"","background-repeat":"repeat","background-position":"center center","background-size":"auto","background-attachment":"scroll","background-type":"","background-media":"","overlay-type":"","overlay-color":"","overlay-opacity":"","overlay-gradient":""}},"jetpack_publicize_message":"","jetpack_publicize_feature_enabled":true,"jetpack_social_post_already_shared":true,"jetpack_social_options":{"image_generator_settings":{"template":"highway","default_image_id":0,"font":"","enabled":false},"version":2}},"product_brand":[4013],"product_cat":[4549],"product_tag":[1670,1643],"class_list":{"0":"post-31470","1":"product","2":"type-product","3":"status-publish","4":"has-post-thumbnail","6":"product_brand-getibogaina","7":"product_cat-iboga-ta","8":"product_tag-iboga-ta","9":"product_tag-naturale","10":"desktop-align-left","11":"tablet-align-left","12":"mobile-align-left","13":"ast-product-gallery-layout-horizontal-slider","14":"ast-product-tabs-layout-horizontal","16":"first","17":"instock","18":"shipping-taxable","19":"purchasable","20":"product-type-simple"},"jetpack_publicize_connections":[],"jetpack_sharing_enabled":true,"_links":{"self":[{"href":"https:\/\/getibogaine.com\/it\/wp-json\/wp\/v2\/product\/31470","targetHints":{"allow":["GET"]}}],"collection":[{"href":"https:\/\/getibogaine.com\/it\/wp-json\/wp\/v2\/product"}],"about":[{"href":"https:\/\/getibogaine.com\/it\/wp-json\/wp\/v2\/types\/product"}],"replies":[{"embeddable":true,"href":"https:\/\/getibogaine.com\/it\/wp-json\/wp\/v2\/comments?post=31470"}],"version-history":[{"count":0,"href":"https:\/\/getibogaine.com\/it\/wp-json\/wp\/v2\/product\/31470\/revisions"}],"wp:featuredmedia":[{"embeddable":true,"href":"https:\/\/getibogaine.com\/it\/wp-json\/wp\/v2\/media\/34564"}],"wp:attachment":[{"href":"https:\/\/getibogaine.com\/it\/wp-json\/wp\/v2\/media?parent=31470"}],"wp:term":[{"taxonomy":"product_brand","embeddable":true,"href":"https:\/\/getibogaine.com\/it\/wp-json\/wp\/v2\/product_brand?post=31470"},{"taxonomy":"product_cat","embeddable":true,"href":"https:\/\/getibogaine.com\/it\/wp-json\/wp\/v2\/product_cat?post=31470"},{"taxonomy":"product_tag","embeddable":true,"href":"https:\/\/getibogaine.com\/it\/wp-json\/wp\/v2\/product_tag?post=31470"}],"curies":[{"name":"wp","href":"https:\/\/api.w.org\/{rel}","templated":true}]}}