{"id":31476,"date":"2022-10-13T08:15:11","date_gmt":"2022-10-13T07:15:11","guid":{"rendered":"http:\/\/getibogaine.com\/?post_type=product&#038;p=10335"},"modified":"2026-03-17T11:36:51","modified_gmt":"2026-03-17T15:36:51","slug":"dove-ottenere-3g-ibogaine-hcl-in-vendita","status":"publish","type":"product","link":"https:\/\/getibogaine.com\/it\/prodotto\/dove-ottenere-3g-ibogaine-hcl-in-vendita\/","title":{"rendered":"Ibogaine HCL (3g)"},"content":{"rendered":"<div class=\"row\">\n<div class=\"col-lg-7 col-12\">\n<h2 style=\"text-align: left;\"><strong>Ibogaine HCL 3 grammi<\/strong><\/h2>\n<p>Stai cercando dove acquistare 3 g di ibogaina HCL in vendita? Quando si tratta di ibogaina HCL in vendita, il nostro negozio \u00e8 uno dei principali fornitori di <a href=\"http:\/\/getibogaine.com\">corteccia di radice di iboga online di alta qualit\u00e0<\/a>.<\/p>\n<p>Se vuoi acquistare ibogaina HCL, questa \u00e8 un\u2019ottima scelta. La nostra ibogaina viene estratta come polvere bianca e la nostra ibogaina HCL \u00e8 composta al 95% da ibogaina. Questo la rende uno dei prodotti pi\u00f9 potenti disponibili e, di conseguenza, pu\u00f2 essere assunta in quantit\u00e0 minori rispetto a molti altri prodotti simili.<\/p>\n<p>Con la nostra ibogaina HCL sperimenterai effetti psichedelici come le allucinazioni, ma con una sensazione pulita e sicura che rende possibile ottenere nuove intuizioni dal processo. Potresti avere sensazioni di galleggiare e volare o visioni di viaggiare attraverso tunnel a velocit\u00e0 supersonica. \u00c8 importante ricordare che non si tratta solo di allucinazioni; la tua mente cosciente rallenta affinch\u00e9 tu possa elaborare i ricordi traumatici abbastanza rapidamente da permettere a queste immagini di essere processate dal tuo subconscio. Questo accadr\u00e0 in molte parti della tua vita e ti dar\u00e0 la possibilit\u00e0 di connetterti pi\u00f9 in profondit\u00e0 con te stesso. Non cercare oltre dove acquistare 3 g di ibogaina HCL in vendita. Acquista qui ora<\/p>\n<h3 style=\"text-align: left;\"><strong>Componenti di base della nostra ibogaina HCL<\/strong><\/h3>\n<ul>\n<li style=\"text-align: left;\">L\u2019ibogaina HCL pura \u00e8 stata estratta dalla Tabernanthe.<\/li>\n<li style=\"text-align: left;\">Composta al 95% da ibogaina.<\/li>\n<li style=\"text-align: left;\">L\u2019HCL si presenta come una polvere marrone anzich\u00e9 bianca.<\/li>\n<\/ul>\n<h3 style=\"text-align: left;\"><strong>Vantaggi del nostro Ibogaine HCL<\/strong><\/h3>\n<p>Il nostro ibogaina in vendita \u00e8 ibogaina HCL pura estratta dalla Tabernanthe.<br \/>\nInoltre, offriamo i seguenti vantaggi quando ordini questo prodotto:<\/p>\n<ul>\n<li>Uno standard garantito di contenuto di Ibogaine HCL &gt;95%.<\/li>\n<li>\u00c8 prodotta in laboratorio senza l\u2019uso di sostanze chimiche o solventi, come acetone o etere<\/li>\n<li>Dal 2017 perfezioniamo con competenza le nostre estrazioni di Iboga e ci dedichiamo a produrre estratti di altissima qualit\u00e0 destinati a scopi medici.<\/li>\n<li>L\u2019Ibogaine HCL pu\u00f2 rimuovere completamente una persona dallo stato fisico e psicologico della dipendenza per un periodo che va da una settimana a 12 mesi.<\/li>\n<li>L\u2019Ibogaine HCL ha un effetto spesso paragonato a una guarigione per intervento divino. Chi ha sperimentato questo farmaco straordinario lo sa.<\/li>\n<li>Un altro grande vantaggio dell\u2019Ibogaine HCL sono i suoi rimedi naturali contro specifici disturbi. Questo farmaco \u00e8 considerato benefico per la depressione e per la dipendenza da oppiacei.<\/li>\n<\/ul>\n<h3 style=\"text-align: left;\"><strong>Perch\u00e9 acquistare da noi?<\/strong><\/h3>\n<p>A differenza di altri venditori, vendiamo solo prodotti a base di Iboga. Questo grazie al nostro impegno nel fornire la forma pi\u00f9 pura di Ibogaine HCL a un prezzo accessibile. Noterai che alcuni venditori hanno un\u2019ampia selezione di prodotti. Tuttavia, anche i clienti possono sentirsi sopraffatti.<\/p>\n<p><strong>Origine<\/strong>: Camerun<\/p>\n<\/div>\n<\/div>\n","protected":false},"excerpt":{"rendered":"<p>La spedizione express ha un tempo di consegna rapido di 3\u20137 giorni.<\/p>\n<p>Prodotto: Ibogaine HCL<\/p>\n<p>Marca: Get Ibogaine<\/p>\n<p>Peso: 3 grammi<\/p>\n<p>Costo di spedizione: Calcolato al checkout<\/p>\n<p>Il tuo ordine verr\u00e0 spedito entro 24 ore dal completamento dell\u2019acquisto e arriver\u00e0 entro tre-sei giorni lavorativi. Le nostre tariffe di spedizione variano in base al peso del pacco.<\/p>\n","protected":false},"featured_media":34570,"comment_status":"open","ping_status":"closed","template":"","meta":{"site-sidebar-layout":"default","site-content-layout":"","ast-site-content-layout":"default","site-content-style":"default","site-sidebar-style":"default","ast-global-header-display":"","ast-banner-title-visibility":"","ast-main-header-display":"","ast-hfb-above-header-display":"","ast-hfb-below-header-display":"","ast-hfb-mobile-header-display":"","site-post-title":"","ast-breadcrumbs-content":"","ast-featured-img":"","footer-sml-layout":"","ast-disable-related-posts":"","theme-transparent-header-meta":"default","adv-header-id-meta":"","stick-header-meta":"default","header-above-stick-meta":"","header-main-stick-meta":"","header-below-stick-meta":"","astra-migrate-meta-layouts":"set","ast-page-background-enabled":"default","ast-page-background-meta":{"desktop":{"background-color":"var(--ast-global-color-4)","background-image":"","background-repeat":"repeat","background-position":"center center","background-size":"auto","background-attachment":"scroll","background-type":"","background-media":"","overlay-type":"","overlay-color":"","overlay-opacity":"","overlay-gradient":""},"tablet":{"background-color":"","background-image":"","background-repeat":"repeat","background-position":"center center","background-size":"auto","background-attachment":"scroll","background-type":"","background-media":"","overlay-type":"","overlay-color":"","overlay-opacity":"","overlay-gradient":""},"mobile":{"background-color":"","background-image":"","background-repeat":"repeat","background-position":"center center","background-size":"auto","background-attachment":"scroll","background-type":"","background-media":"","overlay-type":"","overlay-color":"","overlay-opacity":"","overlay-gradient":""}},"ast-content-background-meta":{"desktop":{"background-color":"var(--ast-global-color-5)","background-image":"","background-repeat":"repeat","background-position":"center center","background-size":"auto","background-attachment":"scroll","background-type":"","background-media":"","overlay-type":"","overlay-color":"","overlay-opacity":"","overlay-gradient":""},"tablet":{"background-color":"var(--ast-global-color-5)","background-image":"","background-repeat":"repeat","background-position":"center center","background-size":"auto","background-attachment":"scroll","background-type":"","background-media":"","overlay-type":"","overlay-color":"","overlay-opacity":"","overlay-gradient":""},"mobile":{"background-color":"var(--ast-global-color-5)","background-image":"","background-repeat":"repeat","background-position":"center center","background-size":"auto","background-attachment":"scroll","background-type":"","background-media":"","overlay-type":"","overlay-color":"","overlay-opacity":"","overlay-gradient":""}},"jetpack_publicize_message":"","jetpack_publicize_feature_enabled":true,"jetpack_social_post_already_shared":true,"jetpack_social_options":{"image_generator_settings":{"template":"highway","default_image_id":0,"font":"","enabled":false},"version":2}},"product_brand":[4013],"product_cat":[4557],"product_tag":[1661,1643],"class_list":{"0":"post-31476","1":"product","2":"type-product","3":"status-publish","4":"has-post-thumbnail","6":"product_brand-getibogaina","7":"product_cat-acquista-ibogaina-hcl","8":"product_tag-ibogaina-hcl","9":"product_tag-naturale","10":"desktop-align-left","11":"tablet-align-left","12":"mobile-align-left","13":"ast-product-gallery-layout-horizontal-slider","14":"ast-product-tabs-layout-horizontal","16":"first","17":"instock","18":"sale","19":"shipping-taxable","20":"purchasable","21":"product-type-simple"},"jetpack_publicize_connections":[],"jetpack_sharing_enabled":true,"_links":{"self":[{"href":"https:\/\/getibogaine.com\/it\/wp-json\/wp\/v2\/product\/31476","targetHints":{"allow":["GET"]}}],"collection":[{"href":"https:\/\/getibogaine.com\/it\/wp-json\/wp\/v2\/product"}],"about":[{"href":"https:\/\/getibogaine.com\/it\/wp-json\/wp\/v2\/types\/product"}],"replies":[{"embeddable":true,"href":"https:\/\/getibogaine.com\/it\/wp-json\/wp\/v2\/comments?post=31476"}],"version-history":[{"count":0,"href":"https:\/\/getibogaine.com\/it\/wp-json\/wp\/v2\/product\/31476\/revisions"}],"wp:featuredmedia":[{"embeddable":true,"href":"https:\/\/getibogaine.com\/it\/wp-json\/wp\/v2\/media\/34570"}],"wp:attachment":[{"href":"https:\/\/getibogaine.com\/it\/wp-json\/wp\/v2\/media?parent=31476"}],"wp:term":[{"taxonomy":"product_brand","embeddable":true,"href":"https:\/\/getibogaine.com\/it\/wp-json\/wp\/v2\/product_brand?post=31476"},{"taxonomy":"product_cat","embeddable":true,"href":"https:\/\/getibogaine.com\/it\/wp-json\/wp\/v2\/product_cat?post=31476"},{"taxonomy":"product_tag","embeddable":true,"href":"https:\/\/getibogaine.com\/it\/wp-json\/wp\/v2\/product_tag?post=31476"}],"curies":[{"name":"wp","href":"https:\/\/api.w.org\/{rel}","templated":true}]}}