{"id":31500,"date":"2022-10-13T09:18:56","date_gmt":"2022-10-13T08:18:56","guid":{"rendered":"http:\/\/getibogaine.com\/?post_type=product&#038;p=10341"},"modified":"2026-03-17T11:30:46","modified_gmt":"2026-03-17T15:30:46","slug":"ibogaine-hcl-acquista-a-un-prezzo-molto-accessibile","status":"publish","type":"product","link":"https:\/\/getibogaine.com\/it\/prodotto\/ibogaine-hcl-acquista-a-un-prezzo-molto-accessibile\/","title":{"rendered":"Ibogaine HCL (1 g)"},"content":{"rendered":"<div class=\"row\">\n<div class=\"col-lg-7 col-12\">\n<h2 style=\"text-align: left;\"><strong>Ibogaine HCL 1 grammo<\/strong><\/h2>\n<p>Ibogaine HCL \u00e8 molto conveniente. Ottieni Ibogaine HCL di alta qualit\u00e0 per un trattamento efficace senza svuotare il portafoglio.<\/p>\n<p>Per quanto riguarda l\u2019Ibogaine HCL in vendita, il nostro negozio \u00e8 uno dei <a href=\"http:\/\/getibogaine.com\/\">principali fornitori di corteccia di radice di iboga di alta qualit\u00e0 online.<\/a><\/p>\n<p>Se vuoi acquistare ibogaine HCL, allora questa \u00e8 un\u2019ottima scelta. La nostra <a title=\"ibogaine\" href=\"http:\/\/getibogaine.com\/tag\/ibogaine\/\" data-wpil-monitor-id=\"92\">ibogaine<\/a> viene estratta come polvere bianca e la nostra ibogaine HCL contiene il 95% di ibogaine. Questo la rende uno dei prodotti pi\u00f9 potenti disponibili e, di conseguenza, pu\u00f2 essere assunta in quantit\u00e0 minori rispetto a molti altri prodotti simili.<\/p>\n<p>Con la nostra ibogaine HCL, sperimenterai effetti <a title=\"Psychedelics\" href=\"http:\/\/getibogaine.com\/tag\/psychedelics\/\" data-wpil-monitor-id=\"93\">psichedelici<\/a> come le allucinazioni, ma con una sensazione pulita e sicura che rende possibile ottenere nuove intuizioni dal processo. Potresti avere sensazioni di galleggiare e volare oppure visioni di viaggiare attraverso tunnel a velocit\u00e0 supersonica. \u00c8 importante ricordare che non si tratta solo di allucinazioni; la tua mente cosciente rallenta cos\u00ec da permetterti di elaborare i ricordi traumatici abbastanza rapidamente affinch\u00e9 queste immagini vengano processate dalla tua mente subconscia. Questo accadr\u00e0 in molte parti della tua vita e ti permetter\u00e0 di connetterti pi\u00f9 profondamente con te stesso.<\/p>\n<h3 style=\"text-align: left;\"><strong>Componenti essenziali della nostra Ibogaine HCL<\/strong><\/h3>\n<ul>\n<li style=\"text-align: left;\">L\u2019ibogaina HCL pura \u00e8 stata estratta dalla Tabernanthe.<\/li>\n<li style=\"text-align: left;\">Composta per il 95% da <a title=\"ibogaine.\" href=\"http:\/\/getibogaine.com\/tag\/ibogaine-2\/\" data-wpil-monitor-id=\"94\">ibogaina<\/a>.<\/li>\n<li style=\"text-align: left;\">L\u2019HCL si presenta come una polvere marrone anzich\u00e9 bianca.<\/li>\n<\/ul>\n<h3 style=\"text-align: left;\"><strong>Vantaggi della nostra Ibogaina HCL<\/strong><\/h3>\n<p>La nostra ibogaina in vendita \u00e8 ibogaina HCL pura estratta dalla Tabernanthe.<br \/>\nInoltre, quando ordini questo prodotto offriamo i seguenti vantaggi:<\/p>\n<ul>\n<li>Uno standard garantito di contenuto di Ibogaina HCL &gt;95%.<\/li>\n<li>\u00c8 prodotta in laboratorio senza sostanze chimiche o solventi come acetone o etere.<\/li>\n<li>Dal 2017 perfezioniamo con competenza le nostre estrazioni di <a title=\"Secret Bwiti Religion &amp; Healing with Iboga Plant\" href=\"http:\/\/getibogaine.com\/bwiti-religion-and-healing-practices-with-iboga\/\" data-wpil-monitor-id=\"95\">Iboga<\/a> e ci dedichiamo a produrre estratti di altissima qualit\u00e0 destinati a scopi medici.<\/li>\n<li>L\u2019ibogaina HCL pu\u00f2 allontanare completamente una persona dallo stato fisico e psicologico di dipendenza per un periodo che va da <strong>una settimana a 12 mesi.<\/strong><\/li>\n<li>L\u2019ibogaina HCL ha un effetto spesso paragonato a una guarigione per intervento divino. Chi ha vissuto questa esperienza legata alle <a title=\"drugs\" href=\"http:\/\/getibogaine.com\/tag\/drugs\/\" data-wpil-monitor-id=\"96\">droghe<\/a> lo sa.<\/li>\n<li>Un altro importante beneficio dell\u2019ibogaina HCL \u00e8 la sua azione come rimedio naturale contro specifici disturbi. Questo farmaco \u00e8 considerato benefico per la <a title=\"Rehab: Can it Help You Overcome Depression?\" href=\"http:\/\/getibogaine.com\/is-there-rehab-for-depression\/\" data-wpil-monitor-id=\"97\">depressione<\/a> e per la dipendenza da oppiacei.<\/li>\n<\/ul>\n<h3 style=\"text-align: left;\"><strong>Perch\u00e9 acquistare da noi?<\/strong><\/h3>\n<p>A differenza di altri venditori, vendiamo esclusivamente prodotti a base di <a title=\"iboga\" href=\"http:\/\/getibogaine.com\/product-tag\/iboga\/\" data-wpil-monitor-id=\"98\">Iboga<\/a>. Questo grazie al nostro impegno nel fornire la forma pi\u00f9 pura di Ibogaine HCL a un prezzo accessibile. Noterai che alcuni venditori offrono un\u2019ampia selezione di prodotti; tuttavia, anche i clienti possono sentirsi sopraffatti.<\/p>\n<p><strong>Origine<\/strong>: Camerun<\/p>\n<\/div>\n<\/div>\n","protected":false},"excerpt":{"rendered":"<p>La spedizione express ha tempi di consegna rapidi di 3\u20137 giorni.<\/p>\n<p>Prodotto: Ibogaine HCL<\/p>\n<p>Marca: Get Ibogaine<\/p>\n<p>Peso: 1 grammo<\/p>\n<p>Costo di spedizione: Calcolato al checkout<\/p>\n<p>Il tuo ordine verr\u00e0 spedito entro 24 ore dall\u2019acquisto e arriver\u00e0 entro tre-sette giorni lavorativi. Le nostre tariffe di spedizione variano in base al peso del pacco.<\/p>\n","protected":false},"featured_media":34626,"comment_status":"open","ping_status":"closed","template":"","meta":{"site-sidebar-layout":"default","site-content-layout":"","ast-site-content-layout":"default","site-content-style":"default","site-sidebar-style":"default","ast-global-header-display":"","ast-banner-title-visibility":"","ast-main-header-display":"","ast-hfb-above-header-display":"","ast-hfb-below-header-display":"","ast-hfb-mobile-header-display":"","site-post-title":"","ast-breadcrumbs-content":"","ast-featured-img":"","footer-sml-layout":"","ast-disable-related-posts":"","theme-transparent-header-meta":"default","adv-header-id-meta":"","stick-header-meta":"default","header-above-stick-meta":"","header-main-stick-meta":"","header-below-stick-meta":"","astra-migrate-meta-layouts":"set","ast-page-background-enabled":"default","ast-page-background-meta":{"desktop":{"background-color":"var(--ast-global-color-4)","background-image":"","background-repeat":"repeat","background-position":"center center","background-size":"auto","background-attachment":"scroll","background-type":"","background-media":"","overlay-type":"","overlay-color":"","overlay-opacity":"","overlay-gradient":""},"tablet":{"background-color":"","background-image":"","background-repeat":"repeat","background-position":"center center","background-size":"auto","background-attachment":"scroll","background-type":"","background-media":"","overlay-type":"","overlay-color":"","overlay-opacity":"","overlay-gradient":""},"mobile":{"background-color":"","background-image":"","background-repeat":"repeat","background-position":"center center","background-size":"auto","background-attachment":"scroll","background-type":"","background-media":"","overlay-type":"","overlay-color":"","overlay-opacity":"","overlay-gradient":""}},"ast-content-background-meta":{"desktop":{"background-color":"var(--ast-global-color-5)","background-image":"","background-repeat":"repeat","background-position":"center center","background-size":"auto","background-attachment":"scroll","background-type":"","background-media":"","overlay-type":"","overlay-color":"","overlay-opacity":"","overlay-gradient":""},"tablet":{"background-color":"var(--ast-global-color-5)","background-image":"","background-repeat":"repeat","background-position":"center center","background-size":"auto","background-attachment":"scroll","background-type":"","background-media":"","overlay-type":"","overlay-color":"","overlay-opacity":"","overlay-gradient":""},"mobile":{"background-color":"var(--ast-global-color-5)","background-image":"","background-repeat":"repeat","background-position":"center center","background-size":"auto","background-attachment":"scroll","background-type":"","background-media":"","overlay-type":"","overlay-color":"","overlay-opacity":"","overlay-gradient":""}},"jetpack_publicize_message":"","jetpack_publicize_feature_enabled":true,"jetpack_social_post_already_shared":true,"jetpack_social_options":{"image_generator_settings":{"template":"highway","default_image_id":0,"font":"","enabled":false},"version":2}},"product_brand":[4013],"product_cat":[4557],"product_tag":[1661,1643],"class_list":{"0":"post-31500","1":"product","2":"type-product","3":"status-publish","4":"has-post-thumbnail","6":"product_brand-getibogaina","7":"product_cat-acquista-ibogaina-hcl","8":"product_tag-ibogaina-hcl","9":"product_tag-naturale","10":"desktop-align-left","11":"tablet-align-left","12":"mobile-align-left","13":"ast-product-gallery-layout-horizontal-slider","14":"ast-product-tabs-layout-horizontal","16":"first","17":"instock","18":"shipping-taxable","19":"purchasable","20":"product-type-simple"},"jetpack_publicize_connections":[],"jetpack_sharing_enabled":true,"_links":{"self":[{"href":"https:\/\/getibogaine.com\/it\/wp-json\/wp\/v2\/product\/31500","targetHints":{"allow":["GET"]}}],"collection":[{"href":"https:\/\/getibogaine.com\/it\/wp-json\/wp\/v2\/product"}],"about":[{"href":"https:\/\/getibogaine.com\/it\/wp-json\/wp\/v2\/types\/product"}],"replies":[{"embeddable":true,"href":"https:\/\/getibogaine.com\/it\/wp-json\/wp\/v2\/comments?post=31500"}],"version-history":[{"count":0,"href":"https:\/\/getibogaine.com\/it\/wp-json\/wp\/v2\/product\/31500\/revisions"}],"wp:featuredmedia":[{"embeddable":true,"href":"https:\/\/getibogaine.com\/it\/wp-json\/wp\/v2\/media\/34626"}],"wp:attachment":[{"href":"https:\/\/getibogaine.com\/it\/wp-json\/wp\/v2\/media?parent=31500"}],"wp:term":[{"taxonomy":"product_brand","embeddable":true,"href":"https:\/\/getibogaine.com\/it\/wp-json\/wp\/v2\/product_brand?post=31500"},{"taxonomy":"product_cat","embeddable":true,"href":"https:\/\/getibogaine.com\/it\/wp-json\/wp\/v2\/product_cat?post=31500"},{"taxonomy":"product_tag","embeddable":true,"href":"https:\/\/getibogaine.com\/it\/wp-json\/wp\/v2\/product_tag?post=31500"}],"curies":[{"name":"wp","href":"https:\/\/api.w.org\/{rel}","templated":true}]}}