{"id":31512,"date":"2022-10-13T09:44:52","date_gmt":"2022-10-13T08:44:52","guid":{"rendered":"http:\/\/getibogaine.com\/?post_type=product&#038;p=10345"},"modified":"2026-03-17T11:32:18","modified_gmt":"2026-03-17T15:32:18","slug":"ibogaine-hcl-2-grammi","status":"publish","type":"product","link":"https:\/\/getibogaine.com\/it\/prodotto\/ibogaine-hcl-2-grammi\/","title":{"rendered":"Ibogaine HCL (2g)"},"content":{"rendered":"<div class=\"row\">\n<div class=\"col-lg-7 col-12\">\n<h2 style=\"text-align: left;\"><strong>Ibogaine HCL 2 Grammi<\/strong><\/h2>\n<p>Acquista Ibogaine HCL (2 g), un integratore completamente naturale con potenti effetti anti-dipendenza.<\/p>\n<p>Per quanto riguarda l\u2019ibogaine HCL in vendita, il nostro shop \u00e8 uno dei principali fornitori online di corteccia di radice di iboga di alta qualit\u00e0.<\/p>\n<p>Se vuoi acquistare ibogaine HCL, questa \u00e8 un\u2019ottima scelta. La nostra ibogaine viene estratta come polvere bianca e la nostra ibogaine HCL contiene il 95% di ibogaine. Questo la rende uno dei prodotti pi\u00f9 potenti disponibili e, di conseguenza, pu\u00f2 essere assunta in quantit\u00e0 inferiori rispetto a molti altri prodotti simili.<\/p>\n<p>Con la nostra ibogaine HCL sperimenterai effetti psichedelici come le allucinazioni, ma con una sensazione pulita e sicura che rende possibile ottenere nuove intuizioni dal processo. Potresti avere sensazioni di galleggiamento e di volo o visioni di viaggiare attraverso tunnel a velocit\u00e0 supersonica. \u00c8 importante ricordare che non si tratta solo di allucinazioni; la tua mente cosciente rallenta cos\u00ec da poter elaborare i ricordi traumatici abbastanza rapidamente perch\u00e9 queste immagini vengano processate dal tuo inconscio. Questo accadr\u00e0 in molte parti della tua vita e ti permetter\u00e0 di entrare in contatto pi\u00f9 profondamente con te stesso.<\/p>\n<h3 style=\"text-align: left;\"><strong>Componenti di base della nostra Ibogaine HCL<\/strong><\/h3>\n<ul>\n<li style=\"text-align: left;\">L\u2019ibogaina HCL pura \u00e8 stata estratta dalla Tabernanthe.<\/li>\n<li style=\"text-align: left;\">Composta per il 95% da ibogaina.<\/li>\n<li style=\"text-align: left;\">L\u2019HCL si presenta come una polvere marrone anzich\u00e9 bianca.<\/li>\n<\/ul>\n<h3 style=\"text-align: left;\"><strong>Benefici della nostra Ibogaine HCL<\/strong><\/h3>\n<p>La nostra ibogaina in vendita \u00e8 ibogaina HCL pura estratta dalla Tabernanthe.<br \/>\nInoltre, ordinando questo prodotto offriamo i seguenti vantaggi:<\/p>\n<ul>\n<li>Uno standard garantito di contenuto di Ibogaine HCL &gt;95%.<\/li>\n<li>\u00c8 prodotta in laboratorio senza sostanze chimiche o solventi come acetone o etere.<\/li>\n<li>Dal 2017 perfezioniamo con competenza le nostre estrazioni di iboga e ci dedichiamo a produrre estratti di altissima qualit\u00e0 destinati a scopi medici.<\/li>\n<li>L\u2019Ibogaine HCL pu\u00f2 rimuovere completamente una persona dallo stato fisico e psicologico di dipendenza per un periodo che varia da <strong>una settimana a 12 mesi.<\/strong><\/li>\n<li>L\u2019Ibogaine HCL ha un effetto spesso paragonato a una guarigione per intervento divino. Chi ha sperimentato questo farmaco straordinario lo sa.<\/li>\n<li>Un altro grande beneficio dell\u2019Ibogaine HCL sono i suoi rimedi naturali contro specifici disturbi. Questo farmaco \u00e8 considerato utile per la depressione e per la dipendenza da oppiacei.<\/li>\n<\/ul>\n<h3 style=\"text-align: left;\"><strong>Perch\u00e9 acquistare da noi?<\/strong><\/h3>\n<p>A differenza di altri venditori, commercializziamo solo prodotti a base di Iboga. Questo deriva dal nostro impegno a fornire la forma pi\u00f9 pura di Ibogaine HCL a un prezzo accessibile. Noterai che alcuni venditori hanno un\u2019ampia selezione di prodotti. Tuttavia, i clienti possono anche sentirsi sopraffatti.<\/p>\n<p><strong>Origine<\/strong>: Camerun<\/p>\n<\/div>\n<\/div>\n","protected":false},"excerpt":{"rendered":"<p>La spedizione express ha un tempo di consegna rapido di 3\u20137 giorni.<\/p>\n<p>Prodotto: Ibogaine HCL<\/p>\n<p>Marca: Get Ibogaine<\/p>\n<p>Peso: 2 grammi<\/p>\n<p>Costo di spedizione: Calcolato al checkout<\/p>\n<p>Uno standard garantito di contenuto di Ibogaine HCL &gt; 95%.<\/p>\n","protected":false},"featured_media":34699,"comment_status":"open","ping_status":"closed","template":"","meta":{"site-sidebar-layout":"default","site-content-layout":"","ast-site-content-layout":"default","site-content-style":"default","site-sidebar-style":"default","ast-global-header-display":"","ast-banner-title-visibility":"","ast-main-header-display":"","ast-hfb-above-header-display":"","ast-hfb-below-header-display":"","ast-hfb-mobile-header-display":"","site-post-title":"","ast-breadcrumbs-content":"","ast-featured-img":"","footer-sml-layout":"","ast-disable-related-posts":"","theme-transparent-header-meta":"default","adv-header-id-meta":"","stick-header-meta":"default","header-above-stick-meta":"","header-main-stick-meta":"","header-below-stick-meta":"","astra-migrate-meta-layouts":"set","ast-page-background-enabled":"default","ast-page-background-meta":{"desktop":{"background-color":"var(--ast-global-color-4)","background-image":"","background-repeat":"repeat","background-position":"center center","background-size":"auto","background-attachment":"scroll","background-type":"","background-media":"","overlay-type":"","overlay-color":"","overlay-opacity":"","overlay-gradient":""},"tablet":{"background-color":"","background-image":"","background-repeat":"repeat","background-position":"center center","background-size":"auto","background-attachment":"scroll","background-type":"","background-media":"","overlay-type":"","overlay-color":"","overlay-opacity":"","overlay-gradient":""},"mobile":{"background-color":"","background-image":"","background-repeat":"repeat","background-position":"center center","background-size":"auto","background-attachment":"scroll","background-type":"","background-media":"","overlay-type":"","overlay-color":"","overlay-opacity":"","overlay-gradient":""}},"ast-content-background-meta":{"desktop":{"background-color":"var(--ast-global-color-5)","background-image":"","background-repeat":"repeat","background-position":"center center","background-size":"auto","background-attachment":"scroll","background-type":"","background-media":"","overlay-type":"","overlay-color":"","overlay-opacity":"","overlay-gradient":""},"tablet":{"background-color":"var(--ast-global-color-5)","background-image":"","background-repeat":"repeat","background-position":"center center","background-size":"auto","background-attachment":"scroll","background-type":"","background-media":"","overlay-type":"","overlay-color":"","overlay-opacity":"","overlay-gradient":""},"mobile":{"background-color":"var(--ast-global-color-5)","background-image":"","background-repeat":"repeat","background-position":"center center","background-size":"auto","background-attachment":"scroll","background-type":"","background-media":"","overlay-type":"","overlay-color":"","overlay-opacity":"","overlay-gradient":""}},"jetpack_publicize_message":"","jetpack_publicize_feature_enabled":true,"jetpack_social_post_already_shared":true,"jetpack_social_options":{"image_generator_settings":{"template":"highway","default_image_id":0,"font":"","enabled":false},"version":2}},"product_brand":[4013],"product_cat":[4557],"product_tag":[1661,1643],"class_list":{"0":"post-31512","1":"product","2":"type-product","3":"status-publish","4":"has-post-thumbnail","6":"product_brand-getibogaina","7":"product_cat-acquista-ibogaina-hcl","8":"product_tag-ibogaina-hcl","9":"product_tag-naturale","10":"desktop-align-left","11":"tablet-align-left","12":"mobile-align-left","13":"ast-product-gallery-layout-horizontal-slider","14":"ast-product-tabs-layout-horizontal","16":"first","17":"instock","18":"sale","19":"shipping-taxable","20":"purchasable","21":"product-type-simple"},"jetpack_publicize_connections":[],"jetpack_sharing_enabled":true,"_links":{"self":[{"href":"https:\/\/getibogaine.com\/it\/wp-json\/wp\/v2\/product\/31512","targetHints":{"allow":["GET"]}}],"collection":[{"href":"https:\/\/getibogaine.com\/it\/wp-json\/wp\/v2\/product"}],"about":[{"href":"https:\/\/getibogaine.com\/it\/wp-json\/wp\/v2\/types\/product"}],"replies":[{"embeddable":true,"href":"https:\/\/getibogaine.com\/it\/wp-json\/wp\/v2\/comments?post=31512"}],"version-history":[{"count":0,"href":"https:\/\/getibogaine.com\/it\/wp-json\/wp\/v2\/product\/31512\/revisions"}],"wp:featuredmedia":[{"embeddable":true,"href":"https:\/\/getibogaine.com\/it\/wp-json\/wp\/v2\/media\/34699"}],"wp:attachment":[{"href":"https:\/\/getibogaine.com\/it\/wp-json\/wp\/v2\/media?parent=31512"}],"wp:term":[{"taxonomy":"product_brand","embeddable":true,"href":"https:\/\/getibogaine.com\/it\/wp-json\/wp\/v2\/product_brand?post=31512"},{"taxonomy":"product_cat","embeddable":true,"href":"https:\/\/getibogaine.com\/it\/wp-json\/wp\/v2\/product_cat?post=31512"},{"taxonomy":"product_tag","embeddable":true,"href":"https:\/\/getibogaine.com\/it\/wp-json\/wp\/v2\/product_tag?post=31512"}],"curies":[{"name":"wp","href":"https:\/\/api.w.org\/{rel}","templated":true}]}}