{"id":31518,"date":"2022-10-18T12:23:29","date_gmt":"2022-10-18T16:23:29","guid":{"rendered":"http:\/\/getibogaine.com\/?post_type=product&#038;p=10907"},"modified":"2026-03-09T05:38:25","modified_gmt":"2026-03-09T09:38:25","slug":"semi-di-iboga-di-qualita-superiore","status":"publish","type":"product","link":"https:\/\/getibogaine.com\/it\/prodotto\/semi-di-iboga-di-qualita-superiore\/","title":{"rendered":"Semi di Iboga di qualit\u00e0 superiore"},"content":{"rendered":"<div class=\"row\">\n<div class=\"col-lg-7 col-12\">\n<h2 style=\"text-align: left;\"><strong>I semi di iboga sono in vendita.<\/strong><\/h2>\n<p><iframe title=\"YouTube video player\" src=\"https:\/\/www.youtube.com\/embed\/mrVr6IpjWoY?si=BcEUYr2m0tNODoRN\" width=\"560\" height=\"315\" frameborder=\"0\" allowfullscreen=\"allowfullscreen\"><\/iframe><br \/>\nAcquista semi di iboga freschi e di alta qualit\u00e0 in vendita. L\u2019iboga \u00e8 un potente allucinogeno e farmaco psichedelico utilizzato da secoli per le sue propriet\u00e0 medicinali. Garantiamo semi di iboga freschi e di alta qualit\u00e0 e dal 10 al 15% di semi in pi\u00f9 rispetto alla maggior parte degli altri venditori.<\/p>\n<h3><strong>Cosa sono i semi di iboga?<\/strong><\/h3>\n<p>Conosciuta anche come <em>&#8220;la droga miracolosa&#8221;<\/em>, l\u2019iboga \u00e8 un allucinogeno derivato dalle radici di un albero che cresce in Africa centrale. Altri nomi dati alla pianta includono Bushman&#8217;s Snuff e Little Death. I coloni europei resero popolare l\u2019usanza di ingerire l\u2019iboga.<\/p>\n<p>Coltivata in un terreno ricco e fertile, <a href=\"http:\/\/getibogaine.com\/product\/iboga-root-barks-1kg\/\">l\u2019iboga<\/a> \u00e8 un piccolo arbusto che, se esposto a molto sole, cresce fino a diventare un piccolo albero. Offriamo sempre ai nostri clienti la selezione pi\u00f9 ampia e la spedizione pi\u00f9 rapida di semi di iboga in tutto il mondo. I nostri semi selezionati a mano rappresentano la massima qualit\u00e0 disponibile a qualsiasi prezzo!<\/p>\n<p><strong>Origine<\/strong>: semi di iboga in vendita dal Camerun<\/p>\n<\/div>\n<\/div>\n","protected":false},"excerpt":{"rendered":"<p>La spedizione express ha un tempo di consegna rapido di 3\u20137 giorni.<\/p>\n<p>Prodotto: Semi di Iboga<\/p>\n<p>Marca: Get Ibogaine<\/p>\n<p>Quantit\u00e0: Sono disponibili 30 semi<\/p>\n<p>Costo di spedizione: Calcolato al checkout<\/p>\n<ul>\n<li>Vendiamo solo semi di Iboga di altissima qualit\u00e0 e affidabili. Il nostro cordiale team di assistenza clienti \u00e8 disponibile 7 giorni su 7. Con alcuni dei migliori prezzi e una vasta selezione di prodotti, la tua soddisfazione \u00e8 garantita!<\/li>\n<\/ul>\n<p><em>Il tuo ordine verr\u00e0 spedito entro 24 ore dall\u2019acquisto e arriver\u00e0 entro tre-sette giorni lavorativi. Tranne nei giorni festivi e nei fine settimana, spediamo dal luned\u00ec al venerd\u00ec. Le nostre tariffe di spedizione variano in base al peso del pacco.<\/em><\/p>\n","protected":false},"featured_media":34712,"comment_status":"open","ping_status":"closed","template":"","meta":{"site-sidebar-layout":"default","site-content-layout":"","ast-site-content-layout":"default","site-content-style":"default","site-sidebar-style":"default","ast-global-header-display":"","ast-banner-title-visibility":"","ast-main-header-display":"","ast-hfb-above-header-display":"","ast-hfb-below-header-display":"","ast-hfb-mobile-header-display":"","site-post-title":"","ast-breadcrumbs-content":"","ast-featured-img":"","footer-sml-layout":"","ast-disable-related-posts":"","theme-transparent-header-meta":"default","adv-header-id-meta":"","stick-header-meta":"default","header-above-stick-meta":"","header-main-stick-meta":"","header-below-stick-meta":"","astra-migrate-meta-layouts":"set","ast-page-background-enabled":"default","ast-page-background-meta":{"desktop":{"background-color":"var(--ast-global-color-4)","background-image":"","background-repeat":"repeat","background-position":"center center","background-size":"auto","background-attachment":"scroll","background-type":"","background-media":"","overlay-type":"","overlay-color":"","overlay-opacity":"","overlay-gradient":""},"tablet":{"background-color":"","background-image":"","background-repeat":"repeat","background-position":"center center","background-size":"auto","background-attachment":"scroll","background-type":"","background-media":"","overlay-type":"","overlay-color":"","overlay-opacity":"","overlay-gradient":""},"mobile":{"background-color":"","background-image":"","background-repeat":"repeat","background-position":"center center","background-size":"auto","background-attachment":"scroll","background-type":"","background-media":"","overlay-type":"","overlay-color":"","overlay-opacity":"","overlay-gradient":""}},"ast-content-background-meta":{"desktop":{"background-color":"var(--ast-global-color-5)","background-image":"","background-repeat":"repeat","background-position":"center center","background-size":"auto","background-attachment":"scroll","background-type":"","background-media":"","overlay-type":"","overlay-color":"","overlay-opacity":"","overlay-gradient":""},"tablet":{"background-color":"var(--ast-global-color-5)","background-image":"","background-repeat":"repeat","background-position":"center center","background-size":"auto","background-attachment":"scroll","background-type":"","background-media":"","overlay-type":"","overlay-color":"","overlay-opacity":"","overlay-gradient":""},"mobile":{"background-color":"var(--ast-global-color-5)","background-image":"","background-repeat":"repeat","background-position":"center center","background-size":"auto","background-attachment":"scroll","background-type":"","background-media":"","overlay-type":"","overlay-color":"","overlay-opacity":"","overlay-gradient":""}},"jetpack_publicize_message":"","jetpack_publicize_feature_enabled":true,"jetpack_social_post_already_shared":true,"jetpack_social_options":{"image_generator_settings":{"template":"highway","default_image_id":0,"font":"","enabled":false},"version":2}},"product_brand":[4013],"product_cat":[4541],"product_tag":[1643,1697],"class_list":{"0":"post-31518","1":"product","2":"type-product","3":"status-publish","4":"has-post-thumbnail","6":"product_brand-getibogaina","7":"product_cat-uncategorized-it","8":"product_tag-naturale","9":"product_tag-semi-di-iboga","10":"desktop-align-left","11":"tablet-align-left","12":"mobile-align-left","13":"ast-product-gallery-layout-vertical-slider","14":"ast-product-single-variable","15":"ast-product-tabs-layout-horizontal","17":"first","18":"instock","19":"shipping-taxable","20":"purchasable","21":"product-type-variable","22":"has-default-attributes"},"jetpack_publicize_connections":[],"jetpack_sharing_enabled":true,"_links":{"self":[{"href":"https:\/\/getibogaine.com\/it\/wp-json\/wp\/v2\/product\/31518","targetHints":{"allow":["GET"]}}],"collection":[{"href":"https:\/\/getibogaine.com\/it\/wp-json\/wp\/v2\/product"}],"about":[{"href":"https:\/\/getibogaine.com\/it\/wp-json\/wp\/v2\/types\/product"}],"replies":[{"embeddable":true,"href":"https:\/\/getibogaine.com\/it\/wp-json\/wp\/v2\/comments?post=31518"}],"version-history":[{"count":0,"href":"https:\/\/getibogaine.com\/it\/wp-json\/wp\/v2\/product\/31518\/revisions"}],"wp:featuredmedia":[{"embeddable":true,"href":"https:\/\/getibogaine.com\/it\/wp-json\/wp\/v2\/media\/34712"}],"wp:attachment":[{"href":"https:\/\/getibogaine.com\/it\/wp-json\/wp\/v2\/media?parent=31518"}],"wp:term":[{"taxonomy":"product_brand","embeddable":true,"href":"https:\/\/getibogaine.com\/it\/wp-json\/wp\/v2\/product_brand?post=31518"},{"taxonomy":"product_cat","embeddable":true,"href":"https:\/\/getibogaine.com\/it\/wp-json\/wp\/v2\/product_cat?post=31518"},{"taxonomy":"product_tag","embeddable":true,"href":"https:\/\/getibogaine.com\/it\/wp-json\/wp\/v2\/product_tag?post=31518"}],"curies":[{"name":"wp","href":"https:\/\/api.w.org\/{rel}","templated":true}]}}