{"id":31542,"date":"2023-11-21T21:05:14","date_gmt":"2023-11-21T20:05:14","guid":{"rendered":"http:\/\/getibogaine.com\/?post_type=product&#038;p=19806"},"modified":"2026-03-09T06:25:26","modified_gmt":"2026-03-09T10:25:26","slug":"polvere-di-yohimbe","status":"publish","type":"product","link":"https:\/\/getibogaine.com\/it\/prodotto\/polvere-di-yohimbe\/","title":{"rendered":"Polvere di Yohimbe"},"content":{"rendered":"<p><strong>Miglior estratto in polvere di corteccia di Yohimbe in vendita<\/strong><\/p>\n<p>Entra nel mondo della salute olistica con la nostra Yohimbe in polvere premium in vendita. Ricavata dalla migliore corteccia di Yohimbe, la nostra polvere \u00e8 una garanzia di purezza e potenza, offrendo un modo pratico per integrare i benefici della Yohimbe nella tua routine quotidiana di benessere.<\/p>\n<p><strong>Caratteristiche principali<\/strong>:<\/p>\n<ul>\n<li><strong>Puro e naturale<\/strong>: Realizzato con <a title=\"Yohimbe barks\" href=\"http:\/\/getibogaine.com\/product-tag\/yohimbe-barks\/\">corteccia di Yohimbe<\/a> 100% naturale, senza additivi n\u00e9 conservanti.<\/li>\n<li><strong>Macinatura fine<\/strong>: La nostra <a title=\"yohimbe powder\" href=\"http:\/\/getibogaine.com\/product-tag\/yohimbe-powder\/\">Yohimbe in polvere<\/a> in vendita \u00e8 sottoposta a un processo di macinazione fine che produce una consistenza facile da assumere e consente un assorbimento ottimale.<\/li>\n<li><strong>Versatile e pratica<\/strong>: Perfetta da aggiungere a frullati, tisane o alle tue preparazioni salutistiche preferite.<\/li>\n<\/ul>\n<p><strong>Benefici<\/strong>:<\/p>\n<ul>\n<li><strong>Benessere tradizionale<\/strong>: Sfrutta i potenziali benefici della <a title=\"Yohimbe\" href=\"http:\/\/getibogaine.com\/product-tag\/yohimbe\/\">Yohimbe<\/a>, tradizionalmente utilizzata per favorire vitalit\u00e0 e benessere.<\/li>\n<li><strong>Propriet\u00e0 energizzanti<\/strong>: ideale per chi cerca un incremento naturale dei livelli di energia.<\/li>\n<li><strong>Garanzia di qualit\u00e0<\/strong>: ci assicuriamo che ogni lotto della nostra polvere di yohimbina in vendita soddisfi i pi\u00f9 alti standard di qualit\u00e0 ed efficacia.<\/li>\n<\/ul>\n<p><strong>Come si usa:<\/strong><\/p>\n<p>Integra la tua polvere di Yohimbe nella routine quotidiana aggiungendola a frullati, t\u00e8 o altre bevande. Inizia con una piccola quantit\u00e0 per valutarne la tollerabilit\u00e0. Consulta un professionista sanitario prima dell\u2019uso, soprattutto se hai problemi di salute o stai assumendo farmaci.<\/p>\n<p><strong>Perch\u00e9 la nostra polvere di Yohimbe:<\/strong><\/p>\n<p><strong><a href=\"http:\/\/getibogaine.com\">Get Ibogaine<\/a><\/strong> si dedica a offrire prodotti naturali che favoriscono la salute. La nostra polvere di Yohimbe in vendita incarna il nostro impegno per la qualit\u00e0 e il benessere naturale, offrendo un prodotto di cui puoi fidarti e su cui puoi contare.<\/p>\n<p>Migliora il tuo percorso di benessere con la nostra polvere di Yohimbe. Effettua il tuo ordine oggi e abbraccia un approccio pi\u00f9 naturale alla vitalit\u00e0 e alla salute!<\/p>\n","protected":false},"excerpt":{"rendered":"<p>La corteccia di Yohimbe e la polvere di corteccia di Yohimbe offrono molti vantaggi:<\/p>\n<ul>\n<li>Favorisce le prestazioni atletiche<\/li>\n<li>Ti d\u00e0 energia<\/li>\n<li>Spedizione e consegna: il nostro tempo di spedizione \u00e8 di 2\u20135 giorni in tutto il mondo.<\/li>\n<li>Politica di reso: garanzia di rimborso al 100%<\/li>\n<\/ul>\n","protected":false},"featured_media":35014,"comment_status":"open","ping_status":"closed","template":"","meta":{"site-sidebar-layout":"default","site-content-layout":"","ast-site-content-layout":"default","site-content-style":"default","site-sidebar-style":"default","ast-global-header-display":"","ast-banner-title-visibility":"","ast-main-header-display":"","ast-hfb-above-header-display":"","ast-hfb-below-header-display":"","ast-hfb-mobile-header-display":"","site-post-title":"","ast-breadcrumbs-content":"","ast-featured-img":"","footer-sml-layout":"","ast-disable-related-posts":"","theme-transparent-header-meta":"default","adv-header-id-meta":"","stick-header-meta":"default","header-above-stick-meta":"","header-main-stick-meta":"","header-below-stick-meta":"","astra-migrate-meta-layouts":"set","ast-page-background-enabled":"default","ast-page-background-meta":{"desktop":{"background-color":"var(--ast-global-color-4)","background-image":"","background-repeat":"repeat","background-position":"center center","background-size":"auto","background-attachment":"scroll","background-type":"","background-media":"","overlay-type":"","overlay-color":"","overlay-opacity":"","overlay-gradient":""},"tablet":{"background-color":"","background-image":"","background-repeat":"repeat","background-position":"center center","background-size":"auto","background-attachment":"scroll","background-type":"","background-media":"","overlay-type":"","overlay-color":"","overlay-opacity":"","overlay-gradient":""},"mobile":{"background-color":"","background-image":"","background-repeat":"repeat","background-position":"center center","background-size":"auto","background-attachment":"scroll","background-type":"","background-media":"","overlay-type":"","overlay-color":"","overlay-opacity":"","overlay-gradient":""}},"ast-content-background-meta":{"desktop":{"background-color":"var(--ast-global-color-5)","background-image":"","background-repeat":"repeat","background-position":"center center","background-size":"auto","background-attachment":"scroll","background-type":"","background-media":"","overlay-type":"","overlay-color":"","overlay-opacity":"","overlay-gradient":""},"tablet":{"background-color":"var(--ast-global-color-5)","background-image":"","background-repeat":"repeat","background-position":"center center","background-size":"auto","background-attachment":"scroll","background-type":"","background-media":"","overlay-type":"","overlay-color":"","overlay-opacity":"","overlay-gradient":""},"mobile":{"background-color":"var(--ast-global-color-5)","background-image":"","background-repeat":"repeat","background-position":"center center","background-size":"auto","background-attachment":"scroll","background-type":"","background-media":"","overlay-type":"","overlay-color":"","overlay-opacity":"","overlay-gradient":""}},"jetpack_publicize_message":"","jetpack_publicize_feature_enabled":true,"jetpack_social_post_already_shared":true,"jetpack_social_options":{"image_generator_settings":{"template":"highway","default_image_id":0,"font":"","enabled":false},"version":2}},"product_brand":[4013],"product_cat":[4576],"product_tag":[1742],"class_list":{"0":"post-31542","1":"product","2":"type-product","3":"status-publish","4":"has-post-thumbnail","6":"product_brand-getibogaina","7":"product_cat-yohimbe","8":"product_tag-polvere-di-yohimbe","9":"desktop-align-left","10":"tablet-align-left","11":"mobile-align-left","12":"ast-product-gallery-layout-horizontal-slider","13":"ast-product-single-variable","14":"ast-product-tabs-layout-horizontal","16":"first","17":"instock","18":"shipping-taxable","19":"purchasable","20":"product-type-variable"},"jetpack_publicize_connections":[],"jetpack_sharing_enabled":true,"_links":{"self":[{"href":"https:\/\/getibogaine.com\/it\/wp-json\/wp\/v2\/product\/31542","targetHints":{"allow":["GET"]}}],"collection":[{"href":"https:\/\/getibogaine.com\/it\/wp-json\/wp\/v2\/product"}],"about":[{"href":"https:\/\/getibogaine.com\/it\/wp-json\/wp\/v2\/types\/product"}],"replies":[{"embeddable":true,"href":"https:\/\/getibogaine.com\/it\/wp-json\/wp\/v2\/comments?post=31542"}],"version-history":[{"count":0,"href":"https:\/\/getibogaine.com\/it\/wp-json\/wp\/v2\/product\/31542\/revisions"}],"wp:featuredmedia":[{"embeddable":true,"href":"https:\/\/getibogaine.com\/it\/wp-json\/wp\/v2\/media\/35014"}],"wp:attachment":[{"href":"https:\/\/getibogaine.com\/it\/wp-json\/wp\/v2\/media?parent=31542"}],"wp:term":[{"taxonomy":"product_brand","embeddable":true,"href":"https:\/\/getibogaine.com\/it\/wp-json\/wp\/v2\/product_brand?post=31542"},{"taxonomy":"product_cat","embeddable":true,"href":"https:\/\/getibogaine.com\/it\/wp-json\/wp\/v2\/product_cat?post=31542"},{"taxonomy":"product_tag","embeddable":true,"href":"https:\/\/getibogaine.com\/it\/wp-json\/wp\/v2\/product_tag?post=31542"}],"curies":[{"name":"wp","href":"https:\/\/api.w.org\/{rel}","templated":true}]}}