{"id":31572,"date":"2025-06-22T09:59:24","date_gmt":"2025-06-22T13:59:24","guid":{"rendered":"https:\/\/getibogaine.com\/?post_type=product&#038;p=28246"},"modified":"2026-03-16T15:23:10","modified_gmt":"2026-03-16T19:23:10","slug":"semi-di-strophanthus-gratus-in-vendita","status":"publish","type":"product","link":"https:\/\/getibogaine.com\/it\/prodotto\/semi-di-strophanthus-gratus-in-vendita\/","title":{"rendered":"Semi di Strophanthus Gratus \u2013 Esportazione africana biologica (ingrosso)"},"content":{"rendered":"<h3 data-start=\"537\" data-end=\"600\"><strong data-start=\"541\" data-end=\"600\">Acquista semi di Strophanthus Gratus \u2013 Export biologico africano all\u2019ingrosso<\/strong><\/h3>\n<p data-start=\"602\" data-end=\"916\">Questi <strong data-start=\"608\" data-end=\"637\">semi di Strophanthus Gratus in vendita<\/strong> sono raccolti biologicamente, rinomati per la loro ricca biodiversit\u00e0 e la potente flora medicinale. I nostri semi sono di provenienza etica, in collaborazione con le comunit\u00e0 agricole locali, garantendo sostenibilit\u00e0 ambientale e pratiche di commercio equo.<\/p>\n<p data-start=\"918\" data-end=\"1284\">Storicamente, <em data-start=\"932\" data-end=\"953\">Strophanthus gratus<\/em> \u00e8 stato utilizzato dalle comunit\u00e0 indigene dell\u2019Africa occidentale e centrale come parte della medicina tradizionale e per la ricerca cardiaca. I semi contengono <strong data-start=\"1097\" data-end=\"1108\">ouabain<\/strong>, un composto noto per i suoi effetti sul cuore e sul sistema circolatorio, che li ha resi preziosi nella <strong data-start=\"1212\" data-end=\"1283\">ricerca scientifica, nell\u2019esplorazione etnobotanica e negli studi erboristici<\/strong>.<\/p>\n<p data-start=\"1286\" data-end=\"1459\">Che tu sia un <strong data-start=\"1303\" data-end=\"1363\">erborista, etnobotanico, ricercatore o acquirente specializzato<\/strong>, i nostri semi sono lavorati con precisione e controlli di qualit\u00e0 per soddisfare gli standard di grado export.<\/p>\n<hr data-start=\"1461\" data-end=\"1464\" \/>\n<h3 data-start=\"1466\" data-end=\"1490\"><strong data-start=\"1472\" data-end=\"1490\">Specifiche<\/strong><\/h3>\n<div class=\"_tableContainer_16hzy_1\">\n<div class=\"_tableWrapper_16hzy_14 group flex w-fit flex-col-reverse\" tabindex=\"-1\">\n<table class=\"w-fit min-w-(--thread-content-width)\" data-start=\"1492\" data-end=\"2876\">\n<thead data-start=\"1492\" data-end=\"1567\">\n<tr data-start=\"1492\" data-end=\"1567\">\n<th data-start=\"1492\" data-end=\"1516\" data-col-size=\"sm\">Specifiche<\/th>\n<th data-start=\"1516\" data-end=\"1567\" data-col-size=\"md\">Dettagli<\/th>\n<\/tr>\n<\/thead>\n<tbody data-start=\"1645\" data-end=\"2876\">\n<tr data-start=\"1645\" data-end=\"1721\">\n<td data-start=\"1645\" data-end=\"1669\" data-col-size=\"sm\"><strong data-start=\"1647\" data-end=\"1663\">Nome del prodotto<\/strong><\/td>\n<td data-col-size=\"md\" data-start=\"1669\" data-end=\"1721\">Semi di Strophanthus gratus<\/td>\n<\/tr>\n<tr data-start=\"1722\" data-end=\"1798\">\n<td data-start=\"1722\" data-end=\"1746\" data-col-size=\"sm\"><strong data-start=\"1724\" data-end=\"1742\">Nome botanico<\/strong><\/td>\n<td data-col-size=\"md\" data-start=\"1746\" data-end=\"1798\"><em data-start=\"1748\" data-end=\"1769\">Strophanthus gratus<\/em><\/td>\n<\/tr>\n<tr data-start=\"1799\" data-end=\"1875\">\n<td data-start=\"1799\" data-end=\"1823\" data-col-size=\"sm\"><strong data-start=\"1801\" data-end=\"1811\">Origine<\/strong><\/td>\n<td data-col-size=\"md\" data-start=\"1823\" data-end=\"1875\">Camerun<\/td>\n<\/tr>\n<tr data-start=\"1876\" data-end=\"1952\">\n<td data-start=\"1876\" data-end=\"1900\" data-col-size=\"sm\"><strong data-start=\"1878\" data-end=\"1888\">Purezza<\/strong><\/td>\n<td data-col-size=\"md\" data-start=\"1900\" data-end=\"1952\">100% biologico, raccolto in natura, non OGM<\/td>\n<\/tr>\n<tr data-start=\"1953\" data-end=\"2029\">\n<td data-start=\"1953\" data-end=\"1977\" data-col-size=\"sm\"><strong data-start=\"1955\" data-end=\"1963\">Forma<\/strong><\/td>\n<td data-col-size=\"md\" data-start=\"1977\" data-end=\"2029\">Semi interi, essiccati<\/td>\n<\/tr>\n<tr data-start=\"2030\" data-end=\"2106\">\n<td data-start=\"2030\" data-end=\"2054\" data-col-size=\"sm\"><strong data-start=\"2032\" data-end=\"2039\">Uso<\/strong><\/td>\n<td data-col-size=\"md\" data-start=\"2054\" data-end=\"2106\">Ricerca botanica, preparazioni erboristiche<\/td>\n<\/tr>\n<tr data-start=\"2107\" data-end=\"2183\">\n<td data-start=\"2107\" data-end=\"2131\" data-col-size=\"sm\"><strong data-start=\"2109\" data-end=\"2118\">Grado<\/strong><\/td>\n<td data-col-size=\"md\" data-start=\"2131\" data-end=\"2183\">Premium \/ Grado Export<\/td>\n<\/tr>\n<tr data-start=\"2184\" data-end=\"2260\">\n<td data-start=\"2184\" data-end=\"2208\" data-col-size=\"sm\"><strong data-start=\"2186\" data-end=\"2199\">Imballaggio<\/strong><\/td>\n<td data-col-size=\"md\" data-start=\"2208\" data-end=\"2260\">Buste ecologiche sottovuoto o antiumidit\u00e0<\/td>\n<\/tr>\n<tr data-start=\"2261\" data-end=\"2337\">\n<td data-start=\"2261\" data-end=\"2285\" data-col-size=\"sm\"><strong data-start=\"2263\" data-end=\"2280\">Ordine minimo<\/strong><\/td>\n<td data-start=\"2285\" data-end=\"2337\" data-col-size=\"md\">1 chilogrammo<\/td>\n<\/tr>\n<tr data-start=\"2338\" data-end=\"2414\">\n<td data-start=\"2338\" data-end=\"2362\" data-col-size=\"sm\"><strong data-start=\"2340\" data-end=\"2349\">Prezzo<\/strong><\/td>\n<td data-col-size=\"md\" data-start=\"2362\" data-end=\"2414\">$240 al kg<\/td>\n<\/tr>\n<tr data-start=\"2415\" data-end=\"2491\">\n<td data-start=\"2415\" data-end=\"2439\" data-col-size=\"sm\"><strong data-start=\"2417\" data-end=\"2431\">Durata di conservazione<\/strong><\/td>\n<td data-col-size=\"md\" data-start=\"2439\" data-end=\"2491\">12\u201318 mesi<\/td>\n<\/tr>\n<tr data-start=\"2492\" data-end=\"2568\">\n<td data-start=\"2492\" data-end=\"2516\" data-col-size=\"sm\"><strong data-start=\"2494\" data-end=\"2505\">Conservazione<\/strong><\/td>\n<td data-col-size=\"md\" data-start=\"2516\" data-end=\"2568\">Conservare in un luogo fresco e asciutto, al riparo dalla luce solare<\/td>\n<\/tr>\n<tr data-start=\"2569\" data-end=\"2645\">\n<td data-start=\"2569\" data-end=\"2593\" data-col-size=\"sm\"><strong data-start=\"2571\" data-end=\"2588\">Tempi di spedizione<\/strong><\/td>\n<td data-col-size=\"md\" data-start=\"2593\" data-end=\"2645\">3\u20137 giorni lavorativi (in tutto il mondo)<\/td>\n<\/tr>\n<tr data-start=\"2646\" data-end=\"2722\">\n<td data-start=\"2646\" data-end=\"2670\" data-col-size=\"sm\"><strong data-start=\"2648\" data-end=\"2665\">Costo di spedizione<\/strong><\/td>\n<td data-col-size=\"md\" data-start=\"2670\" data-end=\"2722\">Calcolato al checkout<\/td>\n<\/tr>\n<tr data-start=\"2723\" data-end=\"2799\">\n<td data-start=\"2723\" data-end=\"2747\" data-col-size=\"sm\"><strong data-start=\"2725\" data-end=\"2734\">Marca<\/strong><\/td>\n<td data-col-size=\"md\" data-start=\"2747\" data-end=\"2799\">Get Ibogaine<\/td>\n<\/tr>\n<tr data-start=\"2800\" data-end=\"2876\">\n<td data-start=\"2800\" data-end=\"2824\" data-col-size=\"sm\"><strong data-start=\"2802\" data-end=\"2818\">Disponibilit\u00e0<\/strong><\/td>\n<td data-col-size=\"md\" data-start=\"2824\" data-end=\"2876\">Disponibile<\/td>\n<\/tr>\n<\/tbody>\n<\/table>\n<div class=\"sticky end-(--thread-content-margin) h-0 self-end select-none\">\n<div class=\"absolute end-0 flex items-end\"><\/div>\n<\/div>\n<\/div>\n<\/div>\n<hr data-start=\"2878\" data-end=\"2881\" \/>\n<h2 data-start=\"2883\" data-end=\"2920\">\ud83c\udf3f <strong data-start=\"2889\" data-end=\"2920\">Perch\u00e9 le persone acquistano questo prodotto<\/strong><\/h2>\n<ul data-start=\"2922\" data-end=\"3414\">\n<li data-start=\"2922\" data-end=\"3029\">\n<p data-start=\"2924\" data-end=\"3029\"><strong data-start=\"2924\" data-end=\"2947\">Ricerca scientifica<\/strong>: utilizzato in studi farmacologici, in particolare quelli relativi ai glicosidi cardiaci.<\/p>\n<\/li>\n<li data-start=\"3030\" data-end=\"3109\">\n<p data-start=\"3032\" data-end=\"3109\"><strong data-start=\"3032\" data-end=\"3059\">Interesse etnobotanico<\/strong>: venerato nei sistemi di medicina tradizionale africana.<\/p>\n<\/li>\n<li data-start=\"3110\" data-end=\"3212\">\n<p data-start=\"3112\" data-end=\"3212\"><strong data-start=\"3112\" data-end=\"3142\">Alta purezza &amp; tracciabilit\u00e0<\/strong>: garantiamo approvvigionamento etico e documentazione della qualit\u00e0 a livello di lotto.<\/p>\n<\/li>\n<li data-start=\"3213\" data-end=\"3320\">\n<p data-start=\"3215\" data-end=\"3320\"><strong data-start=\"3215\" data-end=\"3231\">Prezzi all\u2019ingrosso<\/strong>: ideale per rivenditori, laboratori o professionisti della medicina naturale che si riforniscono in grandi quantit\u00e0.<\/p>\n<\/li>\n<li data-start=\"3321\" data-end=\"3414\">\n<p data-start=\"3323\" data-end=\"3414\"><strong data-start=\"3323\" data-end=\"3351\">Scelto dai professionisti<\/strong>: GetIbogaine \u00e8 noto per esportazioni etnobotaniche di alta qualit\u00e0.<\/p>\n<\/li>\n<\/ul>\n","protected":false},"excerpt":{"rendered":"<p>Semi di Strophanthus Gratus di qualit\u00e0 premium \u2013 provenienza etica e coltivazione biologica in Africa. Ideali per la ricerca botanica e l\u2019esportazione all\u2019ingrosso. 240 $ al kg.<\/p>\n","protected":false},"featured_media":35214,"comment_status":"open","ping_status":"closed","template":"","meta":{"site-sidebar-layout":"default","site-content-layout":"","ast-site-content-layout":"default","site-content-style":"default","site-sidebar-style":"default","ast-global-header-display":"","ast-banner-title-visibility":"","ast-main-header-display":"","ast-hfb-above-header-display":"","ast-hfb-below-header-display":"","ast-hfb-mobile-header-display":"","site-post-title":"","ast-breadcrumbs-content":"","ast-featured-img":"","footer-sml-layout":"","ast-disable-related-posts":"","theme-transparent-header-meta":"default","adv-header-id-meta":"","stick-header-meta":"default","header-above-stick-meta":"","header-main-stick-meta":"","header-below-stick-meta":"","astra-migrate-meta-layouts":"set","ast-page-background-enabled":"default","ast-page-background-meta":{"desktop":{"background-color":"var(--ast-global-color-4)","background-image":"","background-repeat":"repeat","background-position":"center center","background-size":"auto","background-attachment":"scroll","background-type":"","background-media":"","overlay-type":"","overlay-color":"","overlay-opacity":"","overlay-gradient":""},"tablet":{"background-color":"","background-image":"","background-repeat":"repeat","background-position":"center center","background-size":"auto","background-attachment":"scroll","background-type":"","background-media":"","overlay-type":"","overlay-color":"","overlay-opacity":"","overlay-gradient":""},"mobile":{"background-color":"","background-image":"","background-repeat":"repeat","background-position":"center center","background-size":"auto","background-attachment":"scroll","background-type":"","background-media":"","overlay-type":"","overlay-color":"","overlay-opacity":"","overlay-gradient":""}},"ast-content-background-meta":{"desktop":{"background-color":"var(--ast-global-color-5)","background-image":"","background-repeat":"repeat","background-position":"center center","background-size":"auto","background-attachment":"scroll","background-type":"","background-media":"","overlay-type":"","overlay-color":"","overlay-opacity":"","overlay-gradient":""},"tablet":{"background-color":"var(--ast-global-color-5)","background-image":"","background-repeat":"repeat","background-position":"center center","background-size":"auto","background-attachment":"scroll","background-type":"","background-media":"","overlay-type":"","overlay-color":"","overlay-opacity":"","overlay-gradient":""},"mobile":{"background-color":"var(--ast-global-color-5)","background-image":"","background-repeat":"repeat","background-position":"center center","background-size":"auto","background-attachment":"scroll","background-type":"","background-media":"","overlay-type":"","overlay-color":"","overlay-opacity":"","overlay-gradient":""}},"jetpack_publicize_message":"","jetpack_publicize_feature_enabled":true,"jetpack_social_post_already_shared":true,"jetpack_social_options":{"image_generator_settings":{"template":"highway","default_image_id":0,"font":"","enabled":false},"version":2}},"product_brand":[4013],"product_cat":[4566],"product_tag":[1760],"class_list":{"0":"post-31572","1":"product","2":"type-product","3":"status-publish","4":"has-post-thumbnail","6":"product_brand-getibogaina","7":"product_cat-strophanthus-gratus","8":"product_tag-strophanthus-gratus","9":"desktop-align-left","10":"tablet-align-left","11":"mobile-align-left","12":"ast-product-gallery-layout-horizontal-slider","13":"ast-product-tabs-layout-horizontal","15":"first","16":"instock","17":"sale","18":"shipping-taxable","19":"purchasable","20":"product-type-simple"},"jetpack_publicize_connections":[],"jetpack_sharing_enabled":true,"_links":{"self":[{"href":"https:\/\/getibogaine.com\/it\/wp-json\/wp\/v2\/product\/31572","targetHints":{"allow":["GET"]}}],"collection":[{"href":"https:\/\/getibogaine.com\/it\/wp-json\/wp\/v2\/product"}],"about":[{"href":"https:\/\/getibogaine.com\/it\/wp-json\/wp\/v2\/types\/product"}],"replies":[{"embeddable":true,"href":"https:\/\/getibogaine.com\/it\/wp-json\/wp\/v2\/comments?post=31572"}],"version-history":[{"count":0,"href":"https:\/\/getibogaine.com\/it\/wp-json\/wp\/v2\/product\/31572\/revisions"}],"wp:featuredmedia":[{"embeddable":true,"href":"https:\/\/getibogaine.com\/it\/wp-json\/wp\/v2\/media\/35214"}],"wp:attachment":[{"href":"https:\/\/getibogaine.com\/it\/wp-json\/wp\/v2\/media?parent=31572"}],"wp:term":[{"taxonomy":"product_brand","embeddable":true,"href":"https:\/\/getibogaine.com\/it\/wp-json\/wp\/v2\/product_brand?post=31572"},{"taxonomy":"product_cat","embeddable":true,"href":"https:\/\/getibogaine.com\/it\/wp-json\/wp\/v2\/product_cat?post=31572"},{"taxonomy":"product_tag","embeddable":true,"href":"https:\/\/getibogaine.com\/it\/wp-json\/wp\/v2\/product_tag?post=31572"}],"curies":[{"name":"wp","href":"https:\/\/api.w.org\/{rel}","templated":true}]}}