{"id":30876,"date":"2022-04-18T01:32:08","date_gmt":"2022-04-18T01:32:08","guid":{"rendered":"http:\/\/getibogaine.com\/?page_id=3"},"modified":"2026-03-11T15:19:07","modified_gmt":"2026-03-11T19:19:07","slug":"politica-de-privacidade","status":"publish","type":"page","link":"https:\/\/getibogaine.com\/pt-br\/politica-de-privacidade\/","title":{"rendered":"Pol\u00edtica de Privacidade"},"content":{"rendered":"\t\t<div data-elementor-type=\"wp-page\" data-elementor-id=\"30876\" class=\"elementor elementor-30876 elementor-3\" data-elementor-post-type=\"page\">\n\t\t\t\t<div class=\"elementor-element elementor-element-5ceef1e e-flex e-con-boxed e-con e-parent\" data-id=\"5ceef1e\" data-element_type=\"container\" data-e-type=\"container\" data-settings=\"{&quot;background_background&quot;:&quot;classic&quot;,&quot;animation&quot;:&quot;none&quot;}\">\n\t\t\t\t\t<div class=\"e-con-inner\">\n\t\t<div class=\"elementor-element elementor-element-095a4a4 e-con-full e-flex e-con e-child\" data-id=\"095a4a4\" data-element_type=\"container\" data-e-type=\"container\" data-settings=\"{&quot;motion_fx_motion_fx_scrolling&quot;:&quot;yes&quot;,&quot;motion_fx_translateY_effect&quot;:&quot;yes&quot;,&quot;motion_fx_translateY_speed&quot;:{&quot;unit&quot;:&quot;px&quot;,&quot;size&quot;:4,&quot;sizes&quot;:[]},&quot;motion_fx_translateY_affectedRange&quot;:{&quot;unit&quot;:&quot;%&quot;,&quot;size&quot;:&quot;&quot;,&quot;sizes&quot;:{&quot;start&quot;:0,&quot;end&quot;:100}},&quot;motion_fx_devices&quot;:[&quot;widescreen&quot;,&quot;desktop&quot;,&quot;laptop&quot;,&quot;tablet&quot;,&quot;mobile&quot;]}\">\n\t\t\t\t<div class=\"elementor-element elementor-element-c4d0fc8 elementor-widget elementor-widget-heading\" data-id=\"c4d0fc8\" data-element_type=\"widget\" data-e-type=\"widget\" data-widget_type=\"heading.default\">\n\t\t\t\t\t<h1 class=\"elementor-heading-title elementor-size-default\">Pol\u00edtica de Privacidade<\/h1>\t\t\t\t<\/div>\n\t\t\t\t<\/div>\n\t\t\t\t\t<\/div>\n\t\t\t\t<\/div>\n\t\t<div class=\"elementor-element elementor-element-2b16b99 e-flex e-con-boxed e-con e-parent\" data-id=\"2b16b99\" data-element_type=\"container\" data-e-type=\"container\">\n\t\t\t\t\t<div class=\"e-con-inner\">\n\t\t<div class=\"elementor-element elementor-element-43bfb68 e-con-full e-flex e-con e-child\" data-id=\"43bfb68\" data-element_type=\"container\" data-e-type=\"container\">\n\t\t\t\t<div class=\"elementor-element elementor-element-8b1593c elementor-widget elementor-widget-heading\" data-id=\"8b1593c\" data-element_type=\"widget\" data-e-type=\"widget\" data-widget_type=\"heading.default\">\n\t\t\t\t\t<h2 class=\"elementor-heading-title elementor-size-default\">Pol\u00edtica de Privacidade do Get Ibogaine<\/h2>\t\t\t\t<\/div>\n\t\t\t\t<div class=\"elementor-element elementor-element-7820396 elementor-widget elementor-widget-text-editor\" data-id=\"7820396\" data-element_type=\"widget\" data-e-type=\"widget\" data-widget_type=\"text-editor.default\">\n\t\t\t\t\t\t\t\t\t<p><\/p>\n<p>Em\u00a0<a href=\"http:\/\/Getibogaine.com\" target=\"_blank\" rel=\"noopener\">Getibogaine.com<\/a>, poderemos obter informa\u00e7\u00f5es que voc\u00ea nos forne\u00e7a diretamente nos Sites, incluindo, sem limita\u00e7\u00e3o, todas as coletas online e offline de todos os tipos de informa\u00e7\u00f5es pessoais.<\/p>\n<p>Essas informa\u00e7\u00f5es podem incluir informa\u00e7\u00f5es pessoais, que s\u00e3o informa\u00e7\u00f5es que podem ser usadas para identificar voc\u00ea individualmente. As informa\u00e7\u00f5es pessoais coletadas podem incluir:<br \/>Informa\u00e7\u00f5es de contato, como nome, endere\u00e7o, e-mail, n\u00famero de telefone, n\u00famero de fax, nome da organiza\u00e7\u00e3o e\/ou cargo<\/p>\n<ul>\n<li>Restri\u00e7\u00f5es alimentares, informa\u00e7\u00f5es de passaporte para reservas de viagem ou fins de identifica\u00e7\u00e3o, n\u00famero de seguridade social (quando exigido por lei), dados de conta banc\u00e1ria, pessoas de contato (de emerg\u00eancia), informa\u00e7\u00f5es familiares (quando aplic\u00e1vel e de acordo com a legisla\u00e7\u00e3o local)<\/li>\n<li>Solvabilidade, n\u00famero de IVA, produto, hist\u00f3rico de informa\u00e7\u00f5es de compras, documenta\u00e7\u00e3o de solicita\u00e7\u00e3o<\/li>\n<li>Fotos, v\u00eddeo e grava\u00e7\u00f5es de \u00e1udio quando voc\u00ea tiver concedido sua permiss\u00e3o<\/li>\n<li>Informa\u00e7\u00f5es pessoais sens\u00edveis, como informa\u00e7\u00f5es de sa\u00fade ou relat\u00f3rios de um cliente final individual, ou seja, referentes a reclama\u00e7\u00f5es e investiga\u00e7\u00f5es de produtos, resultados pr\u00e9 e p\u00f3s-operat\u00f3rios de pacientes para fins de pesquisa e estat\u00edsticos, ou antecedentes criminais para procedimentos de due diligence de acordo com a legisla\u00e7\u00e3o aplic\u00e1vel. Manteremos e utilizaremos as informa\u00e7\u00f5es pessoais coletadas para os processos e finalidades de tratamento mencionados acima, de acordo com as nossas obriga\u00e7\u00f5es, incluindo, entre outras, obriga\u00e7\u00f5es legais, comerciais e administrativas.<\/li>\n<\/ul>\n<p><\/p>\t\t\t\t\t\t\t\t<\/div>\n\t\t\t\t<div class=\"elementor-element elementor-element-c13c0c6 elementor-widget elementor-widget-heading\" data-id=\"c13c0c6\" data-element_type=\"widget\" data-e-type=\"widget\" data-widget_type=\"heading.default\">\n\t\t\t\t\t<h2 class=\"elementor-heading-title elementor-size-default\">USO DAS INFORMA\u00c7\u00d5ES<\/h2>\t\t\t\t<\/div>\n\t\t\t\t<div class=\"elementor-element elementor-element-44b6a1f elementor-widget elementor-widget-text-editor\" data-id=\"44b6a1f\" data-element_type=\"widget\" data-e-type=\"widget\" data-widget_type=\"text-editor.default\">\n\t\t\t\t\t\t\t\t\t\n<p>Podemos utilizar as informa\u00e7\u00f5es recolhidas atrav\u00e9s dos Sites, incluindo Informa\u00e7\u00f5es Pessoais e Informa\u00e7\u00f5es de Utiliza\u00e7\u00e3o do Site, para diversos fins, incluindo, mas n\u00e3o se limitando a:<\/p>\n<ol>\n<li>Permitir que utilize os Sites e fornecer-lhe servi\u00e7os relacionados, incluindo responder \u00e0s suas perguntas e coment\u00e1rios;<\/li>\n<li>Concluir transa\u00e7\u00f5es e processar o seu registo, encomendas e pagamentos, incluindo verificar se as informa\u00e7\u00f5es que fornece s\u00e3o exatas e est\u00e3o ativas;<\/li>\n<li>Administrar e desenvolver a nossa rela\u00e7\u00e3o comercial consigo e com a empresa que representa;<\/li>\n<li>Personalizar as suas experi\u00eancias online e adaptar o conte\u00fado, recomenda\u00e7\u00f5es e ofertas que lhe apresentamos nos Sites e noutros locais online;<\/li>\n<li>Fornecer-lhe informa\u00e7\u00f5es, produtos ou servi\u00e7os que tenha solicitado ou que tenha concordado em receber, ou que de outra forma acreditemos que lhe possam interessar, incluindo informa\u00e7\u00f5es e ofertas especiais nossas, dos nossos anunciantes e dos nossos parceiros comerciais terceiros;<\/li>\n<li>Realizar an\u00e1lises internas, tais como inqu\u00e9ritos e estudos de mercado;<\/li>\n<li>Melhorar os Sites, os nossos produtos e servi\u00e7os e para fins internos de neg\u00f3cio;<\/li>\n<li>Contact\u00e1-lo com comunica\u00e7\u00f5es administrativas e, ao nosso crit\u00e9rio, altera\u00e7\u00f5es \u00e0s pol\u00edticas do Site;<\/li>\n<li>Monitorizar e analisar tend\u00eancias, utiliza\u00e7\u00e3o e atividades de visitantes e utilizadores dos Sites; para cumprir as leis, regulamentos ou processos legais aplic\u00e1veis, bem como normas do setor e as pol\u00edticas da nossa empresa;<\/li>\n<li>Para fins divulgados no momento em que nos fornece as suas informa\u00e7\u00f5es e conforme descrito mais detalhadamente ou permitido nesta Pol\u00edtica de Privacidade;<\/li>\n<li>Prevenir, investigar, identificar ou tomar qualquer outra medida relativamente a qualquer atividade suspeita ou efetiva fraudulenta ou ilegal, ou qualquer atividade que viole as nossas pol\u00edticas;<\/li>\n<li>Lembrar e restaurar as suas prefer\u00eancias quando regressa ao website;<\/li>\n<li>Para cumprir as leis, regulamentos ou processos legais aplic\u00e1veis, bem como os padr\u00f5es da empresa e as pol\u00edticas da nossa empresa, ou de outra forma com o seu consentimento.<\/li>\n<\/ol>\n\t\t\t\t\t\t\t\t<\/div>\n\t\t\t\t<div class=\"elementor-element elementor-element-df6ebeb elementor-widget elementor-widget-spacer\" data-id=\"df6ebeb\" data-element_type=\"widget\" data-e-type=\"widget\" data-widget_type=\"spacer.default\">\n\t\t\t\t\t\t\t<div class=\"elementor-spacer\">\n\t\t\t<div class=\"elementor-spacer-inner\"><\/div>\n\t\t<\/div>\n\t\t\t\t\t\t<\/div>\n\t\t\t\t<\/div>\n\t\t\t\t\t<\/div>\n\t\t\t\t<\/div>\n\t\t\t\t<\/div>\n\t\t","protected":false},"excerpt":{"rendered":"<p>Pol\u00edtica de Privacidade Pol\u00edtica de Privacidade do Get Ibogaine Em\u00a0Getibogaine.com, poderemos obter informa\u00e7\u00f5es que voc\u00ea nos forne\u00e7a diretamente nos Sites, [&hellip;]<\/p>\n","protected":false},"author":3,"featured_media":30877,"parent":0,"menu_order":0,"comment_status":"closed","ping_status":"closed","template":"elementor_header_footer","meta":{"site-sidebar-layout":"default","site-content-layout":"","ast-site-content-layout":"default","site-content-style":"default","site-sidebar-style":"default","ast-global-header-display":"","ast-banner-title-visibility":"","ast-main-header-display":"","ast-hfb-above-header-display":"","ast-hfb-below-header-display":"","ast-hfb-mobile-header-display":"","site-post-title":"","ast-breadcrumbs-content":"","ast-featured-img":"","footer-sml-layout":"","ast-disable-related-posts":"","theme-transparent-header-meta":"","adv-header-id-meta":"","stick-header-meta":"","header-above-stick-meta":"","header-main-stick-meta":"","header-below-stick-meta":"","astra-migrate-meta-layouts":"default","ast-page-background-enabled":"default","ast-page-background-meta":{"desktop":{"background-color":"var(--ast-global-color-4)","background-image":"","background-repeat":"repeat","background-position":"center center","background-size":"auto","background-attachment":"scroll","background-type":"","background-media":"","overlay-type":"","overlay-color":"","overlay-opacity":"","overlay-gradient":""},"tablet":{"background-color":"","background-image":"","background-repeat":"repeat","background-position":"center center","background-size":"auto","background-attachment":"scroll","background-type":"","background-media":"","overlay-type":"","overlay-color":"","overlay-opacity":"","overlay-gradient":""},"mobile":{"background-color":"","background-image":"","background-repeat":"repeat","background-position":"center center","background-size":"auto","background-attachment":"scroll","background-type":"","background-media":"","overlay-type":"","overlay-color":"","overlay-opacity":"","overlay-gradient":""}},"ast-content-background-meta":{"desktop":{"background-color":"var(--ast-global-color-5)","background-image":"","background-repeat":"repeat","background-position":"center center","background-size":"auto","background-attachment":"scroll","background-type":"","background-media":"","overlay-type":"","overlay-color":"","overlay-opacity":"","overlay-gradient":""},"tablet":{"background-color":"var(--ast-global-color-5)","background-image":"","background-repeat":"repeat","background-position":"center center","background-size":"auto","background-attachment":"scroll","background-type":"","background-media":"","overlay-type":"","overlay-color":"","overlay-opacity":"","overlay-gradient":""},"mobile":{"background-color":"var(--ast-global-color-5)","background-image":"","background-repeat":"repeat","background-position":"center center","background-size":"auto","background-attachment":"scroll","background-type":"","background-media":"","overlay-type":"","overlay-color":"","overlay-opacity":"","overlay-gradient":""}},"footnotes":""},"class_list":["post-30876","page","type-page","status-publish","has-post-thumbnail","hentry"],"jetpack_sharing_enabled":true,"_links":{"self":[{"href":"https:\/\/getibogaine.com\/pt-br\/wp-json\/wp\/v2\/pages\/30876","targetHints":{"allow":["GET"]}}],"collection":[{"href":"https:\/\/getibogaine.com\/pt-br\/wp-json\/wp\/v2\/pages"}],"about":[{"href":"https:\/\/getibogaine.com\/pt-br\/wp-json\/wp\/v2\/types\/page"}],"author":[{"embeddable":true,"href":"https:\/\/getibogaine.com\/pt-br\/wp-json\/wp\/v2\/users\/3"}],"replies":[{"embeddable":true,"href":"https:\/\/getibogaine.com\/pt-br\/wp-json\/wp\/v2\/comments?post=30876"}],"version-history":[{"count":4,"href":"https:\/\/getibogaine.com\/pt-br\/wp-json\/wp\/v2\/pages\/30876\/revisions"}],"predecessor-version":[{"id":35884,"href":"https:\/\/getibogaine.com\/pt-br\/wp-json\/wp\/v2\/pages\/30876\/revisions\/35884"}],"wp:featuredmedia":[{"embeddable":true,"href":"https:\/\/getibogaine.com\/pt-br\/wp-json\/wp\/v2\/media\/30877"}],"wp:attachment":[{"href":"https:\/\/getibogaine.com\/pt-br\/wp-json\/wp\/v2\/media?parent=30876"}],"curies":[{"name":"wp","href":"https:\/\/api.w.org\/{rel}","templated":true}]}}