{"id":30889,"date":"2022-04-18T03:30:48","date_gmt":"2022-04-18T07:30:48","guid":{"rendered":"http:\/\/getibogaine.com\/?page_id=13"},"modified":"2026-03-12T14:06:42","modified_gmt":"2026-03-12T18:06:42","slug":"politica-de-reembolso-e-devolucoes","status":"publish","type":"page","link":"https:\/\/getibogaine.com\/pt-br\/politica-de-reembolso-e-devolucoes\/","title":{"rendered":"Pol\u00edtica de Reembolso e Devolu\u00e7\u00f5es"},"content":{"rendered":"\t\t<div data-elementor-type=\"wp-page\" data-elementor-id=\"30889\" class=\"elementor elementor-30889 elementor-13\" data-elementor-post-type=\"page\">\n\t\t\t\t<div class=\"elementor-element elementor-element-770c53e e-flex e-con-boxed e-con e-parent\" data-id=\"770c53e\" data-element_type=\"container\" data-e-type=\"container\" data-settings=\"{&quot;background_background&quot;:&quot;classic&quot;}\">\n\t\t\t\t\t<div class=\"e-con-inner\">\n\t\t<div class=\"elementor-element elementor-element-5508011 e-con-full e-flex e-con e-child\" data-id=\"5508011\" data-element_type=\"container\" data-e-type=\"container\" data-settings=\"{&quot;motion_fx_motion_fx_scrolling&quot;:&quot;yes&quot;,&quot;motion_fx_translateY_effect&quot;:&quot;yes&quot;,&quot;motion_fx_translateY_speed&quot;:{&quot;unit&quot;:&quot;px&quot;,&quot;size&quot;:4,&quot;sizes&quot;:[]},&quot;motion_fx_translateY_affectedRange&quot;:{&quot;unit&quot;:&quot;%&quot;,&quot;size&quot;:&quot;&quot;,&quot;sizes&quot;:{&quot;start&quot;:0,&quot;end&quot;:100}},&quot;motion_fx_devices&quot;:[&quot;widescreen&quot;,&quot;desktop&quot;,&quot;laptop&quot;,&quot;tablet&quot;,&quot;mobile&quot;]}\">\n\t\t\t\t<div class=\"elementor-element elementor-element-37f1a02 elementor-widget elementor-widget-spacer\" data-id=\"37f1a02\" data-element_type=\"widget\" data-e-type=\"widget\" data-widget_type=\"spacer.default\">\n\t\t\t\t\t\t\t<div class=\"elementor-spacer\">\n\t\t\t<div class=\"elementor-spacer-inner\"><\/div>\n\t\t<\/div>\n\t\t\t\t\t\t<\/div>\n\t\t\t\t<div class=\"elementor-element elementor-element-f997c13 elementor-widget elementor-widget-heading\" data-id=\"f997c13\" data-element_type=\"widget\" data-e-type=\"widget\" data-widget_type=\"heading.default\">\n\t\t\t\t\t<h1 class=\"elementor-heading-title elementor-size-default\">Cancelamento e Devolu\u00e7\u00e3o<\/h1>\t\t\t\t<\/div>\n\t\t\t\t<div class=\"elementor-element elementor-element-80d7889 elementor-widget elementor-widget-heading\" data-id=\"80d7889\" data-element_type=\"widget\" data-e-type=\"widget\" data-widget_type=\"heading.default\">\n\t\t\t\t\t<h2 class=\"elementor-heading-title elementor-size-default\">Abaixo descrevemos a nossa pol\u00edtica de Cancelamento e Devolu\u00e7\u00e3o para os nossos produtos de iboga\u00edna<\/h2>\t\t\t\t<\/div>\n\t\t\t\t<\/div>\n\t\t\t\t\t<\/div>\n\t\t\t\t<\/div>\n\t\t<div class=\"elementor-element elementor-element-43435b4 e-flex e-con-boxed e-con e-parent\" data-id=\"43435b4\" data-element_type=\"container\" data-e-type=\"container\">\n\t\t\t\t\t<div class=\"e-con-inner\">\n\t\t<div class=\"elementor-element elementor-element-8c89456 e-con-full e-flex e-con e-child\" data-id=\"8c89456\" data-element_type=\"container\" data-e-type=\"container\">\n\t\t\t\t<div class=\"elementor-element elementor-element-84e8aa9 elementor-widget elementor-widget-heading\" data-id=\"84e8aa9\" data-element_type=\"widget\" data-e-type=\"widget\" data-widget_type=\"heading.default\">\n\t\t\t\t\t<h3 class=\"elementor-heading-title elementor-size-default\">Cancelamento<\/h3>\t\t\t\t<\/div>\n\t\t\t\t<div class=\"elementor-element elementor-element-2a23224 elementor-widget elementor-widget-text-editor\" data-id=\"2a23224\" data-element_type=\"widget\" data-e-type=\"widget\" data-widget_type=\"text-editor.default\">\n\t\t\t\t\t\t\t\t\t<p>Ap\u00f3s o processamento do pagamento, os pedidos n\u00e3o podem ser cancelados, mas podem ser modificados mediante solicita\u00e7\u00e3o. Se considerar a sua compra insatisfat\u00f3ria, estamos empenhados em ajud\u00e1-lo(a). A nossa equipa esfor\u00e7a-se para entregar produtos precisos e de alta qualidade em cada envio.<\/p>\n<p>No raro caso de receber um item incorreto, defeituoso ou abaixo do padr\u00e3o, por favor, contacte-nos prontamente atrav\u00e9s de <em><span style=\"text-decoration: underline;\"><a href=\"mailto:in**@*********ne.com\" data-original-string=\"gMUjwAdd9z5QYx+dDxOFig==bd0UnYdGZyo72nmNcpf5KFYf1yPhCVFlDs9pWmhpGXxlhs=\" title=\"This contact has been encoded by Anti-Spam by CleanTalk. Click to decode. To finish the decoding make sure that JavaScript is enabled in your browser.\" target=\"_blank\" rel=\"noopener\" data-wplink-edit=\"true\"><span \n                data-original-string='t0hH76dQZf\/WN6N4Cfkv0A==bd06dNxfL\/1mAFFqu\/Wu8ieUj8NRuNPa+j\/p16Xm17MbTY='\n                class='apbct-email-encoder'\n                title='This contact has been encoded by Anti-Spam by CleanTalk. Click to decode. To finish the decoding make sure that JavaScript is enabled in your browser.'>in<span class=\"apbct-blur\">**<\/span>@<span class=\"apbct-blur\">*********<\/span>ne.com<\/span><\/a><\/span><\/em> para uma resolu\u00e7\u00e3o r\u00e1pida.<\/p>\n<p><!-- \/wp:paragraph --><\/p>\t\t\t\t\t\t\t\t<\/div>\n\t\t\t\t<div class=\"elementor-element elementor-element-8b2f0e4 elementor-widget elementor-widget-heading\" data-id=\"8b2f0e4\" data-element_type=\"widget\" data-e-type=\"widget\" data-widget_type=\"heading.default\">\n\t\t\t\t\t<h3 class=\"elementor-heading-title elementor-size-default\">Devolu\u00e7\u00f5es<\/h3>\t\t\t\t<\/div>\n\t\t\t\t<div class=\"elementor-element elementor-element-4aac6fd elementor-widget elementor-widget-text-editor\" data-id=\"4aac6fd\" data-element_type=\"widget\" data-e-type=\"widget\" data-widget_type=\"text-editor.default\">\n\t\t\t\t\t\t\t\t\t<p>Se ocorrer um erro, deve notificar-nos no prazo de 48 horas ap\u00f3s a rece\u00e7\u00e3o do envio para ter direito a devolu\u00e7\u00e3o. O item deve estar sem uso e na sua condi\u00e7\u00e3o e embalagem originais. \u00c9 exigido comprovativo de compra para todas as devolu\u00e7\u00f5es. Para problemas relacionados com a qualidade do produto, \u00e9 necess\u00e1ria evid\u00eancia que demonstre a qualidade inferior do item.<\/p>\n<p>Para quaisquer quest\u00f5es ou d\u00favidas, n\u00e3o hesite em contactar-nos por e-mail em <a href=\"mailto:in**@*********ne.com\" data-original-string=\"8zrbz\/Kbe35Xe8XYI5hG1Q==bd0IIS8YNH3K39KoieuGegaxalHWwmy0G2URxmbMEXEwQk=\" title=\"This contact has been encoded by Anti-Spam by CleanTalk. Click to decode. To finish the decoding make sure that JavaScript is enabled in your browser.\" target=\"_blank\" rel=\"noopener\"><span style=\"text-decoration: underline;\"><em><span \n                data-original-string='LPpS0sFKNY16MBsC8HrOEw==bd0+e2DXyqE+RzGnXACC2BuGl5bCkPEJbKyzRFPhYaXAXQ='\n                class='apbct-email-encoder'\n                title='This contact has been encoded by Anti-Spam by CleanTalk. Click to decode. To finish the decoding make sure that JavaScript is enabled in your browser.'>in<span class=\"apbct-blur\">**<\/span>@<span class=\"apbct-blur\">*********<\/span>ne.com<\/span><\/em><\/span><\/a>.<\/p>\n<p><!-- \/wp:paragraph --><\/p>\t\t\t\t\t\t\t\t<\/div>\n\t\t\t\t<div class=\"elementor-element elementor-element-2a2a9dd elementor-widget elementor-widget-spacer\" data-id=\"2a2a9dd\" data-element_type=\"widget\" data-e-type=\"widget\" data-widget_type=\"spacer.default\">\n\t\t\t\t\t\t\t<div class=\"elementor-spacer\">\n\t\t\t<div class=\"elementor-spacer-inner\"><\/div>\n\t\t<\/div>\n\t\t\t\t\t\t<\/div>\n\t\t\t\t<\/div>\n\t\t\t\t\t<\/div>\n\t\t\t\t<\/div>\n\t\t\t\t<\/div>\n\t\t","protected":false},"excerpt":{"rendered":"<p>Cancelamento e Devolu\u00e7\u00e3o Abaixo descrevemos a nossa pol\u00edtica de Cancelamento e Devolu\u00e7\u00e3o para os nossos produtos de iboga\u00edna Cancelamento Ap\u00f3s [&hellip;]<\/p>\n","protected":false},"author":3,"featured_media":30877,"parent":0,"menu_order":0,"comment_status":"closed","ping_status":"closed","template":"elementor_header_footer","meta":{"site-sidebar-layout":"default","site-content-layout":"","ast-site-content-layout":"default","site-content-style":"default","site-sidebar-style":"default","ast-global-header-display":"","ast-banner-title-visibility":"","ast-main-header-display":"","ast-hfb-above-header-display":"","ast-hfb-below-header-display":"","ast-hfb-mobile-header-display":"","site-post-title":"","ast-breadcrumbs-content":"","ast-featured-img":"","footer-sml-layout":"","ast-disable-related-posts":"","theme-transparent-header-meta":"","adv-header-id-meta":"","stick-header-meta":"","header-above-stick-meta":"","header-main-stick-meta":"","header-below-stick-meta":"","astra-migrate-meta-layouts":"default","ast-page-background-enabled":"default","ast-page-background-meta":{"desktop":{"background-color":"var(--ast-global-color-4)","background-image":"","background-repeat":"repeat","background-position":"center center","background-size":"auto","background-attachment":"scroll","background-type":"","background-media":"","overlay-type":"","overlay-color":"","overlay-opacity":"","overlay-gradient":""},"tablet":{"background-color":"","background-image":"","background-repeat":"repeat","background-position":"center center","background-size":"auto","background-attachment":"scroll","background-type":"","background-media":"","overlay-type":"","overlay-color":"","overlay-opacity":"","overlay-gradient":""},"mobile":{"background-color":"","background-image":"","background-repeat":"repeat","background-position":"center center","background-size":"auto","background-attachment":"scroll","background-type":"","background-media":"","overlay-type":"","overlay-color":"","overlay-opacity":"","overlay-gradient":""}},"ast-content-background-meta":{"desktop":{"background-color":"var(--ast-global-color-5)","background-image":"","background-repeat":"repeat","background-position":"center center","background-size":"auto","background-attachment":"scroll","background-type":"","background-media":"","overlay-type":"","overlay-color":"","overlay-opacity":"","overlay-gradient":""},"tablet":{"background-color":"var(--ast-global-color-5)","background-image":"","background-repeat":"repeat","background-position":"center center","background-size":"auto","background-attachment":"scroll","background-type":"","background-media":"","overlay-type":"","overlay-color":"","overlay-opacity":"","overlay-gradient":""},"mobile":{"background-color":"var(--ast-global-color-5)","background-image":"","background-repeat":"repeat","background-position":"center center","background-size":"auto","background-attachment":"scroll","background-type":"","background-media":"","overlay-type":"","overlay-color":"","overlay-opacity":"","overlay-gradient":""}},"footnotes":""},"class_list":["post-30889","page","type-page","status-publish","has-post-thumbnail","hentry"],"jetpack_sharing_enabled":true,"_links":{"self":[{"href":"https:\/\/getibogaine.com\/pt-br\/wp-json\/wp\/v2\/pages\/30889","targetHints":{"allow":["GET"]}}],"collection":[{"href":"https:\/\/getibogaine.com\/pt-br\/wp-json\/wp\/v2\/pages"}],"about":[{"href":"https:\/\/getibogaine.com\/pt-br\/wp-json\/wp\/v2\/types\/page"}],"author":[{"embeddable":true,"href":"https:\/\/getibogaine.com\/pt-br\/wp-json\/wp\/v2\/users\/3"}],"replies":[{"embeddable":true,"href":"https:\/\/getibogaine.com\/pt-br\/wp-json\/wp\/v2\/comments?post=30889"}],"version-history":[{"count":7,"href":"https:\/\/getibogaine.com\/pt-br\/wp-json\/wp\/v2\/pages\/30889\/revisions"}],"predecessor-version":[{"id":36132,"href":"https:\/\/getibogaine.com\/pt-br\/wp-json\/wp\/v2\/pages\/30889\/revisions\/36132"}],"wp:featuredmedia":[{"embeddable":true,"href":"https:\/\/getibogaine.com\/pt-br\/wp-json\/wp\/v2\/media\/30877"}],"wp:attachment":[{"href":"https:\/\/getibogaine.com\/pt-br\/wp-json\/wp\/v2\/media?parent=30889"}],"curies":[{"name":"wp","href":"https:\/\/api.w.org\/{rel}","templated":true}]}}