{"id":31110,"date":"2022-10-14T10:45:28","date_gmt":"2022-10-14T14:45:28","guid":{"rendered":"http:\/\/getibogaine.com\/?page_id=10448"},"modified":"2026-03-11T12:13:59","modified_gmt":"2026-03-11T16:13:59","slug":"alerta-de-golpe","status":"publish","type":"page","link":"https:\/\/getibogaine.com\/pt-br\/alerta-de-golpe\/","title":{"rendered":"Alerta de golpe"},"content":{"rendered":"\t\t<div data-elementor-type=\"wp-page\" data-elementor-id=\"31110\" class=\"elementor elementor-31110 elementor-10448\" data-elementor-post-type=\"page\">\n\t\t\t\t\t\t<section class=\"elementor-section elementor-top-section elementor-element elementor-element-1411679c elementor-section-boxed elementor-section-height-default elementor-section-height-default\" data-id=\"1411679c\" data-element_type=\"section\" data-e-type=\"section\">\n\t\t\t\t\t\t<div class=\"elementor-container elementor-column-gap-default\">\n\t\t\t\t\t<div class=\"elementor-column elementor-col-100 elementor-top-column elementor-element elementor-element-3ff41695\" data-id=\"3ff41695\" data-element_type=\"column\" data-e-type=\"column\">\n\t\t\t<div class=\"elementor-widget-wrap elementor-element-populated\">\n\t\t\t\t\t\t<div class=\"elementor-element elementor-element-fc835a9 elementor-widget elementor-widget-heading\" data-id=\"fc835a9\" data-element_type=\"widget\" data-e-type=\"widget\" data-widget_type=\"heading.default\">\n\t\t\t\t\t<h1 class=\"elementor-heading-title elementor-size-default\">Cuidado com fraudadores<\/h1>\t\t\t\t<\/div>\n\t\t\t\t<div class=\"elementor-element elementor-element-466c0f9e elementor-widget elementor-widget-text-editor\" data-id=\"466c0f9e\" data-element_type=\"widget\" data-e-type=\"widget\" data-widget_type=\"text-editor.default\">\n\t\t\t\t\t\t\t\t\t<p><\/p>\n<p>Ao navegar na internet, voc\u00ea encontrar\u00e1 in\u00fameros an\u00fancios de iboga\u00edna e iboga \u00e0 venda. No entanto, ao comprar iboga\u00edna online, \u00e9 essencial distinguir vendedores leg\u00edtimos de golpistas. Nossa loja online de iboga se destaca como a op\u00e7\u00e3o mais confi\u00e1vel e respeit\u00e1vel, comprovada por <a href=\"http:\/\/getibogaine.com\/ibogaine-treatment-testimonials\/\"><strong><span style=\"text-decoration: underline;\">depoimentos aut\u00eanticos<\/span><\/strong><\/a> de nossos clientes satisfeitos.<\/p>\n<p>Para garantir que voc\u00ea est\u00e1 negociando com um fornecedor confi\u00e1vel, exija uma chamada de v\u00eddeo ao vivo para confirmar a disponibilidade de iboga\u00edna \u00e0 venda ou de iboga \u00e0 venda. Solicite provas de <a href=\"http:\/\/getibogaine.com\/videos-receipts\/\"><strong><span style=\"text-decoration: underline;\">envios bem-sucedidos<\/span><\/strong><\/a> anteriores, como comprovantes de envio, para estabelecer credibilidade.<\/p>\n<p>Um vendedor respeit\u00e1vel deve facilitar o contato direto com um cliente anterior disposto a compartilhar sua experi\u00eancia de compra de iboga\u00edna na loja. Desconfie de pre\u00e7os de iboga\u00edna e iboga anormalmente baixos, pois a autenticidade frequentemente \u00e9 comprometida por valores irrealisticamente baixos para essa subst\u00e2ncia rara. Para mais informa\u00e7\u00f5es sobre <a href=\"http:\/\/getibogaine.com\/ibogaine-price-and-treatment-costs\/\"><span style=\"text-decoration: underline;\"><strong>pre\u00e7os da iboga\u00edna<\/strong><\/span><\/a>, fique \u00e0 vontade para explorar nosso blog e encontrar conte\u00fado valioso.<\/p>\n<p><\/p>\t\t\t\t\t\t\t\t<\/div>\n\t\t\t\t<div class=\"elementor-element elementor-element-9365eb4 elementor-widget elementor-widget-spacer\" data-id=\"9365eb4\" data-element_type=\"widget\" data-e-type=\"widget\" data-widget_type=\"spacer.default\">\n\t\t\t\t\t\t\t<div class=\"elementor-spacer\">\n\t\t\t<div class=\"elementor-spacer-inner\"><\/div>\n\t\t<\/div>\n\t\t\t\t\t\t<\/div>\n\t\t\t\t\t<\/div>\n\t\t<\/div>\n\t\t\t\t\t<\/div>\n\t\t<\/section>\n\t\t\t\t<\/div>\n\t\t","protected":false},"excerpt":{"rendered":"<p>Cuidado com fraudadores Ao navegar na internet, voc\u00ea encontrar\u00e1 in\u00fameros an\u00fancios de iboga\u00edna e iboga \u00e0 venda. No entanto, ao [&hellip;]<\/p>\n","protected":false},"author":3,"featured_media":31111,"parent":0,"menu_order":0,"comment_status":"closed","ping_status":"closed","template":"elementor_header_footer","meta":{"site-sidebar-layout":"default","site-content-layout":"","ast-site-content-layout":"default","site-content-style":"default","site-sidebar-style":"default","ast-global-header-display":"","ast-banner-title-visibility":"","ast-main-header-display":"","ast-hfb-above-header-display":"","ast-hfb-below-header-display":"","ast-hfb-mobile-header-display":"","site-post-title":"disabled","ast-breadcrumbs-content":"","ast-featured-img":"","footer-sml-layout":"","ast-disable-related-posts":"","theme-transparent-header-meta":"","adv-header-id-meta":"","stick-header-meta":"","header-above-stick-meta":"","header-main-stick-meta":"","header-below-stick-meta":"","astra-migrate-meta-layouts":"default","ast-page-background-enabled":"default","ast-page-background-meta":{"desktop":{"background-color":"var(--ast-global-color-4)","background-image":"","background-repeat":"repeat","background-position":"center center","background-size":"auto","background-attachment":"scroll","background-type":"","background-media":"","overlay-type":"","overlay-color":"","overlay-opacity":"","overlay-gradient":""},"tablet":{"background-color":"","background-image":"","background-repeat":"repeat","background-position":"center center","background-size":"auto","background-attachment":"scroll","background-type":"","background-media":"","overlay-type":"","overlay-color":"","overlay-opacity":"","overlay-gradient":""},"mobile":{"background-color":"","background-image":"","background-repeat":"repeat","background-position":"center center","background-size":"auto","background-attachment":"scroll","background-type":"","background-media":"","overlay-type":"","overlay-color":"","overlay-opacity":"","overlay-gradient":""}},"ast-content-background-meta":{"desktop":{"background-color":"var(--ast-global-color-5)","background-image":"","background-repeat":"repeat","background-position":"center center","background-size":"auto","background-attachment":"scroll","background-type":"","background-media":"","overlay-type":"","overlay-color":"","overlay-opacity":"","overlay-gradient":""},"tablet":{"background-color":"var(--ast-global-color-5)","background-image":"","background-repeat":"repeat","background-position":"center center","background-size":"auto","background-attachment":"scroll","background-type":"","background-media":"","overlay-type":"","overlay-color":"","overlay-opacity":"","overlay-gradient":""},"mobile":{"background-color":"var(--ast-global-color-5)","background-image":"","background-repeat":"repeat","background-position":"center center","background-size":"auto","background-attachment":"scroll","background-type":"","background-media":"","overlay-type":"","overlay-color":"","overlay-opacity":"","overlay-gradient":""}},"footnotes":""},"class_list":["post-31110","page","type-page","status-publish","has-post-thumbnail","hentry"],"jetpack_sharing_enabled":true,"_links":{"self":[{"href":"https:\/\/getibogaine.com\/pt-br\/wp-json\/wp\/v2\/pages\/31110","targetHints":{"allow":["GET"]}}],"collection":[{"href":"https:\/\/getibogaine.com\/pt-br\/wp-json\/wp\/v2\/pages"}],"about":[{"href":"https:\/\/getibogaine.com\/pt-br\/wp-json\/wp\/v2\/types\/page"}],"author":[{"embeddable":true,"href":"https:\/\/getibogaine.com\/pt-br\/wp-json\/wp\/v2\/users\/3"}],"replies":[{"embeddable":true,"href":"https:\/\/getibogaine.com\/pt-br\/wp-json\/wp\/v2\/comments?post=31110"}],"version-history":[{"count":4,"href":"https:\/\/getibogaine.com\/pt-br\/wp-json\/wp\/v2\/pages\/31110\/revisions"}],"predecessor-version":[{"id":35775,"href":"https:\/\/getibogaine.com\/pt-br\/wp-json\/wp\/v2\/pages\/31110\/revisions\/35775"}],"wp:featuredmedia":[{"embeddable":true,"href":"https:\/\/getibogaine.com\/pt-br\/wp-json\/wp\/v2\/media\/31111"}],"wp:attachment":[{"href":"https:\/\/getibogaine.com\/pt-br\/wp-json\/wp\/v2\/media?parent=31110"}],"curies":[{"name":"wp","href":"https:\/\/api.w.org\/{rel}","templated":true}]}}