{"id":31141,"date":"2022-10-20T04:23:13","date_gmt":"2022-10-20T08:23:13","guid":{"rendered":"http:\/\/getibogaine.com\/?page_id=11042"},"modified":"2026-03-11T15:26:16","modified_gmt":"2026-03-11T19:26:16","slug":"envio-e-entrega","status":"publish","type":"page","link":"https:\/\/getibogaine.com\/pt-br\/envio-e-entrega\/","title":{"rendered":"Envio e entrega"},"content":{"rendered":"\t\t<div data-elementor-type=\"wp-page\" data-elementor-id=\"31141\" class=\"elementor elementor-31141 elementor-11042\" data-elementor-post-type=\"page\">\n\t\t\t\t<div class=\"elementor-element elementor-element-992b329 e-flex e-con-boxed e-con e-parent\" data-id=\"992b329\" data-element_type=\"container\" data-e-type=\"container\" data-settings=\"{&quot;background_background&quot;:&quot;classic&quot;}\">\n\t\t\t\t\t<div class=\"e-con-inner\">\n\t\t<div class=\"elementor-element elementor-element-a38b58f e-con-full e-flex e-con e-child\" data-id=\"a38b58f\" data-element_type=\"container\" data-e-type=\"container\" data-settings=\"{&quot;motion_fx_motion_fx_scrolling&quot;:&quot;yes&quot;,&quot;motion_fx_translateY_effect&quot;:&quot;yes&quot;,&quot;motion_fx_translateY_speed&quot;:{&quot;unit&quot;:&quot;px&quot;,&quot;size&quot;:4,&quot;sizes&quot;:[]},&quot;motion_fx_translateY_affectedRange&quot;:{&quot;unit&quot;:&quot;%&quot;,&quot;size&quot;:&quot;&quot;,&quot;sizes&quot;:{&quot;start&quot;:0,&quot;end&quot;:100}},&quot;motion_fx_devices&quot;:[&quot;widescreen&quot;,&quot;desktop&quot;,&quot;laptop&quot;,&quot;tablet&quot;,&quot;mobile&quot;]}\">\n\t\t\t\t<div class=\"elementor-element elementor-element-05dcde7 elementor-widget elementor-widget-spacer\" data-id=\"05dcde7\" data-element_type=\"widget\" data-e-type=\"widget\" data-widget_type=\"spacer.default\">\n\t\t\t\t\t\t\t<div class=\"elementor-spacer\">\n\t\t\t<div class=\"elementor-spacer-inner\"><\/div>\n\t\t<\/div>\n\t\t\t\t\t\t<\/div>\n\t\t\t\t<div class=\"elementor-element elementor-element-83a4824 elementor-widget elementor-widget-heading\" data-id=\"83a4824\" data-element_type=\"widget\" data-e-type=\"widget\" data-widget_type=\"heading.default\">\n\t\t\t\t\t<h1 class=\"elementor-heading-title elementor-size-default\">Termos de Envio e Entrega<\/h1>\t\t\t\t<\/div>\n\t\t\t\t<div class=\"elementor-element elementor-element-4e697b9 elementor-widget elementor-widget-heading\" data-id=\"4e697b9\" data-element_type=\"widget\" data-e-type=\"widget\" data-widget_type=\"heading.default\">\n\t\t\t\t\t<h2 class=\"elementor-heading-title elementor-size-default\">Aqui est\u00e1 a nossa pol\u00edtica de envio para entrega mundial de iboga\u00edna<\/h2>\t\t\t\t<\/div>\n\t\t\t\t<\/div>\n\t\t\t\t\t<\/div>\n\t\t\t\t<\/div>\n\t\t<div class=\"elementor-element elementor-element-d60e105 e-flex e-con-boxed e-con e-parent\" data-id=\"d60e105\" data-element_type=\"container\" data-e-type=\"container\">\n\t\t\t\t\t<div class=\"e-con-inner\">\n\t\t<div class=\"elementor-element elementor-element-213105e e-con-full e-flex e-con e-child\" data-id=\"213105e\" data-element_type=\"container\" data-e-type=\"container\">\n\t\t\t\t<div class=\"elementor-element elementor-element-62effa5 elementor-widget elementor-widget-text-editor\" data-id=\"62effa5\" data-element_type=\"widget\" data-e-type=\"widget\" data-widget_type=\"text-editor.default\">\n\t\t\t\t\t\t\t\t\tTemos orgulho em oferecer servi\u00e7os de envio internacional para todos os nossos produtos de Iboga.\u00a0\t\t\t\t\t\t\t\t<\/div>\n\t\t\t\t<div class=\"elementor-element elementor-element-26d01dd elementor-widget elementor-widget-heading\" data-id=\"26d01dd\" data-element_type=\"widget\" data-e-type=\"widget\" data-widget_type=\"heading.default\">\n\t\t\t\t\t<h2 class=\"elementor-heading-title elementor-size-default\">Taxas Alfandeg\u00e1rias<\/h2>\t\t\t\t<\/div>\n\t\t\t\t<div class=\"elementor-element elementor-element-e1036ed elementor-widget elementor-widget-text-editor\" data-id=\"e1036ed\" data-element_type=\"widget\" data-e-type=\"widget\" data-widget_type=\"text-editor.default\">\n\t\t\t\t\t\t\t\t\t<p><\/p>\n<p data-pm-slice=\"1 1 []\">N\u00e3o nos responsabilizamos por quaisquer taxas ou impostos alfandeg\u00e1rios ap\u00f3s o envio dos itens para o seu pa\u00eds. Ao comprar iboga\u00edna conosco, voc\u00ea concorda que as encomendas (produtos) podem ser enviadas para voc\u00ea e estar sujeitas a taxas alfandeg\u00e1rias quando chegarem ao seu pa\u00eds.<\/p>\n<p><\/p>\t\t\t\t\t\t\t\t<\/div>\n\t\t\t\t<div class=\"elementor-element elementor-element-fdc9198 elementor-widget elementor-widget-heading\" data-id=\"fdc9198\" data-element_type=\"widget\" data-e-type=\"widget\" data-widget_type=\"heading.default\">\n\t\t\t\t\t<h2 class=\"elementor-heading-title elementor-size-default\">Prazo de Envio<\/h2>\t\t\t\t<\/div>\n\t\t\t\t<div class=\"elementor-element elementor-element-1eac107 elementor-widget elementor-widget-text-editor\" data-id=\"1eac107\" data-element_type=\"widget\" data-e-type=\"widget\" data-widget_type=\"text-editor.default\">\n\t\t\t\t\t\t\t\t\t<p>Sempre aconselhamos os clientes a optar pelo envio r\u00e1pido ao comprar no getibogaine.com. Para isso, utilizamos a DHL, cujo prazo de entrega \u00e9 de 3 a 7 dias.<\/p>\n<p>Para clientes que conhecem a EMS, cancelamos essa op\u00e7\u00e3o e trabalhamos apenas com servi\u00e7os de envio r\u00e1pido como a DHL.<\/p>\n<p>Embora seja mais barato, as inconveni\u00eancias e os atrasos, com base no<span style=\"color: #ff9900;\"> <strong><a style=\"color: #ff9900;\" href=\"http:\/\/getibogaine.com\/videos-receipts\/\">feedback dos clientes<\/a><\/strong><\/span>, fizeram com que prefer\u00edssemos a DHL como a op\u00e7\u00e3o mais satisfat\u00f3ria para o envio e a entrega dos produtos no prazo. A DHL fornece um n\u00famero de rastreamento para seus clientes, o que significa que a encomenda pode ser rastreada. Isso tamb\u00e9m permite que os clientes acompanhem suas encomendas online.<\/p>\t\t\t\t\t\t\t\t<\/div>\n\t\t\t\t<div class=\"elementor-element elementor-element-3361578 elementor-widget elementor-widget-heading\" data-id=\"3361578\" data-element_type=\"widget\" data-e-type=\"widget\" data-widget_type=\"heading.default\">\n\t\t\t\t\t<h2 class=\"elementor-heading-title elementor-size-default\">Custo de Envio<\/h2>\t\t\t\t<\/div>\n\t\t\t\t<div class=\"elementor-element elementor-element-28fe05e elementor-widget elementor-widget-text-editor\" data-id=\"28fe05e\" data-element_type=\"widget\" data-e-type=\"widget\" data-widget_type=\"text-editor.default\">\n\t\t\t\t\t\t\t\t\t<p><\/p>\n<p>O envio varia de acordo com a quantidade a ser comprada. Estas s\u00e3o as nossas taxas de envio:<\/p>\n<p>\u00a0<\/p>\n<table width=\"630\">\n<thead>\n<tr>\n<td>\n<p><strong>PESO<\/strong><\/p>\n<\/td>\n<td>\n<p><strong>*CUSTO DE ENVIO<\/strong><\/p>\n<\/td>\n<\/tr>\n<\/thead>\n<tbody>\n<tr>\n<td>\n<p>0.1kg \u2013 2kg\u00a0<\/p>\n<\/td>\n<td>\n<p>$80<\/p>\n<\/td>\n<\/tr>\n<tr>\n<td>\n<p>2.01kg \u2013 5kg<\/p>\n<\/td>\n<td>\n<p>$100<\/p>\n<\/td>\n<\/tr>\n<tr>\n<td>\n<p>5.01kg \u2013 10kg<\/p>\n<\/td>\n<td>\n<p>$150<\/p>\n<\/td>\n<\/tr>\n<tr>\n<td>\n<p>>10kg<\/p>\n<\/td>\n<td>\n<p>$200 e n\u00f3s pagamos o custo adicional de envio<\/p>\n<\/td>\n<\/tr>\n<\/tbody>\n<\/table>\n<p>\u00a0<\/p>\n<p>O prazo m\u00e1ximo de entrega \u00e9 de\u00a0 3 a 7 dias \u00fateis.<\/p>\n<p><em>*Isto n\u00e3o inclui o nosso tempo de processamento de 24 horas.<\/em><\/p>\n<p><\/p>\t\t\t\t\t\t\t\t<\/div>\n\t\t\t\t<div class=\"elementor-element elementor-element-eadc5da elementor-widget elementor-widget-heading\" data-id=\"eadc5da\" data-element_type=\"widget\" data-e-type=\"widget\" data-widget_type=\"heading.default\">\n\t\t\t\t\t<h2 class=\"elementor-heading-title elementor-size-default\">Rastreamento do envio<\/h2>\t\t\t\t<\/div>\n\t\t\t\t<div class=\"elementor-element elementor-element-69303f2 elementor-widget elementor-widget-text-editor\" data-id=\"69303f2\" data-element_type=\"widget\" data-e-type=\"widget\" data-widget_type=\"text-editor.default\">\n\t\t\t\t\t\t\t\t\t<p><\/p>\n<p>Assim que o seu tipo de iboga for enviado, voc\u00ea receber\u00e1 um e-mail de confirma\u00e7\u00e3o de envio com um <span style=\"color: #ff9900;\"><strong><a style=\"color: #ff9900;\" href=\"http:\/\/getibogaine.com\/tracking-order\/\">n\u00famero de rastreamento.<\/a><\/strong><\/span> \u00c9 sua responsabilidade acompanhar as instru\u00e7\u00f5es referentes ao rastreamento e \u00e0 entrega.<\/p>\n<p><\/p>\t\t\t\t\t\t\t\t<\/div>\n\t\t\t\t<div class=\"elementor-element elementor-element-cbfbe49 elementor-widget elementor-widget-heading\" data-id=\"cbfbe49\" data-element_type=\"widget\" data-e-type=\"widget\" data-widget_type=\"heading.default\">\n\t\t\t\t\t<h2 class=\"elementor-heading-title elementor-size-default\"><a href=\"http:\/\/getibogaine.com\/payment\/\">Efetuando o pagamento<\/a><\/h2>\t\t\t\t<\/div>\n\t\t\t\t<div class=\"elementor-element elementor-element-9ddd207 elementor-widget elementor-widget-text-editor\" data-id=\"9ddd207\" data-element_type=\"widget\" data-e-type=\"widget\" data-widget_type=\"text-editor.default\">\n\t\t\t\t\t\t\t\t\t<p>Concluir transa\u00e7\u00f5es e processar o seu registo, pedidos e <span style=\"color: #ff9900;\"><strong> <a style=\"color: #ff9900;\" href=\"http:\/\/getibogaine.com\/payment\/\">pagamentos<\/a><\/strong><\/span>, incluindo verificar se as informa\u00e7\u00f5es que fornece s\u00e3o exatas e est\u00e3o ativas. Tamb\u00e9m pode saber mais sobre a nossa pol\u00edtica de devolu\u00e7\u00f5es e reembolsos visitando <span style=\"color: #ff9900;\"><strong><a style=\"color: #ff9900;\" href=\"http:\/\/getibogaine.com\/refund-returns\/\">a nossa p\u00e1gina de devolu\u00e7\u00f5es e reembolsos<\/a><\/strong><\/span><\/p>\t\t\t\t\t\t\t\t<\/div>\n\t\t\t\t<div class=\"elementor-element elementor-element-480dd03 elementor-widget elementor-widget-spacer\" data-id=\"480dd03\" data-element_type=\"widget\" data-e-type=\"widget\" data-widget_type=\"spacer.default\">\n\t\t\t\t\t\t\t<div class=\"elementor-spacer\">\n\t\t\t<div class=\"elementor-spacer-inner\"><\/div>\n\t\t<\/div>\n\t\t\t\t\t\t<\/div>\n\t\t\t\t<\/div>\n\t\t\t\t\t<\/div>\n\t\t\t\t<\/div>\n\t\t\t\t<\/div>\n\t\t","protected":false},"excerpt":{"rendered":"<p>Termos de Envio e Entrega Aqui est\u00e1 a nossa pol\u00edtica de envio para entrega mundial de iboga\u00edna Temos orgulho em [&hellip;]<\/p>\n","protected":false},"author":3,"featured_media":30925,"parent":0,"menu_order":0,"comment_status":"closed","ping_status":"closed","template":"elementor_header_footer","meta":{"site-sidebar-layout":"default","site-content-layout":"","ast-site-content-layout":"default","site-content-style":"default","site-sidebar-style":"default","ast-global-header-display":"","ast-banner-title-visibility":"","ast-main-header-display":"","ast-hfb-above-header-display":"","ast-hfb-below-header-display":"","ast-hfb-mobile-header-display":"","site-post-title":"","ast-breadcrumbs-content":"","ast-featured-img":"","footer-sml-layout":"","ast-disable-related-posts":"","theme-transparent-header-meta":"","adv-header-id-meta":"","stick-header-meta":"","header-above-stick-meta":"","header-main-stick-meta":"","header-below-stick-meta":"","astra-migrate-meta-layouts":"default","ast-page-background-enabled":"default","ast-page-background-meta":{"desktop":{"background-color":"var(--ast-global-color-4)","background-image":"","background-repeat":"repeat","background-position":"center center","background-size":"auto","background-attachment":"scroll","background-type":"","background-media":"","overlay-type":"","overlay-color":"","overlay-opacity":"","overlay-gradient":""},"tablet":{"background-color":"","background-image":"","background-repeat":"repeat","background-position":"center center","background-size":"auto","background-attachment":"scroll","background-type":"","background-media":"","overlay-type":"","overlay-color":"","overlay-opacity":"","overlay-gradient":""},"mobile":{"background-color":"","background-image":"","background-repeat":"repeat","background-position":"center center","background-size":"auto","background-attachment":"scroll","background-type":"","background-media":"","overlay-type":"","overlay-color":"","overlay-opacity":"","overlay-gradient":""}},"ast-content-background-meta":{"desktop":{"background-color":"var(--ast-global-color-5)","background-image":"","background-repeat":"repeat","background-position":"center center","background-size":"auto","background-attachment":"scroll","background-type":"","background-media":"","overlay-type":"","overlay-color":"","overlay-opacity":"","overlay-gradient":""},"tablet":{"background-color":"var(--ast-global-color-5)","background-image":"","background-repeat":"repeat","background-position":"center center","background-size":"auto","background-attachment":"scroll","background-type":"","background-media":"","overlay-type":"","overlay-color":"","overlay-opacity":"","overlay-gradient":""},"mobile":{"background-color":"var(--ast-global-color-5)","background-image":"","background-repeat":"repeat","background-position":"center center","background-size":"auto","background-attachment":"scroll","background-type":"","background-media":"","overlay-type":"","overlay-color":"","overlay-opacity":"","overlay-gradient":""}},"footnotes":""},"class_list":["post-31141","page","type-page","status-publish","has-post-thumbnail","hentry"],"jetpack_sharing_enabled":true,"_links":{"self":[{"href":"https:\/\/getibogaine.com\/pt-br\/wp-json\/wp\/v2\/pages\/31141","targetHints":{"allow":["GET"]}}],"collection":[{"href":"https:\/\/getibogaine.com\/pt-br\/wp-json\/wp\/v2\/pages"}],"about":[{"href":"https:\/\/getibogaine.com\/pt-br\/wp-json\/wp\/v2\/types\/page"}],"author":[{"embeddable":true,"href":"https:\/\/getibogaine.com\/pt-br\/wp-json\/wp\/v2\/users\/3"}],"replies":[{"embeddable":true,"href":"https:\/\/getibogaine.com\/pt-br\/wp-json\/wp\/v2\/comments?post=31141"}],"version-history":[{"count":4,"href":"https:\/\/getibogaine.com\/pt-br\/wp-json\/wp\/v2\/pages\/31141\/revisions"}],"predecessor-version":[{"id":35905,"href":"https:\/\/getibogaine.com\/pt-br\/wp-json\/wp\/v2\/pages\/31141\/revisions\/35905"}],"wp:featuredmedia":[{"embeddable":true,"href":"https:\/\/getibogaine.com\/pt-br\/wp-json\/wp\/v2\/media\/30925"}],"wp:attachment":[{"href":"https:\/\/getibogaine.com\/pt-br\/wp-json\/wp\/v2\/media?parent=31141"}],"curies":[{"name":"wp","href":"https:\/\/api.w.org\/{rel}","templated":true}]}}